{"id":4052,"date":"2019-05-24T23:22:47","date_gmt":"2019-05-24T23:22:47","guid":{"rendered":"https:\/\/ayore.org\/?page_id=4052"},"modified":"2019-05-24T23:22:49","modified_gmt":"2019-05-24T23:22:49","slug":"ipeyai-yicateca%cc%83ri-ome-ayoreode-iji-erami-jnese","status":"publish","type":"page","link":"https:\/\/ayore.org\/ayo\/culture\/teachings\/ipeyai-yicateca%cc%83ri-ome-ayoreode-iji-erami-jnese\/","title":{"rendered":"Ipeyai \u2013 Yicateca\u0303\u0301ri ome ayor\u00e9ode iji er\u00e1mi jnese"},"content":{"rendered":"\n<p><strong><em>Yajirigode gadioque iji Dupade Uruode:<\/em><\/strong><br>\u00a1Mu cho jeta yirajapise Dupade Uruode to iji darujna aone! Mu a yacate uaque gar\u00f3sirique jne.<\/p>\n\n\n\n<p>Yug\u00fasi Tobit\u00e9 ga\nyirasique uje yicatec\u00e3\u0301ri Dupade ome uaque iji ne Rinc\u00f3n. Yicatec\u00e3\u0301ri ome\nayor\u00e9ode iji er\u00e1mi jnese. J\u00e9 u Zapoc\u00f3gos\u00f3de ore.<\/p>\n\n\n\n<p><strong><em>Ore cho Dupade iji iyequedi\u0301e ore:<\/em><\/strong><br>A j\u00e9 araj\u00e1yo to ujetiga uacacadis\u00f3ningo ore chacate u\u00e1gome iji der\u00e9jnane. Jeoga u\u00f1eque chacate u\u00e1gome iji der\u00e9jnane u\u00f1eque. J\u00e9 uacam\u00f3\u00f1o to uje anire coj\u00f1oque jmatai cuse. Chi coj\u00f1oque jmatai isocai u ayor\u00e9ode edugu\u00e9jnarique ujetiga chetaque ayor\u00e9 no\u00f1\u00e1tique. Ga j\u00e9 isocai u Dupade uruode enga j\u00e9 up\u00fasu.<\/p>\n\n\n\n<p>J\u00e9 uacam\u00f3\u00f1o to\nuje don Len ore chicai ut\u00e9 que, David\u00e9 ore, ga yicatec\u00e3\u0301ri Dupade ome ore iji der\u00e9jnane\njnese. Dom\u00edngo ujai chojm\u00e1ra iji ti uje yatec\u00e3\u0301ri ome ore quigade. Mu don Len\nore diapo r\u0129 ga David\u00e9 chingo yu Dupade Uruode iji. Uje Pajei ore chi ore\nchetaque Dupade uruode, mu j\u00e9 gajnui u. Mu quigade ga don Len chi ore chacate\nore. Mu ore chojninga: \u201cQue cuch\u00e1rique cuse gotique.\u201d Ore cho Dupade iji\niyequedie ore. Ore gaidi u uje ore chijn\u00f3ra iyequedie ore. <\/p>\n\n\n\n<p>Mu quigade ga\nut\u00e9 Ajei chi chacate dar\u00e1sade ore ome Dupade Uruode ujade. Que chirajapise\nDupade Uruode mu chacate ore gar\u00f3si, gar\u00f3si, gar\u00f3si. Ga j\u00e9 isocai u.<\/p>\n\n\n\n<p><strong><em>&nbsp;Ore chojninga: \u201cGusu iyequedie uje yijn\u00f3ra ore.\u201d<\/em><\/strong><br>A j\u00e9 aducho to uje uacacadis\u00f3ningo chacate u\u00e1gome uje coj\u00f1oque jmatai uje chi Dupade chacate ut\u00e9, mu coj\u00f1oque atai uguchar\u00e3i uje ipar\u00e1tadie jiei. Isoca j\u00e9 u yu iji der\u00e9jnane. Je yug\u00facharique cuse gotique. Ga j\u00e9 gajnui u. <\/p>\n\n\n\n<p>Mu quigade ga\nudojo ucode Pajei ore, chi ore cho etinguer\u1ebd ome ut\u00e9 David\u00e9. Chojninga: \u201cQue\ncuch\u00e1rique Dupade uruode gotique. Gusu iyequedie uje yijn\u00f3ra ore.\u201d Mu que ore\nchiraja Dupade uruode gotique gu.<\/p>\n\n\n\n<p><strong><em>Chi coj\u00f1oque jmatai chutai eduguejnai iji qued\u00e9jnai:<\/em><\/strong><br>Chi jno ut\u00e9, coj\u00f1oque jmatai. Tib\u00e1gui edugu\u00e9jnai enga utaite iji qued\u00e9jnai. Chi aj\u00e9ode u ujeta tagu pot\u00edgo ir\u00e9rigui. Mu dat\u00e9ringa uje chetaque. Que \u00e1yipierigui d\u00e9ji Dupade uruode gotique gu.<\/p>\n\n\n\n<p><strong><em>Coj\u00f1oque jmatai toi:<\/em><\/strong><br>Chi toi mu chise jnani bajade u\u00f1ai,<em> queyayode<\/em> u\u00f1ai. I tu Abram nanique. Chi chise iji pijogadi ut\u00e9 uje Dupade anguretas\u00f3rone jogadi u. <\/p>\n\n\n\n<p><strong><em>Jnani atai top\u00f3i to nanique r\u0129:<\/em><\/strong><br>Mu ut\u00e9 jnani atai uqu\u00e9 chi Dupade jnusipise ut\u00e9 j\u00f5. Chi chojninga, uqu\u00e9 a: \u201cYujnusipise uje je arec adode que m\u00fa\u00f1i.\u201d Chi aj\u00e9ode u gu jeta chisi ore iji dag\u00fachade, mu ch\u00e3r\u00e1ngome jmatai tut\u00e9. Chi chojninga: \u201cQue yipota <em>yijico<\/em> ut\u00e9 y\u00farique gotique.\u201d Ut\u00e9 an\u00edri, jnani atai.\u201d<\/p>\n\n\n\n<p>A j\u00e9 araj\u00e1yo to\nuje uacacadis\u00f3rone iji ne ore irajat\u00edgo, mu quigade ga chi jnusi. Chicai\nAbraham, mu chi jnopo r\u0129 ga chic\u00e1ji gaj\u00f1o pioi.<\/p>\n\n\n\n<p><strong><em>Don Len chise coj\u00f1otique ica uje chetaque cuchade jnese: <\/em><\/strong><br>J\u00e9 isocai upo r\u0129 uje chi don Len uje chise coj\u00f1otique ica iji dabi\u00e9 m\u00e1quina ajei uje chi chetaque cuchade jnese. Chi ca don Len chiraja gotique gu. Chi chojninga: \u201cYaca j\u00f3roga aja udore Dupade angures\u00f3rone uacan\u00edrenie igl\u00e9siadie. Yac\u00e1ja udore ar\u0129e. Yico ore an\u00edrenie mu que chajner\u00e1me yu d\u00ednique gotique go.\u201d<\/p>\n\n\n\n<p><strong><em>Chi coj\u00f1oque atai tib\u00e1gapo Abram r\u0129 mu Abram que doi ipotig\u00e1di go:<\/em><\/strong><br>Ga gajnui j\u00e9 u. Mu chi quigade ga uqu\u00e9 jno, jnani atai. Chi jnopo r\u0129 ga chicai ut\u00e9. <\/p>\n\n\n\n<p>Yiraja \u00edode mu\ngar\u00f3si jne yacajnaqu\u00e9ode ga que yatatapise gotique. Uje yiraja udojo. J\u00e9 gusu.<\/p>\n\n\n\n<p>Ipeyai \u2013 Rinc\u00f3n de Tigre, Bolivia \u2013 1960<br>Transcrito por Marina de Morarie.<\/p>\n\n\n<div class=\"navigation\"><div class=\"alignleft\"><a href=\"https:\/\/ayore.org\/ayo\/culture\/teachings\/ecarai-davide-baruode-chingo-bameserane-cucha-aja-yoc\/\"title=\"Ecarai (Davide\u0301) \u2013 Baruode chingo bameserane cucha aja yoc\"><img loading=\"lazy\" decoding=\"async\" src=\"https:\/\/ayore.org\/wp-content\/uploads\/2018\/10\/left-arrow.png\" width=\"50\" height=\"48\" alt=\"left arrow\"><\/a><\/div><div class=\"alignright\"><a href=\"https:\/\/ayore.org\/ayo\/culture\/teachings\/ipeyai-uacatijayome-dupade-uruode-iji-de\/\"title=\"Ipeyai \u2013 Uacatija\u0301yome Dupade Uruode iji d\u00e9\"><img loading=\"lazy\" decoding=\"async\" src=\"https:\/\/ayore.org\/wp-content\/uploads\/2018\/10\/right-arrow.png\" width=\"50\" height=\"48\" alt=\"right arrow\"><\/a><\/div>\n","protected":false},"excerpt":{"rendered":"<p>Yajirigode gadioque iji Dupade Uruode:\u00a1Mu cho jeta yirajapise Dupade Uruode to iji darujna aone! Mu a yacate uaque gar\u00f3sirique jne. Yug\u00fasi Tobit\u00e9 ga yirasique uje yicatec\u00e3\u0301ri Dupade ome uaque iji ne Rinc\u00f3n. Yicatec\u00e3\u0301ri ome ayor\u00e9ode iji er\u00e1mi jnese. J\u00e9 u<\/p>\n","protected":false},"author":5,"featured_media":0,"parent":719,"menu_order":0,"comment_status":"closed","ping_status":"closed","template":"","meta":{"footnotes":""},"class_list":["post-4052","page","type-page","status-publish","hentry"],"yoast_head":"<!-- This site is optimized with the Yoast SEO plugin v27.4 - https:\/\/yoast.com\/product\/yoast-seo-wordpress\/ -->\n<title>Ipeyai \u2013 Yicateca\u0303\u0301ri ome ayor\u00e9ode iji er\u00e1mi jnese &#8226; AYOR\u00c9.ORG<\/title>\n<meta name=\"robots\" content=\"index, follow, max-snippet:-1, max-image-preview:large, max-video-preview:-1\" \/>\n<link rel=\"canonical\" href=\"https:\/\/ayore.org\/ayo\/culture\/teachings\/ipeyai-yicateca\u0303ri-ome-ayoreode-iji-erami-jnese\/\" \/>\n<meta property=\"og:locale\" content=\"en_US\" \/>\n<meta property=\"og:type\" content=\"article\" \/>\n<meta property=\"og:title\" content=\"Ipeyai \u2013 Yicateca\u0303\u0301ri ome ayor\u00e9ode iji er\u00e1mi jnese &#8226; AYOR\u00c9.ORG\" \/>\n<meta property=\"og:description\" content=\"Yajirigode gadioque iji Dupade Uruode:\u00a1Mu cho jeta yirajapise Dupade Uruode to iji darujna aone! Mu a yacate uaque gar\u00f3sirique jne. Yug\u00fasi Tobit\u00e9 ga yirasique uje yicatec\u00e3\u0301ri Dupade ome uaque iji ne Rinc\u00f3n. Yicatec\u00e3\u0301ri ome ayor\u00e9ode iji er\u00e1mi jnese. J\u00e9 u\" \/>\n<meta property=\"og:url\" content=\"https:\/\/ayore.org\/ayo\/culture\/teachings\/ipeyai-yicateca\u0303ri-ome-ayoreode-iji-erami-jnese\/\" \/>\n<meta property=\"og:site_name\" content=\"AYOR\u00c9.ORG\" \/>\n<meta property=\"article:modified_time\" content=\"2019-05-24T23:22:49+00:00\" \/>\n<meta name=\"twitter:card\" content=\"summary_large_image\" \/>\n<meta name=\"twitter:label1\" content=\"Est. reading time\" \/>\n\t<meta name=\"twitter:data1\" content=\"3 minutes\" \/>\n<script type=\"application\/ld+json\" class=\"yoast-schema-graph\">{\"@context\":\"https:\\\/\\\/schema.org\",\"@graph\":[{\"@type\":\"WebPage\",\"@id\":\"https:\\\/\\\/ayore.org\\\/ayo\\\/culture\\\/teachings\\\/ipeyai-yicateca%cc%83ri-ome-ayoreode-iji-erami-jnese\\\/\",\"url\":\"https:\\\/\\\/ayore.org\\\/ayo\\\/culture\\\/teachings\\\/ipeyai-yicateca%cc%83ri-ome-ayoreode-iji-erami-jnese\\\/\",\"name\":\"Ipeyai \u2013 Yicateca\u0303\u0301ri ome ayor\u00e9ode iji er\u00e1mi jnese &#8226; AYOR\u00c9.ORG\",\"isPartOf\":{\"@id\":\"https:\\\/\\\/ayore.org\\\/#website\"},\"datePublished\":\"2019-05-24T23:22:47+00:00\",\"dateModified\":\"2019-05-24T23:22:49+00:00\",\"breadcrumb\":{\"@id\":\"https:\\\/\\\/ayore.org\\\/ayo\\\/culture\\\/teachings\\\/ipeyai-yicateca%cc%83ri-ome-ayoreode-iji-erami-jnese\\\/#breadcrumb\"},\"inLanguage\":\"ayo\",\"potentialAction\":[{\"@type\":\"ReadAction\",\"target\":[\"https:\\\/\\\/ayore.org\\\/ayo\\\/culture\\\/teachings\\\/ipeyai-yicateca%cc%83ri-ome-ayoreode-iji-erami-jnese\\\/\"]}]},{\"@type\":\"BreadcrumbList\",\"@id\":\"https:\\\/\\\/ayore.org\\\/ayo\\\/culture\\\/teachings\\\/ipeyai-yicateca%cc%83ri-ome-ayoreode-iji-erami-jnese\\\/#breadcrumb\",\"itemListElement\":[{\"@type\":\"ListItem\",\"position\":1,\"name\":\"Jogate bajai tu ude\u0301\",\"item\":\"https:\\\/\\\/ayore.org\\\/ayo\\\/\"},{\"@type\":\"ListItem\",\"position\":2,\"name\":\"Ayore\u0301ode adode, angurenone cucha ore\",\"item\":\"https:\\\/\\\/ayore.org\\\/ayo\\\/culture\\\/\"},{\"@type\":\"ListItem\",\"position\":3,\"name\":\"Ayore\u0301ode Acajnaque\u0301ode\",\"item\":\"https:\\\/\\\/ayore.org\\\/ayo\\\/culture\\\/teachings\\\/\"},{\"@type\":\"ListItem\",\"position\":4,\"name\":\"Ipeyai \u2013 Yicateca\u0303\u0301ri ome ayor\u00e9ode iji er\u00e1mi jnese\"}]},{\"@type\":\"WebSite\",\"@id\":\"https:\\\/\\\/ayore.org\\\/#website\",\"url\":\"https:\\\/\\\/ayore.org\\\/\",\"name\":\"AYOR\u00c9.ORG\",\"description\":\"Ayore\u0301ode Uruode, Adode, Jnani bajade ati\u0301go ore \",\"potentialAction\":[{\"@type\":\"SearchAction\",\"target\":{\"@type\":\"EntryPoint\",\"urlTemplate\":\"https:\\\/\\\/ayore.org\\\/?s={search_term_string}\"},\"query-input\":{\"@type\":\"PropertyValueSpecification\",\"valueRequired\":true,\"valueName\":\"search_term_string\"}}],\"inLanguage\":\"ayo\"}]}<\/script>\n<!-- \/ Yoast SEO plugin. -->","yoast_head_json":{"title":"Ipeyai \u2013 Yicateca\u0303\u0301ri ome ayor\u00e9ode iji er\u00e1mi jnese &#8226; AYOR\u00c9.ORG","robots":{"index":"index","follow":"follow","max-snippet":"max-snippet:-1","max-image-preview":"max-image-preview:large","max-video-preview":"max-video-preview:-1"},"canonical":"https:\/\/ayore.org\/ayo\/culture\/teachings\/ipeyai-yicateca\u0303ri-ome-ayoreode-iji-erami-jnese\/","og_locale":"en_US","og_type":"article","og_title":"Ipeyai \u2013 Yicateca\u0303\u0301ri ome ayor\u00e9ode iji er\u00e1mi jnese &#8226; AYOR\u00c9.ORG","og_description":"Yajirigode gadioque iji Dupade Uruode:\u00a1Mu cho jeta yirajapise Dupade Uruode to iji darujna aone! Mu a yacate uaque gar\u00f3sirique jne. Yug\u00fasi Tobit\u00e9 ga yirasique uje yicatec\u00e3\u0301ri Dupade ome uaque iji ne Rinc\u00f3n. Yicatec\u00e3\u0301ri ome ayor\u00e9ode iji er\u00e1mi jnese. J\u00e9 u","og_url":"https:\/\/ayore.org\/ayo\/culture\/teachings\/ipeyai-yicateca\u0303ri-ome-ayoreode-iji-erami-jnese\/","og_site_name":"AYOR\u00c9.ORG","article_modified_time":"2019-05-24T23:22:49+00:00","twitter_card":"summary_large_image","twitter_misc":{"Est. reading time":"3 minutes"},"schema":{"@context":"https:\/\/schema.org","@graph":[{"@type":"WebPage","@id":"https:\/\/ayore.org\/ayo\/culture\/teachings\/ipeyai-yicateca%cc%83ri-ome-ayoreode-iji-erami-jnese\/","url":"https:\/\/ayore.org\/ayo\/culture\/teachings\/ipeyai-yicateca%cc%83ri-ome-ayoreode-iji-erami-jnese\/","name":"Ipeyai \u2013 Yicateca\u0303\u0301ri ome ayor\u00e9ode iji er\u00e1mi jnese &#8226; AYOR\u00c9.ORG","isPartOf":{"@id":"https:\/\/ayore.org\/#website"},"datePublished":"2019-05-24T23:22:47+00:00","dateModified":"2019-05-24T23:22:49+00:00","breadcrumb":{"@id":"https:\/\/ayore.org\/ayo\/culture\/teachings\/ipeyai-yicateca%cc%83ri-ome-ayoreode-iji-erami-jnese\/#breadcrumb"},"inLanguage":"ayo","potentialAction":[{"@type":"ReadAction","target":["https:\/\/ayore.org\/ayo\/culture\/teachings\/ipeyai-yicateca%cc%83ri-ome-ayoreode-iji-erami-jnese\/"]}]},{"@type":"BreadcrumbList","@id":"https:\/\/ayore.org\/ayo\/culture\/teachings\/ipeyai-yicateca%cc%83ri-ome-ayoreode-iji-erami-jnese\/#breadcrumb","itemListElement":[{"@type":"ListItem","position":1,"name":"Jogate bajai tu ude\u0301","item":"https:\/\/ayore.org\/ayo\/"},{"@type":"ListItem","position":2,"name":"Ayore\u0301ode adode, angurenone cucha ore","item":"https:\/\/ayore.org\/ayo\/culture\/"},{"@type":"ListItem","position":3,"name":"Ayore\u0301ode Acajnaque\u0301ode","item":"https:\/\/ayore.org\/ayo\/culture\/teachings\/"},{"@type":"ListItem","position":4,"name":"Ipeyai \u2013 Yicateca\u0303\u0301ri ome ayor\u00e9ode iji er\u00e1mi jnese"}]},{"@type":"WebSite","@id":"https:\/\/ayore.org\/#website","url":"https:\/\/ayore.org\/","name":"AYOR\u00c9.ORG","description":"Ayore\u0301ode Uruode, Adode, Jnani bajade ati\u0301go ore ","potentialAction":[{"@type":"SearchAction","target":{"@type":"EntryPoint","urlTemplate":"https:\/\/ayore.org\/?s={search_term_string}"},"query-input":{"@type":"PropertyValueSpecification","valueRequired":true,"valueName":"search_term_string"}}],"inLanguage":"ayo"}]}},"_links":{"self":[{"href":"https:\/\/ayore.org\/ayo\/wp-json\/wp\/v2\/pages\/4052","targetHints":{"allow":["GET"]}}],"collection":[{"href":"https:\/\/ayore.org\/ayo\/wp-json\/wp\/v2\/pages"}],"about":[{"href":"https:\/\/ayore.org\/ayo\/wp-json\/wp\/v2\/types\/page"}],"author":[{"embeddable":true,"href":"https:\/\/ayore.org\/ayo\/wp-json\/wp\/v2\/users\/5"}],"replies":[{"embeddable":true,"href":"https:\/\/ayore.org\/ayo\/wp-json\/wp\/v2\/comments?post=4052"}],"version-history":[{"count":2,"href":"https:\/\/ayore.org\/ayo\/wp-json\/wp\/v2\/pages\/4052\/revisions"}],"predecessor-version":[{"id":4054,"href":"https:\/\/ayore.org\/ayo\/wp-json\/wp\/v2\/pages\/4052\/revisions\/4054"}],"up":[{"embeddable":true,"href":"https:\/\/ayore.org\/ayo\/wp-json\/wp\/v2\/pages\/719"}],"wp:attachment":[{"href":"https:\/\/ayore.org\/ayo\/wp-json\/wp\/v2\/media?parent=4052"}],"curies":[{"name":"wp","href":"https:\/\/api.w.org\/{rel}","templated":true}]}}