{"id":4045,"date":"2019-05-24T22:57:28","date_gmt":"2019-05-24T22:57:28","guid":{"rendered":"https:\/\/ayore.org\/?page_id=4045"},"modified":"2019-05-24T22:57:29","modified_gmt":"2019-05-24T22:57:29","slug":"ecarai-davide-baruode-chingo-bameserane-cucha-aja-yoc","status":"publish","type":"page","link":"https:\/\/ayore.org\/ayo\/culture\/teachings\/ecarai-davide-baruode-chingo-bameserane-cucha-aja-yoc\/","title":{"rendered":"Ecarai (Davide\u0301) \u2013 Baruode chingo bameserane cucha aja yoc"},"content":{"rendered":"\n<p><strong><em>Ecarai catec\u00e3\u0301ri Dupade:<\/em><\/strong><br>Yacaranguipis ome ua iji de gued\u00e9 jnoringai uje baruode chingo bameserane cucha aja yoc. Chingo betei cucha ome yoc, yoque Dupade. Jecute yocacaranguipis ome ua uje baruode d\u00e9ji yajei, enga bajopi\u00e9 qu\u00e9r\u00e3 iji yajei, yoque Dupade. Ca yicatec\u00e3raitigade bijna iji yibijnanane ujetiga garani tu yajei ujetiga jec \u0169r\u00e9 yangureta ua. Ga be yicatec\u00e3raitigade ome ua gajner\u0129. Yicatec\u00e3\u0301ri ua gajner\u0129 ome jnanione ujetiga ca ore cho d\u00e1yugu re iji dasagode cucha. Dupade, yiraj\u00e1go uje ayor\u00e9 dacasute enga ore urasade ore tang\u00e3\u0301ri. Jecute yicatec\u00e3\u0301ri ua gajner\u0129 ujetiga yurasade jos eti dacasut\u00e9 yu, ore jos eti ore ir\u00f3s\u00f5ri tu yu. Jecute ap\u00e9su b\u00e1yipiedie quit\u00edgome yu, yoque Dupade, gajner\u0129, jetiga yic\u00e1ji ore. Be ap\u00e9su yu ujetiga etoque yu aja daj\u00e9ode ujetiga yib\u00e1gui ore, yoque Dupade. \u00c1taja y\u00f3guiji guidai jetiga ca yicad\u00edjoi baruode, yoque Dupade. Ca yicad\u00edjoi ome d\u00e3ra \u0169r\u00e9one jetiga yingongome nane iji guidai. Yicatec\u00e3\u0301ri ua ome mision\u00e9ronie ujetiga ore dop\u00edsi baruode enga yir\u00e3co ore aja ore at\u00edgo cucha, yoque Dupade. Jecute yicatec\u00e3\u0301ri ua ome cuchade jnese ome bajnacari Jesus i. Am\u1ebd.<\/p>\n\n\n\n<p><strong><em>Y\u00e1tag\u00f3ja Dupade ir\u00f3gode uje ore isai u Dupade Uruode gu: <\/em><\/strong><em>(Galatas 6:6)<\/em><br>Yajirigode u San Pablo urusarane uje chur\u00fas\u00e3re ome ore idai uje i tu Gal\u00e1cia. Uje coj\u00f1oi d\u00e9ji uje a changureta Dupade. Mu que an\u00edri gotique, chi ca u jud\u00edo gotique. Mu doi jud\u00edode ore isocade ga sue jud\u00edode g\u00e1yode ome Dupade adode. Suepo udore g\u00e1yode r\u0129 uje Dupade anguretas\u00f3rone u ore, enga Dupade gajn\u00e9one uje ore doi Dupade adode uje ut\u00e9 dop\u00edsi Dupade Uruode quigode gu. Enga yip\u00e9su yaj\u00e9ode ga yajire Gal\u00e1ciagos\u00f3de ore gajn\u00e9one San Pablo urusarane. <\/p>\n\n\n\n<p>Yip\u00e9su yaj\u00e9ode ga ayor\u00e9rique a d\u00e9ji yocujade jetiga yocu\u00f1eque sue edugu\u00e9jnane (misioneronie) gai. Jetiga gosi chisi ome re ome Dupade, ga gosi doi jne coj\u00f1oi tun\u00e9 adode uje ut\u00e9 i tu T\u00edto nanique. Mu ise ga jec \u0169r\u00e9 jeta ca d\u00e9ji jetiga ayor\u00e9rique ca pota Dupade adode. Ayor\u00e9ode ca pota Dupade Uruode jnese. Jecute Pablo chojningame ore: \u201cYimo ua uje que jud\u00edo ua gotique mu bajnu\u00e9 yoquibai ome badode, uje badode u Dupade adode,\u201d chojninga.<\/p>\n\n\n\n<p><strong><em>Ecarai changureta ayor\u00e9rique yui jeta su\u00e9 gai ome dacajnaqu\u00e9ode:<\/em><\/strong>&nbsp;<br>Ga yise ga ayor\u00e9rique d\u00e9ji si\u00f1eque jeta sue mision\u00e9rone ore g\u00e1yode, j\u00e9 u ayor\u00e9ode Dupade anguretas\u00f3\u00f1o yoquibai jeta gosi chingo Dupade Uruode aja yoc. A d\u00e9ji ome yaj\u00e9ode, mu gosi que chingo raja er\u00e1mi go. Jecute ud\u00e9 chojninga, uje j\u00e9 \u0169repise uje a ayor\u00e9 maringa, chiraja Dupade adode. Chisi ome re ome Dupade adode, ga chimo doj\u00f3rique ayor\u00e9, chimo doj\u00f3rique daros\u00f3nique jeoga dar\u00e1sarique mision\u00e9ro ipesutique jeta cho par\u00e1gome Dupade adode, ga j\u00e9 basa ga cho quic.<\/p>\n\n\n\n<p>Ga yuruode qui u uje ayor\u00e9ode yocanguretaretigai, ore anguretigai ca chojm\u00e1ra. J\u00e9 chojm\u00e1ra. Udore mision\u00e9ronie que ore c\u00e3ra danguretique cucha u\u00f1ai gotique. Ga gosi a changureta Dupade ga gosi anguretaretigai j\u00e9 u mision\u00e9ro ore anguretaretigai. Mu ore irajatigai su\u00e9 yoquibai. Mu que ore ijnoraquei, Dupade ijnoraquei, que sue uaque gosi gai gotique. Unojo yuruode unojo u uje qu\u00e9 yingo Dupade uruode aja don Juan, don Juan casicaite. Don Juan casicaite chojninga: \u201cAyor\u00e9rique a d\u00e9ji jetiga ayor\u00e9rique sue yoquibai,\u201d chojninga. \u201cQue chiraja darujna a\u00f3rique, mu anguretaretigai u uje Dupade chisi ome dajopi\u00e9 tome, ga sue yoquibai ome danguretaretigai,\u201d chojninga.<\/p>\n\n\n\n<p>Mu j\u00e9 \u0169repise uje Pablo chur\u00fas\u00e3re cuchade ome udore enga chojningame un\u00e9 gosi, mu que yiraja \u00edrique. A i u Tito j\u00f5. Chojninga: \u201c\u0168repise ua ome baruode uje babep\u00edsi Jesute adode,\u201d chojninga. <\/p>\n\n\n\n<p>Que yiraja jeta Jesute adode mu evang\u00e9lio, Jesute adode, ga j\u00e9 u. Uje jnani bajade u\u00f1ai, Jesute ir\u00f3gode u\u00f1ai, chi tib\u00e1gui Dupade anguretas\u00f3rone. Mu que d\u00e9ji si\u00f1eque ujetiga ayor\u00e9rique chuga er\u00e3\u0301tique iji dejai tud\u00e9. Cojnotique, edugu\u00e9jnarique jeta chuga er\u00e1mi ome Dupade Uruode. Que qu\u00e9 ayor\u00e9rique, coj\u00f1otique d\u00e9ji si\u00f1eque ujetiga diguiji jnumone ga chaguh\u00e9ode chejna er\u00e1mone ujetiga doi Dupade Uruode. Que yica coy\u00f3ngome chaguh\u00e9ode. Que yica coy\u00f3ngome ujeta yiquih\u00edjn\u00f3nguiji daj\u00e9tique gu. Mu Dupade irogode bajade nanique ore chejn\u00e1reque re ome cucha pon\u00e1yone. <em>(2 Corintios 11:23 aja 33)<\/em><\/p>\n\n\n\n<p>P\u00e1blo ut\u00e9 chedu danguretigai ome\nDupade nanique. Mu Dupade Uruode qui u ujeta jec \u0169r\u00e9 yanguret\u00e1go Dupade enga\nj\u00e9 ca yicoi yoc\u00faringai ayor\u00e9 adode. Jecucha yingome yoc uje yoc\u00faringai ayor\u00e9\njnacare pota sue yoquibai ome Dupade adode. Mu yoc\u00e1yipie tu ujetiga yis\u00edgome\ny\u00f3gome Dupade, ga Dupade chijna yocaoi aja er\u00e1mi. <em>(Romanos 12:1)<\/em><\/p>\n\n\n\n<p>Yujnusina an\u00edri Pablo ojningai tu uje chojningame gosi: \u201cChimo j\u00f5roque gotique, que jud\u00edo Tito, mu su\u00e9 jud\u00edode ore ome danguretaretigai, darajatigade iji Dupade uruode,\u201d chojninga.<\/p>\n\n\n\n<p>Enga yuruode qui u to uje ayor\u00e9ode, yoc u\u00f1eque a d\u00e9ji si\u00f1eque ujeta yujnu\u00e9ngo edugu\u00e9jnane ore g\u00e1nique ujeta ca gosi p\u00e9su cucha gajnar\u00e9tique. Jeta gosi ca aj\u00e9nique dot\u00e3re. Chi ca poriqu\u00e9rique d\u00e9ji gosi aj\u00e9nique. Chi ca puru pat\u00e1ring\u00e1nique d\u00e9ji gosi ayor\u00e9rique yocu\u00f1eque aj\u00e9nique. Enga gosi tu uje sue an\u00edri gai, edugu\u00e9jnane. Dupade uruode jnung\u00f3rone ore gai. Enga que Dupade chos\u00f5re mu gosi chisi ome re ome Dupade, ga Dupade anire iroque gosi aoi uy\u00f3guiji er\u00e1mone jnese, ayor\u00e9ode uyoque. A yicoi Dupade adode ga yujnu\u00e9ngo edugu\u00e9jnane ore gai jetiga Dupade Uruode jnung\u00f3rone, ga que ore chiraja dara quit\u00edguiji yoque.<\/p>\n\n\n\n<p><strong><em>Dupade ir\u00f3gode ore angureni tu Dupade ome dacuecaringu\u00e9one:<\/em><\/strong>&nbsp;<br>Uje gosi angureni tu Dupade ome dacuecaringuei. J\u00e9 basa u\u00f1eque a doi Dupade Uruode ga, gosi changureta dajmainie ome datrabaj\u00e1doring\u00e1ne jeta chise dabosode. J\u00e9 basa ga gosi changureta dabijnani, danguretaretigai ome Dupade adode uje chingo Dupade Uruode aja y\u00f3guiji er\u00e1mi. Enga un\u00e9 gosi u uje sue yoquibai. Enga un\u00e9 gosi tu uje sue dojode ayor\u00e9ode, coj\u00f1oque yoquibai jnese iji er\u00e1mi.<\/p>\n\n\n\n<p>Uacam\u00f3\u00f1o uje ayor\u00e9ode uyoque gare pisagode. A uaque gosi doi Dupade Uruode ome ayor\u00e9ode ga isai tu ome uje chojm\u00e1ra. Enga uaque gosi sue Dupade angures\u00f5re bajade gai. Uaque gosi su\u00e9 edugu\u00e9jnane, Dupade Uruode jnung\u00f3rone gai. Chise diri te ga a uaque gosi p\u00e9su dejnai. Enga e gare gosi isagode. Jecute j\u00e9 \u0169rep\u00edse uje a uaque gosi sue edugu\u00e9nane ore gai uje uaque gosi u uje uaque gosi que chijnime re ome Dupade Uruode go. Enga chejna, chejna der\u00e9jnane. Chejna dirode uje chejna yijmanai. Chise g\u00f3jni diri te ga changureta rome Dupade Uruode yui. Changureta rome Dupade \u00faringarique irasique yui enga e chajire Dupade Uruode. Uje cha chajire Dupade Uruode, mu e chacate re iji dajei. P\u00e9su dacajnaqu\u00e9ode ome dar\u00e1sade ore ga isagode e gare aja guesi.<\/p>\n\n\n\n<p>Enga ise ga Pablo ore ojningai tu, Pedro ore ojninga tu ome jnani bajai adode unojo nanique. A chise g\u00f3jni udore uje ore cham\u00e1ta \u00f1ane iji Dupade igu\u00edjnane enga e p\u00e9su re ome Dupade Uruode. P\u00e9su dacajnaqu\u00e9ode. Chacate dajei, que chirajaque Dupade atique jne. Chise dire omi te r\u0129 uje Lunes ga e d\u00e9su daj\u00e9ode. E p\u00e9su dejnai, enga isagode g\u00e1raja guesi. Enga diri tu uje que agut\u00edyam\u00e1tique cuse. Mu agutiyam\u00e1ni j\u00e9 u re. Enga ut\u00e9 u uje Pablo ore chojningame: \u201cChimo j\u00f3roque, uje que jud\u00edo mu sue jud\u00edode yoquibai tome Dupade adode.\u201d<\/p>\n\n\n\n<p>P\u00e9su dejnai. Que yimo jeta p\u00e9su dejnatique, mu bamo uje ayor\u00e9ode uyoque yocucuecaringuei garani tu yoquejnane. Chise g\u00f3jni Dom\u00edngonie enga a p\u00e9su Dupade Uruode ome dar\u00e1sade. Enga a uaque gosi a doi Dupade Uruode unojo enga a uaque gosi sue Dupade Uruode jnung\u00f3rone gosi gai.<\/p>\n\n\n\n<p><strong><em>Pablo jmainie isagode imanique posode, piguidedie ore ome:<\/em><\/strong><br>Que ayor\u00e9rique Dupade Uruode jnung\u00f3nique u uje di Dupade uruode ome yoque nanique. Que ut\u00e9 chiraja yocuruode iji taningai, mu diga chudute yocuruode enga chirate yocuruode nanique. Mu di bisideque ome uacu\u00f1ane uje que amesecho Dupade uruode gu, enga que chiraja daru quit\u00edgo ome uaque. J\u00e9 uaque u\u00f1eque jetiga chojninga: \u201cQue yangureta Dupade. Que yagut\u00edyame Dupade isoc\u00e1rique to. Que yiji Dupade Uruode.\u201d<\/p>\n\n\n\n<p>Enga a uyoque gosi j\u00e9 yocagut\u00edyam\u00e1ni u Dupade, ga que yiraj\u00e1go yocuru quit\u00edgome uaque gosi go. Mu qu\u00e9 quitique cuse iji Dupade Uruode. Chojninga: \u201cGosi uje doi Dupade adode iroqu\u00e9ode enga ujetiga gosi iguidedie garani tu Dupade iroqu\u00e9ode.\u201d<\/p>\n\n\n\n<p>Mu ut\u00e9 yocayode jnani bajade u\u00f1ai San Pablo ore chojninga: \u201cCham\u00e1\u00f1aje\nueca yu,\u201d chojninga, \u201cenga yucu\u00e9 y\u00e1yipie,\u201d chojninga. \u201cYip\u00e9su yisagode to,\u201d\nchojninga, \u201cyisa yejode to, enga yajiri tu yur\u00e1sade, yijorane ore iji er\u00e1mi uje\nyoquiguidedie garani tu yijmaninie,\u201d chojninga. \u201cQue yedug\u00e1ta Dupade gotique.\nQue yedug\u00e1ta Dupade angures\u00f3rone ujetiga yojningame ore ujeta ore chisi yu. Ore\nchisi yu dag\u00fachade mu yedug\u00e1ta d\u00e9ji yijmainie,\u201d chojninga. <em>(Hechos 18:2 aja 4)<\/em><\/p>\n\n\n\n<p><strong><em>Dupade Uruode qui u\u00f1ai cuse ome Dupade ir\u00f3gode uje ore chedu datatagode Dupade ur\u00fao:<\/em><\/strong><br>A uaque gosi a j\u00e9 gajnui tu San Pablo ujetiga uaque gosi cheduape Dupade ome an\u00ednique dajnetique cucha. Gaidi tu uje Dupade irasique. Gaidi tu urasade jeta ore irasique r\u0129 enga ch\u00e1ta an\u00edrone dasagode cucha aja ore.<em> (1 Timoteo 5:17 aja 18)<\/em><\/p>\n\n\n\n<p>Jecute yuruode qui u uje ise ga yoc u\u00f1eque d\u00e9ji j\u1e4dronguiji jeta gosi sue Dupade Uruode jnung\u00f3rone ore yoquibai. <\/p>\n\n\n\n<p><em>Ecarai \u2013 Tobit\u00e9, Bolivia \u2013 1960<\/em><br><em>Marina de Morarie chur\u00fas\u00e3re Ecarai acajnaqu\u00e9ode nanique<\/em><\/p>\n\n\n<div class=\"navigation\"><div class=\"alignleft\"><a href=\"https:\/\/ayore.org\/ayo\/culture\/teachings\/ecarai-davide-yitojmarango-iji-yocanguretigai-2\/\"title=\"Ecarai (Davide\u0301) \u2013 Yitojm\u00e1rango iji yocanguretigai\"><img loading=\"lazy\" decoding=\"async\" src=\"https:\/\/ayore.org\/wp-content\/uploads\/2018\/10\/left-arrow.png\" width=\"50\" height=\"48\" alt=\"left arrow\"><\/a><\/div><div class=\"alignright\"><a href=\"https:\/\/ayore.org\/ayo\/culture\/teachings\/ipeyai-yicateca%cc%83ri-ome-ayoreode-iji-erami-jnese\/\"title=\"Ipeyai \u2013 Yicateca\u0303\u0301ri ome ayor\u00e9ode iji er\u00e1mi jnese\"><img loading=\"lazy\" decoding=\"async\" src=\"https:\/\/ayore.org\/wp-content\/uploads\/2018\/10\/right-arrow.png\" width=\"50\" height=\"48\" alt=\"right arrow\"><\/a><\/div>\n","protected":false},"excerpt":{"rendered":"<p>Ecarai catec\u00e3\u0301ri Dupade:Yacaranguipis ome ua iji de gued\u00e9 jnoringai uje baruode chingo bameserane cucha aja yoc. Chingo betei cucha ome yoc, yoque Dupade. Jecute yocacaranguipis ome ua uje baruode d\u00e9ji yajei, enga bajopi\u00e9 qu\u00e9r\u00e3 iji yajei, yoque Dupade. Ca yicatec\u00e3raitigade<\/p>\n","protected":false},"author":5,"featured_media":0,"parent":719,"menu_order":0,"comment_status":"closed","ping_status":"closed","template":"","meta":{"footnotes":""},"class_list":["post-4045","page","type-page","status-publish","hentry"],"yoast_head":"<!-- This site is optimized with the Yoast SEO plugin v27.4 - https:\/\/yoast.com\/product\/yoast-seo-wordpress\/ -->\n<title>Ecarai (Davide\u0301) \u2013 Baruode chingo bameserane cucha aja yoc &#8226; AYOR\u00c9.ORG<\/title>\n<meta name=\"robots\" content=\"index, follow, max-snippet:-1, max-image-preview:large, max-video-preview:-1\" \/>\n<link rel=\"canonical\" href=\"https:\/\/ayore.org\/ayo\/culture\/teachings\/ecarai-davide-baruode-chingo-bameserane-cucha-aja-yoc\/\" \/>\n<meta property=\"og:locale\" content=\"en_US\" \/>\n<meta property=\"og:type\" content=\"article\" \/>\n<meta property=\"og:title\" content=\"Ecarai (Davide\u0301) \u2013 Baruode chingo bameserane cucha aja yoc &#8226; AYOR\u00c9.ORG\" \/>\n<meta property=\"og:description\" content=\"Ecarai catec\u00e3\u0301ri Dupade:Yacaranguipis ome ua iji de gued\u00e9 jnoringai uje baruode chingo bameserane cucha aja yoc. Chingo betei cucha ome yoc, yoque Dupade. Jecute yocacaranguipis ome ua uje baruode d\u00e9ji yajei, enga bajopi\u00e9 qu\u00e9r\u00e3 iji yajei, yoque Dupade. Ca yicatec\u00e3raitigade\" \/>\n<meta property=\"og:url\" content=\"https:\/\/ayore.org\/ayo\/culture\/teachings\/ecarai-davide-baruode-chingo-bameserane-cucha-aja-yoc\/\" \/>\n<meta property=\"og:site_name\" content=\"AYOR\u00c9.ORG\" \/>\n<meta property=\"article:modified_time\" content=\"2019-05-24T22:57:29+00:00\" \/>\n<meta name=\"twitter:card\" content=\"summary_large_image\" \/>\n<meta name=\"twitter:label1\" content=\"Est. reading time\" \/>\n\t<meta name=\"twitter:data1\" content=\"8 minutes\" \/>\n<script type=\"application\/ld+json\" class=\"yoast-schema-graph\">{\"@context\":\"https:\\\/\\\/schema.org\",\"@graph\":[{\"@type\":\"WebPage\",\"@id\":\"https:\\\/\\\/ayore.org\\\/ayo\\\/culture\\\/teachings\\\/ecarai-davide-baruode-chingo-bameserane-cucha-aja-yoc\\\/\",\"url\":\"https:\\\/\\\/ayore.org\\\/ayo\\\/culture\\\/teachings\\\/ecarai-davide-baruode-chingo-bameserane-cucha-aja-yoc\\\/\",\"name\":\"Ecarai (Davide\u0301) \u2013 Baruode chingo bameserane cucha aja yoc &#8226; AYOR\u00c9.ORG\",\"isPartOf\":{\"@id\":\"https:\\\/\\\/ayore.org\\\/#website\"},\"datePublished\":\"2019-05-24T22:57:28+00:00\",\"dateModified\":\"2019-05-24T22:57:29+00:00\",\"breadcrumb\":{\"@id\":\"https:\\\/\\\/ayore.org\\\/ayo\\\/culture\\\/teachings\\\/ecarai-davide-baruode-chingo-bameserane-cucha-aja-yoc\\\/#breadcrumb\"},\"inLanguage\":\"ayo\",\"potentialAction\":[{\"@type\":\"ReadAction\",\"target\":[\"https:\\\/\\\/ayore.org\\\/ayo\\\/culture\\\/teachings\\\/ecarai-davide-baruode-chingo-bameserane-cucha-aja-yoc\\\/\"]}]},{\"@type\":\"BreadcrumbList\",\"@id\":\"https:\\\/\\\/ayore.org\\\/ayo\\\/culture\\\/teachings\\\/ecarai-davide-baruode-chingo-bameserane-cucha-aja-yoc\\\/#breadcrumb\",\"itemListElement\":[{\"@type\":\"ListItem\",\"position\":1,\"name\":\"Jogate bajai tu ude\u0301\",\"item\":\"https:\\\/\\\/ayore.org\\\/ayo\\\/\"},{\"@type\":\"ListItem\",\"position\":2,\"name\":\"Ayore\u0301ode adode, angurenone cucha ore\",\"item\":\"https:\\\/\\\/ayore.org\\\/ayo\\\/culture\\\/\"},{\"@type\":\"ListItem\",\"position\":3,\"name\":\"Ayore\u0301ode Acajnaque\u0301ode\",\"item\":\"https:\\\/\\\/ayore.org\\\/ayo\\\/culture\\\/teachings\\\/\"},{\"@type\":\"ListItem\",\"position\":4,\"name\":\"Ecarai (Davide\u0301) \u2013 Baruode chingo bameserane cucha aja yoc\"}]},{\"@type\":\"WebSite\",\"@id\":\"https:\\\/\\\/ayore.org\\\/#website\",\"url\":\"https:\\\/\\\/ayore.org\\\/\",\"name\":\"AYOR\u00c9.ORG\",\"description\":\"Ayore\u0301ode Uruode, Adode, Jnani bajade ati\u0301go ore \",\"potentialAction\":[{\"@type\":\"SearchAction\",\"target\":{\"@type\":\"EntryPoint\",\"urlTemplate\":\"https:\\\/\\\/ayore.org\\\/?s={search_term_string}\"},\"query-input\":{\"@type\":\"PropertyValueSpecification\",\"valueRequired\":true,\"valueName\":\"search_term_string\"}}],\"inLanguage\":\"ayo\"}]}<\/script>\n<!-- \/ Yoast SEO plugin. -->","yoast_head_json":{"title":"Ecarai (Davide\u0301) \u2013 Baruode chingo bameserane cucha aja yoc &#8226; AYOR\u00c9.ORG","robots":{"index":"index","follow":"follow","max-snippet":"max-snippet:-1","max-image-preview":"max-image-preview:large","max-video-preview":"max-video-preview:-1"},"canonical":"https:\/\/ayore.org\/ayo\/culture\/teachings\/ecarai-davide-baruode-chingo-bameserane-cucha-aja-yoc\/","og_locale":"en_US","og_type":"article","og_title":"Ecarai (Davide\u0301) \u2013 Baruode chingo bameserane cucha aja yoc &#8226; AYOR\u00c9.ORG","og_description":"Ecarai catec\u00e3\u0301ri Dupade:Yacaranguipis ome ua iji de gued\u00e9 jnoringai uje baruode chingo bameserane cucha aja yoc. Chingo betei cucha ome yoc, yoque Dupade. Jecute yocacaranguipis ome ua uje baruode d\u00e9ji yajei, enga bajopi\u00e9 qu\u00e9r\u00e3 iji yajei, yoque Dupade. Ca yicatec\u00e3raitigade","og_url":"https:\/\/ayore.org\/ayo\/culture\/teachings\/ecarai-davide-baruode-chingo-bameserane-cucha-aja-yoc\/","og_site_name":"AYOR\u00c9.ORG","article_modified_time":"2019-05-24T22:57:29+00:00","twitter_card":"summary_large_image","twitter_misc":{"Est. reading time":"8 minutes"},"schema":{"@context":"https:\/\/schema.org","@graph":[{"@type":"WebPage","@id":"https:\/\/ayore.org\/ayo\/culture\/teachings\/ecarai-davide-baruode-chingo-bameserane-cucha-aja-yoc\/","url":"https:\/\/ayore.org\/ayo\/culture\/teachings\/ecarai-davide-baruode-chingo-bameserane-cucha-aja-yoc\/","name":"Ecarai (Davide\u0301) \u2013 Baruode chingo bameserane cucha aja yoc &#8226; AYOR\u00c9.ORG","isPartOf":{"@id":"https:\/\/ayore.org\/#website"},"datePublished":"2019-05-24T22:57:28+00:00","dateModified":"2019-05-24T22:57:29+00:00","breadcrumb":{"@id":"https:\/\/ayore.org\/ayo\/culture\/teachings\/ecarai-davide-baruode-chingo-bameserane-cucha-aja-yoc\/#breadcrumb"},"inLanguage":"ayo","potentialAction":[{"@type":"ReadAction","target":["https:\/\/ayore.org\/ayo\/culture\/teachings\/ecarai-davide-baruode-chingo-bameserane-cucha-aja-yoc\/"]}]},{"@type":"BreadcrumbList","@id":"https:\/\/ayore.org\/ayo\/culture\/teachings\/ecarai-davide-baruode-chingo-bameserane-cucha-aja-yoc\/#breadcrumb","itemListElement":[{"@type":"ListItem","position":1,"name":"Jogate bajai tu ude\u0301","item":"https:\/\/ayore.org\/ayo\/"},{"@type":"ListItem","position":2,"name":"Ayore\u0301ode adode, angurenone cucha ore","item":"https:\/\/ayore.org\/ayo\/culture\/"},{"@type":"ListItem","position":3,"name":"Ayore\u0301ode Acajnaque\u0301ode","item":"https:\/\/ayore.org\/ayo\/culture\/teachings\/"},{"@type":"ListItem","position":4,"name":"Ecarai (Davide\u0301) \u2013 Baruode chingo bameserane cucha aja yoc"}]},{"@type":"WebSite","@id":"https:\/\/ayore.org\/#website","url":"https:\/\/ayore.org\/","name":"AYOR\u00c9.ORG","description":"Ayore\u0301ode Uruode, Adode, Jnani bajade ati\u0301go ore ","potentialAction":[{"@type":"SearchAction","target":{"@type":"EntryPoint","urlTemplate":"https:\/\/ayore.org\/?s={search_term_string}"},"query-input":{"@type":"PropertyValueSpecification","valueRequired":true,"valueName":"search_term_string"}}],"inLanguage":"ayo"}]}},"_links":{"self":[{"href":"https:\/\/ayore.org\/ayo\/wp-json\/wp\/v2\/pages\/4045","targetHints":{"allow":["GET"]}}],"collection":[{"href":"https:\/\/ayore.org\/ayo\/wp-json\/wp\/v2\/pages"}],"about":[{"href":"https:\/\/ayore.org\/ayo\/wp-json\/wp\/v2\/types\/page"}],"author":[{"embeddable":true,"href":"https:\/\/ayore.org\/ayo\/wp-json\/wp\/v2\/users\/5"}],"replies":[{"embeddable":true,"href":"https:\/\/ayore.org\/ayo\/wp-json\/wp\/v2\/comments?post=4045"}],"version-history":[{"count":2,"href":"https:\/\/ayore.org\/ayo\/wp-json\/wp\/v2\/pages\/4045\/revisions"}],"predecessor-version":[{"id":4047,"href":"https:\/\/ayore.org\/ayo\/wp-json\/wp\/v2\/pages\/4045\/revisions\/4047"}],"up":[{"embeddable":true,"href":"https:\/\/ayore.org\/ayo\/wp-json\/wp\/v2\/pages\/719"}],"wp:attachment":[{"href":"https:\/\/ayore.org\/ayo\/wp-json\/wp\/v2\/media?parent=4045"}],"curies":[{"name":"wp","href":"https:\/\/api.w.org\/{rel}","templated":true}]}}