{"id":4039,"date":"2019-05-24T22:37:05","date_gmt":"2019-05-24T22:37:05","guid":{"rendered":"https:\/\/ayore.org\/?page_id=4039"},"modified":"2019-05-24T22:37:06","modified_gmt":"2019-05-24T22:37:06","slug":"ecarai-davide-bajopie-tu-uje-deji-yocajei","status":"publish","type":"page","link":"https:\/\/ayore.org\/ayo\/culture\/teachings\/ecarai-davide-bajopie-tu-uje-deji-yocajei\/","title":{"rendered":"Ecarai (Davide\u0301) \u2013 Bajopi\u00e9 tu uje d\u00e9ji yocajei"},"content":{"rendered":"\n<p><strong>Ecarai\ncatec\u00e3\u0301ri <em>Dupade<\/em> ome jnanione ore\nuje a ore chisa dejode jneiji Santa\nCruz u\u00e9chade.<\/strong><\/p>\n\n\n\n<p><strong><em>Yacaranguipis uje bajopi\u00e9 d\u00e9ji yocajei:<\/em><\/strong><br>Yacaranguipis ome ua uje yud\u00faco baruode iji dirode jnese. Yacaranguipis ome ua uje bajopi\u00e9 tu uje d\u00e9ji yocajei. Ua u uje bapesute yoc\u00e1yipiedie aja quigode. <\/p>\n\n\n\n<p><strong><em>Yicatec\u00e3\u0301ri ua ome jeta u\u00f1engo qu\u00e9 chucu\u00e9 d\u00e1yipiedie ome ua:<\/em><\/strong><br>Yacaranguipis ome ua g\u00f3jni iji dejai tun\u00e9 ujetiga arodipise uy\u00f3que jnese gajner\u0129. Que gusu bangures\u00f3rone uje yicatec\u00e3\u0301ri ua ome ore. J\u00e9 u yoque jnese iji guidai ujetiga u\u00f1\u00e9ngo qu\u00e9 chucu\u00e9 d\u00e1yipiedie ome ua. Enga \u00e3ro orisijnaringu\u00e9one, Yoque <em>Dupade<\/em>, iji ne guidai. Pujnusi\u00e9tiga ujetiga yij\u00ed\u00f1ongome yocurasade u\u00f1eque iji ne jnumi ujetiga \u00e3ri, Yoque <em>Dupade<\/em>. Mu yicatec\u00e3\u0301ri ua ujetiga ore \u00e1yipiedie gues\u00e1ja ome baruode enga ore chingo raja ua ujetiga b\u00e3ro orisijnaringu\u00e9one to.<\/p>\n\n\n\n<p><strong><em>\u00c1taja chequed\u00ede jeta ca ore chimo pajei dot\u00e1ning\u00e1rique ome \u00f1ane:<\/em><\/strong><br>Yacaranguipis ome ua ome chequed\u00ede ujetiga \u00e1tap\u00edsaja ore gajner\u0129 enga ca ore chimo pajei dot\u00e1ning\u00e1rique ome \u00f1ane gajner\u0129, yoque <em>Dupade<\/em>.<\/p>\n\n\n\n<p>Jecute yicatec\u00e3\u0301ri ua,\nyacaranguipis ome ua ome bajopi\u00e9 uje d\u00e9ji er\u00e1mi jnese.<\/p>\n\n\n\n<p><strong><em>J\u00e9 socaseti jnanione u\u00f1ane ore changuretapo to r\u0129:<\/em><\/strong><br>Yoque <em>Dupade<\/em>, yicatec\u00e3\u0301ri ua ome bapesute cuchadatei ome yoque iji ne guidai. Yiraja uje ore urasade u\u00f1\u00e9ngo que ore todo cuch\u00e1rique to, uje que yiraj\u00e1go gotique, mu gusu ua uje bap\u00e9su baj\u00e9ode ome ore <em>Dupade<\/em>. Je socaseti betaque ore at\u00edgo.<\/p>\n\n\n\n<p>J\u00e9 yicoi baruode enga \u00f3jne\ngu\u00e9ode aja yoque gatuaque.<\/p>\n\n\n\n<p>\u00c1taja jnanione uyoque jetiga\nyicoi yocajes\u00faode iji er\u00e1mi ga \u00e1tap\u00edsaja bangures\u00f3rone, betes\u00f3rone iji er\u00e1mi\njnese r\u0129. J\u00e9 socaseti ore changuretapo to r\u0129, Yoque <em>Dupade<\/em>.<\/p>\n\n\n\n<p><strong><em>\u00c1tajaja coj\u00f1one ujetiga ca ore chimo det\u00e9tiguiji yoque dirome:<\/em><\/strong><br>Jetiga \u00e1taja yoquir\u00f3s\u00f3nique coj\u00f1oque dirome. Enga j\u00e9 ca aj\u00e9nique dot\u00e3re ome yoque. J\u00e9 ca chimo det\u00e9tiguiji yoque dirome ujeta yicoi ore iroqu\u00e9ode.<\/p>\n\n\n\n<p><strong><em>\u00c1taja bameser\u00e3i Dug\u00faid\u00e9 enga ch\u00e1ta raja yogome baruode jne:<\/em><\/strong><br>Yoque <em>Dupade<\/em>, icatec\u00e3\u0301ri ua. Dug\u00faid\u00e9 urasade uje ore d\u00e9ji dasagode g\u00e1yode ujetiga arodipise Dug\u00faid\u00e9 ga chucu\u00e9 daj\u00e9o ome ua, ga chajni babai, ga doi baroqu\u00e9ode to, Yoque <em>Dupade<\/em>. Yiraja uje ca chetaque yoquisat\u00edgo cucha ujetiga yicoi trabaj\u00e1ndode,&nbsp; mu bameser\u00e3i tu ujetiga y\u00e1tajago yoquisagode aja \u00f1ane ujetiga y\u00e1tajago Baruode aja yoquisagode cucha.<\/p>\n\n\n\n<p>Jecute yicatec\u00e3\u0301ri ua iji\ngajner\u0129 ujetiga arodipise Dug\u00faid\u00e9 ga asi ome pij\u00f3ningai tome, yoque <em>Dupade<\/em>.<\/p>\n\n\n\n<p><em>Dupade<\/em>, \u00e1taja yoque iji\ngajner\u0129 jeta etoque yoque, j\u00e9 u bangures\u00f3rone uje ore changuretapise ua.\nYim\u00e1co ore iji badode, Yoque <em>Dupade<\/em>.<\/p>\n\n\n\n<p><strong><em>\u00c1taja Pablo Umari jeta chijna bajnoraquei taja chequed\u00ede iji yoquiquigade:<\/em><\/strong><br>\u00c1taja Pablo Umari ujetiga chucu\u00e9 d\u00e1yipie ome chequed\u00ede ujetiga chijnorapise ore, ujetiga chijna bajnoraquei taja ore dirome iji yoquiquigade. <\/p>\n\n\n\n<p>Jecute yicatec\u00e3\u0301ri ua ome\ncuchade jnese ujetiga arodipise yoque jnese iji dejai. Achai bajmanai\nyoquib\u00e1yode jnese gajner\u0129 ga yicoi yoc\u00faring\u00e1ringo ayor\u00e9 ij\u00f5re jnese dirome,\nyoque <em>Dupade<\/em>.<\/p>\n\n\n\n<p>Yicatec\u00e3\u0301ri ua ome cuchade jnese ome bajnacari Jesuse i. Am\u1ebd.<\/p>\n\n\n\n<p><em>Ecarai \u2013 Tobit\u00e9, Bolivia \u2013 1970<\/em><br><em>Marina de Morarie chur\u00fas\u00e3re Ecarai icatec\u00e3raitigade<\/em> udojo<\/p>\n\n\n<div class=\"navigation\"><div class=\"alignleft\"><a href=\"https:\/\/ayore.org\/ayo\/culture\/teachings\/ecarai-davide-ore-pota-jeta-ore-chata-cuchadaja-uaque\/\"title=\"Ecarai (Davide\u0301) \u2013 Ore pota jeta ore ch\u00e1ta cuch\u00e1daja uaque\"><img loading=\"lazy\" decoding=\"async\" src=\"https:\/\/ayore.org\/wp-content\/uploads\/2018\/10\/left-arrow.png\" width=\"50\" height=\"48\" alt=\"left arrow\"><\/a><\/div><div class=\"alignright\"><a href=\"https:\/\/ayore.org\/ayo\/culture\/teachings\/ecarai-davide-yijnorango-n%cc%83ane-iji-jnumi\/\"title=\"Ecarai (Davide\u0301) \u2013 Yijn\u00f3rango n\u0303ane iji jnumi\"><img loading=\"lazy\" decoding=\"async\" src=\"https:\/\/ayore.org\/wp-content\/uploads\/2018\/10\/right-arrow.png\" width=\"50\" height=\"48\" alt=\"right arrow\"><\/a><\/div>\n","protected":false},"excerpt":{"rendered":"<p>Ecarai catec\u00e3\u0301ri Dupade ome jnanione ore uje a ore chisa dejode jneiji Santa Cruz u\u00e9chade. Yacaranguipis uje bajopi\u00e9 d\u00e9ji yocajei:Yacaranguipis ome ua uje yud\u00faco baruode iji dirode jnese. Yacaranguipis ome ua uje bajopi\u00e9 tu uje d\u00e9ji yocajei. Ua u uje<\/p>\n","protected":false},"author":5,"featured_media":0,"parent":719,"menu_order":0,"comment_status":"closed","ping_status":"closed","template":"","meta":{"footnotes":""},"class_list":["post-4039","page","type-page","status-publish","hentry"],"yoast_head":"<!-- This site is optimized with the Yoast SEO plugin v27.4 - https:\/\/yoast.com\/product\/yoast-seo-wordpress\/ -->\n<title>Ecarai (Davide\u0301) \u2013 Bajopi\u00e9 tu uje d\u00e9ji yocajei &#8226; AYOR\u00c9.ORG<\/title>\n<meta name=\"robots\" content=\"index, follow, max-snippet:-1, max-image-preview:large, max-video-preview:-1\" \/>\n<link rel=\"canonical\" href=\"https:\/\/ayore.org\/ayo\/culture\/teachings\/ecarai-davide-bajopie-tu-uje-deji-yocajei\/\" \/>\n<meta property=\"og:locale\" content=\"en_US\" \/>\n<meta property=\"og:type\" content=\"article\" \/>\n<meta property=\"og:title\" content=\"Ecarai (Davide\u0301) \u2013 Bajopi\u00e9 tu uje d\u00e9ji yocajei &#8226; AYOR\u00c9.ORG\" \/>\n<meta property=\"og:description\" content=\"Ecarai catec\u00e3\u0301ri Dupade ome jnanione ore uje a ore chisa dejode jneiji Santa Cruz u\u00e9chade. Yacaranguipis uje bajopi\u00e9 d\u00e9ji yocajei:Yacaranguipis ome ua uje yud\u00faco baruode iji dirode jnese. Yacaranguipis ome ua uje bajopi\u00e9 tu uje d\u00e9ji yocajei. Ua u uje\" \/>\n<meta property=\"og:url\" content=\"https:\/\/ayore.org\/ayo\/culture\/teachings\/ecarai-davide-bajopie-tu-uje-deji-yocajei\/\" \/>\n<meta property=\"og:site_name\" content=\"AYOR\u00c9.ORG\" \/>\n<meta property=\"article:modified_time\" content=\"2019-05-24T22:37:06+00:00\" \/>\n<meta name=\"twitter:card\" content=\"summary_large_image\" \/>\n<meta name=\"twitter:label1\" content=\"Est. reading time\" \/>\n\t<meta name=\"twitter:data1\" content=\"3 minutes\" \/>\n<script type=\"application\/ld+json\" class=\"yoast-schema-graph\">{\"@context\":\"https:\\\/\\\/schema.org\",\"@graph\":[{\"@type\":\"WebPage\",\"@id\":\"https:\\\/\\\/ayore.org\\\/ayo\\\/culture\\\/teachings\\\/ecarai-davide-bajopie-tu-uje-deji-yocajei\\\/\",\"url\":\"https:\\\/\\\/ayore.org\\\/ayo\\\/culture\\\/teachings\\\/ecarai-davide-bajopie-tu-uje-deji-yocajei\\\/\",\"name\":\"Ecarai (Davide\u0301) \u2013 Bajopi\u00e9 tu uje d\u00e9ji yocajei &#8226; AYOR\u00c9.ORG\",\"isPartOf\":{\"@id\":\"https:\\\/\\\/ayore.org\\\/#website\"},\"datePublished\":\"2019-05-24T22:37:05+00:00\",\"dateModified\":\"2019-05-24T22:37:06+00:00\",\"breadcrumb\":{\"@id\":\"https:\\\/\\\/ayore.org\\\/ayo\\\/culture\\\/teachings\\\/ecarai-davide-bajopie-tu-uje-deji-yocajei\\\/#breadcrumb\"},\"inLanguage\":\"ayo\",\"potentialAction\":[{\"@type\":\"ReadAction\",\"target\":[\"https:\\\/\\\/ayore.org\\\/ayo\\\/culture\\\/teachings\\\/ecarai-davide-bajopie-tu-uje-deji-yocajei\\\/\"]}]},{\"@type\":\"BreadcrumbList\",\"@id\":\"https:\\\/\\\/ayore.org\\\/ayo\\\/culture\\\/teachings\\\/ecarai-davide-bajopie-tu-uje-deji-yocajei\\\/#breadcrumb\",\"itemListElement\":[{\"@type\":\"ListItem\",\"position\":1,\"name\":\"Jogate bajai tu ude\u0301\",\"item\":\"https:\\\/\\\/ayore.org\\\/ayo\\\/\"},{\"@type\":\"ListItem\",\"position\":2,\"name\":\"Ayore\u0301ode adode, angurenone cucha ore\",\"item\":\"https:\\\/\\\/ayore.org\\\/ayo\\\/culture\\\/\"},{\"@type\":\"ListItem\",\"position\":3,\"name\":\"Ayore\u0301ode Acajnaque\u0301ode\",\"item\":\"https:\\\/\\\/ayore.org\\\/ayo\\\/culture\\\/teachings\\\/\"},{\"@type\":\"ListItem\",\"position\":4,\"name\":\"Ecarai (Davide\u0301) \u2013 Bajopi\u00e9 tu uje d\u00e9ji yocajei\"}]},{\"@type\":\"WebSite\",\"@id\":\"https:\\\/\\\/ayore.org\\\/#website\",\"url\":\"https:\\\/\\\/ayore.org\\\/\",\"name\":\"AYOR\u00c9.ORG\",\"description\":\"Ayore\u0301ode Uruode, Adode, Jnani bajade ati\u0301go ore \",\"potentialAction\":[{\"@type\":\"SearchAction\",\"target\":{\"@type\":\"EntryPoint\",\"urlTemplate\":\"https:\\\/\\\/ayore.org\\\/?s={search_term_string}\"},\"query-input\":{\"@type\":\"PropertyValueSpecification\",\"valueRequired\":true,\"valueName\":\"search_term_string\"}}],\"inLanguage\":\"ayo\"}]}<\/script>\n<!-- \/ Yoast SEO plugin. -->","yoast_head_json":{"title":"Ecarai (Davide\u0301) \u2013 Bajopi\u00e9 tu uje d\u00e9ji yocajei &#8226; AYOR\u00c9.ORG","robots":{"index":"index","follow":"follow","max-snippet":"max-snippet:-1","max-image-preview":"max-image-preview:large","max-video-preview":"max-video-preview:-1"},"canonical":"https:\/\/ayore.org\/ayo\/culture\/teachings\/ecarai-davide-bajopie-tu-uje-deji-yocajei\/","og_locale":"en_US","og_type":"article","og_title":"Ecarai (Davide\u0301) \u2013 Bajopi\u00e9 tu uje d\u00e9ji yocajei &#8226; AYOR\u00c9.ORG","og_description":"Ecarai catec\u00e3\u0301ri Dupade ome jnanione ore uje a ore chisa dejode jneiji Santa Cruz u\u00e9chade. Yacaranguipis uje bajopi\u00e9 d\u00e9ji yocajei:Yacaranguipis ome ua uje yud\u00faco baruode iji dirode jnese. Yacaranguipis ome ua uje bajopi\u00e9 tu uje d\u00e9ji yocajei. Ua u uje","og_url":"https:\/\/ayore.org\/ayo\/culture\/teachings\/ecarai-davide-bajopie-tu-uje-deji-yocajei\/","og_site_name":"AYOR\u00c9.ORG","article_modified_time":"2019-05-24T22:37:06+00:00","twitter_card":"summary_large_image","twitter_misc":{"Est. reading time":"3 minutes"},"schema":{"@context":"https:\/\/schema.org","@graph":[{"@type":"WebPage","@id":"https:\/\/ayore.org\/ayo\/culture\/teachings\/ecarai-davide-bajopie-tu-uje-deji-yocajei\/","url":"https:\/\/ayore.org\/ayo\/culture\/teachings\/ecarai-davide-bajopie-tu-uje-deji-yocajei\/","name":"Ecarai (Davide\u0301) \u2013 Bajopi\u00e9 tu uje d\u00e9ji yocajei &#8226; AYOR\u00c9.ORG","isPartOf":{"@id":"https:\/\/ayore.org\/#website"},"datePublished":"2019-05-24T22:37:05+00:00","dateModified":"2019-05-24T22:37:06+00:00","breadcrumb":{"@id":"https:\/\/ayore.org\/ayo\/culture\/teachings\/ecarai-davide-bajopie-tu-uje-deji-yocajei\/#breadcrumb"},"inLanguage":"ayo","potentialAction":[{"@type":"ReadAction","target":["https:\/\/ayore.org\/ayo\/culture\/teachings\/ecarai-davide-bajopie-tu-uje-deji-yocajei\/"]}]},{"@type":"BreadcrumbList","@id":"https:\/\/ayore.org\/ayo\/culture\/teachings\/ecarai-davide-bajopie-tu-uje-deji-yocajei\/#breadcrumb","itemListElement":[{"@type":"ListItem","position":1,"name":"Jogate bajai tu ude\u0301","item":"https:\/\/ayore.org\/ayo\/"},{"@type":"ListItem","position":2,"name":"Ayore\u0301ode adode, angurenone cucha ore","item":"https:\/\/ayore.org\/ayo\/culture\/"},{"@type":"ListItem","position":3,"name":"Ayore\u0301ode Acajnaque\u0301ode","item":"https:\/\/ayore.org\/ayo\/culture\/teachings\/"},{"@type":"ListItem","position":4,"name":"Ecarai (Davide\u0301) \u2013 Bajopi\u00e9 tu uje d\u00e9ji yocajei"}]},{"@type":"WebSite","@id":"https:\/\/ayore.org\/#website","url":"https:\/\/ayore.org\/","name":"AYOR\u00c9.ORG","description":"Ayore\u0301ode Uruode, Adode, Jnani bajade ati\u0301go ore ","potentialAction":[{"@type":"SearchAction","target":{"@type":"EntryPoint","urlTemplate":"https:\/\/ayore.org\/?s={search_term_string}"},"query-input":{"@type":"PropertyValueSpecification","valueRequired":true,"valueName":"search_term_string"}}],"inLanguage":"ayo"}]}},"_links":{"self":[{"href":"https:\/\/ayore.org\/ayo\/wp-json\/wp\/v2\/pages\/4039","targetHints":{"allow":["GET"]}}],"collection":[{"href":"https:\/\/ayore.org\/ayo\/wp-json\/wp\/v2\/pages"}],"about":[{"href":"https:\/\/ayore.org\/ayo\/wp-json\/wp\/v2\/types\/page"}],"author":[{"embeddable":true,"href":"https:\/\/ayore.org\/ayo\/wp-json\/wp\/v2\/users\/5"}],"replies":[{"embeddable":true,"href":"https:\/\/ayore.org\/ayo\/wp-json\/wp\/v2\/comments?post=4039"}],"version-history":[{"count":2,"href":"https:\/\/ayore.org\/ayo\/wp-json\/wp\/v2\/pages\/4039\/revisions"}],"predecessor-version":[{"id":4041,"href":"https:\/\/ayore.org\/ayo\/wp-json\/wp\/v2\/pages\/4039\/revisions\/4041"}],"up":[{"embeddable":true,"href":"https:\/\/ayore.org\/ayo\/wp-json\/wp\/v2\/pages\/719"}],"wp:attachment":[{"href":"https:\/\/ayore.org\/ayo\/wp-json\/wp\/v2\/media?parent=4039"}],"curies":[{"name":"wp","href":"https:\/\/api.w.org\/{rel}","templated":true}]}}