{"id":4028,"date":"2019-05-24T15:50:14","date_gmt":"2019-05-24T15:50:14","guid":{"rendered":"https:\/\/ayore.org\/?page_id=4028"},"modified":"2019-05-24T15:50:15","modified_gmt":"2019-05-24T15:50:15","slug":"ecarai-davide-yitojmarango-iji-yocanguretigai-2","status":"publish","type":"page","link":"https:\/\/ayore.org\/ayo\/culture\/teachings\/ecarai-davide-yitojmarango-iji-yocanguretigai-2\/","title":{"rendered":"Ecarai (Davide\u0301) \u2013 Yitojm\u00e1rango iji yocanguretigai"},"content":{"rendered":"\n<p><strong><em>Cr\u00edsto chac\u00e3ra dangures\u00f3rone uyoque aja dabai: <\/em><\/strong><em>(Romanos 12:4-5)<\/em><br>Iraj\u00e1go uje ayor\u00e9rique chojm\u00e1ra mar\u00ednga, ut\u00e9 adode u\u00e1sejna. J\u00e9 cho Cr\u00edsto angures\u00f3rone uyoque. U\u00e1sejna yoque mu j\u00e9 yitojm\u00e1rango iji yocanguretigai ome Cr\u00edsto, enga yocajnui u ayor\u00e9 chojmarai iji jnumi. <\/p>\n\n\n\n<p><strong><em>Cho jetiga ejnaretaque Jesus angures\u00f3rone uyoque jnese iji yocu\u00e1guedie: <\/em><\/strong><em>(1 Corintios 12:26)<\/em><br>Jecute uje Dupade anguretas\u00f3rone yocu\u00f1eque p\u00e9su date gajnar\u00e9tique, enga cho jetiga ejnaretaque Jesus angures\u00f3rone uyoque jnese iji yocu\u00e1guedie. Que ejnaretaque yoc\u00fadode gotique, mu ejnaretaque yocu\u00e1gue. Ujetiga gosi \u00fadode atique u\u00f1eque doso enga ut\u00e9 \u00fadode jnese chejn\u00e1reque re to. Enga j\u00e9 cho ujetiga ayor\u00e9 chaquesu dajman\u00e9 te ga, p\u00e9su cucha gajnar\u00e9tique ga, j\u00e9 ore chaquesu dague. Jeta chaquesu, pidi chichagu u\u00f1eque \u00fadode, enga que gusu pidi ijochap\u00eddi gotique uje \u0169roso. \u0168roso \u00fadode jnese.\u201d <\/p>\n\n\n\n<p><strong><em>Cucha gajnar\u00e9ngone j\u0129rique chichagu raja er\u00e1mi \u00fadode jnese:<\/em><\/strong><br>Yiraja uje a Dupade angures\u00f3nique p\u00e9su cucha gajnar\u00e9tique ga cucha gajnar\u00e9ngone j\u0129rique chichagu raja er\u00e1mi \u00fadode jnese. Mu j\u00e9 ca ojninga, \u2018Iya Dupade to jne. Jesus angures\u00f3rone p\u00e9su cucha gajnar\u00e9ngone gu.\u2019 Que u gotique.<\/p>\n\n\n\n<p><strong><em>Ango boj\u00f3rique ayor\u00e9 ipesudode cucha gajnar\u00e9cho aja: <\/em><\/strong><em>(Galatas 6:1-2)<\/em><br>Ujetiga angureta Dupade enga jec \u0169r\u00e9 angureta Dupade, enga be Dupade ga acatec\u00e3\u0301ri. Be bay\u00e9 Dupade ga acatec\u00e3\u0301ri enga ango ua aja, enga Dupade a p\u00e9su ua jnenga Dupade chingo daruode aja ua. Dupade a chojningame ua, \u2018Be boj\u00f3rique Dupade angures\u1e4dri ut\u00e9 uje p\u00e9su cucha gajnar\u00e9tique. Ango ipesudode cucha gajnar\u00e9cho aja.\u2019 Socaseti baqueta baj\u00f5rai ut\u00e9 enga dopoi Jesus adode r\u0129. Dupade uruode j\u00e9 ut\u00e9. <\/p>\n\n\n\n<p>J\u00e9 basa gosi a chojninga, \u2018A yiya Dupade. Cham\u00e1\u00f1aje yocacadis\u00f5ri ut\u00e9,\njeoga yocangar\u00e1ni ome Dupade adode cha gu.\u2019 Enga gosi que changuretapo Dupade\ngotique to r\u0129. Ujetiga uruode u udore enga obir\u00e9jna uje gosi angureni tu uraque\ndacadis\u1e4dri, mu que angureni u Jesuse. J\u00e9 basa ut\u00e9 gosi uje j\u00e9 \u0169r\u00e9 changureta\nDupade, ga que chojninga gotique: \u201cYiya Dupade to. Yocacadis\u1e4dri cha gu.\u201d <\/p>\n\n\n\n<p><strong><em>Moises urusarane chojninga:<\/em><\/strong> <strong><em>\u201cAj\u00e9 gapua jeta moji jnacanique bisideque.\u201d<\/em><\/strong><br>Jetiga gap\u00faraque moji jnacanique gari bisideque enga aj\u00e9yo gapua, jeoga jnacanique moji gapua gari bisideque ga aj\u00e9yo,\u201d chojninga. \u201cGa \u00edjnoque pisijnaringu\u00e9one iji uacajade,\u201d chojninga. Mu purus\u00e3racho udore iji <em>antiguo testamento, <\/em>jnani bajade ore gajnecho Dupade ur\u00fao, uje c\u00e1ma Jesuse di nanique enga toi ome yoquisijnaringu\u00e9one.<\/p>\n\n\n\n<p><strong><em>Yocajnei tu nuevo testamento:<\/em><\/strong><br>Mu disi ejode uyoque ga ujetiga yanguret\u00e1go Dupade ga yocajnei tu <em>nuevo testamento<\/em>, enga a ca yic\u00f3rase pacajnaqueque diyajmane unojo gotique. Mu yac\u00e1co y\u00f3gaja edugu\u00e9jnai David ut\u00e9. David a chimo j\u00f3ronga uje urasade ore char\u00e1su ga sose Dupade yui. Ga Dupade ch\u0129ro isijnaringu\u00e9one enga chingu\u00edra dar\u00e1die aja isijnaringu\u00e9one jogadode enga \u00edjnongapo r\u0129. <\/p>\n\n\n\n<p>Enga yim\u00f3ngo ipesudode cucha\nom\u00edo ome y\u00f3guiji guidai. Jecute ingome yoque to David, jnani bajai, urusarane\nuje chur\u00fas\u00e3re ome uy\u00f3guiji er\u00e1mi uje d\u00e9ji Salmo 51. Que gusu uyoque gotique\njeta yocajn\u00e9cho urusarane. Dupade angures\u00f3rone yocajn\u00e9cho jnese jeta yingongome\nyoquisijnaringu\u00e9one aja \u00f1ane. Cucha yi tup\u00fasu ujetiga yoco \u00f1ane quique enga\nuajate y\u00f3guiji yocanguretaretigai. Dupade a ch\u00e1taja yoque to ga a ca\nchaguh\u00e9nique chejnape y\u00f3guiji guidai gotique r\u0129. <\/p>\n\n\n\n<p><strong><em>Beyoi Dupade uruode uje acatecachoi:<\/em><\/strong> <em>(Mateo 6:6 aja 8)<\/em><br>Enga yingo yoque to ujetiga araja ua iji Dupade uruode enga acatec\u00e3\u0301ri Dupade. Ango bay\u00e9 Dupade ujetiga ch\u00e1taja ua, enga acatec\u00e3\u0301ri Dupade to iji dejade ujetiga jec \u0169r\u00e9 ch\u00e1taja yoque iji guidai te ga etoque yoque. Mu yiji Dupade Uruode uje Dupade Uruode chojninga: \u201cAcatec\u00e3\u0301ri bay\u00e9 Dupade enga ca ango ua aja er\u00e1mi jeta be aj\u00e3ro enga acatec\u00e3\u0301ri Dupade iji.\u201d Dupade uruode chojninga: \u201cAcatec\u00e3\u0301ri bay\u00e9 Dupade uje chimo cucha pipogui\u00e9dode,\u201d chojninga, \u201cEnga ca ango ua aja er\u00e1mi gotique,\u201d chojninga. Jecute ingo yoc uje a yicatec\u00e3\u0301ri Dupade iji ijnangununie enga Dupade j\u00e9 chimo yu iji. <\/p>\n\n\n\n<p><em>Ecarai \u2013 Tobit\u00e9, Bolivia \u2013 1970<\/em><br><em>Marina de Morarie chur\u00fas\u00e3re Ecarai o quigode udojo nanique<\/em><\/p>\n\n\n<div class=\"navigation\"><div class=\"alignleft\"><a href=\"https:\/\/ayore.org\/ayo\/culture\/teachings\/ecarai-davide-arijinano-uaquejode\/\"title=\"Ecarai (Davide\u0301) \u2013 Arij\u00edna\u00f1o uaquejode\"><img loading=\"lazy\" decoding=\"async\" src=\"https:\/\/ayore.org\/wp-content\/uploads\/2018\/10\/left-arrow.png\" width=\"50\" height=\"48\" alt=\"left arrow\"><\/a><\/div><div class=\"alignright\"><a href=\"https:\/\/ayore.org\/ayo\/culture\/teachings\/ecarai-davide-baruode-chingo-bameserane-cucha-aja-yoc\/\"title=\"Ecarai (Davide\u0301) \u2013 Baruode chingo bameserane cucha aja yoc\"><img loading=\"lazy\" decoding=\"async\" src=\"https:\/\/ayore.org\/wp-content\/uploads\/2018\/10\/right-arrow.png\" width=\"50\" height=\"48\" alt=\"right arrow\"><\/a><\/div>\n","protected":false},"excerpt":{"rendered":"<p>Cr\u00edsto chac\u00e3ra dangures\u00f3rone uyoque aja dabai: (Romanos 12:4-5)Iraj\u00e1go uje ayor\u00e9rique chojm\u00e1ra mar\u00ednga, ut\u00e9 adode u\u00e1sejna. J\u00e9 cho Cr\u00edsto angures\u00f3rone uyoque. U\u00e1sejna yoque mu j\u00e9 yitojm\u00e1rango iji yocanguretigai ome Cr\u00edsto, enga yocajnui u ayor\u00e9 chojmarai iji jnumi. Cho jetiga ejnaretaque Jesus<\/p>\n","protected":false},"author":5,"featured_media":0,"parent":719,"menu_order":0,"comment_status":"closed","ping_status":"closed","template":"","meta":{"footnotes":""},"class_list":["post-4028","page","type-page","status-publish","hentry"],"yoast_head":"<!-- This site is optimized with the Yoast SEO plugin v27.4 - https:\/\/yoast.com\/product\/yoast-seo-wordpress\/ -->\n<title>Ecarai (Davide\u0301) \u2013 Yitojm\u00e1rango iji yocanguretigai &#8226; AYOR\u00c9.ORG<\/title>\n<meta name=\"robots\" content=\"index, follow, max-snippet:-1, max-image-preview:large, max-video-preview:-1\" \/>\n<link rel=\"canonical\" href=\"https:\/\/ayore.org\/ayo\/culture\/teachings\/ecarai-davide-yitojmarango-iji-yocanguretigai-2\/\" \/>\n<meta property=\"og:locale\" content=\"en_US\" \/>\n<meta property=\"og:type\" content=\"article\" \/>\n<meta property=\"og:title\" content=\"Ecarai (Davide\u0301) \u2013 Yitojm\u00e1rango iji yocanguretigai &#8226; AYOR\u00c9.ORG\" \/>\n<meta property=\"og:description\" content=\"Cr\u00edsto chac\u00e3ra dangures\u00f3rone uyoque aja dabai: (Romanos 12:4-5)Iraj\u00e1go uje ayor\u00e9rique chojm\u00e1ra mar\u00ednga, ut\u00e9 adode u\u00e1sejna. J\u00e9 cho Cr\u00edsto angures\u00f3rone uyoque. U\u00e1sejna yoque mu j\u00e9 yitojm\u00e1rango iji yocanguretigai ome Cr\u00edsto, enga yocajnui u ayor\u00e9 chojmarai iji jnumi. Cho jetiga ejnaretaque Jesus\" \/>\n<meta property=\"og:url\" content=\"https:\/\/ayore.org\/ayo\/culture\/teachings\/ecarai-davide-yitojmarango-iji-yocanguretigai-2\/\" \/>\n<meta property=\"og:site_name\" content=\"AYOR\u00c9.ORG\" \/>\n<meta property=\"article:modified_time\" content=\"2019-05-24T15:50:15+00:00\" \/>\n<meta name=\"twitter:card\" content=\"summary_large_image\" \/>\n<meta name=\"twitter:label1\" content=\"Est. reading time\" \/>\n\t<meta name=\"twitter:data1\" content=\"3 minutes\" \/>\n<script type=\"application\/ld+json\" class=\"yoast-schema-graph\">{\"@context\":\"https:\\\/\\\/schema.org\",\"@graph\":[{\"@type\":\"WebPage\",\"@id\":\"https:\\\/\\\/ayore.org\\\/ayo\\\/culture\\\/teachings\\\/ecarai-davide-yitojmarango-iji-yocanguretigai-2\\\/\",\"url\":\"https:\\\/\\\/ayore.org\\\/ayo\\\/culture\\\/teachings\\\/ecarai-davide-yitojmarango-iji-yocanguretigai-2\\\/\",\"name\":\"Ecarai (Davide\u0301) \u2013 Yitojm\u00e1rango iji yocanguretigai &#8226; AYOR\u00c9.ORG\",\"isPartOf\":{\"@id\":\"https:\\\/\\\/ayore.org\\\/#website\"},\"datePublished\":\"2019-05-24T15:50:14+00:00\",\"dateModified\":\"2019-05-24T15:50:15+00:00\",\"breadcrumb\":{\"@id\":\"https:\\\/\\\/ayore.org\\\/ayo\\\/culture\\\/teachings\\\/ecarai-davide-yitojmarango-iji-yocanguretigai-2\\\/#breadcrumb\"},\"inLanguage\":\"ayo\",\"potentialAction\":[{\"@type\":\"ReadAction\",\"target\":[\"https:\\\/\\\/ayore.org\\\/ayo\\\/culture\\\/teachings\\\/ecarai-davide-yitojmarango-iji-yocanguretigai-2\\\/\"]}]},{\"@type\":\"BreadcrumbList\",\"@id\":\"https:\\\/\\\/ayore.org\\\/ayo\\\/culture\\\/teachings\\\/ecarai-davide-yitojmarango-iji-yocanguretigai-2\\\/#breadcrumb\",\"itemListElement\":[{\"@type\":\"ListItem\",\"position\":1,\"name\":\"Jogate bajai tu ude\u0301\",\"item\":\"https:\\\/\\\/ayore.org\\\/ayo\\\/\"},{\"@type\":\"ListItem\",\"position\":2,\"name\":\"Ayore\u0301ode adode, angurenone cucha ore\",\"item\":\"https:\\\/\\\/ayore.org\\\/ayo\\\/culture\\\/\"},{\"@type\":\"ListItem\",\"position\":3,\"name\":\"Ayore\u0301ode Acajnaque\u0301ode\",\"item\":\"https:\\\/\\\/ayore.org\\\/ayo\\\/culture\\\/teachings\\\/\"},{\"@type\":\"ListItem\",\"position\":4,\"name\":\"Ecarai (Davide\u0301) \u2013 Yitojm\u00e1rango iji yocanguretigai\"}]},{\"@type\":\"WebSite\",\"@id\":\"https:\\\/\\\/ayore.org\\\/#website\",\"url\":\"https:\\\/\\\/ayore.org\\\/\",\"name\":\"AYOR\u00c9.ORG\",\"description\":\"Ayore\u0301ode Uruode, Adode, Jnani bajade ati\u0301go ore \",\"potentialAction\":[{\"@type\":\"SearchAction\",\"target\":{\"@type\":\"EntryPoint\",\"urlTemplate\":\"https:\\\/\\\/ayore.org\\\/?s={search_term_string}\"},\"query-input\":{\"@type\":\"PropertyValueSpecification\",\"valueRequired\":true,\"valueName\":\"search_term_string\"}}],\"inLanguage\":\"ayo\"}]}<\/script>\n<!-- \/ Yoast SEO plugin. -->","yoast_head_json":{"title":"Ecarai (Davide\u0301) \u2013 Yitojm\u00e1rango iji yocanguretigai &#8226; AYOR\u00c9.ORG","robots":{"index":"index","follow":"follow","max-snippet":"max-snippet:-1","max-image-preview":"max-image-preview:large","max-video-preview":"max-video-preview:-1"},"canonical":"https:\/\/ayore.org\/ayo\/culture\/teachings\/ecarai-davide-yitojmarango-iji-yocanguretigai-2\/","og_locale":"en_US","og_type":"article","og_title":"Ecarai (Davide\u0301) \u2013 Yitojm\u00e1rango iji yocanguretigai &#8226; AYOR\u00c9.ORG","og_description":"Cr\u00edsto chac\u00e3ra dangures\u00f3rone uyoque aja dabai: (Romanos 12:4-5)Iraj\u00e1go uje ayor\u00e9rique chojm\u00e1ra mar\u00ednga, ut\u00e9 adode u\u00e1sejna. J\u00e9 cho Cr\u00edsto angures\u00f3rone uyoque. U\u00e1sejna yoque mu j\u00e9 yitojm\u00e1rango iji yocanguretigai ome Cr\u00edsto, enga yocajnui u ayor\u00e9 chojmarai iji jnumi. Cho jetiga ejnaretaque Jesus","og_url":"https:\/\/ayore.org\/ayo\/culture\/teachings\/ecarai-davide-yitojmarango-iji-yocanguretigai-2\/","og_site_name":"AYOR\u00c9.ORG","article_modified_time":"2019-05-24T15:50:15+00:00","twitter_card":"summary_large_image","twitter_misc":{"Est. reading time":"3 minutes"},"schema":{"@context":"https:\/\/schema.org","@graph":[{"@type":"WebPage","@id":"https:\/\/ayore.org\/ayo\/culture\/teachings\/ecarai-davide-yitojmarango-iji-yocanguretigai-2\/","url":"https:\/\/ayore.org\/ayo\/culture\/teachings\/ecarai-davide-yitojmarango-iji-yocanguretigai-2\/","name":"Ecarai (Davide\u0301) \u2013 Yitojm\u00e1rango iji yocanguretigai &#8226; AYOR\u00c9.ORG","isPartOf":{"@id":"https:\/\/ayore.org\/#website"},"datePublished":"2019-05-24T15:50:14+00:00","dateModified":"2019-05-24T15:50:15+00:00","breadcrumb":{"@id":"https:\/\/ayore.org\/ayo\/culture\/teachings\/ecarai-davide-yitojmarango-iji-yocanguretigai-2\/#breadcrumb"},"inLanguage":"ayo","potentialAction":[{"@type":"ReadAction","target":["https:\/\/ayore.org\/ayo\/culture\/teachings\/ecarai-davide-yitojmarango-iji-yocanguretigai-2\/"]}]},{"@type":"BreadcrumbList","@id":"https:\/\/ayore.org\/ayo\/culture\/teachings\/ecarai-davide-yitojmarango-iji-yocanguretigai-2\/#breadcrumb","itemListElement":[{"@type":"ListItem","position":1,"name":"Jogate bajai tu ude\u0301","item":"https:\/\/ayore.org\/ayo\/"},{"@type":"ListItem","position":2,"name":"Ayore\u0301ode adode, angurenone cucha ore","item":"https:\/\/ayore.org\/ayo\/culture\/"},{"@type":"ListItem","position":3,"name":"Ayore\u0301ode Acajnaque\u0301ode","item":"https:\/\/ayore.org\/ayo\/culture\/teachings\/"},{"@type":"ListItem","position":4,"name":"Ecarai (Davide\u0301) \u2013 Yitojm\u00e1rango iji yocanguretigai"}]},{"@type":"WebSite","@id":"https:\/\/ayore.org\/#website","url":"https:\/\/ayore.org\/","name":"AYOR\u00c9.ORG","description":"Ayore\u0301ode Uruode, Adode, Jnani bajade ati\u0301go ore ","potentialAction":[{"@type":"SearchAction","target":{"@type":"EntryPoint","urlTemplate":"https:\/\/ayore.org\/?s={search_term_string}"},"query-input":{"@type":"PropertyValueSpecification","valueRequired":true,"valueName":"search_term_string"}}],"inLanguage":"ayo"}]}},"_links":{"self":[{"href":"https:\/\/ayore.org\/ayo\/wp-json\/wp\/v2\/pages\/4028","targetHints":{"allow":["GET"]}}],"collection":[{"href":"https:\/\/ayore.org\/ayo\/wp-json\/wp\/v2\/pages"}],"about":[{"href":"https:\/\/ayore.org\/ayo\/wp-json\/wp\/v2\/types\/page"}],"author":[{"embeddable":true,"href":"https:\/\/ayore.org\/ayo\/wp-json\/wp\/v2\/users\/5"}],"replies":[{"embeddable":true,"href":"https:\/\/ayore.org\/ayo\/wp-json\/wp\/v2\/comments?post=4028"}],"version-history":[{"count":1,"href":"https:\/\/ayore.org\/ayo\/wp-json\/wp\/v2\/pages\/4028\/revisions"}],"predecessor-version":[{"id":4029,"href":"https:\/\/ayore.org\/ayo\/wp-json\/wp\/v2\/pages\/4028\/revisions\/4029"}],"up":[{"embeddable":true,"href":"https:\/\/ayore.org\/ayo\/wp-json\/wp\/v2\/pages\/719"}],"wp:attachment":[{"href":"https:\/\/ayore.org\/ayo\/wp-json\/wp\/v2\/media?parent=4028"}],"curies":[{"name":"wp","href":"https:\/\/api.w.org\/{rel}","templated":true}]}}