{"id":3989,"date":"2019-05-24T00:56:57","date_gmt":"2019-05-24T00:56:57","guid":{"rendered":"https:\/\/ayore.org\/?page_id=3989"},"modified":"2019-05-24T00:56:59","modified_gmt":"2019-05-24T00:56:59","slug":"ecarai-davide-je-ca-yetajo-dupade-ujnomei-jnungorone-ore","status":"publish","type":"page","link":"https:\/\/ayore.org\/ayo\/culture\/teachings\/ecarai-davide-je-ca-yetajo-dupade-ujnomei-jnungorone-ore\/","title":{"rendered":"Ecarai (Davide\u0301) \u2013 Je\u0301 ca yet\u00e1jo Dupade ujnomei jnung\u00f3rone ore"},"content":{"rendered":"\n<p><strong><em>Ecarai acajnaqu\u00e9ode:<\/em><\/strong><br>Yingome uaque gajner\u0129 ujetiga ca yet\u00e1jo Dupade uruode atatas\u00f3rone. Ujetiga ca yet\u00e1jo Dupade ujnomei jnung\u00f3rone ore. Enga j\u00e9 ca yoco jnani bajade ore uje chi ore chetaque Dupade angures\u00f3rone iji uraque dajade nanique.<\/p>\n\n\n\n<p><strong><em>Dupade uruode atatas\u1e4dri Jerem\u00edas adode: <\/em><\/strong><em>(Jerem\u00edas 20:1,2)<\/em><br>Enga yim\u00f3ngo iji un\u00e9 darujna aone uje e ore jno Jerem\u00edas \u00fadi uje ore chigaru jmanecade. Ore chetaque Dupade uruode iji Jerem\u00edas pijnani uje ch\u0129\u0301care ore ome Dupade uruode. <\/p>\n\n\n\n<p>Mu j\u00e9 ca yoco jnani bajade\nudore ore gajner\u0129 enga j\u00e9 ca yicoi ore isocade to gajner\u0129. Enga ca yet\u00e1jo\nDupade angures\u00f3rone iji yocujade to gajner\u0129.<\/p>\n\n\n\n<p>Yiraj\u00e1go uje qu\u00e9 ore p\u00e9su cucha gajnar\u00e9tique iji Dupade irajas\u00f3rone uje ore gaidode u Dupade uruode quigode. Enga j\u00e9 ca yoco unojo gajner\u0129, Jerem\u00edas igaris\u00f3rone ore, jeta ca yet\u00e1jo Dupade angures\u00f3rone, Dupade uruode atatas\u00f3rone, Dupade ujnomei jnung\u00f3rone ore. <\/p>\n\n\n\n<p>Dupade uruode chojninga: \u201cUj\u00e9tiga gosi cho dar\u00faja yangures\u00f3ri ome daru gajnar\u00e9ngone, ga a yo yur\u00faja gosi to jne.\u201d Jecute ingome yoque gajner\u0129 ujetiga ca yoco yocur\u00faja Dupade angures\u00f3rone, Dupade ujnomei jnung\u00f3rone ore.<\/p>\n\n\n\n<p><strong><em>Ayor\u00e9ode ore chiraja nanique uje Dupade cuse:<\/em><\/strong><br>Uacam\u00f3\u00f1o uje jnani bajade ore, ore todo Dupade to nanique uje qu\u00e9 ug\u00facoi er\u00e1mi casodicaite, menen\u00e9ngone ore uyoque jnese. Iraj\u00e1go uje Dupade cuse, mu que yiraj\u00e1go uruode quigode gotique. <\/p>\n\n\n\n<p>Mu disi ejode uyoque enga\nyiraj\u00e1go Dupade uruode quigode iji darujna arone, uje darujna arone chingo\nyoque. Uje ore chur\u00fas\u00e3re Dupade uruode quigode iji,&nbsp; Dupade guet\u00e9gode quigode iji unojo, darujna\narone. Enga yiraj\u00e1go uje cuchade ipesung\u00f3ri tu Dupade gu Dupade uruode.<\/p>\n\n\n\n<p><strong><em>J\u00e9 ca yet\u00e1jo Dupade angures\u00f3ningo oj\u00f1\u00e1ringo:<\/em><\/strong><br>Enga j\u00e9 ca yocu\u00f1eque chetaque Dupade angures\u00f3nique oj\u00f1\u00e1ringo gajner\u0129. J\u00e9 ca yocu\u00f1eque cho dar\u00faja angures\u00f3nique gajner\u0129. Dupade angures\u00f3nique gu.<\/p>\n\n\n\n<p>Yiraj\u00e1go uje pujopi\u00e9,\npijnoraquei ore garani tu Dupade, cucha omone garani u Dupade. Yiraj\u00e1go unojo\nuje edugu\u00e9jnane, Dupade ujnomei jnung\u00f3rone ore chingo yoque. <\/p>\n\n\n\n<p>Gusu nanique uje yiraj\u00e1go uje\nDupade cuse, mu que yiraj\u00e1go uruode quitique go. Gusu uje yiraj\u00e1go cuchade\nudore gu Dupade uruode, enga disi ejode uyoc e yiraj\u00e1go uje Dupade chi chetaque\npisijnaringu\u00e9one. Chetaque pipojnaqu\u00e9ode. Chetaque pangoningu\u00edte paritig\u00e1de.\nMu Dupade potig\u00e1di u pate omone iji yoque, ujetiga yicoi yocate omone to, enga\nDupade chimes\u1ebd\u0301re yoque to.<\/p>\n\n\n\n<p><strong><em>Jerem\u00edas cho daba datatagode Dupade ur\u00fao nanique:<\/em><\/strong><br>Chi Dupade chojninga nanique ome Jerem\u00edas: \u201cBo ga acate Isra\u00e9l abode ore ome yimeserane cucha.\u201d Mu un\u00e9 jno, mu urasade chetaque acajnaqu\u00e9ode. Ore chigaru jmanecade ujetiga ore n\u00e1ja guigu\u00edjnai enga ore suru gai. Ore chetaque Dupade gu, enga ore chetaque ir\u00f3gode ore acajnaqu\u00e9ode. Mu chi ca gusu Jerem\u00edas gotique, nanique, Dupade d\u00e9ji gari. Enga Dupade cho daju\u00f1ame udore, Israel abode ore, uje ore chetaque Dupade uruode enga que ore doi uraque dapesung\u00f3ri ajegaidode cucha gotique gu.<\/p>\n\n\n\n<p>&nbsp;E gusu yacajnaqu\u00e9ode udojo.<em> (Jerem\u00edas 29:11, 12)<\/em><\/p>\n\n\n\n<p><em>Ecarai \u2013 Tobit\u00e9, Bolivia \u2013 1960<\/em><br><em>Marina de Morarie chur\u00fasare Ecarai uruode udojo<\/em><\/p>\n\n\n<div class=\"navigation\"><div class=\"alignleft\"><a href=\"https:\/\/ayore.org\/ayo\/culture\/teachings\/ecarai-davide-aje-bajmanai-tiji-yoquibai\/\"title=\"Ecarai (Davide\u0301) \u2013 Aj\u00e9 bajmanai tiji yoquibai\"><img loading=\"lazy\" decoding=\"async\" src=\"https:\/\/ayore.org\/wp-content\/uploads\/2018\/10\/left-arrow.png\" width=\"50\" height=\"48\" alt=\"left arrow\"><\/a><\/div><div class=\"alignright\"><a href=\"https:\/\/ayore.org\/ayo\/culture\/teachings\/ecarai-davide-dupade-ujnomei-a-chise-erami-jnese\/\"title=\"Ecarai (Davide\u0301) \u2013 Dupade ujnomei a chise er\u00e1mi jnese\"><img loading=\"lazy\" decoding=\"async\" src=\"https:\/\/ayore.org\/wp-content\/uploads\/2018\/10\/right-arrow.png\" width=\"50\" height=\"48\" alt=\"right arrow\"><\/a><\/div>\n","protected":false},"excerpt":{"rendered":"<p>Ecarai acajnaqu\u00e9ode:Yingome uaque gajner\u0129 ujetiga ca yet\u00e1jo Dupade uruode atatas\u00f3rone. Ujetiga ca yet\u00e1jo Dupade ujnomei jnung\u00f3rone ore. Enga j\u00e9 ca yoco jnani bajade ore uje chi ore chetaque Dupade angures\u00f3rone iji uraque dajade nanique. Dupade uruode atatas\u1e4dri Jerem\u00edas adode: (Jerem\u00edas<\/p>\n","protected":false},"author":5,"featured_media":0,"parent":719,"menu_order":0,"comment_status":"closed","ping_status":"closed","template":"","meta":{"footnotes":""},"class_list":["post-3989","page","type-page","status-publish","hentry"],"yoast_head":"<!-- This site is optimized with the Yoast SEO plugin v27.4 - https:\/\/yoast.com\/product\/yoast-seo-wordpress\/ -->\n<title>Ecarai (Davide\u0301) \u2013 Je\u0301 ca yet\u00e1jo Dupade ujnomei jnung\u00f3rone ore &#8226; AYOR\u00c9.ORG<\/title>\n<meta name=\"robots\" content=\"index, follow, max-snippet:-1, max-image-preview:large, max-video-preview:-1\" \/>\n<link rel=\"canonical\" href=\"https:\/\/ayore.org\/ayo\/culture\/teachings\/ecarai-davide-je-ca-yetajo-dupade-ujnomei-jnungorone-ore\/\" \/>\n<meta property=\"og:locale\" content=\"en_US\" \/>\n<meta property=\"og:type\" content=\"article\" \/>\n<meta property=\"og:title\" content=\"Ecarai (Davide\u0301) \u2013 Je\u0301 ca yet\u00e1jo Dupade ujnomei jnung\u00f3rone ore &#8226; AYOR\u00c9.ORG\" \/>\n<meta property=\"og:description\" content=\"Ecarai acajnaqu\u00e9ode:Yingome uaque gajner\u0129 ujetiga ca yet\u00e1jo Dupade uruode atatas\u00f3rone. Ujetiga ca yet\u00e1jo Dupade ujnomei jnung\u00f3rone ore. Enga j\u00e9 ca yoco jnani bajade ore uje chi ore chetaque Dupade angures\u00f3rone iji uraque dajade nanique. Dupade uruode atatas\u1e4dri Jerem\u00edas adode: (Jerem\u00edas\" \/>\n<meta property=\"og:url\" content=\"https:\/\/ayore.org\/ayo\/culture\/teachings\/ecarai-davide-je-ca-yetajo-dupade-ujnomei-jnungorone-ore\/\" \/>\n<meta property=\"og:site_name\" content=\"AYOR\u00c9.ORG\" \/>\n<meta property=\"article:modified_time\" content=\"2019-05-24T00:56:59+00:00\" \/>\n<meta name=\"twitter:card\" content=\"summary_large_image\" \/>\n<meta name=\"twitter:label1\" content=\"Est. reading time\" \/>\n\t<meta name=\"twitter:data1\" content=\"3 minutes\" \/>\n<script type=\"application\/ld+json\" class=\"yoast-schema-graph\">{\"@context\":\"https:\\\/\\\/schema.org\",\"@graph\":[{\"@type\":\"WebPage\",\"@id\":\"https:\\\/\\\/ayore.org\\\/ayo\\\/culture\\\/teachings\\\/ecarai-davide-je-ca-yetajo-dupade-ujnomei-jnungorone-ore\\\/\",\"url\":\"https:\\\/\\\/ayore.org\\\/ayo\\\/culture\\\/teachings\\\/ecarai-davide-je-ca-yetajo-dupade-ujnomei-jnungorone-ore\\\/\",\"name\":\"Ecarai (Davide\u0301) \u2013 Je\u0301 ca yet\u00e1jo Dupade ujnomei jnung\u00f3rone ore &#8226; AYOR\u00c9.ORG\",\"isPartOf\":{\"@id\":\"https:\\\/\\\/ayore.org\\\/#website\"},\"datePublished\":\"2019-05-24T00:56:57+00:00\",\"dateModified\":\"2019-05-24T00:56:59+00:00\",\"breadcrumb\":{\"@id\":\"https:\\\/\\\/ayore.org\\\/ayo\\\/culture\\\/teachings\\\/ecarai-davide-je-ca-yetajo-dupade-ujnomei-jnungorone-ore\\\/#breadcrumb\"},\"inLanguage\":\"ayo\",\"potentialAction\":[{\"@type\":\"ReadAction\",\"target\":[\"https:\\\/\\\/ayore.org\\\/ayo\\\/culture\\\/teachings\\\/ecarai-davide-je-ca-yetajo-dupade-ujnomei-jnungorone-ore\\\/\"]}]},{\"@type\":\"BreadcrumbList\",\"@id\":\"https:\\\/\\\/ayore.org\\\/ayo\\\/culture\\\/teachings\\\/ecarai-davide-je-ca-yetajo-dupade-ujnomei-jnungorone-ore\\\/#breadcrumb\",\"itemListElement\":[{\"@type\":\"ListItem\",\"position\":1,\"name\":\"Jogate bajai tu ude\u0301\",\"item\":\"https:\\\/\\\/ayore.org\\\/ayo\\\/\"},{\"@type\":\"ListItem\",\"position\":2,\"name\":\"Ayore\u0301ode adode, angurenone cucha ore\",\"item\":\"https:\\\/\\\/ayore.org\\\/ayo\\\/culture\\\/\"},{\"@type\":\"ListItem\",\"position\":3,\"name\":\"Ayore\u0301ode Acajnaque\u0301ode\",\"item\":\"https:\\\/\\\/ayore.org\\\/ayo\\\/culture\\\/teachings\\\/\"},{\"@type\":\"ListItem\",\"position\":4,\"name\":\"Ecarai (Davide\u0301) \u2013 Je\u0301 ca yet\u00e1jo Dupade ujnomei jnung\u00f3rone ore\"}]},{\"@type\":\"WebSite\",\"@id\":\"https:\\\/\\\/ayore.org\\\/#website\",\"url\":\"https:\\\/\\\/ayore.org\\\/\",\"name\":\"AYOR\u00c9.ORG\",\"description\":\"Ayore\u0301ode Uruode, Adode, Jnani bajade ati\u0301go ore \",\"potentialAction\":[{\"@type\":\"SearchAction\",\"target\":{\"@type\":\"EntryPoint\",\"urlTemplate\":\"https:\\\/\\\/ayore.org\\\/?s={search_term_string}\"},\"query-input\":{\"@type\":\"PropertyValueSpecification\",\"valueRequired\":true,\"valueName\":\"search_term_string\"}}],\"inLanguage\":\"ayo\"}]}<\/script>\n<!-- \/ Yoast SEO plugin. -->","yoast_head_json":{"title":"Ecarai (Davide\u0301) \u2013 Je\u0301 ca yet\u00e1jo Dupade ujnomei jnung\u00f3rone ore &#8226; AYOR\u00c9.ORG","robots":{"index":"index","follow":"follow","max-snippet":"max-snippet:-1","max-image-preview":"max-image-preview:large","max-video-preview":"max-video-preview:-1"},"canonical":"https:\/\/ayore.org\/ayo\/culture\/teachings\/ecarai-davide-je-ca-yetajo-dupade-ujnomei-jnungorone-ore\/","og_locale":"en_US","og_type":"article","og_title":"Ecarai (Davide\u0301) \u2013 Je\u0301 ca yet\u00e1jo Dupade ujnomei jnung\u00f3rone ore &#8226; AYOR\u00c9.ORG","og_description":"Ecarai acajnaqu\u00e9ode:Yingome uaque gajner\u0129 ujetiga ca yet\u00e1jo Dupade uruode atatas\u00f3rone. Ujetiga ca yet\u00e1jo Dupade ujnomei jnung\u00f3rone ore. Enga j\u00e9 ca yoco jnani bajade ore uje chi ore chetaque Dupade angures\u00f3rone iji uraque dajade nanique. Dupade uruode atatas\u1e4dri Jerem\u00edas adode: (Jerem\u00edas","og_url":"https:\/\/ayore.org\/ayo\/culture\/teachings\/ecarai-davide-je-ca-yetajo-dupade-ujnomei-jnungorone-ore\/","og_site_name":"AYOR\u00c9.ORG","article_modified_time":"2019-05-24T00:56:59+00:00","twitter_card":"summary_large_image","twitter_misc":{"Est. reading time":"3 minutes"},"schema":{"@context":"https:\/\/schema.org","@graph":[{"@type":"WebPage","@id":"https:\/\/ayore.org\/ayo\/culture\/teachings\/ecarai-davide-je-ca-yetajo-dupade-ujnomei-jnungorone-ore\/","url":"https:\/\/ayore.org\/ayo\/culture\/teachings\/ecarai-davide-je-ca-yetajo-dupade-ujnomei-jnungorone-ore\/","name":"Ecarai (Davide\u0301) \u2013 Je\u0301 ca yet\u00e1jo Dupade ujnomei jnung\u00f3rone ore &#8226; AYOR\u00c9.ORG","isPartOf":{"@id":"https:\/\/ayore.org\/#website"},"datePublished":"2019-05-24T00:56:57+00:00","dateModified":"2019-05-24T00:56:59+00:00","breadcrumb":{"@id":"https:\/\/ayore.org\/ayo\/culture\/teachings\/ecarai-davide-je-ca-yetajo-dupade-ujnomei-jnungorone-ore\/#breadcrumb"},"inLanguage":"ayo","potentialAction":[{"@type":"ReadAction","target":["https:\/\/ayore.org\/ayo\/culture\/teachings\/ecarai-davide-je-ca-yetajo-dupade-ujnomei-jnungorone-ore\/"]}]},{"@type":"BreadcrumbList","@id":"https:\/\/ayore.org\/ayo\/culture\/teachings\/ecarai-davide-je-ca-yetajo-dupade-ujnomei-jnungorone-ore\/#breadcrumb","itemListElement":[{"@type":"ListItem","position":1,"name":"Jogate bajai tu ude\u0301","item":"https:\/\/ayore.org\/ayo\/"},{"@type":"ListItem","position":2,"name":"Ayore\u0301ode adode, angurenone cucha ore","item":"https:\/\/ayore.org\/ayo\/culture\/"},{"@type":"ListItem","position":3,"name":"Ayore\u0301ode Acajnaque\u0301ode","item":"https:\/\/ayore.org\/ayo\/culture\/teachings\/"},{"@type":"ListItem","position":4,"name":"Ecarai (Davide\u0301) \u2013 Je\u0301 ca yet\u00e1jo Dupade ujnomei jnung\u00f3rone ore"}]},{"@type":"WebSite","@id":"https:\/\/ayore.org\/#website","url":"https:\/\/ayore.org\/","name":"AYOR\u00c9.ORG","description":"Ayore\u0301ode Uruode, Adode, Jnani bajade ati\u0301go ore ","potentialAction":[{"@type":"SearchAction","target":{"@type":"EntryPoint","urlTemplate":"https:\/\/ayore.org\/?s={search_term_string}"},"query-input":{"@type":"PropertyValueSpecification","valueRequired":true,"valueName":"search_term_string"}}],"inLanguage":"ayo"}]}},"_links":{"self":[{"href":"https:\/\/ayore.org\/ayo\/wp-json\/wp\/v2\/pages\/3989","targetHints":{"allow":["GET"]}}],"collection":[{"href":"https:\/\/ayore.org\/ayo\/wp-json\/wp\/v2\/pages"}],"about":[{"href":"https:\/\/ayore.org\/ayo\/wp-json\/wp\/v2\/types\/page"}],"author":[{"embeddable":true,"href":"https:\/\/ayore.org\/ayo\/wp-json\/wp\/v2\/users\/5"}],"replies":[{"embeddable":true,"href":"https:\/\/ayore.org\/ayo\/wp-json\/wp\/v2\/comments?post=3989"}],"version-history":[{"count":2,"href":"https:\/\/ayore.org\/ayo\/wp-json\/wp\/v2\/pages\/3989\/revisions"}],"predecessor-version":[{"id":3991,"href":"https:\/\/ayore.org\/ayo\/wp-json\/wp\/v2\/pages\/3989\/revisions\/3991"}],"up":[{"embeddable":true,"href":"https:\/\/ayore.org\/ayo\/wp-json\/wp\/v2\/pages\/719"}],"wp:attachment":[{"href":"https:\/\/ayore.org\/ayo\/wp-json\/wp\/v2\/media?parent=3989"}],"curies":[{"name":"wp","href":"https:\/\/api.w.org\/{rel}","templated":true}]}}