{"id":3983,"date":"2019-05-23T21:27:21","date_gmt":"2019-05-23T21:27:21","guid":{"rendered":"https:\/\/ayore.org\/?page_id=3983"},"modified":"2019-05-23T21:27:23","modified_gmt":"2019-05-23T21:27:23","slug":"ecarai-davide-aje-bajmanai-tiji-yoquibai","status":"publish","type":"page","link":"https:\/\/ayore.org\/ayo\/culture\/teachings\/ecarai-davide-aje-bajmanai-tiji-yoquibai\/","title":{"rendered":"Ecarai (Davide\u0301) \u2013 Aj\u00e9 bajmanai tiji yoquibai"},"content":{"rendered":"\n<p><strong><em>Ajei catec\u00e3\u0301ri Dupade:<\/em><\/strong><br>Yoque Dupade, yicatec\u00e3\u0301ri ua gajneri. Yacaranguipise uje yingome y\u00f3guiji ua iji gued\u00e9 jnoringai to. \u00c1taja yoque gajner\u0129, Dupade.&nbsp; Dupade, aj\u00e9 bajmanai tiji yoquibai jnese, Dupade, David\u00e9 (Ecarai) uyoque, Dupade, iji gued\u00e9 jnoringai. <\/p>\n\n\n\n<p>Unejaque\nDavid\u00e9 acaditigade, Yoque Dupade, enga yacaranguipis. Aj\u00e9 bajmanai ujopi\u00e9 aja\nyoquibai jnese, Dupade, yocurasade y\u00f3guiji ne gajner\u0129, Dupade. Enga\nyacaranguipise, yoque Dupade, uje un\u00e9raja yoque David\u00e9 acajnaqu\u00e9ode iji gued\u00e9\njnoringai tun\u00e9. Yacaranguipise ome baruode, Dupade. Yacaranguipise uje yingome\nua ome ore ji gued\u00e9 jnoringai gajner\u0129.<\/p>\n\n\n\n<p>&nbsp;Bamo uje que cucha putocaitique cuse, Dupade,\ngusu putocait\u00f3 Dupade uje ujopier\u00e3c ua, Dupade. Bajneque cuchade, daijna cuchap\nua. Bajnu\u00e9 cucha dacadode gai jnese, Dupade. Aj\u00e9 bajmanai tiji yoquibai,\nDupade, iji dejai, iji diri to, iji dirode ore jnese, Dupade. <\/p>\n\n\n\n<p>\u00c3ro\nyocur\u00f5soringu\u00e9one iji yoc\u00fadode jnese, Dupade. Yocuraj\u00e9die, yoquejnarec u\u00f1ane,\nDupade, uje d\u00e9ji chequed\u00ede, disiode ore, jnanione ore jnese, Dupade. \u00c3ro\nur\u00f5soringu\u00e9one iji yoc\u00fadode jnese, Dupade. Etoguipise yoque, Dupade, jeta yico\nd\u00ednique jnese, Dupade, ome yoc\u00faringai ayor\u00e9 ij\u00f5re. <\/p>\n\n\n\n<p>A yang\u00e1coi\nbaruode iji David\u00e9 pijnani gajner\u0129, enga yacaranguipise, Dupade, uje yut\u1e4dri\nua, Dupade. Bamo uje que y\u00e1yipie cho cutu ome bajnacari Jesus uje yisa\nbajnacari Jesus ome y\u00e1yipie, Dupade. Gusu pujnu\u00e9ngais\u00f5re. Que yicad\u00edjoi ua,\nDupade, enga yacaranguipise, Dupade, uje yingome yogome ua iji gued\u00e9 jnoringai,\nDupade. A yico baruode gajner\u0129, Dupade.<\/p>\n\n\n\n<p>Ar\u00f3dape ore\nto, Dupade, iji dajei. As\u00edome betotiguei ome <em>camioneta<\/em>, Dupade, ga ore chic\u00e1ji Camiri, Dupade, enga qu\u00edtequigu\u00edji\nyoque, Dupade, jeta as\u00edome betotigu\u00e9 querui tome ore.<\/p>\n\n\n\n<p>Ar\u00f3dape\nDavid\u00e9 urasade to iji oridai Tobit\u00e9, Dupade. Aj\u00e9 bajmanai taja ore gai to jne,\nDupade, iji dejai tun\u00e9. Arote ore ome cucha gajnar\u00e9ngone to, Dupade,\ndequejnareque no\u00f1\u00e1ngone, Dupade. Que cuch\u00e1rique p\u00e9su ur\u00f5so ome ore to, iji ore\nidai, Dupade. Arote ore ome cucha gajnar\u00e9ngone jnese to, Dupade.<\/p>\n\n\n\n<p>Arote\njnanione ore to, Dupade, uje ore d\u00e9ji dajei, Dupade, uje ore chucu\u00e9 pibosode\nome yoque, Dupade, enga yacaranguipise gajner\u0129, Dupade.<\/p>\n\n\n\n<p>Ome Satan\u00e1s,\nDupade, arote y\u00f3guiji dirode jnese ome Satan\u00e1s, Dupade, enga yacaranguipise uje\nyut\u1e4dri ua ome yoque iji gued\u00e9 jnoringai, Dupade, uje yicatec\u00e3\u0301ri ua ome\nbajnacari Jesuse i. Am\u1ebd.<\/p>\n\n\n\n<p><strong>Ecarai acajnaqu\u00e9ode u udojo:<\/strong><em> (Lucas 16:19-31)<\/em><br>Yacajnaqu\u00e9ode a u anire, Dupade anguretas\u1e4dri jmat\u00e1tique uje i tu L\u00e1zaro, uje que tagu dabotique mu tib\u00e1gui coj\u00f1oque uguchar\u00e3i jetiga tagu posode iredie.<\/p>\n\n\n\n<p>Mu ud\u00e9\nder\u00e9jnai ga Pablo que c\u00e3ra dabosode ome uaque gotique. J\u00e9 basa ga jnani bajai\nchi uguchar\u00e3que, mu que chajire Dupade anguretas\u1e4dri y\u00farique go.<\/p>\n\n\n\n<p>Mu chise\ng\u00f3jni diri uje L\u00e1zaro ut\u00e9 toi ga coj\u00f1oque uguchar\u00e3i topoi r\u0129. Chi Dupade\nanguretas\u1e4dri ut\u00e9 chise dojode Dupade anguretas\u00f3rone iji gat\u00e9 iji yocai jnani\nbajai Abraham gari iji jogadi. <\/p>\n\n\n\n<p>Enga, an\u00edri,\ncoj\u00f1oque uguchar\u00e3i casica ujuya dabosode iji jnumi, ut\u00e9 qui tu jnaropi\u00e9. J\u00e9 basa\nga coj\u00f1oque jmatai uje changureta Dupade, enga chic\u00e1ji Dupade anguretas\u00f3rone\njogadi ut\u00e9, mu id\u00f3gosi ore iji jnaropi\u00e9 jogos\u00f3rone iji te ga. Chi ore chimo\n\u00f1ane, enga chi coj\u00f1oque, an\u00edri, uguchar\u00e3i, chi chimo Dupade anguretas\u00f3rone.<\/p>\n\n\n\n<p>Chi chimo\nDupade anguretas\u00f3rone, enga chojninga: \u201c\u00bfJ\u00e9 gotique ca ango barasai coj\u00f1oque\njmatai uje i tu L\u00e1zaro enga ch\u00e1taja yu jne? Qu\u00e9 ango barasai jeta chaca jmanai\ntiji yodi enga chuta yarei tome.\u201d<\/p>\n\n\n\n<p>Mu yocai\njnani bajai Abraham chojninga: \u201c\u00dangare,\u201d chojninga. \u201cCachi ca toque jeta qu\u00e9\nayor\u00e9 Dupade anguretas\u00f3rone u\u00f1eque enga chic\u00e1ji jnaropi\u00e9 jeta chajniap\u00f3ja\npucu\u00e9caringu\u00e9 ich\u00e1rique te r\u0129.\u201d<\/p>\n\n\n\n<p>Enga chi\ncoj\u00f1oque uguchar\u00e3i chojningame Abraham: \u201cJ\u00e9 go \u00bfqu\u00e9 aroque L\u00e1zaro ut\u00e9 aja\nyocur\u00e1sa casodica iji jnumi te ga, chingo yesa casodica uje yachopise uje\nyicajn\u00f3riji jnaropi\u00e9 ud\u00e9,\u201d chojninga.<\/p>\n\n\n\n<p>Mu Abraham\nchojninga: \u201c\u00dangare, Dupade uruode, Moises urus\u00e3rane, d\u00e9ji jnumi casodica ome\nore, enga a ore chudute, enga a ore chimate enga ore chic\u00e1ji yoque to r\u0129,\u201d\nchojninga. \u201cMu a ca ore tang\u00e1ri acajnaqu\u00e9ode enga ore qui tu uait\u00e9 to,\u201d\nchojninga. <\/p>\n\n\n\n<p>Enga jec\n\u0169r\u00e9pise jnani bajai Abraham, uje d\u00e9ji der\u00e9jnai tud\u00e9 to uje coj\u00f1one, ayor\u00e9ode\nyet\u00e1jo Dupade Uruode. Enga chise g\u00f3jni diri ujetiga Dupade jno yoc\u00fadi, dangures\u00f3rone\n\u00fadi, ga yip\u00f3tago j\u00f3roga ore. <\/p>\n\n\n\n<p><strong><em>Ecarai cho quique Jesus diringai ome ore:<\/em><\/strong><br>Que toc jeta ayor\u00e9ode chut\u1e4dri Jesus iji diring\u00e1rique enga ore chojninga: \u2018\u00a1Jesus \u00e1! \u00a1Jesute \u00e1! Acarape, a yangureta ua jeta yij\u00edna ua to \u00e9.\u2019 \u00dangare. Dupade Uruode que qui gotique. <\/p>\n\n\n\n<p>Dupade Uruode\nchojninga iji der\u00e9jnai ome ore: \u2018Yiroque yir\u00f3gode ore aja er\u00e1mi dir\u00edca ujetiga\nore chingo yuruode aja ayor\u00e9ode, coj\u00f1one u\u00e1guiji er\u00e1mi, enga, an\u00edri, ore\nchangureta yu, enga gusu ore jeta ore n\u00f3na yu to, ore chij\u00edna yu.\u2019 <\/p>\n\n\n\n<p>Mu j\u00e9\n\u0169r\u00e9pise Dupade Uruode uje que toc jeta Jesuse di enga catec\u00e3\u0301ri y\u00f3guiji jnumi\ntun\u00e9; j\u00e9 educadode d\u00e9ji yocari iji jnumi.<em>(Hebreos 1:1 aja 2)<\/em><em>&nbsp;\n<\/em><\/p>\n\n\n\n<p>J\u00e9 basa ga\njnani bajade enga Dupade chi chiqueta raja ore nanique uje cama uruode d\u00e9ji\ndarujna arone gotique nanique. J\u00e9 basa ga der\u00e9jnai un\u00e9 enga utocaidode cuse uje\nore chiraja Dupade Uruode enga ore u uje ore chatata Dupade Ujnacari Jesuse\nadode aja yoque.<\/p>\n\n\n\n<p><strong><em>Uguchar\u00e3i qu\u00e9 jno daruode \u00fadi ome jnani bajai Abraham:<\/em><\/strong><br>Chi jnani uguchar\u00e3i ud\u00e9 chojningame jnani bajai Abraham: \u201cAngo yesai ore enga c\u00e1ma chicai jnaropi\u00e9 to,\u201d chojninga. <\/p>\n\n\n\n<p>Mu Abraham\nchojninga: \u201c\u00dangare, a ca yip\u00e9su bojningane udore. Dupade Uruode anguretas\u00f3rone\nore chingome Dupade Uruode ome ore iji jnumi un\u00e9, mu que ore changureta go.\nEnga gusu ore ujetiga ore chicai besai ore jne,\u201d chojninga.<\/p>\n\n\n\n<p>Enga jec u\niji der\u00e9jnai tud\u00e9 to, uje a yingo Dupade adode aja uaque gosode, mu j\u00e9 yoquiqui\nud\u00e9 jnese. Mu gosode chetaque Dupade Uruode, enga a gosode adi tu coj\u00f1oc\nuguchar\u00e3i uje chirase d\u00e1ringai ayor\u00e9 ij\u00f5re iji ne jnumi. A ca chise Dupade\nUruode un\u00e9tique gotique iji d\u00e1ringai uecai, enga Dupade Uruode que chise uqu\u00e9,\nga ca un\u00e9ningai cuse ome gotic. Chetaque gu. <\/p>\n\n\n\n<p><strong><em>Ecarai chatata uje changureta Jesuse nanique:<\/em><\/strong><br>Jecute jnacarode uyoque yingongome don Len nanique ujetiga Dupade ch\u0129ro yoquisijnaringu\u00e9one enga yojn\u00edjo: \u201cDon Len \u00e1, yoquigaidi u ujeta yij\u00ednango ua to jne aja Dupade idai.\u201d <\/p>\n\n\n\n<p>Adi j\u00e9 u un\u00e9\nder\u00e9jnai, diyajmaque. A d\u00e9ji 20 a\u00f1os, j\u00e9 u 20 a\u00f1os uje yud\u00faco Dupade uruode\nica, mu qu\u00e9 cho, c\u00e1ma yejn\u00e1ngo sequer\u00e9 gotique. <\/p>\n\n\n\n<p>Jnani bajade\nore chirote Jesute yui te ga, chi d\u00e9ji <em>dos\nmil a\u00f1o<\/em> uje ore chirote Dupade ujnacari Jesute yui. Mu uyoque c\u00e1ma yejn\u00e1ngo\nsequeredie gotique. Enga ujetiga yanguret\u00e1go Dupade enga que yejnat\u00edgo gu\njetiga Dupade di. <em>(Mateo 24:44)<\/em><\/p>\n\n\n\n<p>Mu Dupade\nuruode qui u\u00f1eque d\u00e9ji uje Jesus chojninga: \u201cQue yiraja yir\u00edringai, mu a\nyiy\u00e1gue uacam\u00e1nique,\u201d chojninga, \u201cujetiga y\u0129ri iji uac.\u201d <\/p>\n\n\n\n<p>Gosode a\nchojninga: \u201cTac ua, jecute Dupade ujnacari que di.\u201d <\/p>\n\n\n\n<p>Mu Jesus\nchojninga: \u201cA yingo yir\u00edringai ome uhuaque gu uje yigaidi tu jeta jec \u0169r\u00e9pise\nu\u00e1gome uacanguretar\u00e9tigai jeta yiyague uacam\u00e1nique,\u201d chojninga.<\/p>\n\n\n\n<p>Jecute\nyingome uac jeta gosi pota changureta Dupade to ga angome yoque. <\/p>\n\n\n\n<p>Que yiraja\njeta uacanguret\u00e1yo Jesuse jnese, que yimo jeta anguret\u00e1yo, que yimo jeta\nuaquet\u00e1cho Dupade jnese. Mu Dupade a chojninga: Gosi ujeta catec\u00e3\u0301ri yu, gosi\nuje chiraja yiradedie, gosi uje chiraja yuruode, mu que changureta yu, a ca\ntoque jne jeta yi \u00fadi aja gatajnoquei. <\/p>\n\n\n\n<p>Gusu uje gosi\nchojninga: \u201cDupade \u00e1, yangureta bajnacari Jesuse jeta chiqueta yu. E yingo\nyisijnaringu\u00e9one aja ua jeta \u00e3ro ga. Ap\u00e9su yu ga o bajnacari iji yu, ga yij\u00edna\nua to jne aja gatajnoquei to.\u201d <\/p>\n\n\n\n<p>Ga Dupade\nj\u0129rique ch\u0129ro gosi isijnaringu\u00e9one. Que yim\u00f3ngo jetiga ch\u0129ro, que yiraj\u00e1go\nisoc\u00e1ringome, mu yiraj\u00e1go uje Dupade d\u00e9ji yocajei te ga. Cachi yocajei cho\npujnui. Cachi yoco pujn\u00faringai yocadode enga unere r\u0129 Dupade uruode y\u00faode enga\nunojo u uje yiraj\u00e1go gu. <\/p>\n\n\n\n<p><strong><em>Pirajatigai ome Dupade, adode ore que chiqueta ayor\u00e9rique:<\/em><\/strong><br>Mu ujetiga gosi chiraja Dupade ajegaidode, chiraja bisideque uje que changureta Dupade enga que toc jeta Dupade jno uaque gosi \u00fadi go.<em>(Mateo 7:21)<\/em><\/p>\n\n\n\n<p>Dupade Uruode\nqui u uje chojninga: Gosi a chiraja Dupade Uruode, chiraja Dupade iradedie,\nchiraja uruode quigode, mu que chingome dasijnaringu\u00e9one ome Dupade jeta\nch\u0129ro, enga que toc jeta Dupade jno ut\u00e9 gosi \u00fadi to. <em>(Efesios\n2:1, 4, 8, 9)<\/em><\/p>\n\n\n\n<p><em>*David\u00e9 \u2013 Ecarai abi i tu David; urasade ore \u0129carai tu David\u00e9 ome Ecarai.<\/em><\/p>\n\n\n\n<p><em>Ecarai \u2013 Campamento Ayor\u00e9, Bolivia \u2013 1971<\/em><br><em>Faith Wyma chur\u00fas\u00e3re Ecarai acajnaqu\u00e9ode udojo nanique<\/em><\/p>\n\n\n<div class=\"navigation\"><div class=\"alignleft\"><a href=\"https:\/\/ayore.org\/ayo\/culture\/teachings\/ecarai-davide-dupade-uruode-batigade\/\"title=\"Ecarai (Davide\u0301) \u2013 Dupade Uruode batigade\"><img loading=\"lazy\" decoding=\"async\" src=\"https:\/\/ayore.org\/wp-content\/uploads\/2018\/10\/left-arrow.png\" width=\"50\" height=\"48\" alt=\"left arrow\"><\/a><\/div><div class=\"alignright\"><a href=\"https:\/\/ayore.org\/ayo\/culture\/teachings\/ecarai-davide-je-ca-yetajo-dupade-ujnomei-jnungorone-ore\/\"title=\"Ecarai (Davide\u0301) \u2013 Je\u0301 ca yet\u00e1jo Dupade ujnomei jnung\u00f3rone ore\"><img loading=\"lazy\" decoding=\"async\" src=\"https:\/\/ayore.org\/wp-content\/uploads\/2018\/10\/right-arrow.png\" width=\"50\" height=\"48\" alt=\"right arrow\"><\/a><\/div>\n","protected":false},"excerpt":{"rendered":"<p>Ajei catec\u00e3\u0301ri Dupade:Yoque Dupade, yicatec\u00e3\u0301ri ua gajneri. Yacaranguipise uje yingome y\u00f3guiji ua iji gued\u00e9 jnoringai to. \u00c1taja yoque gajner\u0129, Dupade.&nbsp; Dupade, aj\u00e9 bajmanai tiji yoquibai jnese, Dupade, David\u00e9 (Ecarai) uyoque, Dupade, iji gued\u00e9 jnoringai. Unejaque David\u00e9 acaditigade, Yoque Dupade, enga<\/p>\n","protected":false},"author":5,"featured_media":0,"parent":719,"menu_order":0,"comment_status":"closed","ping_status":"closed","template":"","meta":{"footnotes":""},"class_list":["post-3983","page","type-page","status-publish","hentry"],"yoast_head":"<!-- This site is optimized with the Yoast SEO plugin v27.4 - https:\/\/yoast.com\/product\/yoast-seo-wordpress\/ -->\n<title>Ecarai (Davide\u0301) \u2013 Aj\u00e9 bajmanai tiji yoquibai &#8226; AYOR\u00c9.ORG<\/title>\n<meta name=\"robots\" content=\"index, follow, max-snippet:-1, max-image-preview:large, max-video-preview:-1\" \/>\n<link rel=\"canonical\" href=\"https:\/\/ayore.org\/ayo\/culture\/teachings\/ecarai-davide-aje-bajmanai-tiji-yoquibai\/\" \/>\n<meta property=\"og:locale\" content=\"en_US\" \/>\n<meta property=\"og:type\" content=\"article\" \/>\n<meta property=\"og:title\" content=\"Ecarai (Davide\u0301) \u2013 Aj\u00e9 bajmanai tiji yoquibai &#8226; AYOR\u00c9.ORG\" \/>\n<meta property=\"og:description\" content=\"Ajei catec\u00e3\u0301ri Dupade:Yoque Dupade, yicatec\u00e3\u0301ri ua gajneri. Yacaranguipise uje yingome y\u00f3guiji ua iji gued\u00e9 jnoringai to. \u00c1taja yoque gajner\u0129, Dupade.&nbsp; Dupade, aj\u00e9 bajmanai tiji yoquibai jnese, Dupade, David\u00e9 (Ecarai) uyoque, Dupade, iji gued\u00e9 jnoringai. Unejaque David\u00e9 acaditigade, Yoque Dupade, enga\" \/>\n<meta property=\"og:url\" content=\"https:\/\/ayore.org\/ayo\/culture\/teachings\/ecarai-davide-aje-bajmanai-tiji-yoquibai\/\" \/>\n<meta property=\"og:site_name\" content=\"AYOR\u00c9.ORG\" \/>\n<meta property=\"article:modified_time\" content=\"2019-05-23T21:27:23+00:00\" \/>\n<meta name=\"twitter:card\" content=\"summary_large_image\" \/>\n<meta name=\"twitter:label1\" content=\"Est. reading time\" \/>\n\t<meta name=\"twitter:data1\" content=\"7 minutes\" \/>\n<script type=\"application\/ld+json\" class=\"yoast-schema-graph\">{\"@context\":\"https:\\\/\\\/schema.org\",\"@graph\":[{\"@type\":\"WebPage\",\"@id\":\"https:\\\/\\\/ayore.org\\\/ayo\\\/culture\\\/teachings\\\/ecarai-davide-aje-bajmanai-tiji-yoquibai\\\/\",\"url\":\"https:\\\/\\\/ayore.org\\\/ayo\\\/culture\\\/teachings\\\/ecarai-davide-aje-bajmanai-tiji-yoquibai\\\/\",\"name\":\"Ecarai (Davide\u0301) \u2013 Aj\u00e9 bajmanai tiji yoquibai &#8226; AYOR\u00c9.ORG\",\"isPartOf\":{\"@id\":\"https:\\\/\\\/ayore.org\\\/#website\"},\"datePublished\":\"2019-05-23T21:27:21+00:00\",\"dateModified\":\"2019-05-23T21:27:23+00:00\",\"breadcrumb\":{\"@id\":\"https:\\\/\\\/ayore.org\\\/ayo\\\/culture\\\/teachings\\\/ecarai-davide-aje-bajmanai-tiji-yoquibai\\\/#breadcrumb\"},\"inLanguage\":\"ayo\",\"potentialAction\":[{\"@type\":\"ReadAction\",\"target\":[\"https:\\\/\\\/ayore.org\\\/ayo\\\/culture\\\/teachings\\\/ecarai-davide-aje-bajmanai-tiji-yoquibai\\\/\"]}]},{\"@type\":\"BreadcrumbList\",\"@id\":\"https:\\\/\\\/ayore.org\\\/ayo\\\/culture\\\/teachings\\\/ecarai-davide-aje-bajmanai-tiji-yoquibai\\\/#breadcrumb\",\"itemListElement\":[{\"@type\":\"ListItem\",\"position\":1,\"name\":\"Jogate bajai tu ude\u0301\",\"item\":\"https:\\\/\\\/ayore.org\\\/ayo\\\/\"},{\"@type\":\"ListItem\",\"position\":2,\"name\":\"Ayore\u0301ode adode, angurenone cucha ore\",\"item\":\"https:\\\/\\\/ayore.org\\\/ayo\\\/culture\\\/\"},{\"@type\":\"ListItem\",\"position\":3,\"name\":\"Ayore\u0301ode Acajnaque\u0301ode\",\"item\":\"https:\\\/\\\/ayore.org\\\/ayo\\\/culture\\\/teachings\\\/\"},{\"@type\":\"ListItem\",\"position\":4,\"name\":\"Ecarai (Davide\u0301) \u2013 Aj\u00e9 bajmanai tiji yoquibai\"}]},{\"@type\":\"WebSite\",\"@id\":\"https:\\\/\\\/ayore.org\\\/#website\",\"url\":\"https:\\\/\\\/ayore.org\\\/\",\"name\":\"AYOR\u00c9.ORG\",\"description\":\"Ayore\u0301ode Uruode, Adode, Jnani bajade ati\u0301go ore \",\"potentialAction\":[{\"@type\":\"SearchAction\",\"target\":{\"@type\":\"EntryPoint\",\"urlTemplate\":\"https:\\\/\\\/ayore.org\\\/?s={search_term_string}\"},\"query-input\":{\"@type\":\"PropertyValueSpecification\",\"valueRequired\":true,\"valueName\":\"search_term_string\"}}],\"inLanguage\":\"ayo\"}]}<\/script>\n<!-- \/ Yoast SEO plugin. -->","yoast_head_json":{"title":"Ecarai (Davide\u0301) \u2013 Aj\u00e9 bajmanai tiji yoquibai &#8226; AYOR\u00c9.ORG","robots":{"index":"index","follow":"follow","max-snippet":"max-snippet:-1","max-image-preview":"max-image-preview:large","max-video-preview":"max-video-preview:-1"},"canonical":"https:\/\/ayore.org\/ayo\/culture\/teachings\/ecarai-davide-aje-bajmanai-tiji-yoquibai\/","og_locale":"en_US","og_type":"article","og_title":"Ecarai (Davide\u0301) \u2013 Aj\u00e9 bajmanai tiji yoquibai &#8226; AYOR\u00c9.ORG","og_description":"Ajei catec\u00e3\u0301ri Dupade:Yoque Dupade, yicatec\u00e3\u0301ri ua gajneri. Yacaranguipise uje yingome y\u00f3guiji ua iji gued\u00e9 jnoringai to. \u00c1taja yoque gajner\u0129, Dupade.&nbsp; Dupade, aj\u00e9 bajmanai tiji yoquibai jnese, Dupade, David\u00e9 (Ecarai) uyoque, Dupade, iji gued\u00e9 jnoringai. Unejaque David\u00e9 acaditigade, Yoque Dupade, enga","og_url":"https:\/\/ayore.org\/ayo\/culture\/teachings\/ecarai-davide-aje-bajmanai-tiji-yoquibai\/","og_site_name":"AYOR\u00c9.ORG","article_modified_time":"2019-05-23T21:27:23+00:00","twitter_card":"summary_large_image","twitter_misc":{"Est. reading time":"7 minutes"},"schema":{"@context":"https:\/\/schema.org","@graph":[{"@type":"WebPage","@id":"https:\/\/ayore.org\/ayo\/culture\/teachings\/ecarai-davide-aje-bajmanai-tiji-yoquibai\/","url":"https:\/\/ayore.org\/ayo\/culture\/teachings\/ecarai-davide-aje-bajmanai-tiji-yoquibai\/","name":"Ecarai (Davide\u0301) \u2013 Aj\u00e9 bajmanai tiji yoquibai &#8226; AYOR\u00c9.ORG","isPartOf":{"@id":"https:\/\/ayore.org\/#website"},"datePublished":"2019-05-23T21:27:21+00:00","dateModified":"2019-05-23T21:27:23+00:00","breadcrumb":{"@id":"https:\/\/ayore.org\/ayo\/culture\/teachings\/ecarai-davide-aje-bajmanai-tiji-yoquibai\/#breadcrumb"},"inLanguage":"ayo","potentialAction":[{"@type":"ReadAction","target":["https:\/\/ayore.org\/ayo\/culture\/teachings\/ecarai-davide-aje-bajmanai-tiji-yoquibai\/"]}]},{"@type":"BreadcrumbList","@id":"https:\/\/ayore.org\/ayo\/culture\/teachings\/ecarai-davide-aje-bajmanai-tiji-yoquibai\/#breadcrumb","itemListElement":[{"@type":"ListItem","position":1,"name":"Jogate bajai tu ude\u0301","item":"https:\/\/ayore.org\/ayo\/"},{"@type":"ListItem","position":2,"name":"Ayore\u0301ode adode, angurenone cucha ore","item":"https:\/\/ayore.org\/ayo\/culture\/"},{"@type":"ListItem","position":3,"name":"Ayore\u0301ode Acajnaque\u0301ode","item":"https:\/\/ayore.org\/ayo\/culture\/teachings\/"},{"@type":"ListItem","position":4,"name":"Ecarai (Davide\u0301) \u2013 Aj\u00e9 bajmanai tiji yoquibai"}]},{"@type":"WebSite","@id":"https:\/\/ayore.org\/#website","url":"https:\/\/ayore.org\/","name":"AYOR\u00c9.ORG","description":"Ayore\u0301ode Uruode, Adode, Jnani bajade ati\u0301go ore ","potentialAction":[{"@type":"SearchAction","target":{"@type":"EntryPoint","urlTemplate":"https:\/\/ayore.org\/?s={search_term_string}"},"query-input":{"@type":"PropertyValueSpecification","valueRequired":true,"valueName":"search_term_string"}}],"inLanguage":"ayo"}]}},"_links":{"self":[{"href":"https:\/\/ayore.org\/ayo\/wp-json\/wp\/v2\/pages\/3983","targetHints":{"allow":["GET"]}}],"collection":[{"href":"https:\/\/ayore.org\/ayo\/wp-json\/wp\/v2\/pages"}],"about":[{"href":"https:\/\/ayore.org\/ayo\/wp-json\/wp\/v2\/types\/page"}],"author":[{"embeddable":true,"href":"https:\/\/ayore.org\/ayo\/wp-json\/wp\/v2\/users\/5"}],"replies":[{"embeddable":true,"href":"https:\/\/ayore.org\/ayo\/wp-json\/wp\/v2\/comments?post=3983"}],"version-history":[{"count":2,"href":"https:\/\/ayore.org\/ayo\/wp-json\/wp\/v2\/pages\/3983\/revisions"}],"predecessor-version":[{"id":3985,"href":"https:\/\/ayore.org\/ayo\/wp-json\/wp\/v2\/pages\/3983\/revisions\/3985"}],"up":[{"embeddable":true,"href":"https:\/\/ayore.org\/ayo\/wp-json\/wp\/v2\/pages\/719"}],"wp:attachment":[{"href":"https:\/\/ayore.org\/ayo\/wp-json\/wp\/v2\/media?parent=3983"}],"curies":[{"name":"wp","href":"https:\/\/api.w.org\/{rel}","templated":true}]}}