{"id":3972,"date":"2019-05-23T20:44:14","date_gmt":"2019-05-23T20:44:14","guid":{"rendered":"https:\/\/ayore.org\/?page_id=3972"},"modified":"2019-05-23T20:44:15","modified_gmt":"2019-05-23T20:44:15","slug":"ecarai-davide-chacara-dacajnaqueode-aja-chuguperone","status":"publish","type":"page","link":"https:\/\/ayore.org\/ayo\/culture\/teachings\/ecarai-davide-chacara-dacajnaqueode-aja-chuguperone\/","title":{"rendered":"Ecarai (Davide\u0301) \u2013 Chac\u00e3ra dacajnaqu\u00e9ode aja chug\u00faperone"},"content":{"rendered":"\n<p><strong><em>Jesus chac\u00e3ra dacajnaqu\u00e9ode aja chug\u00faperone nanique:<\/em><\/strong><br>Yingo Jesute acajnaqu\u00e9ode aja yoque to gajner\u0129 uje Jesus chi qu\u00e9 d\u00e9si jnumi nanique enga chacate darasade. Chac\u00e3ra dacajnaqu\u00e9ode aja chug\u00faperone. Jecute Jesus chojninga: \u201cChug\u00faperone que chut\u00e3re to, mu Dupade u uje chisi ome ore posode ome ore. Cajicho to chug\u00faperone,\u201d chojninga, \u201cque chut\u00e3re mu j\u00e9 tagu dabosode. Angureni u Dupade, uraque dapesung\u1e4dri.\u201d<\/p>\n\n\n\n<p><strong><em>Jesus chac\u00e3ra dacajnaqu\u00e9ode aja pojn\u00e1nguenie nanique:<\/em><\/strong><br>Chac\u00e3rapo dacajnaqu\u00e9ode aja cucha pojn\u00e1nguenie r\u0129 ga chojningame dacadigode, darasade ore: \u201cCajicho to cucha pojn\u00e1nguenie. Que origuid\u00e9raque cuse mu Dupade p\u00e9su ore ga ueradei ore. Ore iguidedie gajnui u ore \u00faringai uerate.\u201d <\/p>\n\n\n\n<p><strong><em>Jesus chac\u00e3ra dacajnaqu\u00e9ode aja udore gu ujetiga ca yoco yoc\u00e1yugu yoque to:<\/em><\/strong><br>Jecute Jesus chojninga: \u201cIngo uaque jetiga ca oyo uac\u00e1yugu uaque ujetiga ca yoquibotique cuse gajner\u0129, jeoga ca yoquiguid\u00e9rigui cuse.\u201d<\/p>\n\n\n\n<p>Jesute\nacajnaqu\u00e9ode quigode u uje chi Dupade ch\u00f3ji gat\u00e9 ome yoque jeta ch\u00e1ta cuchade\naja yoque. Jecute yanguret\u00e1go Dupade. <\/p>\n\n\n\n<p>Chi Dupade\nchojninga: \u201cBeyoi yiroqu\u00e9ode bajaque.\u201d Dupade iroqu\u00e9ode que et\u00f3cho gotique ujetiga\nyicoi ga yiqu\u00edjnongosi g\u00e1nic. Dupade ojningane u ujeta yicoi pate omone to.\nPate omone u ujetiga yiy\u00e1go yoquisijnaringu\u00e9one ga yicoi Jesute, Dupade ore\nacajnaqu\u00e9ode. <\/p>\n\n\n\n<p>Chi yocajneque\nJesute ojningane udore cucha gajner\u0129. Jesute ojningane cucha u uje chi ca\nyim\u00f3ngopo chaguh\u00e9rique, \u00e3r\u00e9raque ome yoque gajner\u0129. Jecute Jesute chingo yoque\nunojo aja yoque jeta yanguret\u00e1go Jesute ga yiy\u00e1go cucha gajnar\u00e9ngone,\npisijnaringu\u00e9one, poriqu\u00e9ode, j\u00e9 aja cucha gajnar\u00e9ngone jnese, uje Dupade\nchetaque, ga yicoi pate ar\u00e9gode to iji gajner\u0129.<\/p>\n\n\n\n<p>Jecute Jesute\nchingo yoque iji unojo dacajnaqu\u00e9ode. Ch\u00e3cara dacajnaqu\u00e9ode aja cucha\npojn\u00e1nguenie gu uje chi ca jman\u00e9raque cuse ga que charigueta dam\u00e1nique, que\nchiro daguid\u00e9 uerad\u00e9rac. Enga j\u00e9 adi u ome chug\u00faperenie uje que jman\u00e9raque cus\nenga que toc utacaringome mu j\u00e9 chise dabosode. Cham\u00e1\u00f1aje ore ipesung\u00f3ri u\nDupade uje Dupade u uje chis\u00edome ore posode ome ore. Jecute chac\u00e3ra\ndacajnaqu\u00e9ode aja cuchade unojo.<\/p>\n\n\n\n<p><strong><em>Yoquipesung\u00f3ri Dupade guer\u00e3te yoquijmainie ome yoque, yoquetotiguei ore:<\/em><\/strong><br>Ojningai u uyoque ujetiga ca yoco yoc\u00e1yugu ome cuchade unojo. Uje yoquijmainie cuse enga uyoque ur\u00e1su ujetiga yip\u00e9co yoque enga yisago yoquej\u00f3rigo ome yoquipotig\u00e1tigo cucha. J\u00e9 uacam\u00f3\u00f1o to uje chug\u00faperenie que jman\u00e9raque cuse. J\u00e9 uacam\u00f3\u00f1o uje cucha pojn\u00e1nguenie que jman\u00e9raque cuse mu e ueradei ore. Cham\u00e1\u00f1aje Dupade u ore ipesung\u00f3ri. Ore jmainie u Dupade, enga Dupade ipesute ore ueratigade. Dupade chos\u00f3re yoque to ga cho dajn\u00faji yoque uje p\u00e9su ayor\u00e9ode uyoque iji taningai nanique. <em>(Mateo 6:31-33)<\/em><\/p>\n\n\n\n<p><em>Ecarai \u2013 Tobit\u00e9, Bolivia \u2013 1960<\/em><br><em>Marina chur\u00fas\u00e3re Ecarai acajnaqu\u00e9ode udojo nanique<\/em><\/p>\n\n\n<div class=\"navigation\"><div class=\"alignleft\"><a href=\"https:\/\/ayore.org\/ayo\/culture\/teachings\/ecarai-davide-dupade-uruode-pesu-re-nanique-ga-jnani\/\"title=\"Ecarai (Davide\u0301) \u2013 Dupade Uruode p\u00e9su re nanique ga jnani\"><img loading=\"lazy\" decoding=\"async\" src=\"https:\/\/ayore.org\/wp-content\/uploads\/2018\/10\/left-arrow.png\" width=\"50\" height=\"48\" alt=\"left arrow\"><\/a><\/div><div class=\"alignright\"><a href=\"https:\/\/ayore.org\/ayo\/culture\/teachings\/ecarai-davide-dupade-uruode-batigade\/\"title=\"Ecarai (Davide\u0301) \u2013 Dupade Uruode batigade\"><img loading=\"lazy\" decoding=\"async\" src=\"https:\/\/ayore.org\/wp-content\/uploads\/2018\/10\/right-arrow.png\" width=\"50\" height=\"48\" alt=\"right arrow\"><\/a><\/div>\n","protected":false},"excerpt":{"rendered":"<p>Jesus chac\u00e3ra dacajnaqu\u00e9ode aja chug\u00faperone nanique:Yingo Jesute acajnaqu\u00e9ode aja yoque to gajner\u0129 uje Jesus chi qu\u00e9 d\u00e9si jnumi nanique enga chacate darasade. Chac\u00e3ra dacajnaqu\u00e9ode aja chug\u00faperone. Jecute Jesus chojninga: \u201cChug\u00faperone que chut\u00e3re to, mu Dupade u uje chisi ome ore<\/p>\n","protected":false},"author":5,"featured_media":0,"parent":719,"menu_order":0,"comment_status":"closed","ping_status":"closed","template":"","meta":{"footnotes":""},"class_list":["post-3972","page","type-page","status-publish","hentry"],"yoast_head":"<!-- This site is optimized with the Yoast SEO plugin v27.4 - https:\/\/yoast.com\/product\/yoast-seo-wordpress\/ -->\n<title>Ecarai (Davide\u0301) \u2013 Chac\u00e3ra dacajnaqu\u00e9ode aja chug\u00faperone &#8226; AYOR\u00c9.ORG<\/title>\n<meta name=\"robots\" content=\"index, follow, max-snippet:-1, max-image-preview:large, max-video-preview:-1\" \/>\n<link rel=\"canonical\" href=\"https:\/\/ayore.org\/ayo\/culture\/teachings\/ecarai-davide-chacara-dacajnaqueode-aja-chuguperone\/\" \/>\n<meta property=\"og:locale\" content=\"en_US\" \/>\n<meta property=\"og:type\" content=\"article\" \/>\n<meta property=\"og:title\" content=\"Ecarai (Davide\u0301) \u2013 Chac\u00e3ra dacajnaqu\u00e9ode aja chug\u00faperone &#8226; AYOR\u00c9.ORG\" \/>\n<meta property=\"og:description\" content=\"Jesus chac\u00e3ra dacajnaqu\u00e9ode aja chug\u00faperone nanique:Yingo Jesute acajnaqu\u00e9ode aja yoque to gajner\u0129 uje Jesus chi qu\u00e9 d\u00e9si jnumi nanique enga chacate darasade. Chac\u00e3ra dacajnaqu\u00e9ode aja chug\u00faperone. Jecute Jesus chojninga: \u201cChug\u00faperone que chut\u00e3re to, mu Dupade u uje chisi ome ore\" \/>\n<meta property=\"og:url\" content=\"https:\/\/ayore.org\/ayo\/culture\/teachings\/ecarai-davide-chacara-dacajnaqueode-aja-chuguperone\/\" \/>\n<meta property=\"og:site_name\" content=\"AYOR\u00c9.ORG\" \/>\n<meta property=\"article:modified_time\" content=\"2019-05-23T20:44:15+00:00\" \/>\n<meta name=\"twitter:card\" content=\"summary_large_image\" \/>\n<meta name=\"twitter:label1\" content=\"Est. reading time\" \/>\n\t<meta name=\"twitter:data1\" content=\"2 minutes\" \/>\n<script type=\"application\/ld+json\" class=\"yoast-schema-graph\">{\"@context\":\"https:\\\/\\\/schema.org\",\"@graph\":[{\"@type\":\"WebPage\",\"@id\":\"https:\\\/\\\/ayore.org\\\/ayo\\\/culture\\\/teachings\\\/ecarai-davide-chacara-dacajnaqueode-aja-chuguperone\\\/\",\"url\":\"https:\\\/\\\/ayore.org\\\/ayo\\\/culture\\\/teachings\\\/ecarai-davide-chacara-dacajnaqueode-aja-chuguperone\\\/\",\"name\":\"Ecarai (Davide\u0301) \u2013 Chac\u00e3ra dacajnaqu\u00e9ode aja chug\u00faperone &#8226; AYOR\u00c9.ORG\",\"isPartOf\":{\"@id\":\"https:\\\/\\\/ayore.org\\\/#website\"},\"datePublished\":\"2019-05-23T20:44:14+00:00\",\"dateModified\":\"2019-05-23T20:44:15+00:00\",\"breadcrumb\":{\"@id\":\"https:\\\/\\\/ayore.org\\\/ayo\\\/culture\\\/teachings\\\/ecarai-davide-chacara-dacajnaqueode-aja-chuguperone\\\/#breadcrumb\"},\"inLanguage\":\"ayo\",\"potentialAction\":[{\"@type\":\"ReadAction\",\"target\":[\"https:\\\/\\\/ayore.org\\\/ayo\\\/culture\\\/teachings\\\/ecarai-davide-chacara-dacajnaqueode-aja-chuguperone\\\/\"]}]},{\"@type\":\"BreadcrumbList\",\"@id\":\"https:\\\/\\\/ayore.org\\\/ayo\\\/culture\\\/teachings\\\/ecarai-davide-chacara-dacajnaqueode-aja-chuguperone\\\/#breadcrumb\",\"itemListElement\":[{\"@type\":\"ListItem\",\"position\":1,\"name\":\"Jogate bajai tu ude\u0301\",\"item\":\"https:\\\/\\\/ayore.org\\\/ayo\\\/\"},{\"@type\":\"ListItem\",\"position\":2,\"name\":\"Ayore\u0301ode adode, angurenone cucha ore\",\"item\":\"https:\\\/\\\/ayore.org\\\/ayo\\\/culture\\\/\"},{\"@type\":\"ListItem\",\"position\":3,\"name\":\"Ayore\u0301ode Acajnaque\u0301ode\",\"item\":\"https:\\\/\\\/ayore.org\\\/ayo\\\/culture\\\/teachings\\\/\"},{\"@type\":\"ListItem\",\"position\":4,\"name\":\"Ecarai (Davide\u0301) \u2013 Chac\u00e3ra dacajnaqu\u00e9ode aja chug\u00faperone\"}]},{\"@type\":\"WebSite\",\"@id\":\"https:\\\/\\\/ayore.org\\\/#website\",\"url\":\"https:\\\/\\\/ayore.org\\\/\",\"name\":\"AYOR\u00c9.ORG\",\"description\":\"Ayore\u0301ode Uruode, Adode, Jnani bajade ati\u0301go ore \",\"potentialAction\":[{\"@type\":\"SearchAction\",\"target\":{\"@type\":\"EntryPoint\",\"urlTemplate\":\"https:\\\/\\\/ayore.org\\\/?s={search_term_string}\"},\"query-input\":{\"@type\":\"PropertyValueSpecification\",\"valueRequired\":true,\"valueName\":\"search_term_string\"}}],\"inLanguage\":\"ayo\"}]}<\/script>\n<!-- \/ Yoast SEO plugin. -->","yoast_head_json":{"title":"Ecarai (Davide\u0301) \u2013 Chac\u00e3ra dacajnaqu\u00e9ode aja chug\u00faperone &#8226; AYOR\u00c9.ORG","robots":{"index":"index","follow":"follow","max-snippet":"max-snippet:-1","max-image-preview":"max-image-preview:large","max-video-preview":"max-video-preview:-1"},"canonical":"https:\/\/ayore.org\/ayo\/culture\/teachings\/ecarai-davide-chacara-dacajnaqueode-aja-chuguperone\/","og_locale":"en_US","og_type":"article","og_title":"Ecarai (Davide\u0301) \u2013 Chac\u00e3ra dacajnaqu\u00e9ode aja chug\u00faperone &#8226; AYOR\u00c9.ORG","og_description":"Jesus chac\u00e3ra dacajnaqu\u00e9ode aja chug\u00faperone nanique:Yingo Jesute acajnaqu\u00e9ode aja yoque to gajner\u0129 uje Jesus chi qu\u00e9 d\u00e9si jnumi nanique enga chacate darasade. Chac\u00e3ra dacajnaqu\u00e9ode aja chug\u00faperone. Jecute Jesus chojninga: \u201cChug\u00faperone que chut\u00e3re to, mu Dupade u uje chisi ome ore","og_url":"https:\/\/ayore.org\/ayo\/culture\/teachings\/ecarai-davide-chacara-dacajnaqueode-aja-chuguperone\/","og_site_name":"AYOR\u00c9.ORG","article_modified_time":"2019-05-23T20:44:15+00:00","twitter_card":"summary_large_image","twitter_misc":{"Est. reading time":"2 minutes"},"schema":{"@context":"https:\/\/schema.org","@graph":[{"@type":"WebPage","@id":"https:\/\/ayore.org\/ayo\/culture\/teachings\/ecarai-davide-chacara-dacajnaqueode-aja-chuguperone\/","url":"https:\/\/ayore.org\/ayo\/culture\/teachings\/ecarai-davide-chacara-dacajnaqueode-aja-chuguperone\/","name":"Ecarai (Davide\u0301) \u2013 Chac\u00e3ra dacajnaqu\u00e9ode aja chug\u00faperone &#8226; AYOR\u00c9.ORG","isPartOf":{"@id":"https:\/\/ayore.org\/#website"},"datePublished":"2019-05-23T20:44:14+00:00","dateModified":"2019-05-23T20:44:15+00:00","breadcrumb":{"@id":"https:\/\/ayore.org\/ayo\/culture\/teachings\/ecarai-davide-chacara-dacajnaqueode-aja-chuguperone\/#breadcrumb"},"inLanguage":"ayo","potentialAction":[{"@type":"ReadAction","target":["https:\/\/ayore.org\/ayo\/culture\/teachings\/ecarai-davide-chacara-dacajnaqueode-aja-chuguperone\/"]}]},{"@type":"BreadcrumbList","@id":"https:\/\/ayore.org\/ayo\/culture\/teachings\/ecarai-davide-chacara-dacajnaqueode-aja-chuguperone\/#breadcrumb","itemListElement":[{"@type":"ListItem","position":1,"name":"Jogate bajai tu ude\u0301","item":"https:\/\/ayore.org\/ayo\/"},{"@type":"ListItem","position":2,"name":"Ayore\u0301ode adode, angurenone cucha ore","item":"https:\/\/ayore.org\/ayo\/culture\/"},{"@type":"ListItem","position":3,"name":"Ayore\u0301ode Acajnaque\u0301ode","item":"https:\/\/ayore.org\/ayo\/culture\/teachings\/"},{"@type":"ListItem","position":4,"name":"Ecarai (Davide\u0301) \u2013 Chac\u00e3ra dacajnaqu\u00e9ode aja chug\u00faperone"}]},{"@type":"WebSite","@id":"https:\/\/ayore.org\/#website","url":"https:\/\/ayore.org\/","name":"AYOR\u00c9.ORG","description":"Ayore\u0301ode Uruode, Adode, Jnani bajade ati\u0301go ore ","potentialAction":[{"@type":"SearchAction","target":{"@type":"EntryPoint","urlTemplate":"https:\/\/ayore.org\/?s={search_term_string}"},"query-input":{"@type":"PropertyValueSpecification","valueRequired":true,"valueName":"search_term_string"}}],"inLanguage":"ayo"}]}},"_links":{"self":[{"href":"https:\/\/ayore.org\/ayo\/wp-json\/wp\/v2\/pages\/3972","targetHints":{"allow":["GET"]}}],"collection":[{"href":"https:\/\/ayore.org\/ayo\/wp-json\/wp\/v2\/pages"}],"about":[{"href":"https:\/\/ayore.org\/ayo\/wp-json\/wp\/v2\/types\/page"}],"author":[{"embeddable":true,"href":"https:\/\/ayore.org\/ayo\/wp-json\/wp\/v2\/users\/5"}],"replies":[{"embeddable":true,"href":"https:\/\/ayore.org\/ayo\/wp-json\/wp\/v2\/comments?post=3972"}],"version-history":[{"count":1,"href":"https:\/\/ayore.org\/ayo\/wp-json\/wp\/v2\/pages\/3972\/revisions"}],"predecessor-version":[{"id":3973,"href":"https:\/\/ayore.org\/ayo\/wp-json\/wp\/v2\/pages\/3972\/revisions\/3973"}],"up":[{"embeddable":true,"href":"https:\/\/ayore.org\/ayo\/wp-json\/wp\/v2\/pages\/719"}],"wp:attachment":[{"href":"https:\/\/ayore.org\/ayo\/wp-json\/wp\/v2\/media?parent=3972"}],"curies":[{"name":"wp","href":"https:\/\/api.w.org\/{rel}","templated":true}]}}