{"id":3966,"date":"2019-05-23T20:31:20","date_gmt":"2019-05-23T20:31:20","guid":{"rendered":"https:\/\/ayore.org\/?page_id=3966"},"modified":"2019-05-23T20:31:21","modified_gmt":"2019-05-23T20:31:21","slug":"ecarai-davide-dupade-uruode-pesu-re-nanique-ga-jnani","status":"publish","type":"page","link":"https:\/\/ayore.org\/ayo\/culture\/teachings\/ecarai-davide-dupade-uruode-pesu-re-nanique-ga-jnani\/","title":{"rendered":"Ecarai (Davide\u0301) \u2013 Dupade Uruode p\u00e9su re nanique ga jnani"},"content":{"rendered":"\n<p><strong><em>Yacate u\u00e1gome\nSan Juan urus\u00e3rane gajneri, uje Jesus acadigode u\u00f1ai u ut\u00e9 nanique: <\/em><\/strong><\/p>\n\n\n\n<p>San Juan oj\u00f1ane u uje chingo yoque uje <em>Dupade<\/em> <em>Uruode<\/em> p\u00e9su re nanique ga jnani, enga cho yoque. <em>(Juan 1:14)<\/em><\/p>\n\n\n\n<p><strong><em>Dupade Uruode d\u00e9ji nanique iji er\u00e1mi taningai enga u uje p\u00e9su cuchade:<\/em><\/strong><br>Enga <em>Dupade<\/em> <em>Uruode<\/em> ut\u00e9 u Jesute uje p\u00e9su cuchade jnese iji taningai; ga <em>Dupade<\/em> <em>Uruode<\/em> j\u00e9 jogate er\u00e1mi bajac. Ga <em>Dupade<\/em> <em>Uruode<\/em> j\u00e9 u <em>Dupade<\/em> to. Er\u00e1mi taningane u unojo uje <em>Dupade<\/em> p\u00e9su er\u00e1mi, enga San Juan chingo yoque, chi: \u201cCuchade uje d\u00e9ji er\u00e1mi jnese que ipesute re go. <em>Dupade<\/em> <em>Uruode<\/em> ipesute cuchade jnese iji er\u00e1mi. Jecute yingongo uac uje <em>Dupade<\/em> <em>Uruode<\/em> ipesute er\u00e1mi jogon\u00f3rone cucha. Que cuch\u00e1rique cuse ujetiga ca ipesute. <em>Dupade<\/em> <em>Uruode<\/em> ipesute cuchade jnese.\u201d<\/p>\n\n\n\n<p><em>Dupade<\/em> chi utocaidi u Daruode (uje Jesute u) uje p\u00e9su cuchade. Enga <em>Dupade<\/em> chimate cuchade gu datocaidi iji er\u00e1mi. Utocaidi u Jesute, dajnacari. <em>Dupade<\/em> chi p\u00e9su cuchade enga utocaidi u uje chimate cuchade. Ore chingo yoc uje pucuecaringuei garani tu ut\u00e9 to. Mu ijnangununie, pisijnaringuei pota su\u00e9 gai mu que toc ujetiga su\u00e9 <em>Dupade<\/em> <em>Utocaidi<\/em> gai uje que su\u00e9 <em>Dupade<\/em> gai gu. Que cucha u\u00f1eque su\u00e9 <em>Dupade<\/em> gai uje <em>Dupade<\/em> ipesute cuchade jnese enga que cuch\u00e1rique su\u00e9 gai.<\/p>\n\n\n\n<p><strong><em>Dupade iroque Juan u\u00f1ai jeta ore changureta direcaringuep\u00edsi ome ut\u00e9 oj\u00f1ane:<\/em><\/strong><br>Chi <em>Dupade<\/em> iroque bajai u Juan u\u00f1ai nanique aja er\u00e1mi ujetiga chatata direcaringuei ujnomei ome er\u00e1mi uniris\u00f3rone ore. Que direcaringuep\u00edsi u Juan u\u00f1ai ut\u00e9 nanique, mu di gu jeta chingome direcaringuei gosi aja er\u00e1mi uniris\u00f3rone. <em>Dupade<\/em> iroque Juan u\u00f1ai ut\u00e9 ujetiga er\u00e1mi uiris\u00f3rone ore changureta direcaringuei Jesute ome ut\u00e9 oj\u00f1ane enga piquetaque ore. <\/p>\n\n\n\n<p><strong><em>Mu Jesuse urasade chetaque nanique mu que u ore jnese go:<\/em><\/strong><br>Mu uje Jesute e di enga chingo raja darasade ore enga Jesute ur\u00e1sarigo chi ore chetaque nanique. Mu u\u00f1\u00e9ngo chi j\u00e9 changureta enga udore ore u uje <em>Dupade<\/em> cho dabi iji ore. Enga j\u00e9 u ore ojningane uyoque to uje yanguret\u00e1go iji dir\u00ede ud\u00e9. <em>Dupade<\/em> cho dabi iji yoque to iji dir\u00ede un\u00e9 gajner\u0129 uje yanguret\u00e1go Jesute. Ujetiga uaque gosi changureta Jesute ga <em>Dupade<\/em> cho dabi iji uaque gosi to uje changureta Ujnacari. J\u00e9 ur\u00fao nanique. <em>Dupade<\/em> chojninga: \u201cUjetiga gosi changureta Yujnacari enga yo yujnacari iji gosi to.\u201d <\/p>\n\n\n\n<p><strong><em>Dupade cho dabode iji Jesus angures\u00f3rone:<\/em><\/strong><br>Yacaranguip\u00edsome <em>Dupade<\/em> uje yocu\u00f1ane changureta <em>Dupade<\/em> ga <em>Dupade<\/em> cho dabode iji yoque to. Ujetiga Jesute ore diapo jne r\u0129 ga yij\u00ednango ore aja oridaidat\u00e9 gatemin\u00f3ri to. Jesute chi qu\u00e9 p\u00e9su yoquid\u00e1ningo iji gat\u00e9 jecute c\u00e1ma diji yoc. Chi yij\u00ednango Jesus aja gat\u00e9 gajner\u0129 ujetiga di, udore ore uje ore changureta Jesute. <em>(Hebreos 11:2,3,6)<\/em><\/p>\n\n\n\n<p><em>Ecarai \u2013 Tobit\u00e9, Bolivia<strong> \u2013<\/strong> 1960<\/em><br><em>Marina de Morarie chur\u00fasare Ecarai acajnaqu\u00e9ode udojo nanique<\/em><\/p>\n\n\n<div class=\"navigation\"><div class=\"alignleft\"><a href=\"https:\/\/ayore.org\/ayo\/culture\/teachings\/ecarai-davide-dupade-chiroque-un%cc%83engaja-yoque-jeta-chata-raja-yoque\/\"title=\"Ecarai (Davide\u0301) \u2013 Dupade chiroque un\u0303e\u0301ngaja yoque jeta cha\u0301ta raja yoque\"><img loading=\"lazy\" decoding=\"async\" src=\"https:\/\/ayore.org\/wp-content\/uploads\/2018\/10\/left-arrow.png\" width=\"50\" height=\"48\" alt=\"left arrow\"><\/a><\/div><div class=\"alignright\"><a href=\"https:\/\/ayore.org\/ayo\/culture\/teachings\/ecarai-davide-chacara-dacajnaqueode-aja-chuguperone\/\"title=\"Ecarai (Davide\u0301) \u2013 Chac\u00e3ra dacajnaqu\u00e9ode aja chug\u00faperone\"><img loading=\"lazy\" decoding=\"async\" src=\"https:\/\/ayore.org\/wp-content\/uploads\/2018\/10\/right-arrow.png\" width=\"50\" height=\"48\" alt=\"right arrow\"><\/a><\/div>\n","protected":false},"excerpt":{"rendered":"<p>Yacate u\u00e1gome San Juan urus\u00e3rane gajneri, uje Jesus acadigode u\u00f1ai u ut\u00e9 nanique: San Juan oj\u00f1ane u uje chingo yoque uje Dupade Uruode p\u00e9su re nanique ga jnani, enga cho yoque. (Juan 1:14) Dupade Uruode d\u00e9ji nanique iji er\u00e1mi taningai<\/p>\n","protected":false},"author":5,"featured_media":0,"parent":719,"menu_order":0,"comment_status":"closed","ping_status":"closed","template":"","meta":{"footnotes":""},"class_list":["post-3966","page","type-page","status-publish","hentry"],"yoast_head":"<!-- This site is optimized with the Yoast SEO plugin v27.4 - https:\/\/yoast.com\/product\/yoast-seo-wordpress\/ -->\n<title>Ecarai (Davide\u0301) \u2013 Dupade Uruode p\u00e9su re nanique ga jnani &#8226; AYOR\u00c9.ORG<\/title>\n<meta name=\"robots\" content=\"index, follow, max-snippet:-1, max-image-preview:large, max-video-preview:-1\" \/>\n<link rel=\"canonical\" href=\"https:\/\/ayore.org\/ayo\/culture\/teachings\/ecarai-davide-dupade-uruode-pesu-re-nanique-ga-jnani\/\" \/>\n<meta property=\"og:locale\" content=\"en_US\" \/>\n<meta property=\"og:type\" content=\"article\" \/>\n<meta property=\"og:title\" content=\"Ecarai (Davide\u0301) \u2013 Dupade Uruode p\u00e9su re nanique ga jnani &#8226; AYOR\u00c9.ORG\" \/>\n<meta property=\"og:description\" content=\"Yacate u\u00e1gome San Juan urus\u00e3rane gajneri, uje Jesus acadigode u\u00f1ai u ut\u00e9 nanique: San Juan oj\u00f1ane u uje chingo yoque uje Dupade Uruode p\u00e9su re nanique ga jnani, enga cho yoque. (Juan 1:14) Dupade Uruode d\u00e9ji nanique iji er\u00e1mi taningai\" \/>\n<meta property=\"og:url\" content=\"https:\/\/ayore.org\/ayo\/culture\/teachings\/ecarai-davide-dupade-uruode-pesu-re-nanique-ga-jnani\/\" \/>\n<meta property=\"og:site_name\" content=\"AYOR\u00c9.ORG\" \/>\n<meta property=\"article:modified_time\" content=\"2019-05-23T20:31:21+00:00\" \/>\n<meta name=\"twitter:card\" content=\"summary_large_image\" \/>\n<meta name=\"twitter:label1\" content=\"Est. reading time\" \/>\n\t<meta name=\"twitter:data1\" content=\"2 minutes\" \/>\n<script type=\"application\/ld+json\" class=\"yoast-schema-graph\">{\"@context\":\"https:\\\/\\\/schema.org\",\"@graph\":[{\"@type\":\"WebPage\",\"@id\":\"https:\\\/\\\/ayore.org\\\/ayo\\\/culture\\\/teachings\\\/ecarai-davide-dupade-uruode-pesu-re-nanique-ga-jnani\\\/\",\"url\":\"https:\\\/\\\/ayore.org\\\/ayo\\\/culture\\\/teachings\\\/ecarai-davide-dupade-uruode-pesu-re-nanique-ga-jnani\\\/\",\"name\":\"Ecarai (Davide\u0301) \u2013 Dupade Uruode p\u00e9su re nanique ga jnani &#8226; AYOR\u00c9.ORG\",\"isPartOf\":{\"@id\":\"https:\\\/\\\/ayore.org\\\/#website\"},\"datePublished\":\"2019-05-23T20:31:20+00:00\",\"dateModified\":\"2019-05-23T20:31:21+00:00\",\"breadcrumb\":{\"@id\":\"https:\\\/\\\/ayore.org\\\/ayo\\\/culture\\\/teachings\\\/ecarai-davide-dupade-uruode-pesu-re-nanique-ga-jnani\\\/#breadcrumb\"},\"inLanguage\":\"ayo\",\"potentialAction\":[{\"@type\":\"ReadAction\",\"target\":[\"https:\\\/\\\/ayore.org\\\/ayo\\\/culture\\\/teachings\\\/ecarai-davide-dupade-uruode-pesu-re-nanique-ga-jnani\\\/\"]}]},{\"@type\":\"BreadcrumbList\",\"@id\":\"https:\\\/\\\/ayore.org\\\/ayo\\\/culture\\\/teachings\\\/ecarai-davide-dupade-uruode-pesu-re-nanique-ga-jnani\\\/#breadcrumb\",\"itemListElement\":[{\"@type\":\"ListItem\",\"position\":1,\"name\":\"Jogate bajai tu ude\u0301\",\"item\":\"https:\\\/\\\/ayore.org\\\/ayo\\\/\"},{\"@type\":\"ListItem\",\"position\":2,\"name\":\"Ayore\u0301ode adode, angurenone cucha ore\",\"item\":\"https:\\\/\\\/ayore.org\\\/ayo\\\/culture\\\/\"},{\"@type\":\"ListItem\",\"position\":3,\"name\":\"Ayore\u0301ode Acajnaque\u0301ode\",\"item\":\"https:\\\/\\\/ayore.org\\\/ayo\\\/culture\\\/teachings\\\/\"},{\"@type\":\"ListItem\",\"position\":4,\"name\":\"Ecarai (Davide\u0301) \u2013 Dupade Uruode p\u00e9su re nanique ga jnani\"}]},{\"@type\":\"WebSite\",\"@id\":\"https:\\\/\\\/ayore.org\\\/#website\",\"url\":\"https:\\\/\\\/ayore.org\\\/\",\"name\":\"AYOR\u00c9.ORG\",\"description\":\"Ayore\u0301ode Uruode, Adode, Jnani bajade ati\u0301go ore \",\"potentialAction\":[{\"@type\":\"SearchAction\",\"target\":{\"@type\":\"EntryPoint\",\"urlTemplate\":\"https:\\\/\\\/ayore.org\\\/?s={search_term_string}\"},\"query-input\":{\"@type\":\"PropertyValueSpecification\",\"valueRequired\":true,\"valueName\":\"search_term_string\"}}],\"inLanguage\":\"ayo\"}]}<\/script>\n<!-- \/ Yoast SEO plugin. -->","yoast_head_json":{"title":"Ecarai (Davide\u0301) \u2013 Dupade Uruode p\u00e9su re nanique ga jnani &#8226; AYOR\u00c9.ORG","robots":{"index":"index","follow":"follow","max-snippet":"max-snippet:-1","max-image-preview":"max-image-preview:large","max-video-preview":"max-video-preview:-1"},"canonical":"https:\/\/ayore.org\/ayo\/culture\/teachings\/ecarai-davide-dupade-uruode-pesu-re-nanique-ga-jnani\/","og_locale":"en_US","og_type":"article","og_title":"Ecarai (Davide\u0301) \u2013 Dupade Uruode p\u00e9su re nanique ga jnani &#8226; AYOR\u00c9.ORG","og_description":"Yacate u\u00e1gome San Juan urus\u00e3rane gajneri, uje Jesus acadigode u\u00f1ai u ut\u00e9 nanique: San Juan oj\u00f1ane u uje chingo yoque uje Dupade Uruode p\u00e9su re nanique ga jnani, enga cho yoque. (Juan 1:14) Dupade Uruode d\u00e9ji nanique iji er\u00e1mi taningai","og_url":"https:\/\/ayore.org\/ayo\/culture\/teachings\/ecarai-davide-dupade-uruode-pesu-re-nanique-ga-jnani\/","og_site_name":"AYOR\u00c9.ORG","article_modified_time":"2019-05-23T20:31:21+00:00","twitter_card":"summary_large_image","twitter_misc":{"Est. reading time":"2 minutes"},"schema":{"@context":"https:\/\/schema.org","@graph":[{"@type":"WebPage","@id":"https:\/\/ayore.org\/ayo\/culture\/teachings\/ecarai-davide-dupade-uruode-pesu-re-nanique-ga-jnani\/","url":"https:\/\/ayore.org\/ayo\/culture\/teachings\/ecarai-davide-dupade-uruode-pesu-re-nanique-ga-jnani\/","name":"Ecarai (Davide\u0301) \u2013 Dupade Uruode p\u00e9su re nanique ga jnani &#8226; AYOR\u00c9.ORG","isPartOf":{"@id":"https:\/\/ayore.org\/#website"},"datePublished":"2019-05-23T20:31:20+00:00","dateModified":"2019-05-23T20:31:21+00:00","breadcrumb":{"@id":"https:\/\/ayore.org\/ayo\/culture\/teachings\/ecarai-davide-dupade-uruode-pesu-re-nanique-ga-jnani\/#breadcrumb"},"inLanguage":"ayo","potentialAction":[{"@type":"ReadAction","target":["https:\/\/ayore.org\/ayo\/culture\/teachings\/ecarai-davide-dupade-uruode-pesu-re-nanique-ga-jnani\/"]}]},{"@type":"BreadcrumbList","@id":"https:\/\/ayore.org\/ayo\/culture\/teachings\/ecarai-davide-dupade-uruode-pesu-re-nanique-ga-jnani\/#breadcrumb","itemListElement":[{"@type":"ListItem","position":1,"name":"Jogate bajai tu ude\u0301","item":"https:\/\/ayore.org\/ayo\/"},{"@type":"ListItem","position":2,"name":"Ayore\u0301ode adode, angurenone cucha ore","item":"https:\/\/ayore.org\/ayo\/culture\/"},{"@type":"ListItem","position":3,"name":"Ayore\u0301ode Acajnaque\u0301ode","item":"https:\/\/ayore.org\/ayo\/culture\/teachings\/"},{"@type":"ListItem","position":4,"name":"Ecarai (Davide\u0301) \u2013 Dupade Uruode p\u00e9su re nanique ga jnani"}]},{"@type":"WebSite","@id":"https:\/\/ayore.org\/#website","url":"https:\/\/ayore.org\/","name":"AYOR\u00c9.ORG","description":"Ayore\u0301ode Uruode, Adode, Jnani bajade ati\u0301go ore ","potentialAction":[{"@type":"SearchAction","target":{"@type":"EntryPoint","urlTemplate":"https:\/\/ayore.org\/?s={search_term_string}"},"query-input":{"@type":"PropertyValueSpecification","valueRequired":true,"valueName":"search_term_string"}}],"inLanguage":"ayo"}]}},"_links":{"self":[{"href":"https:\/\/ayore.org\/ayo\/wp-json\/wp\/v2\/pages\/3966","targetHints":{"allow":["GET"]}}],"collection":[{"href":"https:\/\/ayore.org\/ayo\/wp-json\/wp\/v2\/pages"}],"about":[{"href":"https:\/\/ayore.org\/ayo\/wp-json\/wp\/v2\/types\/page"}],"author":[{"embeddable":true,"href":"https:\/\/ayore.org\/ayo\/wp-json\/wp\/v2\/users\/5"}],"replies":[{"embeddable":true,"href":"https:\/\/ayore.org\/ayo\/wp-json\/wp\/v2\/comments?post=3966"}],"version-history":[{"count":2,"href":"https:\/\/ayore.org\/ayo\/wp-json\/wp\/v2\/pages\/3966\/revisions"}],"predecessor-version":[{"id":3968,"href":"https:\/\/ayore.org\/ayo\/wp-json\/wp\/v2\/pages\/3966\/revisions\/3968"}],"up":[{"embeddable":true,"href":"https:\/\/ayore.org\/ayo\/wp-json\/wp\/v2\/pages\/719"}],"wp:attachment":[{"href":"https:\/\/ayore.org\/ayo\/wp-json\/wp\/v2\/media?parent=3966"}],"curies":[{"name":"wp","href":"https:\/\/api.w.org\/{rel}","templated":true}]}}