{"id":3959,"date":"2019-05-22T22:11:45","date_gmt":"2019-05-22T22:11:45","guid":{"rendered":"https:\/\/ayore.org\/?page_id=3959"},"modified":"2019-05-22T22:11:47","modified_gmt":"2019-05-22T22:11:47","slug":"ecarai-davide-dupade-chiroque-un%cc%83engaja-yoque-jeta-chata-raja-yoque","status":"publish","type":"page","link":"https:\/\/ayore.org\/ayo\/culture\/teachings\/ecarai-davide-dupade-chiroque-un%cc%83engaja-yoque-jeta-chata-raja-yoque\/","title":{"rendered":"Ecarai (Davide\u0301) \u2013 Dupade chiroque un\u0303e\u0301ngaja yoque jeta cha\u0301ta raja yoque"},"content":{"rendered":"\n<p><strong><em>Dupade ur\u00e1sap\u00edsi doi jnumi jeta ch\u00e1ta raja Jesus anguretas\u00f3rone: <\/em><\/strong><em>(Juan 14:16)<\/em><br>Dupade chojninga: \u201cYujnacarabi Jesuse di iji yu, mu a yir\u00f3gape yurasade u\u00f1\u00e9ngaja ore jne,\u201d chojninga, uje cham\u00e1\u00f1aje chijn\u00f3ra yoque gu. <\/p>\n\n\n\n<p>Uje uacam\u00f3\u00f1o uje Jesuse chi\njnome er\u00e1mi nanique uje jnoji jnumi nanique, ga jnome gatajnoquei ga chac\u00e1ja\nguei abujadie. Ga gusu y\u00f3guiji jnumi. Que qu\u00e9 Dupade u\u00f1eque d\u00e9poji yocajei. <\/p>\n\n\n\n<p>Mu\nJesuse chojningame dangures\u00f3rone: \u201cA yiji to jne. Yicai yiapade to jne. Mu que yipota jeta disijate\nuaque iji yiquigade. Enga a yiroque yurasade u\u00f1\u00e9ngaja jnumi jne. Yapade\nir\u00f3tique enga jeta u Docos\u00f5ras\u1e4dri. (Docos\u00f5ras\u1e4dri tu uje coj\u00f1one ore\nchojningame <em>Consolador<\/em>. J\u00e9 basa\nayor\u00e9ode yocuruode qui tu uje ayor\u00e9ode chojningame <em>pos\u00f5ras\u1e4dri<\/em>.)<\/p>\n\n\n\n<p>Ga chojninga: \u201cYir\u00f3gaja jnumi\njne,\u201d chojninga. \u201cEnga a jecucha chaji uacari jne, dirode, dejade ore,\u201d chojninga.<\/p>\n\n\n\n<p>Dupade charase jnani bajade ore, mu chos\u00f5re yoque ga chiroque dajnacari Jesuse aja jnumi te r\u0129. Mu ujnacari Jesuse jnome gatajnoquei nanique ga j\u00e9 chirogap\u00f3ja yoque darasade u\u00f1ai taja jnumi te r\u0129. Enga i tu <em>Pos\u00f5ras\u1e4dri<\/em>. Enga uacaraj\u00e1yo uje unojo Dupade os\u00f5raqu\u00e9ode unojo ocoi ome yoque. Yojnicopo aja ut\u00e9 <em>Dupade Ujopi\u00e9 Espiritu Santo<\/em> r\u0129 enga yocos\u00f5ras\u1e4dri j\u00e9 u ut\u00e9 iji dejade, dirode ore jnese. Ga ch\u00e1taja yoque uje yoco yoc\u00e1yugu ome cuchade, enga chisome dajopi\u00e9 ome yoque to jeta etoque yoc. <\/p>\n\n\n\n<p><strong><em>Ecarai chac\u00e3ra dacajnaqu\u00e9ode aja gosi \u00faring\u00e1rique cucher\u00e3i:<\/em><\/strong><br>Ayor\u00e9rique, chequ\u00e9raque \u00bfd\u00e9ji jeta ca chos\u00f3re datique? Uje cham\u00e1\u00f1aje ape gu, ujnacare gu. Uaque gosi changureta Jesuse, mu gosi ujetiga cha Dupade \u00faring\u00e1rique pangurete, mu que toc jeta uaque gosi \u00faring\u00e1rique cucher\u00e3i \u00edjnonguiji Dupade. \u00daringai ayor\u00e9 pangures\u1e4dri ome Dupade a qu\u00e9 d\u00e9ji. J\u00e9 uacam\u00f3\u00f1o uje a ayor\u00e9rique d\u00e9ji si\u00f1ec, uaque gosi a ujnacanique a d\u00e9ji t\u00f3ni\u00f1eque, mu uaque gosi \u00faringai cucher\u00e3i que \u00edjnoque iji gotique. Cham\u00e1\u00f1aje j\u00e9 ape gu.<\/p>\n\n\n\n<p>Ga adi jec u uaque gosi. A gosi\ncha Dupade mu uaque gosi \u00faringai panguretas\u1e4dri que jnoji Dupade gai gotique\niji Dupade idai. A yicai t\u00f5ni\u00f1eque. A yajnico yoque nanique mu yoc\u00faringai, yoc\u00faringa\ncasicai cucher\u00e1c que jnoji yu gotique. Cham\u00e1\u00f1aje ore ujnacare yu gu. J\u00e9 ore ape\nyu.<\/p>\n\n\n\n<p>J\u00e9 bas\u00e1ja ga a yabi David a\njnosi. Chic\u00e1si t\u00f5ni\u00f1eque enga toi, enga chicai punire qued\u00e9jnai. Uje yij\u00f3c\u00e3re\nuje angoroneparigape. Mu que ayor\u00e9rique d\u00e9ji si\u00f1eque ujeta chojninga: \u201cBape\ngar\u00e3te u que, que et\u00f3gapo ome ua gotique r\u0129. Cucher\u00e3i unej\u00e1ngome ua.\u201d <\/p>\n\n\n\n<p>Enga j\u00e9 adi u uje a yicai\nt\u00f5ni\u00f1eque ome Dupade, mu Dupade ujnacare yu, ga que \u00faringai cuch\u1ebdrac\n\u00edjnonguiji yu gotique. Que Dupade cha yu gotique. Que cha tim\u00edninga yu aja\nqued\u00e9jnane. Mu uyu u uje yicai qued\u00e9jnane ome Dupade.<\/p>\n\n\n\n<p>Enga unojo u uje uacaraj\u00e1yo uje\nque toc jetiga ayor\u00e9rique \u00edrique, anguretaretigai, \u00edjnonguiji Dupade go. Dupade\nijnoraquei que \u00edjnoguiji ua go uje chijn\u00f3ra ua. J\u00e9 bas\u00e1ja David diosi ga\nyiraja yujnacarape ga, ujetiga jnacarape ga, que yiraj\u00e1po gotique r\u0129. Mu\nyiguiosode, yujo cucherane u uje ore chiraja. Enga que toc ujetiga \u00edjnoque\n\u00faringai cucher\u00e3c. Enga adi jec u ome Dupade.<\/p>\n\n\n\n<p><strong><em>Que toc jeta Dupade cha danguretas\u00f3rone uyoque:<\/em><\/strong><br>Dupade que toc jeta cha yoc. A yiya Dupade iroqu\u00e9ode. Que bangureta Dupade mu que cha ua to go. A aya Dupade adode gajner\u0129 enga bangu\u00edra pajeg\u00e1tigai taja Dupade Ujopi\u00e9 tiji bajei. Yiraj\u00e1go uje ayor\u00e9rique a pojna daguiotique, daguiot\u00f3raque. A cho d\u00e1yugu re ga aj\u00e9ngome daguiotodie jeta tib\u00e1gapoi jeta taquirapoi ore to r\u0129. Ga adi jec u uje baya Dupade adode, ga Dupade Ujopie chajo raja anire, <em>pajei ajid\u00e9<\/em> ga cho d\u00e1yugu re. Taj\u00edja re. (Hunch shoulders from sadness). <\/p>\n\n\n\n<p>\u201cMu gotique uje cha yu,\u201d chojninga. Taj\u00edja re iji bajei\najid\u00e9 uje chaj\u00e9ngome ua, bapesudode cucha gajnar\u00e9cho. Mu adi jec u. Que Dupade\nUjopie \u00edjnonguiji bajei gotique uje cham\u00e1\u00f1aje Dupade ujnacare ua gu. Taj\u00edja re\niji bajei ajid\u00e9 enga cho d\u00e1yugu re, mu que \u00edjnonguiji ajei gotique Dupade\nUjopie uje ore chojningame <em>Esp\u00edritu Santo<\/em>.\nQue \u00edjnoque iji bajei gotique.\nJ\u00e9 ch\u00e1ji bajei ajid\u00e9. Cho d\u00e1yugu re iji. Baya Dupade. Babei er\u00e1mi jogon\u00f3rone\ncucha. Mu Dupade Ujopi\u00e9 que \u00edjnonguiji bajei gotique. Cham\u00e1\u00f1aje Dupade ujnacare\nua gu. Que toc jeta qu\u00e9 anoningase Dupade Ujopi\u00e9 iji bajei. Mu cho d\u00e1yugu re ga\ntaj\u00edja usodi bajei ajid\u00e9raque.<\/p>\n\n\n\n<p><strong><em>Yoquipotigu\u00e9 ayor\u00e9ode, Dupade Ujopi\u00e9 Esp\u00edritu S\u00e1nto, chetaque \u00f1ane iji yocaj\u00e9ode:<\/em><\/strong> <em>(G\u00e1latas 5:13,16,17)<\/em><br>Uacaraj\u00e1yo uje Dupade chijn\u00f3ra yoque, ga ojningai tun\u00e9 d\u00e9ji yocari iji de jnumi tun\u00e9. Uacaraj\u00e1yo to uje Dupade chijn\u00f3ra dangures\u00f3rone enga aj\u00e9ode u ujeta yiqu\u00e9rango iji adode enga yicoi iroqu\u00e9ode. Mu uacaraj\u00e1yo uje ayor\u00e9 yoc ga yicoi yoc\u00faringai ayor\u00e9 aoi te ga er\u00e1mi aoi te ga, pipotigu\u00e9ode isai te ga, er\u00e1mi jogon\u00f3rone isatodie enga yoquedodie u uje chimo er\u00e1mi. Yocaoi tu uje pota er\u00e1mi. Cham\u00e1\u00f1a gu uje ug\u00facoi er\u00e1mi jogon\u00f3ri pao gu. <\/p>\n\n\n\n<p>J\u00e9 bas\u00e1ja ga Dupade chi di jne\nenga na y\u00f3gaja yocao ichai uje que t\u00e3rat\u00e1po gotique r\u0129. Enga unojo u uje que qu\u00e9\npipotigu\u00e9rique, puru pat\u00e1ringa chisapo y\u00f3guiji ne jnumi r\u0129. <\/p>\n\n\n\n<p>Enga ajnusin\u00e1\u00f1o uje bangureta Dupade enga ajnusina uje\nque qu\u00e9 b\u00e1jningar\u00e3p\u00f3ja ore gotique r\u0129. <\/p>\n\n\n\n<p>Jesute, Dupade, Espiritu Santo\nore igu\u00edjnai tu ua enga j\u00e9 ca bepo b\u00e1yipie jeta ojninga: \u201cYi jne enga y\u00f3jiape\nyij\u00f3di to jne. Yi jne enga an\u00edre, yo yurupat\u00e1ringa jne. Yi jne enga yipojna\nyuj\u00f3rique ayor\u00e9.\u201d <\/p>\n\n\n\n<p>Mu baoi jnutemin\u00f3ri ipotigu\u00e9ode\nu unojo uje pota er\u00e1mi jogon\u00f3rone cucha. Mu yacaranguipis ome Dupade uje Dupade\nchijn\u00f3ra yoque, ga chiroque dajnacari Jesuse aja jnumi. Mu ujnacari Jesuse\njnome gatajnoquei ga chirogape u\u00f1ai aja jnumi te r\u0129, enga unojo u uje qu\u00e9 d\u00e9ji\nyocari iji der\u00e9jnane unojo jnese.<\/p>\n\n\n\n<p><strong><em>Jesus chi di jne enga jno yoc\u00fadi aja gat\u00e9:<\/em><\/strong><br>Mu a chimo yoque enga jeta ug\u00facoi er\u00e1mi jnese enga Dupade anguretas\u00f3rone uyoque u uje jno yoc\u00fadi. Gosi ujetiga pota n\u00f3na yoque to jnenga, gosi changuretape Jesuse. Jesuse qu\u00e9 chijna yibijnani uje qu\u00e9 ug\u00facoji jnumi. Uje Jesuse chi di jne enga gajnui tu jeta goto edo simata ga edabi sud\u00e9 d\u00e9ji dajogadi te r\u0129. <\/p>\n\n\n\n<p>Ga gosi a ca chojninga jne: \u201c\u00a1\u00c1cayope\nga yij\u00edna uaque to \u00e9e! \u00a1It\u00e9 \u00e1a! \u00a1\u00c1carape, yij\u00edna uaque to \u00e9e! \u00a1Yap\u00e1a! \u00a1\u00c1carape\nga yij\u00edna uaque to \u00e9e!\u201d<\/p>\n\n\n\n<p>Mu Jesuse que uruode u gotique.\nChojninga: \u201cPiotigu\u00e9ode qu\u00e9 u uje yiroque yir\u00f3gode ore aja er\u00e1mi,\u201d chojninga.\n\u201cUjetiga ore chingo ore jne uje a yo yuju\u00f1ame er\u00e1mi te jne,\u201d chojninga. <\/p>\n\n\n\n<p>J\u00e9 uacam\u00f3\u00f1o uje jnani bajade,\nJesuse chiroque ore uje ore chojningame <em>prof\u00e9ta<\/em>.\n<em>Prof\u00e9ta<\/em> udore u uje ore chatata Dupade\nUruode bajaque aja ore iqu\u00e9ode. Chir\u00f3gaja ore nanique, mu que ore tang\u00e1ri\nan\u00edrone gotique, ore acajnaqu\u00e9ode. Ga uyoque yocajn\u00faone j\u00e9 u <em>prof\u00e9tade<\/em> ore uje yingongo Dupade\nUruode aja ore, yocujode ayor\u00e9o iji ne jnumi. Enga ujetiga apota aj\u00edna yoque to\njnenga, ango Dupade ujeta ch\u0129ro basijnaringu\u00e9one to. Enga na daj\u00f3ningai taja\nua to. Na pajei sereringai taja ua to. Na pijnoraquei taja ua to ujetiga apota\naj\u00edna yoque to aja gatajnoquei.<\/p>\n\n\n\n<p><strong><em>Ayor\u00e9rique toi ga pujnusi\u00e9tigadat\u00e9 jogadi tu ome daguiosode:<\/em><\/strong><br>Yiraja uje ayor\u00e9rique gotique a toi enga pujnusi\u00e9tigadat\u00e9. Cham\u00e1\u00f1aje ore iguiosi cho jm\u00edti-jm\u00edti ome ore gu. Ga adi j\u00e9 u uje Dupade a di jne enga piguiosode u\u00f1\u00e9ngo ujetiga ca ore changureta to Dupade enga, a pujnusi\u00e9tigai jogadi tu jne. Pujnusi\u00e9tigai jogadi mu que toc ujeta qu\u00e9 pimongapo yoc\u00faring\u00e1rique yoquiguiotique jne r\u0129. Uacam\u00f3\u00f1o ujeta gosode toi enga que yim\u00f3ngopo ore gotique r\u0129.<\/p>\n\n\n\n<p><strong><em>Jesus a chiringare yocai casodicai ore enga a chucu\u00e9 ore \u00edode iji degode darujna ao:<\/em><\/strong><br>Mu uje chi Jesuse di iji jnumi tud\u00e9 enga qu\u00e9 chiringare yocai casodicai jnani bajade ore. Gaidi tu ujetiga qu\u00e9 chin\u00f3ninga ore \u00edringo. Jetiga ore u\u00f1\u00e9ngo \u00edringo d\u00e9ji daruja aode, pucuecaringuei gajnes\u00f3rone to. Mu que ore d\u00e9ji ga pujnusi\u00e9tigai jogadi e u ome yoc.<\/p>\n\n\n\n<p>Jecute Jesuse chojningame\ndar\u00f3gode ore: \u201cAcayoi er\u00e1mi jnese,\u201d chojninga. \u201cMu j\u00e9 ca ajn\u00f3cho\nuacaguid\u00e9raque gotique,\u201d chojninga, \u201ccachi uacar\u00eddade,\u201d chojninga. \u201cJ\u00e9 ca\najn\u00e1\u00f1o uacapl\u00e1taraque aja er\u00e1mi gotique jeta boyo Dupade uruode \u00fadi,\u201d\nchojninga. \u201cCham\u00e1\u00f1aje uacangureni tu yu,\u201d chojninga. (<em>Mateo 28:18-20)<\/em><\/p>\n\n\n\n<p>Enga unojo u uje yiraj\u00e1go\nujetiga ap\u00f3tayo aj\u00edna yoque to jnenga, ango yocai Dupade to. Ga Dupade ch\u0129rope\nbasijnaringu\u00e9one. Enga anguretape Dupade uje qu\u00e9 ingome ua aja uje qu\u00e9 eca ua.\nJ\u00e9 basa ga a yitoi jne enga ore d\u00e9ji, Dupade angures\u00f3rone, mu ore uruode qu\u00e9 u.\nJ\u00e9 socaseti a toji gosi acajnaqu\u00e9rigo yui.<\/p>\n\n\n\n<p>Mu yiraja uje ayor\u00e9ode yocajneque pitoringai enga que yocu\u00f1eque d\u00e9ji si\u00f1eque jeta ca toi to jne. Gosi a chise deruei te jne, mu eruei tup\u00fasu, ga eruei tup\u00fasu uje que chimopo pucuecaringu\u00e9rique u\u00f1eque r\u0129. <\/p>\n\n\n\n<p>Jecute Dupade uruode chojninga,\nuje Jesuse chojninga: \u201cGosi uje changureta yu ga,\u201d chojninga, \u201cyis\u00edome\npucuecaringuei ome. Pucuecaringueque ichai uje ey\u00fagojma. Enga que eru\u00e9nique\ncusapo gotique r\u0129,\u201d chojninga.<\/p>\n\n\n\n<p>Yiraja uje jnacare ua enga\nbarasique ua, ga chi unere an\u00edrone jeta bas\u00f5re ome dosap\u00e9ode, unere ujeta\nbaque, ujeta anganare gapudie, unere ujetiga ajo bejnai. Enga bajos eti ca beru\u00e9nique\ncus. Mu que yim\u00f3ngo Dupade diringai.<\/p>\n\n\n\n<p>Yiraja uje gapu ua ga baras\u00e9 ua.\nBangana er\u00e1mone enga bajos eti j\u00e9 bate jne, mu j\u00e9 bate ujetiga apota Dupade.\nUjetiga apota Dupade \u00faring\u00e1rique pangurete ga badi a j\u00e9 u iji der\u00e9jnane\ngatuaque ujetiga angureta Dupade. <\/p>\n\n\n\n<p>J\u00e9 basa ga j\u00e9 a ij\u00f5re ua, mu a Dupade\ndi jnenga cho daju\u00f1ame ua uje j\u00e9 baj\u00f5rai tu Satanase. Bagaidi tu Satanase\n\u00e1yipiedie jnenga, b\u00e1ringai ayor\u00e9 jnusi\u00e9taque jogadi tu iji Dupade guetei\npunire. Jecute yingome ua. Uj\u00e9ta c\u00e1ma angureta Dupade to enga anguretape uje\nqu\u00e9 piotiguei d\u00e9ji.<\/p>\n\n\n\n<p>J\u00e9 uacad\u00facho to uje a Jesute\ndiapo jne r\u0129 enga que qu\u00e9 piotigu\u00e9ode d\u00e9ji to iji si\u00f1eque r\u0129. Adi j\u00e9 u\nujetiga ayor\u00e9rique chingo doj\u00f1aringo aja doj\u00f3rique ayor\u00e9 ga bang\u00e1ri. Cham\u00e1\u00f1aje\npiotiguei u gu uje bamo oj\u00f1as\u1e4dri. Unojo Dupade uruode ujetiga apota ga\nangureta Dupade enga anguretape. Jeoga iji dejai, jeoga iji dirome jne. Uje\nc\u00e1ma yico. \u00a1Jeta yojningai u yu gotique jeta c\u00e1ma yi! mu yojningai tu Dupade\ndiringai uje Dupade di jnenga. Ujeta c\u00e1ma di dirome enga c\u00e1ma yico gotique, mu\nj\u00e9 upo yu to r\u0129 uje c\u00e1ma yi go. A yico to dirome iji <em>dom\u00edngo <\/em>jeoga iji <em>mi\u00e9rcoles.<\/em>\nA uacaraj\u00e1yo <em>mi\u00e9rcoles. <\/em>Mu c\u00e1ma yico\nto. Que yimo jeta c\u00e1ma yico ome Dupade idai. Gusu yacajnaqu\u00e9ode ome yoque. Ga\nyicatec\u00e3\u0301ri Dupade ome yoque.<\/p>\n\n\n\n<p><strong><em>Ecarai catec\u00e3\u0301ri Dupade:<\/em><\/strong><br>Yoque Dupade, yicatec\u00e3\u0301ri ua iji gajner\u0129 iji dejai ud\u00e9 uje yacaranguipis ome ua uje badute yoquicatec\u00e3raitigade, yoque Dupade. Uje yicatec\u00e3coi ua dir\u00edca ujetiga \u00f3jnepe gu\u00e9ode yoquibai dir\u00edca, yoque Dupade, jecute yac\u00e3re babai gajner\u0129 ome baramurajane gu\u00e9o. Ujetiga jnanione ore irasique dacade cucha gajner\u0129. Ujetiga ij\u00f3\u00f1o yoque, yoque Dupade, enga ore catec\u00e3\u0301ri ua gajner\u0129, enga ore chac\u00e3re babai to gajner\u0129 uje bajn\u00f3ra yoque gu. Uje bamate gu\u00e9ode yoquibai, yoque Dupade. Ga ore irasique dacade gajner\u0129 enga ore tagu \u00e1riguiji gajner\u0129.<\/p>\n\n\n\n<p>Enga j\u00e9 adi tu gajner\u0129 ujetiga ore irasique baruode\nujetiga ore tagu. Jecute yicatec\u00e3\u0301ri ua gajner\u0129 ujetiga arodipise yoque\ngajner\u0129 iji ne, Rinc\u00f3ngosode uyoque. Ujetiga \u00e1taja yoque gajner\u0129 enga as\u00edome\nyoque pijoningai tome yoque gajner\u0129, yoque Dupade. As\u00edome petotiguei tome\nyoque, gajner\u0129, yoque Dupade. As\u00edome pijnoraquei tome yoque. Uje yicatec\u00e3\u0301ri\nua ome Jesus i. Am\u1ebd.<\/p>\n\n\n\n<p><em>Ecarai \u2013 Rinc\u00f3n de Tigre, Bolivia \u2013 1960<\/em><br><em>Marina de Morarie chur\u00fas\u00e3re Ecarai acajnaqu\u00e9ode<\/em><\/p>\n\n\n<div class=\"navigation\"><div class=\"alignleft\"><a href=\"https:\/\/ayore.org\/ayo\/culture\/teachings\/ecarai-davide-dupade-chajire-dapesudi-erape-ga-ueradejna\/\"title=\"Ecarai (Davide\u0301) \u2013 Dupade chajire dapesudi er\u00e3pe ga uerad\u00e9jna\"><img loading=\"lazy\" decoding=\"async\" src=\"https:\/\/ayore.org\/wp-content\/uploads\/2018\/10\/left-arrow.png\" width=\"50\" height=\"48\" alt=\"left arrow\"><\/a><\/div><div class=\"alignright\"><a href=\"https:\/\/ayore.org\/ayo\/culture\/teachings\/ecarai-davide-dupade-uruode-pesu-re-nanique-ga-jnani\/\"title=\"Ecarai (Davide\u0301) \u2013 Dupade Uruode p\u00e9su re nanique ga jnani\"><img loading=\"lazy\" decoding=\"async\" src=\"https:\/\/ayore.org\/wp-content\/uploads\/2018\/10\/right-arrow.png\" width=\"50\" height=\"48\" alt=\"right arrow\"><\/a><\/div>\n","protected":false},"excerpt":{"rendered":"<p>Dupade ur\u00e1sap\u00edsi doi jnumi jeta ch\u00e1ta raja Jesus anguretas\u00f3rone: (Juan 14:16)Dupade chojninga: \u201cYujnacarabi Jesuse di iji yu, mu a yir\u00f3gape yurasade u\u00f1\u00e9ngaja ore jne,\u201d chojninga, uje cham\u00e1\u00f1aje chijn\u00f3ra yoque gu. Uje uacam\u00f3\u00f1o uje Jesuse chi jnome er\u00e1mi nanique uje jnoji<\/p>\n","protected":false},"author":5,"featured_media":0,"parent":719,"menu_order":0,"comment_status":"closed","ping_status":"closed","template":"","meta":{"footnotes":""},"class_list":["post-3959","page","type-page","status-publish","hentry"],"yoast_head":"<!-- This site is optimized with the Yoast SEO plugin v27.4 - https:\/\/yoast.com\/product\/yoast-seo-wordpress\/ -->\n<title>Ecarai (Davide\u0301) \u2013 Dupade chiroque un\u0303e\u0301ngaja yoque jeta cha\u0301ta raja yoque &#8226; AYOR\u00c9.ORG<\/title>\n<meta name=\"robots\" content=\"index, follow, max-snippet:-1, max-image-preview:large, max-video-preview:-1\" \/>\n<link rel=\"canonical\" href=\"https:\/\/ayore.org\/ayo\/culture\/teachings\/ecarai-davide-dupade-chiroque-un\u0303engaja-yoque-jeta-chata-raja-yoque\/\" \/>\n<meta property=\"og:locale\" content=\"en_US\" \/>\n<meta property=\"og:type\" content=\"article\" \/>\n<meta property=\"og:title\" content=\"Ecarai (Davide\u0301) \u2013 Dupade chiroque un\u0303e\u0301ngaja yoque jeta cha\u0301ta raja yoque &#8226; AYOR\u00c9.ORG\" \/>\n<meta property=\"og:description\" content=\"Dupade ur\u00e1sap\u00edsi doi jnumi jeta ch\u00e1ta raja Jesus anguretas\u00f3rone: (Juan 14:16)Dupade chojninga: \u201cYujnacarabi Jesuse di iji yu, mu a yir\u00f3gape yurasade u\u00f1\u00e9ngaja ore jne,\u201d chojninga, uje cham\u00e1\u00f1aje chijn\u00f3ra yoque gu. Uje uacam\u00f3\u00f1o uje Jesuse chi jnome er\u00e1mi nanique uje jnoji\" \/>\n<meta property=\"og:url\" content=\"https:\/\/ayore.org\/ayo\/culture\/teachings\/ecarai-davide-dupade-chiroque-un\u0303engaja-yoque-jeta-chata-raja-yoque\/\" \/>\n<meta property=\"og:site_name\" content=\"AYOR\u00c9.ORG\" \/>\n<meta property=\"article:modified_time\" content=\"2019-05-22T22:11:47+00:00\" \/>\n<meta name=\"twitter:card\" content=\"summary_large_image\" \/>\n<meta name=\"twitter:label1\" content=\"Est. reading time\" \/>\n\t<meta name=\"twitter:data1\" content=\"10 minutes\" \/>\n<script type=\"application\/ld+json\" class=\"yoast-schema-graph\">{\"@context\":\"https:\\\/\\\/schema.org\",\"@graph\":[{\"@type\":\"WebPage\",\"@id\":\"https:\\\/\\\/ayore.org\\\/ayo\\\/culture\\\/teachings\\\/ecarai-davide-dupade-chiroque-un%cc%83engaja-yoque-jeta-chata-raja-yoque\\\/\",\"url\":\"https:\\\/\\\/ayore.org\\\/ayo\\\/culture\\\/teachings\\\/ecarai-davide-dupade-chiroque-un%cc%83engaja-yoque-jeta-chata-raja-yoque\\\/\",\"name\":\"Ecarai (Davide\u0301) \u2013 Dupade chiroque un\u0303e\u0301ngaja yoque jeta cha\u0301ta raja yoque &#8226; AYOR\u00c9.ORG\",\"isPartOf\":{\"@id\":\"https:\\\/\\\/ayore.org\\\/#website\"},\"datePublished\":\"2019-05-22T22:11:45+00:00\",\"dateModified\":\"2019-05-22T22:11:47+00:00\",\"breadcrumb\":{\"@id\":\"https:\\\/\\\/ayore.org\\\/ayo\\\/culture\\\/teachings\\\/ecarai-davide-dupade-chiroque-un%cc%83engaja-yoque-jeta-chata-raja-yoque\\\/#breadcrumb\"},\"inLanguage\":\"ayo\",\"potentialAction\":[{\"@type\":\"ReadAction\",\"target\":[\"https:\\\/\\\/ayore.org\\\/ayo\\\/culture\\\/teachings\\\/ecarai-davide-dupade-chiroque-un%cc%83engaja-yoque-jeta-chata-raja-yoque\\\/\"]}]},{\"@type\":\"BreadcrumbList\",\"@id\":\"https:\\\/\\\/ayore.org\\\/ayo\\\/culture\\\/teachings\\\/ecarai-davide-dupade-chiroque-un%cc%83engaja-yoque-jeta-chata-raja-yoque\\\/#breadcrumb\",\"itemListElement\":[{\"@type\":\"ListItem\",\"position\":1,\"name\":\"Jogate bajai tu ude\u0301\",\"item\":\"https:\\\/\\\/ayore.org\\\/ayo\\\/\"},{\"@type\":\"ListItem\",\"position\":2,\"name\":\"Ayore\u0301ode adode, angurenone cucha ore\",\"item\":\"https:\\\/\\\/ayore.org\\\/ayo\\\/culture\\\/\"},{\"@type\":\"ListItem\",\"position\":3,\"name\":\"Ayore\u0301ode Acajnaque\u0301ode\",\"item\":\"https:\\\/\\\/ayore.org\\\/ayo\\\/culture\\\/teachings\\\/\"},{\"@type\":\"ListItem\",\"position\":4,\"name\":\"Ecarai (Davide\u0301) \u2013 Dupade chiroque un\u0303e\u0301ngaja yoque jeta cha\u0301ta raja yoque\"}]},{\"@type\":\"WebSite\",\"@id\":\"https:\\\/\\\/ayore.org\\\/#website\",\"url\":\"https:\\\/\\\/ayore.org\\\/\",\"name\":\"AYOR\u00c9.ORG\",\"description\":\"Ayore\u0301ode Uruode, Adode, Jnani bajade ati\u0301go ore \",\"potentialAction\":[{\"@type\":\"SearchAction\",\"target\":{\"@type\":\"EntryPoint\",\"urlTemplate\":\"https:\\\/\\\/ayore.org\\\/?s={search_term_string}\"},\"query-input\":{\"@type\":\"PropertyValueSpecification\",\"valueRequired\":true,\"valueName\":\"search_term_string\"}}],\"inLanguage\":\"ayo\"}]}<\/script>\n<!-- \/ Yoast SEO plugin. -->","yoast_head_json":{"title":"Ecarai (Davide\u0301) \u2013 Dupade chiroque un\u0303e\u0301ngaja yoque jeta cha\u0301ta raja yoque &#8226; AYOR\u00c9.ORG","robots":{"index":"index","follow":"follow","max-snippet":"max-snippet:-1","max-image-preview":"max-image-preview:large","max-video-preview":"max-video-preview:-1"},"canonical":"https:\/\/ayore.org\/ayo\/culture\/teachings\/ecarai-davide-dupade-chiroque-un\u0303engaja-yoque-jeta-chata-raja-yoque\/","og_locale":"en_US","og_type":"article","og_title":"Ecarai (Davide\u0301) \u2013 Dupade chiroque un\u0303e\u0301ngaja yoque jeta cha\u0301ta raja yoque &#8226; AYOR\u00c9.ORG","og_description":"Dupade ur\u00e1sap\u00edsi doi jnumi jeta ch\u00e1ta raja Jesus anguretas\u00f3rone: (Juan 14:16)Dupade chojninga: \u201cYujnacarabi Jesuse di iji yu, mu a yir\u00f3gape yurasade u\u00f1\u00e9ngaja ore jne,\u201d chojninga, uje cham\u00e1\u00f1aje chijn\u00f3ra yoque gu. Uje uacam\u00f3\u00f1o uje Jesuse chi jnome er\u00e1mi nanique uje jnoji","og_url":"https:\/\/ayore.org\/ayo\/culture\/teachings\/ecarai-davide-dupade-chiroque-un\u0303engaja-yoque-jeta-chata-raja-yoque\/","og_site_name":"AYOR\u00c9.ORG","article_modified_time":"2019-05-22T22:11:47+00:00","twitter_card":"summary_large_image","twitter_misc":{"Est. reading time":"10 minutes"},"schema":{"@context":"https:\/\/schema.org","@graph":[{"@type":"WebPage","@id":"https:\/\/ayore.org\/ayo\/culture\/teachings\/ecarai-davide-dupade-chiroque-un%cc%83engaja-yoque-jeta-chata-raja-yoque\/","url":"https:\/\/ayore.org\/ayo\/culture\/teachings\/ecarai-davide-dupade-chiroque-un%cc%83engaja-yoque-jeta-chata-raja-yoque\/","name":"Ecarai (Davide\u0301) \u2013 Dupade chiroque un\u0303e\u0301ngaja yoque jeta cha\u0301ta raja yoque &#8226; AYOR\u00c9.ORG","isPartOf":{"@id":"https:\/\/ayore.org\/#website"},"datePublished":"2019-05-22T22:11:45+00:00","dateModified":"2019-05-22T22:11:47+00:00","breadcrumb":{"@id":"https:\/\/ayore.org\/ayo\/culture\/teachings\/ecarai-davide-dupade-chiroque-un%cc%83engaja-yoque-jeta-chata-raja-yoque\/#breadcrumb"},"inLanguage":"ayo","potentialAction":[{"@type":"ReadAction","target":["https:\/\/ayore.org\/ayo\/culture\/teachings\/ecarai-davide-dupade-chiroque-un%cc%83engaja-yoque-jeta-chata-raja-yoque\/"]}]},{"@type":"BreadcrumbList","@id":"https:\/\/ayore.org\/ayo\/culture\/teachings\/ecarai-davide-dupade-chiroque-un%cc%83engaja-yoque-jeta-chata-raja-yoque\/#breadcrumb","itemListElement":[{"@type":"ListItem","position":1,"name":"Jogate bajai tu ude\u0301","item":"https:\/\/ayore.org\/ayo\/"},{"@type":"ListItem","position":2,"name":"Ayore\u0301ode adode, angurenone cucha ore","item":"https:\/\/ayore.org\/ayo\/culture\/"},{"@type":"ListItem","position":3,"name":"Ayore\u0301ode Acajnaque\u0301ode","item":"https:\/\/ayore.org\/ayo\/culture\/teachings\/"},{"@type":"ListItem","position":4,"name":"Ecarai (Davide\u0301) \u2013 Dupade chiroque un\u0303e\u0301ngaja yoque jeta cha\u0301ta raja yoque"}]},{"@type":"WebSite","@id":"https:\/\/ayore.org\/#website","url":"https:\/\/ayore.org\/","name":"AYOR\u00c9.ORG","description":"Ayore\u0301ode Uruode, Adode, Jnani bajade ati\u0301go ore ","potentialAction":[{"@type":"SearchAction","target":{"@type":"EntryPoint","urlTemplate":"https:\/\/ayore.org\/?s={search_term_string}"},"query-input":{"@type":"PropertyValueSpecification","valueRequired":true,"valueName":"search_term_string"}}],"inLanguage":"ayo"}]}},"_links":{"self":[{"href":"https:\/\/ayore.org\/ayo\/wp-json\/wp\/v2\/pages\/3959","targetHints":{"allow":["GET"]}}],"collection":[{"href":"https:\/\/ayore.org\/ayo\/wp-json\/wp\/v2\/pages"}],"about":[{"href":"https:\/\/ayore.org\/ayo\/wp-json\/wp\/v2\/types\/page"}],"author":[{"embeddable":true,"href":"https:\/\/ayore.org\/ayo\/wp-json\/wp\/v2\/users\/5"}],"replies":[{"embeddable":true,"href":"https:\/\/ayore.org\/ayo\/wp-json\/wp\/v2\/comments?post=3959"}],"version-history":[{"count":1,"href":"https:\/\/ayore.org\/ayo\/wp-json\/wp\/v2\/pages\/3959\/revisions"}],"predecessor-version":[{"id":3960,"href":"https:\/\/ayore.org\/ayo\/wp-json\/wp\/v2\/pages\/3959\/revisions\/3960"}],"up":[{"embeddable":true,"href":"https:\/\/ayore.org\/ayo\/wp-json\/wp\/v2\/pages\/719"}],"wp:attachment":[{"href":"https:\/\/ayore.org\/ayo\/wp-json\/wp\/v2\/media?parent=3959"}],"curies":[{"name":"wp","href":"https:\/\/api.w.org\/{rel}","templated":true}]}}