{"id":3946,"date":"2019-05-22T21:04:48","date_gmt":"2019-05-22T21:04:48","guid":{"rendered":"https:\/\/ayore.org\/?page_id=3946"},"modified":"2019-05-22T21:04:49","modified_gmt":"2019-05-22T21:04:49","slug":"ecarai-davide-dupade-doi-yoquicatecaraitigade","status":"publish","type":"page","link":"https:\/\/ayore.org\/ayo\/culture\/teachings\/ecarai-davide-dupade-doi-yoquicatecaraitigade\/","title":{"rendered":"Ecarai (Davide\u0301) \u2013 Dupade doi yoquicatecar\u00e3itigade"},"content":{"rendered":"\n<p><strong>Ana chutai Dupade jetiga chis\u00edome dat\u00edgome:<\/strong><br>Yingo uaque gajner\u0129 uje jec \u0169r\u00e9 enga Dupade doi yoquicatecar\u00e3itigade, yocutaidode cucha iji; jecute utag\u00f3ji cuchade iji Dupade. <\/p>\n\n\n\n<p>Adi chi u ome\nAna nanique. Chi Ana pota j\u00f3roga datique. J\u00e9 chi aber\u00e9 gu. Mu Ana chi jecucha\nchutai Dupade jetiga chis\u00edome dat\u00edgome. Enga chi Dupade chudute gajner\u0129 Ana\nutaqu\u00e9ode, uje chutai dat\u00edguiji. Ga chi Dupade chi chis\u00edome at\u00edgome. Enga ore\nch\u0129\u0301care Samu\u00e9l aja dabi ut\u00e9 nanique.<\/p>\n\n\n\n<p>Chi Ana n\u00f3na\ndabai ga ore chic\u00e1ji Dupade igu\u00edjnai ujetiga ore catec\u00e3\u0301ri Dupade iji. Enga\nchi ore chijna deranone ome Dupade angures\u1e4dri, Dupade uruode atatas\u1e4dri, uje\nchacate ore ome Dupade uruode, enga chi chajire Dupade igu\u00edjnai. Mu chi Ana qu\u00e9\ncatec\u00e3\u0301ri Dupade iji. Enga qu\u00e9 chutai dis\u00edriguiji Dupade. Chutai dat\u00edguiji\nDupade. Mu chi Dupade angures\u1e4dri, Dupade Uruode acadis\u1e4dri chojninga: \u201cAna,\n\u00bfqu\u00e9 acatec\u00e3ri Dupade a? Enga Dupade a chudute bacatecar\u00e3itigade gajner\u0129, enga\na chis\u00edome uacat\u00edgome uaque gajner\u0129.\u201d<\/p>\n\n\n\n<p>J\u00e9 ud\u00faco to\nuje chi Dupade chisi ome Ana abi ome. Enga j\u00e9 ur\u00e1su yoque. Yutag\u00f3ji cuchade iji\nDupade to enga Dupade chis\u00edome yocutaidode cucha ome yoque.<\/p>\n\n\n\n<p><strong>Ore catec\u00e3\u0301ri Dupade ujetiga chijnime Pedro iji guijnatajei uje ore suru gai iji:<\/strong><br>J\u00e9 adi upo r\u0129 ome disi ejode. Disi ejoi uje chi ore suru gai nanique uje chi i u Pedro, enga Dupade angures\u00f3rone ore cham\u00e1ta \u00f1ane enga ore catec\u00e3ri \u00f1ane ome Dupade. Ore catec\u00e3\u0301ri Dupade ujetiga Dupade doi dasoc\u00e1ringome Pedro iji guijnatajei uje ore suru gai iji.<\/p>\n\n\n\n<p>Uje chi ore\nchuningame eti Pedro d\u00e9ji ore igu\u00edjnai piagoi. Dupade chudute ore\nicatecar\u00e3itigade enga chis\u00edome ore ipotig\u00e1dode cucha ome ore. Adi j\u00e9 ur\u00e1su jeta\nyanguret\u00e1gop\u00edse Dupade ga yutag\u00f3ji cuchade iji Dupade to. Chi ore chuningame\neti Pedro d\u00e9ji ore igu\u00edjna piagoi. Uje chi Dupade chej\u00f1u ojnaquerodie iji\njmanecabode, orotad\u00e1bode ore ome datocaidi gat\u00e9 unir\u00eds\u00f5ri to enga chuch\u1ebdre\npiagoi gai ome.<\/p>\n\n\n\n<p><strong>Dupade que chis\u00edome yocutaqu\u00e9ode ome yoque iji ujade: <\/strong><em>(Santiago 4:3)<\/em><br>J\u00e9 uacam\u00f3\u00f1o uje ayor\u00e9rique abi ga chutai cuch\u00e1rique nanique. Ga dai chimes\u1ebdre uruode ga chisi ipotig\u00e1di cucha ome. J\u00e9 basa dis\u00edrique a chutai j\u00f3rogui cuch\u00e1riguiji nanique. Chetaque utaqu\u00e9ode enga que chisiome go. Chi j\u00e9 adi u ome Dupade. Yutagoi cuchade iji mu yoquicatec\u00e3raitigade chicai qued\u00e9jnane ome Dupade ipotig\u00e1dode, enga que Dupade chis\u00edome yoque go yoquipotig\u00e1dode cucha. Pangar\u00e1dejnai Dupade uruode j\u00e9 u ome ayor\u00e9ode uyoque.<\/p>\n\n\n\n<p><strong>Abraham catec\u00e3\u0301ri Dupade ome dar\u00e1sade nanique:<\/strong><br>Chi j\u00e9 adi upo ome jnani bajai u\u00f1ai uje i tu Abraham. Chi un\u00e9 catec\u00e3\u0301ri Dupade ome darasade ore, daguiosode iji Sodoma, Gomorra ore. Uje chi chojningame Dupade: \u201cBaj\u00e9o ga aqueta yurasade, yiguiosode ore iji ore idaidat\u00e9ode uje i tu Gomorra enga ca aj\u00e9 ore to.\u201d Ga chi Dupade doi g\u00f3jni un\u00e9 uruode ga chi ca chuj\u00e9 Abraham iguiosode to. Abraham iguiosode u udore, Lot ore. Mu chuj\u00e9 Sodomagosode, Gomorragosode u\u00f1ane ore jnese nanique gu orate gajnarenguip\u00edsode.<\/p>\n\n\n\n<p><strong>Ester catec\u00e3\u0301ri Dupade ome darasap\u00edsode ore nanique.<\/strong><br>Chi adi upo r\u0129 ome chequ\u00e9raque uje chi i tu Ester. Chi catec\u00e3\u0301ri Dupade ome darasade ujetiga Dupade chiqueta urasade ome ore umaj\u00f3s\u00f5rone. Chi Dupade doi g\u00f3jni unaque utoqu\u00e9ode, icatecar\u00e3itigade enga que chejna uraque darasade to, unaque urasade, jud\u00edode ore. Ore guetes\u00f3rone que chejna ore go. Adi j\u00e9 ur\u00e1su disi ejode uyoque gajner\u0129 ujetiga yanguret\u00e1go Dupade.<\/p>\n\n\n\n<p><strong>Yisigop\u00edsome y\u00f3gome ga Dupade doi yoquicatec\u00e3raitigade.<\/strong><br>Dupade chis\u00edome yocutaidode ome y\u00f3guiji de. Chis\u00edome yocutaidode cucha ome yoque. Cham\u00e1\u00f1aje ape yoque ga chos\u00f5re yoque, Dupade. Cham\u00e1\u00f1aje ipesute uyoque enga chos\u00f5re y\u00f3gome cuchade. Uj\u00e9 chimes\u1ebdre yocadode enga chis\u00edome yocutaidode ome yoque.<\/p>\n\n\n\n<p>Ujetiga\nangureta Dupade ga j\u00e9 ca b\u00e1yipie d\u00e9ji cucha u\u00f1eque uje atai cuchade iji Dupade\nenga Dupade chis\u00edome bapotig\u00e1tique cucha ome ua jne. <\/p>\n\n\n\n<p><strong>Jesusedat\u00e9 chutai dajnacari iji ore jot\u00edque cucha otate:<\/strong><br>J\u00e9tap\u0169r\u00e9 nanique uje chi Jesus sup\u00fasu nanique uje chi Jesusedat\u00e9 chutai dajnacarabi iji ore jot\u00edque cucha otate. Ga chi chojninga: \u201c\u00bfJa amo to a? uje ore jodi cucha otate \u00edjnoque.\u201d Ga chi Jesuse doi g\u00f3jni dat\u00e9 uruode enga p\u00e9su cucha a otate gajnui. P\u00e9su ga uner\u00e9jna. Chi yote bisideque que, mu p\u00e9su ga cucha a otate uner\u00e9jnai enga su\u00e9 ore jote cucha a otate bajade gai. J\u00e9tap\u0169r\u00e9 Jesuse sup\u00fasu nanique iji jnumi uje chududipise dat\u00e9 uruode.<\/p>\n\n\n\n<p>Mu adi j\u00e9 u\nujetiga yutagoi cuch\u00e1riguiji Jesuse, Day\u00e9 ore. Enga ore chis\u00edome\nyoquipotig\u00e1dode cucha ome yoque. <\/p>\n\n\n\n<p>Ujeta atai\ncuch\u00e1riguiji Dupade ga j\u00e9 ca b\u00e1yipie cho quiy\u00edgui-y\u00edgui ujeta atai\nbapotig\u00e1tiguiji Dupade, bay\u00e9 Dupade. <em>(Santiago\n1:7)<\/em><\/p>\n\n\n\n<p><em>Ecarai \u2013 Tobit\u00e9, Bolivia \u2013 1960<\/em><br><em>Marina de Morarie chur\u00fas\u00e3re Ecarai acajnaqu\u00e9ode udojo nanique<\/em><\/p>\n\n\n<div class=\"navigation\"><div class=\"alignleft\"><a href=\"https:\/\/ayore.org\/ayo\/culture\/teachings\/jomone-que-yimongo-cojn%cc%83otique-aorique\/\"title=\"Jomone \u2013 Que yimo\u0301ngo cojn\u0303otique ao\u0301rique\"><img loading=\"lazy\" decoding=\"async\" src=\"https:\/\/ayore.org\/wp-content\/uploads\/2018\/10\/left-arrow.png\" width=\"50\" height=\"48\" alt=\"left arrow\"><\/a><\/div><div class=\"alignright\"><a href=\"https:\/\/ayore.org\/ayo\/culture\/teachings\/dijaide-josuede-ca-oyo-cocho-cochogome-dupade-yui\/\"title=\"Dijaide (Josue\u0301de\u0301) \u2013 Ca oyo cocho coch\u00f3gome Dupade yui\"><img loading=\"lazy\" decoding=\"async\" src=\"https:\/\/ayore.org\/wp-content\/uploads\/2018\/10\/right-arrow.png\" width=\"50\" height=\"48\" alt=\"right arrow\"><\/a><\/div>\n","protected":false},"excerpt":{"rendered":"<p>Ana chutai Dupade jetiga chis\u00edome dat\u00edgome:Yingo uaque gajner\u0129 uje jec \u0169r\u00e9 enga Dupade doi yoquicatecar\u00e3itigade, yocutaidode cucha iji; jecute utag\u00f3ji cuchade iji Dupade. Adi chi u ome Ana nanique. Chi Ana pota j\u00f3roga datique. J\u00e9 chi aber\u00e9 gu. Mu Ana<\/p>\n","protected":false},"author":5,"featured_media":0,"parent":719,"menu_order":0,"comment_status":"closed","ping_status":"closed","template":"","meta":{"footnotes":""},"class_list":["post-3946","page","type-page","status-publish","hentry"],"yoast_head":"<!-- This site is optimized with the Yoast SEO plugin v27.4 - https:\/\/yoast.com\/product\/yoast-seo-wordpress\/ -->\n<title>Ecarai (Davide\u0301) \u2013 Dupade doi yoquicatecar\u00e3itigade &#8226; AYOR\u00c9.ORG<\/title>\n<meta name=\"robots\" content=\"index, follow, max-snippet:-1, max-image-preview:large, max-video-preview:-1\" \/>\n<link rel=\"canonical\" href=\"https:\/\/ayore.org\/ayo\/culture\/teachings\/ecarai-davide-dupade-doi-yoquicatecaraitigade\/\" \/>\n<meta property=\"og:locale\" content=\"en_US\" \/>\n<meta property=\"og:type\" content=\"article\" \/>\n<meta property=\"og:title\" content=\"Ecarai (Davide\u0301) \u2013 Dupade doi yoquicatecar\u00e3itigade &#8226; AYOR\u00c9.ORG\" \/>\n<meta property=\"og:description\" content=\"Ana chutai Dupade jetiga chis\u00edome dat\u00edgome:Yingo uaque gajner\u0129 uje jec \u0169r\u00e9 enga Dupade doi yoquicatecar\u00e3itigade, yocutaidode cucha iji; jecute utag\u00f3ji cuchade iji Dupade. Adi chi u ome Ana nanique. Chi Ana pota j\u00f3roga datique. J\u00e9 chi aber\u00e9 gu. Mu Ana\" \/>\n<meta property=\"og:url\" content=\"https:\/\/ayore.org\/ayo\/culture\/teachings\/ecarai-davide-dupade-doi-yoquicatecaraitigade\/\" \/>\n<meta property=\"og:site_name\" content=\"AYOR\u00c9.ORG\" \/>\n<meta property=\"article:modified_time\" content=\"2019-05-22T21:04:49+00:00\" \/>\n<meta name=\"twitter:card\" content=\"summary_large_image\" \/>\n<meta name=\"twitter:label1\" content=\"Est. reading time\" \/>\n\t<meta name=\"twitter:data1\" content=\"4 minutes\" \/>\n<script type=\"application\/ld+json\" class=\"yoast-schema-graph\">{\"@context\":\"https:\\\/\\\/schema.org\",\"@graph\":[{\"@type\":\"WebPage\",\"@id\":\"https:\\\/\\\/ayore.org\\\/ayo\\\/culture\\\/teachings\\\/ecarai-davide-dupade-doi-yoquicatecaraitigade\\\/\",\"url\":\"https:\\\/\\\/ayore.org\\\/ayo\\\/culture\\\/teachings\\\/ecarai-davide-dupade-doi-yoquicatecaraitigade\\\/\",\"name\":\"Ecarai (Davide\u0301) \u2013 Dupade doi yoquicatecar\u00e3itigade &#8226; AYOR\u00c9.ORG\",\"isPartOf\":{\"@id\":\"https:\\\/\\\/ayore.org\\\/#website\"},\"datePublished\":\"2019-05-22T21:04:48+00:00\",\"dateModified\":\"2019-05-22T21:04:49+00:00\",\"breadcrumb\":{\"@id\":\"https:\\\/\\\/ayore.org\\\/ayo\\\/culture\\\/teachings\\\/ecarai-davide-dupade-doi-yoquicatecaraitigade\\\/#breadcrumb\"},\"inLanguage\":\"ayo\",\"potentialAction\":[{\"@type\":\"ReadAction\",\"target\":[\"https:\\\/\\\/ayore.org\\\/ayo\\\/culture\\\/teachings\\\/ecarai-davide-dupade-doi-yoquicatecaraitigade\\\/\"]}]},{\"@type\":\"BreadcrumbList\",\"@id\":\"https:\\\/\\\/ayore.org\\\/ayo\\\/culture\\\/teachings\\\/ecarai-davide-dupade-doi-yoquicatecaraitigade\\\/#breadcrumb\",\"itemListElement\":[{\"@type\":\"ListItem\",\"position\":1,\"name\":\"Jogate bajai tu ude\u0301\",\"item\":\"https:\\\/\\\/ayore.org\\\/ayo\\\/\"},{\"@type\":\"ListItem\",\"position\":2,\"name\":\"Ayore\u0301ode adode, angurenone cucha ore\",\"item\":\"https:\\\/\\\/ayore.org\\\/ayo\\\/culture\\\/\"},{\"@type\":\"ListItem\",\"position\":3,\"name\":\"Ayore\u0301ode Acajnaque\u0301ode\",\"item\":\"https:\\\/\\\/ayore.org\\\/ayo\\\/culture\\\/teachings\\\/\"},{\"@type\":\"ListItem\",\"position\":4,\"name\":\"Ecarai (Davide\u0301) \u2013 Dupade doi yoquicatecar\u00e3itigade\"}]},{\"@type\":\"WebSite\",\"@id\":\"https:\\\/\\\/ayore.org\\\/#website\",\"url\":\"https:\\\/\\\/ayore.org\\\/\",\"name\":\"AYOR\u00c9.ORG\",\"description\":\"Ayore\u0301ode Uruode, Adode, Jnani bajade ati\u0301go ore \",\"potentialAction\":[{\"@type\":\"SearchAction\",\"target\":{\"@type\":\"EntryPoint\",\"urlTemplate\":\"https:\\\/\\\/ayore.org\\\/?s={search_term_string}\"},\"query-input\":{\"@type\":\"PropertyValueSpecification\",\"valueRequired\":true,\"valueName\":\"search_term_string\"}}],\"inLanguage\":\"ayo\"}]}<\/script>\n<!-- \/ Yoast SEO plugin. -->","yoast_head_json":{"title":"Ecarai (Davide\u0301) \u2013 Dupade doi yoquicatecar\u00e3itigade &#8226; AYOR\u00c9.ORG","robots":{"index":"index","follow":"follow","max-snippet":"max-snippet:-1","max-image-preview":"max-image-preview:large","max-video-preview":"max-video-preview:-1"},"canonical":"https:\/\/ayore.org\/ayo\/culture\/teachings\/ecarai-davide-dupade-doi-yoquicatecaraitigade\/","og_locale":"en_US","og_type":"article","og_title":"Ecarai (Davide\u0301) \u2013 Dupade doi yoquicatecar\u00e3itigade &#8226; AYOR\u00c9.ORG","og_description":"Ana chutai Dupade jetiga chis\u00edome dat\u00edgome:Yingo uaque gajner\u0129 uje jec \u0169r\u00e9 enga Dupade doi yoquicatecar\u00e3itigade, yocutaidode cucha iji; jecute utag\u00f3ji cuchade iji Dupade. Adi chi u ome Ana nanique. Chi Ana pota j\u00f3roga datique. J\u00e9 chi aber\u00e9 gu. Mu Ana","og_url":"https:\/\/ayore.org\/ayo\/culture\/teachings\/ecarai-davide-dupade-doi-yoquicatecaraitigade\/","og_site_name":"AYOR\u00c9.ORG","article_modified_time":"2019-05-22T21:04:49+00:00","twitter_card":"summary_large_image","twitter_misc":{"Est. reading time":"4 minutes"},"schema":{"@context":"https:\/\/schema.org","@graph":[{"@type":"WebPage","@id":"https:\/\/ayore.org\/ayo\/culture\/teachings\/ecarai-davide-dupade-doi-yoquicatecaraitigade\/","url":"https:\/\/ayore.org\/ayo\/culture\/teachings\/ecarai-davide-dupade-doi-yoquicatecaraitigade\/","name":"Ecarai (Davide\u0301) \u2013 Dupade doi yoquicatecar\u00e3itigade &#8226; AYOR\u00c9.ORG","isPartOf":{"@id":"https:\/\/ayore.org\/#website"},"datePublished":"2019-05-22T21:04:48+00:00","dateModified":"2019-05-22T21:04:49+00:00","breadcrumb":{"@id":"https:\/\/ayore.org\/ayo\/culture\/teachings\/ecarai-davide-dupade-doi-yoquicatecaraitigade\/#breadcrumb"},"inLanguage":"ayo","potentialAction":[{"@type":"ReadAction","target":["https:\/\/ayore.org\/ayo\/culture\/teachings\/ecarai-davide-dupade-doi-yoquicatecaraitigade\/"]}]},{"@type":"BreadcrumbList","@id":"https:\/\/ayore.org\/ayo\/culture\/teachings\/ecarai-davide-dupade-doi-yoquicatecaraitigade\/#breadcrumb","itemListElement":[{"@type":"ListItem","position":1,"name":"Jogate bajai tu ude\u0301","item":"https:\/\/ayore.org\/ayo\/"},{"@type":"ListItem","position":2,"name":"Ayore\u0301ode adode, angurenone cucha ore","item":"https:\/\/ayore.org\/ayo\/culture\/"},{"@type":"ListItem","position":3,"name":"Ayore\u0301ode Acajnaque\u0301ode","item":"https:\/\/ayore.org\/ayo\/culture\/teachings\/"},{"@type":"ListItem","position":4,"name":"Ecarai (Davide\u0301) \u2013 Dupade doi yoquicatecar\u00e3itigade"}]},{"@type":"WebSite","@id":"https:\/\/ayore.org\/#website","url":"https:\/\/ayore.org\/","name":"AYOR\u00c9.ORG","description":"Ayore\u0301ode Uruode, Adode, Jnani bajade ati\u0301go ore ","potentialAction":[{"@type":"SearchAction","target":{"@type":"EntryPoint","urlTemplate":"https:\/\/ayore.org\/?s={search_term_string}"},"query-input":{"@type":"PropertyValueSpecification","valueRequired":true,"valueName":"search_term_string"}}],"inLanguage":"ayo"}]}},"_links":{"self":[{"href":"https:\/\/ayore.org\/ayo\/wp-json\/wp\/v2\/pages\/3946","targetHints":{"allow":["GET"]}}],"collection":[{"href":"https:\/\/ayore.org\/ayo\/wp-json\/wp\/v2\/pages"}],"about":[{"href":"https:\/\/ayore.org\/ayo\/wp-json\/wp\/v2\/types\/page"}],"author":[{"embeddable":true,"href":"https:\/\/ayore.org\/ayo\/wp-json\/wp\/v2\/users\/5"}],"replies":[{"embeddable":true,"href":"https:\/\/ayore.org\/ayo\/wp-json\/wp\/v2\/comments?post=3946"}],"version-history":[{"count":2,"href":"https:\/\/ayore.org\/ayo\/wp-json\/wp\/v2\/pages\/3946\/revisions"}],"predecessor-version":[{"id":3948,"href":"https:\/\/ayore.org\/ayo\/wp-json\/wp\/v2\/pages\/3946\/revisions\/3948"}],"up":[{"embeddable":true,"href":"https:\/\/ayore.org\/ayo\/wp-json\/wp\/v2\/pages\/719"}],"wp:attachment":[{"href":"https:\/\/ayore.org\/ayo\/wp-json\/wp\/v2\/media?parent=3946"}],"curies":[{"name":"wp","href":"https:\/\/api.w.org\/{rel}","templated":true}]}}