{"id":3932,"date":"2019-05-22T02:21:55","date_gmt":"2019-05-22T02:21:55","guid":{"rendered":"https:\/\/ayore.org\/?page_id=3932"},"modified":"2019-05-22T02:21:56","modified_gmt":"2019-05-22T02:21:56","slug":"ecarai-davide-jnacari-pota-chise-dacuecaringue-eyugojmai","status":"publish","type":"page","link":"https:\/\/ayore.org\/ayo\/culture\/teachings\/ecarai-davide-jnacari-pota-chise-dacuecaringue-eyugojmai\/","title":{"rendered":"Ecarai (Davide\u0301) \u2013 Jnacari pota chise dacuecaringue\u0301 eyu\u0301gojmai"},"content":{"rendered":"\n<p><strong><em>Jnacari pota chiraja cucha damanique jetiga chise pucuecaringu\u00e9 ey\u00fagojmai: <\/em><\/strong><em>(Marcos 10:17)<\/em><br>An\u00edri, coj\u00f1oque jnacari u uje chi chojningame Jesute: \u201cJesute \u00e1, \u00bfj\u00e9 cucha yimanique d\u00e9ji rique jetiga yise an\u00edri, pucuecaringu\u00e9 ey\u00fagojmai?\u201d <\/p>\n\n\n\n<p>Chojninga: \u201cQue yuj\u00e9 yuj\u00f3rique ayor\u00e9,\u201d chojninga.<\/p>\n\n\n\n<p>&nbsp;\u201cQue yiji yurupat\u00e1ringa,\u201d chojninga. <\/p>\n\n\n\n<p>\u201cQue yip\u00e9su\ncucha gajnar\u00e9tique y\u00fai ga j\u00e9 iji y\u00faringai disi aja y\u00faringai jnacare.\u201d&nbsp; <\/p>\n\n\n\n<p>Mu Jesus\nchojninga: \u201cMu amirone qu\u00e9 d\u00e9ji,\u201d chojninga. \u201cAs\u00edome bag\u00fachade ome ayor\u00e9\njmat\u00e1gode ore ga ore cho dag\u00fachade iji to,\u201d chojninga. \u201cUj\u00e9tiga ejna badode\nunojo guesi enga be enga aj\u00edna yu to,\u201d Jesus chojninga. <\/p>\n\n\n\n<p>Mu ut\u00e9 chijn\u00f3ra\nd\u00e1ringai ayor\u00e9 ij\u00f5re. Chijn\u00f3ra d\u00e1ringai coj\u00f1oque uguchar\u00e3\u0301que ga que chisapo\nDupade unetique r\u0129.<\/p>\n\n\n\n<p><strong><em>Jnacari ut\u00e9 jnusina j\u00f3roque d\u00e1ringai coj\u00f1oque uguchar\u00e3que iji gaj\u00f1o pioi:<\/em><\/strong><br>J\u00e9 uacam\u00f3\u00f1o ayor\u00e9rique a ca chuj\u00e9 doj\u00f3rique ayor\u00e9, que p\u00e9su cucha gajnar\u00e9tique, mu que changureta Dupade. Dupade que jno \u00fadi go. Jecute uqu\u00e9 coj\u00f1oque uguchar\u00e3i chirase d\u00e1ringai uguchar\u00e3que. Que chiraja Dupade uruode y\u00farique go. Mu chise g\u00f3jni diri tud\u00e9 enga ujetiga chicai gaj\u00f1o pioi te ga, cho j\u00f3roque d\u00e1yugu re, jnusina j\u00f3roque d\u00e1ringai coj\u00f1oque uguchar\u00e3c. Jnusina j\u00f3roque d\u00e1ringai ayor\u00e9 subud\u00e9 iji jnumi uje que chimo chaguhei ome re nanique, mu que toc jeta qu\u00e9 chisapo ayor\u00e9 ij\u00f5re iji, an\u00edri, iji pitoringai ejoi. <\/p>\n\n\n\n<p><strong><em>Pisocai cuse jeta j\u00e9 ca gosi chimo pitoringai ejoi ut\u00e9: <\/em><\/strong><em>(Juan 3:16-18)<\/em><br>Mu ome Dupade anguretas\u00f3rone uje Dupade uruode chingo y\u00f3guiji daruode, darujna arone, enga chojninga: Gosi uje changureta Dupade, a ca chimopo, an\u00ednique, pujuyaqu\u00e9riguiji Dupade idai jne r\u0129. A ca chimopo chaguh\u00e9nique gotique r\u0129. A ca chimo cucha \u00e3r\u00e9raque iji Dupade idai ut\u00e9 jne.<\/p>\n\n\n\n<p>Enga yiraj\u00e1go\nuje Dupade anguretas\u00f3rone ore gajneque Dupade ijnoraquei, ore gajneque\npusubud\u00e9ringane. Jecute Dupade chingo yoque uje acai cucha adie d\u00e9ji te ga. Que\nyimo jeta orocoi, mu que chimoque guedos\u00edode uje adie timate. Dupade uruode\nchingo y\u00f3guiji darujna aone, mu que yimo yoquibotique iji Dupade idai, mu\nDupade uruode chingo yoque uje que chaguh\u00e9ode d\u00e9ji go. \u00cdjnoque moi tiji, que\ntoc jeta motique doi ayor\u00e9rique. Moi jogadi tu jnumi. Moi jor\u00e3i tu\npucutaqu\u00e9ode. Jor\u00e3\u0301rique dequejnar\u00e9ngone iji ayor\u00e9ode uyoque uje Dupade cho\ndaju\u00f1ame y\u00f3guiji ne jnumi nanique uje Ad\u00e3, Eba ore p\u00e9su pisijnaringuei. <\/p>\n\n\n\n<p>Jecute yingome ua jeta gosi pota changureta Dupade enga ango yoc. Ca ango yoc mar\u00ednga, ca acu\u00e9 sequer\u00e9 ejoi. Dupade uruode chojninga: ujetiga adute Dupade uruode enga ca ojninga, \u2018A yangureta Jesus iji eso, iji sequer\u00e9 ejo, yangureta dirome.\u2019 Der\u00e9jnai tu un\u00e9 ujeta apota angureta Dupade, enga angureta, ga j\u0129rique anina ua ome Dupade uruode ujeta angureta. Chise g\u00f3jni diri te ga ujetiga c\u00e1ma angureta Dupade to jne, enga bajn\u00fasi yoque, bat\u00e9, bay\u00e9 ujetiga aj\u00edna ore to. <\/p>\n\n\n\n<p>Ayor\u00e9ode uje\nd\u00e9ji er\u00e1mi jeta ore n\u00f3na \u00f1ane uje ore bac, enga u\u00f1ai changureta Dupade, j\u00e9 u\u00f1ai\nque changureta to go. U\u00f1ai jno ome gatajnoquei, j\u00e9 basa ga u\u00f1ai jnusi daj\u00f5rai.\nQue n\u00f3na daj\u00f5rai taja gatajnoquei gotique gu uje que changureta Dupade to. U\u00f1ai\nchangureta, enga ore jnome gatei. Mu jnumi tu enga ayor\u00e9ode n\u00f3na \u00f1ane aja\ndabatigade, j\u00e9 ore n\u00f3na \u00f1ane aja dasor\u00e1nenie, j\u00e9 yisape deg\u00fai jnese. Mu a chise\nDupade diringai jeta chise yoquibatigai uje yoquiquigode u iji er\u00e1mi enga jno\nyoquij\u00f5rai ud\u00e9 uje changureta Dupade.&nbsp;\nEnga unojo u uje Dupade ojningai u jetiga yanguret\u00e1go Dupade jnese iji\nne jnumi. <\/p>\n\n\n\n<p><em>Ecarai \u2013 Campamento Ayor\u00e9, Bolivia \u2013 1971<\/em><br><em>Faith Wyma chur\u00fas\u00e3re Ecarai atatagode udojo nanique<\/em><\/p>\n\n\n<div class=\"navigation\"><div class=\"alignleft\"><a href=\"https:\/\/ayore.org\/ayo\/culture\/teachings\/ecarai-davide-yijinango-ua-aja-gate-ujetiga-ari\/\"title=\"Ecarai (Davide\u0301) \u2013 Yij\u00ednango ua aja gat\u00e9 ujetiga \u00e3ri\"><img loading=\"lazy\" decoding=\"async\" src=\"https:\/\/ayore.org\/wp-content\/uploads\/2018\/10\/left-arrow.png\" width=\"50\" height=\"48\" alt=\"left arrow\"><\/a><\/div><div class=\"alignright\"><a href=\"https:\/\/ayore.org\/ayo\/culture\/teachings\/ecarai-davide-david-chacare-iji-jerusalen\/\"title=\"Ecarai (Davide\u0301) \u2013 David cha\u0301care iji Jerusalen\"><img loading=\"lazy\" decoding=\"async\" src=\"https:\/\/ayore.org\/wp-content\/uploads\/2018\/10\/right-arrow.png\" width=\"50\" height=\"48\" alt=\"right arrow\"><\/a><\/div>\n","protected":false},"excerpt":{"rendered":"<p>Jnacari pota chiraja cucha damanique jetiga chise pucuecaringu\u00e9 ey\u00fagojmai: (Marcos 10:17)An\u00edri, coj\u00f1oque jnacari u uje chi chojningame Jesute: \u201cJesute \u00e1, \u00bfj\u00e9 cucha yimanique d\u00e9ji rique jetiga yise an\u00edri, pucuecaringu\u00e9 ey\u00fagojmai?\u201d Chojninga: \u201cQue yuj\u00e9 yuj\u00f3rique ayor\u00e9,\u201d chojninga. &nbsp;\u201cQue yiji yurupat\u00e1ringa,\u201d chojninga.<\/p>\n","protected":false},"author":5,"featured_media":0,"parent":719,"menu_order":0,"comment_status":"closed","ping_status":"closed","template":"","meta":{"footnotes":""},"class_list":["post-3932","page","type-page","status-publish","hentry"],"yoast_head":"<!-- This site is optimized with the Yoast SEO plugin v27.4 - https:\/\/yoast.com\/product\/yoast-seo-wordpress\/ -->\n<title>Ecarai (Davide\u0301) \u2013 Jnacari pota chise dacuecaringue\u0301 eyu\u0301gojmai &#8226; AYOR\u00c9.ORG<\/title>\n<meta name=\"robots\" content=\"index, follow, max-snippet:-1, max-image-preview:large, max-video-preview:-1\" \/>\n<link rel=\"canonical\" href=\"https:\/\/ayore.org\/ayo\/culture\/teachings\/ecarai-davide-jnacari-pota-chise-dacuecaringue-eyugojmai\/\" \/>\n<meta property=\"og:locale\" content=\"en_US\" \/>\n<meta property=\"og:type\" content=\"article\" \/>\n<meta property=\"og:title\" content=\"Ecarai (Davide\u0301) \u2013 Jnacari pota chise dacuecaringue\u0301 eyu\u0301gojmai &#8226; AYOR\u00c9.ORG\" \/>\n<meta property=\"og:description\" content=\"Jnacari pota chiraja cucha damanique jetiga chise pucuecaringu\u00e9 ey\u00fagojmai: (Marcos 10:17)An\u00edri, coj\u00f1oque jnacari u uje chi chojningame Jesute: \u201cJesute \u00e1, \u00bfj\u00e9 cucha yimanique d\u00e9ji rique jetiga yise an\u00edri, pucuecaringu\u00e9 ey\u00fagojmai?\u201d Chojninga: \u201cQue yuj\u00e9 yuj\u00f3rique ayor\u00e9,\u201d chojninga. &nbsp;\u201cQue yiji yurupat\u00e1ringa,\u201d chojninga.\" \/>\n<meta property=\"og:url\" content=\"https:\/\/ayore.org\/ayo\/culture\/teachings\/ecarai-davide-jnacari-pota-chise-dacuecaringue-eyugojmai\/\" \/>\n<meta property=\"og:site_name\" content=\"AYOR\u00c9.ORG\" \/>\n<meta property=\"article:modified_time\" content=\"2019-05-22T02:21:56+00:00\" \/>\n<meta name=\"twitter:card\" content=\"summary_large_image\" \/>\n<meta name=\"twitter:label1\" content=\"Est. reading time\" \/>\n\t<meta name=\"twitter:data1\" content=\"3 minutes\" \/>\n<script type=\"application\/ld+json\" class=\"yoast-schema-graph\">{\"@context\":\"https:\\\/\\\/schema.org\",\"@graph\":[{\"@type\":\"WebPage\",\"@id\":\"https:\\\/\\\/ayore.org\\\/ayo\\\/culture\\\/teachings\\\/ecarai-davide-jnacari-pota-chise-dacuecaringue-eyugojmai\\\/\",\"url\":\"https:\\\/\\\/ayore.org\\\/ayo\\\/culture\\\/teachings\\\/ecarai-davide-jnacari-pota-chise-dacuecaringue-eyugojmai\\\/\",\"name\":\"Ecarai (Davide\u0301) \u2013 Jnacari pota chise dacuecaringue\u0301 eyu\u0301gojmai &#8226; AYOR\u00c9.ORG\",\"isPartOf\":{\"@id\":\"https:\\\/\\\/ayore.org\\\/#website\"},\"datePublished\":\"2019-05-22T02:21:55+00:00\",\"dateModified\":\"2019-05-22T02:21:56+00:00\",\"breadcrumb\":{\"@id\":\"https:\\\/\\\/ayore.org\\\/ayo\\\/culture\\\/teachings\\\/ecarai-davide-jnacari-pota-chise-dacuecaringue-eyugojmai\\\/#breadcrumb\"},\"inLanguage\":\"ayo\",\"potentialAction\":[{\"@type\":\"ReadAction\",\"target\":[\"https:\\\/\\\/ayore.org\\\/ayo\\\/culture\\\/teachings\\\/ecarai-davide-jnacari-pota-chise-dacuecaringue-eyugojmai\\\/\"]}]},{\"@type\":\"BreadcrumbList\",\"@id\":\"https:\\\/\\\/ayore.org\\\/ayo\\\/culture\\\/teachings\\\/ecarai-davide-jnacari-pota-chise-dacuecaringue-eyugojmai\\\/#breadcrumb\",\"itemListElement\":[{\"@type\":\"ListItem\",\"position\":1,\"name\":\"Jogate bajai tu ude\u0301\",\"item\":\"https:\\\/\\\/ayore.org\\\/ayo\\\/\"},{\"@type\":\"ListItem\",\"position\":2,\"name\":\"Ayore\u0301ode adode, angurenone cucha ore\",\"item\":\"https:\\\/\\\/ayore.org\\\/ayo\\\/culture\\\/\"},{\"@type\":\"ListItem\",\"position\":3,\"name\":\"Ayore\u0301ode Acajnaque\u0301ode\",\"item\":\"https:\\\/\\\/ayore.org\\\/ayo\\\/culture\\\/teachings\\\/\"},{\"@type\":\"ListItem\",\"position\":4,\"name\":\"Ecarai (Davide\u0301) \u2013 Jnacari pota chise dacuecaringue\u0301 eyu\u0301gojmai\"}]},{\"@type\":\"WebSite\",\"@id\":\"https:\\\/\\\/ayore.org\\\/#website\",\"url\":\"https:\\\/\\\/ayore.org\\\/\",\"name\":\"AYOR\u00c9.ORG\",\"description\":\"Ayore\u0301ode Uruode, Adode, Jnani bajade ati\u0301go ore \",\"potentialAction\":[{\"@type\":\"SearchAction\",\"target\":{\"@type\":\"EntryPoint\",\"urlTemplate\":\"https:\\\/\\\/ayore.org\\\/?s={search_term_string}\"},\"query-input\":{\"@type\":\"PropertyValueSpecification\",\"valueRequired\":true,\"valueName\":\"search_term_string\"}}],\"inLanguage\":\"ayo\"}]}<\/script>\n<!-- \/ Yoast SEO plugin. -->","yoast_head_json":{"title":"Ecarai (Davide\u0301) \u2013 Jnacari pota chise dacuecaringue\u0301 eyu\u0301gojmai &#8226; AYOR\u00c9.ORG","robots":{"index":"index","follow":"follow","max-snippet":"max-snippet:-1","max-image-preview":"max-image-preview:large","max-video-preview":"max-video-preview:-1"},"canonical":"https:\/\/ayore.org\/ayo\/culture\/teachings\/ecarai-davide-jnacari-pota-chise-dacuecaringue-eyugojmai\/","og_locale":"en_US","og_type":"article","og_title":"Ecarai (Davide\u0301) \u2013 Jnacari pota chise dacuecaringue\u0301 eyu\u0301gojmai &#8226; AYOR\u00c9.ORG","og_description":"Jnacari pota chiraja cucha damanique jetiga chise pucuecaringu\u00e9 ey\u00fagojmai: (Marcos 10:17)An\u00edri, coj\u00f1oque jnacari u uje chi chojningame Jesute: \u201cJesute \u00e1, \u00bfj\u00e9 cucha yimanique d\u00e9ji rique jetiga yise an\u00edri, pucuecaringu\u00e9 ey\u00fagojmai?\u201d Chojninga: \u201cQue yuj\u00e9 yuj\u00f3rique ayor\u00e9,\u201d chojninga. &nbsp;\u201cQue yiji yurupat\u00e1ringa,\u201d chojninga.","og_url":"https:\/\/ayore.org\/ayo\/culture\/teachings\/ecarai-davide-jnacari-pota-chise-dacuecaringue-eyugojmai\/","og_site_name":"AYOR\u00c9.ORG","article_modified_time":"2019-05-22T02:21:56+00:00","twitter_card":"summary_large_image","twitter_misc":{"Est. reading time":"3 minutes"},"schema":{"@context":"https:\/\/schema.org","@graph":[{"@type":"WebPage","@id":"https:\/\/ayore.org\/ayo\/culture\/teachings\/ecarai-davide-jnacari-pota-chise-dacuecaringue-eyugojmai\/","url":"https:\/\/ayore.org\/ayo\/culture\/teachings\/ecarai-davide-jnacari-pota-chise-dacuecaringue-eyugojmai\/","name":"Ecarai (Davide\u0301) \u2013 Jnacari pota chise dacuecaringue\u0301 eyu\u0301gojmai &#8226; AYOR\u00c9.ORG","isPartOf":{"@id":"https:\/\/ayore.org\/#website"},"datePublished":"2019-05-22T02:21:55+00:00","dateModified":"2019-05-22T02:21:56+00:00","breadcrumb":{"@id":"https:\/\/ayore.org\/ayo\/culture\/teachings\/ecarai-davide-jnacari-pota-chise-dacuecaringue-eyugojmai\/#breadcrumb"},"inLanguage":"ayo","potentialAction":[{"@type":"ReadAction","target":["https:\/\/ayore.org\/ayo\/culture\/teachings\/ecarai-davide-jnacari-pota-chise-dacuecaringue-eyugojmai\/"]}]},{"@type":"BreadcrumbList","@id":"https:\/\/ayore.org\/ayo\/culture\/teachings\/ecarai-davide-jnacari-pota-chise-dacuecaringue-eyugojmai\/#breadcrumb","itemListElement":[{"@type":"ListItem","position":1,"name":"Jogate bajai tu ude\u0301","item":"https:\/\/ayore.org\/ayo\/"},{"@type":"ListItem","position":2,"name":"Ayore\u0301ode adode, angurenone cucha ore","item":"https:\/\/ayore.org\/ayo\/culture\/"},{"@type":"ListItem","position":3,"name":"Ayore\u0301ode Acajnaque\u0301ode","item":"https:\/\/ayore.org\/ayo\/culture\/teachings\/"},{"@type":"ListItem","position":4,"name":"Ecarai (Davide\u0301) \u2013 Jnacari pota chise dacuecaringue\u0301 eyu\u0301gojmai"}]},{"@type":"WebSite","@id":"https:\/\/ayore.org\/#website","url":"https:\/\/ayore.org\/","name":"AYOR\u00c9.ORG","description":"Ayore\u0301ode Uruode, Adode, Jnani bajade ati\u0301go ore ","potentialAction":[{"@type":"SearchAction","target":{"@type":"EntryPoint","urlTemplate":"https:\/\/ayore.org\/?s={search_term_string}"},"query-input":{"@type":"PropertyValueSpecification","valueRequired":true,"valueName":"search_term_string"}}],"inLanguage":"ayo"}]}},"_links":{"self":[{"href":"https:\/\/ayore.org\/ayo\/wp-json\/wp\/v2\/pages\/3932","targetHints":{"allow":["GET"]}}],"collection":[{"href":"https:\/\/ayore.org\/ayo\/wp-json\/wp\/v2\/pages"}],"about":[{"href":"https:\/\/ayore.org\/ayo\/wp-json\/wp\/v2\/types\/page"}],"author":[{"embeddable":true,"href":"https:\/\/ayore.org\/ayo\/wp-json\/wp\/v2\/users\/5"}],"replies":[{"embeddable":true,"href":"https:\/\/ayore.org\/ayo\/wp-json\/wp\/v2\/comments?post=3932"}],"version-history":[{"count":2,"href":"https:\/\/ayore.org\/ayo\/wp-json\/wp\/v2\/pages\/3932\/revisions"}],"predecessor-version":[{"id":3934,"href":"https:\/\/ayore.org\/ayo\/wp-json\/wp\/v2\/pages\/3932\/revisions\/3934"}],"up":[{"embeddable":true,"href":"https:\/\/ayore.org\/ayo\/wp-json\/wp\/v2\/pages\/719"}],"wp:attachment":[{"href":"https:\/\/ayore.org\/ayo\/wp-json\/wp\/v2\/media?parent=3932"}],"curies":[{"name":"wp","href":"https:\/\/api.w.org\/{rel}","templated":true}]}}