{"id":3921,"date":"2019-05-22T01:30:34","date_gmt":"2019-05-22T01:30:34","guid":{"rendered":"https:\/\/ayore.org\/?page_id=3921"},"modified":"2019-05-22T01:30:36","modified_gmt":"2019-05-22T01:30:36","slug":"ecarai-davide-yocajnui-tu-piroque-bisidei-nanique","status":"publish","type":"page","link":"https:\/\/ayore.org\/ayo\/culture\/teachings\/ecarai-davide-yocajnui-tu-piroque-bisidei-nanique\/","title":{"rendered":"Ecarai (Davide\u0301) \u2013 Yocajnui tu piroque bisidei nanique"},"content":{"rendered":"\n<p><strong><em>Uje c\u00e1ma yiraj\u00e1go Dupade enga yicoi yoquir\u00f3s\u00f5ri Satanas iroquei bisid\u00e9gode: <\/em><\/strong><em>(G\u00e1latas 1:6,7)<\/em><br>Yingome uaque Pablo acajnaqu\u00e9ode uje Pablo chacate yoc uje chingo yoque uje c\u00e1ma yiraj\u00e1go Dupade nanique. Chacate yogome yoquisocade. Uje c\u00e1ma yiraj\u00e1go Dupade nanique <em>ga yocajnui tu piroque bisidei<\/em> uje doi dar\u00f3s\u00f5ri iroquei bisid\u00e9gode. Mu uje yiraj\u00e1go Dupade enga yocajnui e upo anire te r\u0129. Cho uj\u00e9ta Dupade abipise yoque.<\/p>\n\n\n\n<p><strong><em>Uje yanguret\u00e1go Jesus iji ejode enga Dupade chimo yoque enga chiraja yoque:<\/em><\/strong><br>Jecute Pablo chojninga: \u201cMu uje e uacaraj\u00e1yo Dupade iji ejode, ga adi j\u00e9 u uje Dupade chiraja uaque uje chimo uaque. \u00bfJ\u00e9 gotique gajner\u0129 a? ujetiga ajn\u00ed\u00f1oja uacate bajade. Ore ate bajade u udore uje ore chetaque Dupade iji taningane nanique. Enga ore chetaque Dupade adode. Ga ore gajnui tu uje que ore chiraja cuch\u00e1rique. <\/p>\n\n\n\n<p>Mu Pablo chingo\nyoque uje yanguret\u00e1go Jesus enga Dupade chimo yoque to enga chiraja yoque to.\nYiraj\u00e1go \u00f1ane, jecute Pablo chingo yoque udojo acajnaqu\u00e9ode.<\/p>\n\n\n\n<p><strong><em>Uje yiraj\u00e1go Dupade enga yos\u1e4dco yocujode ayor\u00e9o to:<\/em><\/strong><br>Pablo chiraja Dupade, jecut\u00e9 chos\u00f5re dojode ayor\u00e9o. Adi u, yiraj\u00e1go Dupade enga yos\u1e4dco yocujode ayor\u00e9o to; enga yingongo Dupade uruode aja \u00f1ane. Enga yicoi Dupade ate omone ome yoque to. Jetiga yacaco \u00f1ane ome Dupade adode, mu Dupade chiraja uje anire, que yiraj\u00e1go cuch\u00e1rique, que yiraj\u00e1go uruode quigode jnese, mu chacate yogome da-Esp\u00edritu Santo enga irasique yoguiji jnumi.<\/p>\n\n\n\n<p><strong><em>Yoquij\u00f5rai u Jesus enga j\u00e9 basa yocai u Day\u00e9 to:<\/em><\/strong><br>Jecute yingongo uaque gajner\u0129 uje Jesuse u yoquij\u00f5rai enga j\u00e9 basa yocai u Day\u00e9 to, Dupade. Jecute yingongo \u00f1ane gajner\u0129 uje Jesuse chi gajnui tu yocatoi, uje yocadi chichag\u00e1raja \u00f1ane iji. Enga uje a Jesuse di ome yoque, enga a yam\u00e1tago yogaja Jesuse, yocur\u00e1guedie aja gat\u00e9 uje jno yoc\u00fadi, yoque uje Jesus cho daoi iji yoque enga yoco yocatoi iji ut\u00e9. Jecute Pablo chingo yoque unojo dacajnaqu\u00e9ode ujetiga yacaco \u00f1ane ome Jesuse adode to. Enga yicoi Dupade iroqu\u00e9ode to gajner\u0129. <\/p>\n\n\n\n<p><strong><em>J\u00e9 ca yajn\u00edngopo aja yocate bajade r\u0129:<\/em><\/strong><br>Jecute chojninga: \u201c\u00bfJ\u00e9 gotinguiringuip\u00edse iji gajner\u0129 a? ujeta ajn\u00ed\u00f1opo aja uacate bajade r\u0129.\u201d Pablo acajnaqu\u00e9ode u udojo ome yoque.<\/p>\n\n\n\n<p>Jesus chiraja\nuje petingaraque yoque enga j\u00e9 u uje yotig\u00e1co uru ur\u00e9one.<\/p>\n\n\n\n<p><em>Ecarai \u2013 Tobit\u00e9, Bolivia \u2013 1960<\/em><br><em>Marina de Morarie chur\u00fas\u00e3re Ecarai acajnaqu\u00e9ode udojo nanique<\/em><\/p>\n\n\n<div class=\"navigation\"><div class=\"alignleft\"><a href=\"https:\/\/ayore.org\/ayo\/culture\/teachings\/ecarai-davide-yijnorango-n%cc%83ane-iji-jnumi\/\"title=\"Ecarai (Davide\u0301) \u2013 Yijn\u00f3rango n\u0303ane iji jnumi\"><img loading=\"lazy\" decoding=\"async\" src=\"https:\/\/ayore.org\/wp-content\/uploads\/2018\/10\/left-arrow.png\" width=\"50\" height=\"48\" alt=\"left arrow\"><\/a><\/div><div class=\"alignright\"><a href=\"https:\/\/ayore.org\/ayo\/culture\/teachings\/ecarai-davide-yijinango-ua-aja-gate-ujetiga-ari\/\"title=\"Ecarai (Davide\u0301) \u2013 Yij\u00ednango ua aja gat\u00e9 ujetiga \u00e3ri\"><img loading=\"lazy\" decoding=\"async\" src=\"https:\/\/ayore.org\/wp-content\/uploads\/2018\/10\/right-arrow.png\" width=\"50\" height=\"48\" alt=\"right arrow\"><\/a><\/div>\n","protected":false},"excerpt":{"rendered":"<p>Uje c\u00e1ma yiraj\u00e1go Dupade enga yicoi yoquir\u00f3s\u00f5ri Satanas iroquei bisid\u00e9gode: (G\u00e1latas 1:6,7)Yingome uaque Pablo acajnaqu\u00e9ode uje Pablo chacate yoc uje chingo yoque uje c\u00e1ma yiraj\u00e1go Dupade nanique. Chacate yogome yoquisocade. Uje c\u00e1ma yiraj\u00e1go Dupade nanique ga yocajnui tu piroque bisidei<\/p>\n","protected":false},"author":5,"featured_media":0,"parent":719,"menu_order":0,"comment_status":"closed","ping_status":"closed","template":"","meta":{"footnotes":""},"class_list":["post-3921","page","type-page","status-publish","hentry"],"yoast_head":"<!-- This site is optimized with the Yoast SEO plugin v27.4 - https:\/\/yoast.com\/product\/yoast-seo-wordpress\/ -->\n<title>Ecarai (Davide\u0301) \u2013 Yocajnui tu piroque bisidei nanique &#8226; AYOR\u00c9.ORG<\/title>\n<meta name=\"robots\" content=\"index, follow, max-snippet:-1, max-image-preview:large, max-video-preview:-1\" \/>\n<link rel=\"canonical\" href=\"https:\/\/ayore.org\/ayo\/culture\/teachings\/ecarai-davide-yocajnui-tu-piroque-bisidei-nanique\/\" \/>\n<meta property=\"og:locale\" content=\"en_US\" \/>\n<meta property=\"og:type\" content=\"article\" \/>\n<meta property=\"og:title\" content=\"Ecarai (Davide\u0301) \u2013 Yocajnui tu piroque bisidei nanique &#8226; AYOR\u00c9.ORG\" \/>\n<meta property=\"og:description\" content=\"Uje c\u00e1ma yiraj\u00e1go Dupade enga yicoi yoquir\u00f3s\u00f5ri Satanas iroquei bisid\u00e9gode: (G\u00e1latas 1:6,7)Yingome uaque Pablo acajnaqu\u00e9ode uje Pablo chacate yoc uje chingo yoque uje c\u00e1ma yiraj\u00e1go Dupade nanique. Chacate yogome yoquisocade. Uje c\u00e1ma yiraj\u00e1go Dupade nanique ga yocajnui tu piroque bisidei\" \/>\n<meta property=\"og:url\" content=\"https:\/\/ayore.org\/ayo\/culture\/teachings\/ecarai-davide-yocajnui-tu-piroque-bisidei-nanique\/\" \/>\n<meta property=\"og:site_name\" content=\"AYOR\u00c9.ORG\" \/>\n<meta property=\"article:modified_time\" content=\"2019-05-22T01:30:36+00:00\" \/>\n<meta name=\"twitter:card\" content=\"summary_large_image\" \/>\n<meta name=\"twitter:label1\" content=\"Est. reading time\" \/>\n\t<meta name=\"twitter:data1\" content=\"2 minutes\" \/>\n<script type=\"application\/ld+json\" class=\"yoast-schema-graph\">{\"@context\":\"https:\\\/\\\/schema.org\",\"@graph\":[{\"@type\":\"WebPage\",\"@id\":\"https:\\\/\\\/ayore.org\\\/ayo\\\/culture\\\/teachings\\\/ecarai-davide-yocajnui-tu-piroque-bisidei-nanique\\\/\",\"url\":\"https:\\\/\\\/ayore.org\\\/ayo\\\/culture\\\/teachings\\\/ecarai-davide-yocajnui-tu-piroque-bisidei-nanique\\\/\",\"name\":\"Ecarai (Davide\u0301) \u2013 Yocajnui tu piroque bisidei nanique &#8226; AYOR\u00c9.ORG\",\"isPartOf\":{\"@id\":\"https:\\\/\\\/ayore.org\\\/#website\"},\"datePublished\":\"2019-05-22T01:30:34+00:00\",\"dateModified\":\"2019-05-22T01:30:36+00:00\",\"breadcrumb\":{\"@id\":\"https:\\\/\\\/ayore.org\\\/ayo\\\/culture\\\/teachings\\\/ecarai-davide-yocajnui-tu-piroque-bisidei-nanique\\\/#breadcrumb\"},\"inLanguage\":\"ayo\",\"potentialAction\":[{\"@type\":\"ReadAction\",\"target\":[\"https:\\\/\\\/ayore.org\\\/ayo\\\/culture\\\/teachings\\\/ecarai-davide-yocajnui-tu-piroque-bisidei-nanique\\\/\"]}]},{\"@type\":\"BreadcrumbList\",\"@id\":\"https:\\\/\\\/ayore.org\\\/ayo\\\/culture\\\/teachings\\\/ecarai-davide-yocajnui-tu-piroque-bisidei-nanique\\\/#breadcrumb\",\"itemListElement\":[{\"@type\":\"ListItem\",\"position\":1,\"name\":\"Jogate bajai tu ude\u0301\",\"item\":\"https:\\\/\\\/ayore.org\\\/ayo\\\/\"},{\"@type\":\"ListItem\",\"position\":2,\"name\":\"Ayore\u0301ode adode, angurenone cucha ore\",\"item\":\"https:\\\/\\\/ayore.org\\\/ayo\\\/culture\\\/\"},{\"@type\":\"ListItem\",\"position\":3,\"name\":\"Ayore\u0301ode Acajnaque\u0301ode\",\"item\":\"https:\\\/\\\/ayore.org\\\/ayo\\\/culture\\\/teachings\\\/\"},{\"@type\":\"ListItem\",\"position\":4,\"name\":\"Ecarai (Davide\u0301) \u2013 Yocajnui tu piroque bisidei nanique\"}]},{\"@type\":\"WebSite\",\"@id\":\"https:\\\/\\\/ayore.org\\\/#website\",\"url\":\"https:\\\/\\\/ayore.org\\\/\",\"name\":\"AYOR\u00c9.ORG\",\"description\":\"Ayore\u0301ode Uruode, Adode, Jnani bajade ati\u0301go ore \",\"potentialAction\":[{\"@type\":\"SearchAction\",\"target\":{\"@type\":\"EntryPoint\",\"urlTemplate\":\"https:\\\/\\\/ayore.org\\\/?s={search_term_string}\"},\"query-input\":{\"@type\":\"PropertyValueSpecification\",\"valueRequired\":true,\"valueName\":\"search_term_string\"}}],\"inLanguage\":\"ayo\"}]}<\/script>\n<!-- \/ Yoast SEO plugin. -->","yoast_head_json":{"title":"Ecarai (Davide\u0301) \u2013 Yocajnui tu piroque bisidei nanique &#8226; AYOR\u00c9.ORG","robots":{"index":"index","follow":"follow","max-snippet":"max-snippet:-1","max-image-preview":"max-image-preview:large","max-video-preview":"max-video-preview:-1"},"canonical":"https:\/\/ayore.org\/ayo\/culture\/teachings\/ecarai-davide-yocajnui-tu-piroque-bisidei-nanique\/","og_locale":"en_US","og_type":"article","og_title":"Ecarai (Davide\u0301) \u2013 Yocajnui tu piroque bisidei nanique &#8226; AYOR\u00c9.ORG","og_description":"Uje c\u00e1ma yiraj\u00e1go Dupade enga yicoi yoquir\u00f3s\u00f5ri Satanas iroquei bisid\u00e9gode: (G\u00e1latas 1:6,7)Yingome uaque Pablo acajnaqu\u00e9ode uje Pablo chacate yoc uje chingo yoque uje c\u00e1ma yiraj\u00e1go Dupade nanique. Chacate yogome yoquisocade. Uje c\u00e1ma yiraj\u00e1go Dupade nanique ga yocajnui tu piroque bisidei","og_url":"https:\/\/ayore.org\/ayo\/culture\/teachings\/ecarai-davide-yocajnui-tu-piroque-bisidei-nanique\/","og_site_name":"AYOR\u00c9.ORG","article_modified_time":"2019-05-22T01:30:36+00:00","twitter_card":"summary_large_image","twitter_misc":{"Est. reading time":"2 minutes"},"schema":{"@context":"https:\/\/schema.org","@graph":[{"@type":"WebPage","@id":"https:\/\/ayore.org\/ayo\/culture\/teachings\/ecarai-davide-yocajnui-tu-piroque-bisidei-nanique\/","url":"https:\/\/ayore.org\/ayo\/culture\/teachings\/ecarai-davide-yocajnui-tu-piroque-bisidei-nanique\/","name":"Ecarai (Davide\u0301) \u2013 Yocajnui tu piroque bisidei nanique &#8226; AYOR\u00c9.ORG","isPartOf":{"@id":"https:\/\/ayore.org\/#website"},"datePublished":"2019-05-22T01:30:34+00:00","dateModified":"2019-05-22T01:30:36+00:00","breadcrumb":{"@id":"https:\/\/ayore.org\/ayo\/culture\/teachings\/ecarai-davide-yocajnui-tu-piroque-bisidei-nanique\/#breadcrumb"},"inLanguage":"ayo","potentialAction":[{"@type":"ReadAction","target":["https:\/\/ayore.org\/ayo\/culture\/teachings\/ecarai-davide-yocajnui-tu-piroque-bisidei-nanique\/"]}]},{"@type":"BreadcrumbList","@id":"https:\/\/ayore.org\/ayo\/culture\/teachings\/ecarai-davide-yocajnui-tu-piroque-bisidei-nanique\/#breadcrumb","itemListElement":[{"@type":"ListItem","position":1,"name":"Jogate bajai tu ude\u0301","item":"https:\/\/ayore.org\/ayo\/"},{"@type":"ListItem","position":2,"name":"Ayore\u0301ode adode, angurenone cucha ore","item":"https:\/\/ayore.org\/ayo\/culture\/"},{"@type":"ListItem","position":3,"name":"Ayore\u0301ode Acajnaque\u0301ode","item":"https:\/\/ayore.org\/ayo\/culture\/teachings\/"},{"@type":"ListItem","position":4,"name":"Ecarai (Davide\u0301) \u2013 Yocajnui tu piroque bisidei nanique"}]},{"@type":"WebSite","@id":"https:\/\/ayore.org\/#website","url":"https:\/\/ayore.org\/","name":"AYOR\u00c9.ORG","description":"Ayore\u0301ode Uruode, Adode, Jnani bajade ati\u0301go ore ","potentialAction":[{"@type":"SearchAction","target":{"@type":"EntryPoint","urlTemplate":"https:\/\/ayore.org\/?s={search_term_string}"},"query-input":{"@type":"PropertyValueSpecification","valueRequired":true,"valueName":"search_term_string"}}],"inLanguage":"ayo"}]}},"_links":{"self":[{"href":"https:\/\/ayore.org\/ayo\/wp-json\/wp\/v2\/pages\/3921","targetHints":{"allow":["GET"]}}],"collection":[{"href":"https:\/\/ayore.org\/ayo\/wp-json\/wp\/v2\/pages"}],"about":[{"href":"https:\/\/ayore.org\/ayo\/wp-json\/wp\/v2\/types\/page"}],"author":[{"embeddable":true,"href":"https:\/\/ayore.org\/ayo\/wp-json\/wp\/v2\/users\/5"}],"replies":[{"embeddable":true,"href":"https:\/\/ayore.org\/ayo\/wp-json\/wp\/v2\/comments?post=3921"}],"version-history":[{"count":1,"href":"https:\/\/ayore.org\/ayo\/wp-json\/wp\/v2\/pages\/3921\/revisions"}],"predecessor-version":[{"id":3922,"href":"https:\/\/ayore.org\/ayo\/wp-json\/wp\/v2\/pages\/3921\/revisions\/3922"}],"up":[{"embeddable":true,"href":"https:\/\/ayore.org\/ayo\/wp-json\/wp\/v2\/pages\/719"}],"wp:attachment":[{"href":"https:\/\/ayore.org\/ayo\/wp-json\/wp\/v2\/media?parent=3921"}],"curies":[{"name":"wp","href":"https:\/\/api.w.org\/{rel}","templated":true}]}}