{"id":3916,"date":"2019-05-22T01:15:39","date_gmt":"2019-05-22T01:15:39","guid":{"rendered":"https:\/\/ayore.org\/?page_id=3916"},"modified":"2019-05-22T01:15:41","modified_gmt":"2019-05-22T01:15:41","slug":"ecarai-davide-yijnorango-n%cc%83ane-iji-jnumi","status":"publish","type":"page","link":"https:\/\/ayore.org\/ayo\/culture\/teachings\/ecarai-davide-yijnorango-n%cc%83ane-iji-jnumi\/","title":{"rendered":"Ecarai (Davide\u0301) \u2013 Yijn\u00f3rango n\u0303ane iji jnumi"},"content":{"rendered":"\n<p><strong><em>Ecarai catec\u00e3\u0301ri Dupade:<\/em><\/strong><br>\u00c1taja yoque ujetiga yijn\u00f3rango \u00f1ane iji jnumi gajner\u0129, enga ca yim\u00f3ngo pajei dot\u00e1ningane ome \u00f1ane gajner\u0129, <a><em>Yoqui-Dupade<\/em><\/a>, iji de jnumi uje qu\u00e9 yug\u00facoji, <em>Yoqui-Dupade<\/em>.<\/p>\n\n\n\n<p>Icatec\u00e3\u0301ri\nua ujetiga ajnime Satanas p\u00edode cucha gajnar\u00e9cho iji ayor\u00e9ode yocujade,\nbangures\u00f3rone ore uyoguiji ne, <em>Yoqui-Dupade<\/em>.\nEnga aru yocaj\u00e9ode gajner\u0129 ome bangures\u00f3rone ga ichapise oraj\u00e9ode, <em>Yoqui-Dupade<\/em>. Iraja uje Satanase etoque ga ujopie p\u00edode et\u00f3cho, mu, <em>Yoqui-Dupade<\/em>, icatec\u00e3\u0301ri ua jetiga adot\u00e1pise\nyoque to, <em>Yoqui-Dupade<\/em>. Enga ca\nyibac\u00f3ja Satanase jmainie to gajner\u0129 jetiga chetingare yoque. <\/p>\n\n\n\n<p><em>Yoqui-Dupade<\/em>, \u00e1taja gapudi\u0301e gajner\u0129 uje ore changureta ua. \u00c1taja chequedi\u0301e gajner\u0129 uje ore changureta ua, jnanione uje ore changureta ua, ga arodipise ore gajner\u0129, enga j\u00e9 ca u\u00f1eque cho caru ome baruode, <em>Yoqui-Dupade<\/em>, jetiga ore tang\u00e3ri ua.<\/p>\n\n\n\n<p>Icatec\u00e3\u0301ri ua ome Igu\u00edjnam\u00fain\u00e9\nore uje ore changureta ua, ga ore pota jeta ore chijn\u00f3rapise ua, <em>Yoqui-Dupade<\/em>, ga ore chijn\u00f3ra darasade\nga ore chijn\u00f3ra bajnoraquei aja darasade to, <em>Yoqui-Dupade<\/em>, enga ore chijn\u00f3ra \u00f1ane iji jnumi.<\/p>\n\n\n\n<p>Yicatec\u00e3\u0301ri ua ome yocurasade\nto iji Tobit\u00e9 uje que yimo jetiga ore doi badode tome yocurasade ore, mu gusu\nua uje baraja cuchade, <em>Yoqui-Dupade<\/em>.\nYicatec\u00e3\u0301ri ua gajner\u0129 ujetiga \u00e1taja u\u00f1eque jeta u\u00f1eque chacate ore ome\nbaruode iji guidai jne. Enga etoguipise ore jnese to gajner\u0129, <em>Yoqui-Dupade<\/em>. <\/p>\n\n\n\n<p>\u00c1taja yoque jnese iji gajner\u0129\niji dejai tun\u00e9 \u00fadode. Ga acha bajmainie, bajopi\u00e9 yoquib\u00e1yode jnese iji dati\njnenga yicap\u00f3ji diri jnese, <em>Yoqui-Dupade<\/em>.\n<\/p>\n\n\n\n<p>Jecute yicatec\u00e3\u0301ri ua gajner\u0129\nome cuchade jnese ome bajnacari Jesuse i. Am\u1ebd.<\/p>\n\n\n\n<p><strong><em>Ecarai cho \u2018Ame\u0303\u0301\u2019 quique ome ore:<\/em><\/strong><br>\u00bfJa arajayo gotique uje ojn\u00edjo \u2018ame\u0303\u0301? Que yimo jetiga araj\u00e1go uje yojnijo \u2018ame\u0303\u0301\u2019. \u2018Ame\u0303\u0301 qui tu gu uje yimes\u1ebd\u0301co \u00f1ane, yimes\u1ebd\u0301co gosi an\u00edrone, oj\u00f1ane ga yojn\u00edjo \u2018\u00a1yiraja!\u2019 Yiraj\u00e1go gu uje yimes\u1ebdco jnese ga yojn\u00edjo \u00a1yiraja! Enga j\u00e9 adi j\u00e9 u uje ojn\u00edjo \u2018ame\u0303\u0301 ga uacaraj\u00e1yo an\u00edrone. Que yiraja yuru quigode ga uacames\u1ebdcho ga jecute uacojnicho \u2018ame\u0303\u0301. Ga gajnui jec u uje uacojnicho \u2018\u00a1yiraja!\u2019 Enga j\u00e9 u uje ojnijo \u2018ame\u0303\u0301.<\/p>\n\n\n\n<p><em>Ecarai \u2013 Rincon de Tigre, Bolivia \u2013 1960<\/em><br>Marina de Morarie churu\u0301sa\u0303re Ecarai uruode udojo nanique<\/p>\n\n\n<div class=\"navigation\"><div class=\"alignleft\"><a href=\"https:\/\/ayore.org\/ayo\/culture\/teachings\/ecarai-davide-bajopie-tu-uje-deji-yocajei\/\"title=\"Ecarai (Davide\u0301) \u2013 Bajopi\u00e9 tu uje d\u00e9ji yocajei\"><img loading=\"lazy\" decoding=\"async\" src=\"https:\/\/ayore.org\/wp-content\/uploads\/2018\/10\/left-arrow.png\" width=\"50\" height=\"48\" alt=\"left arrow\"><\/a><\/div><div class=\"alignright\"><a href=\"https:\/\/ayore.org\/ayo\/culture\/teachings\/ecarai-davide-yocajnui-tu-piroque-bisidei-nanique\/\"title=\"Ecarai (Davide\u0301) \u2013 Yocajnui tu piroque bisidei nanique\"><img loading=\"lazy\" decoding=\"async\" src=\"https:\/\/ayore.org\/wp-content\/uploads\/2018\/10\/right-arrow.png\" width=\"50\" height=\"48\" alt=\"right arrow\"><\/a><\/div>\n","protected":false},"excerpt":{"rendered":"<p>Ecarai catec\u00e3\u0301ri Dupade:\u00c1taja yoque ujetiga yijn\u00f3rango \u00f1ane iji jnumi gajner\u0129, enga ca yim\u00f3ngo pajei dot\u00e1ningane ome \u00f1ane gajner\u0129, Yoqui-Dupade, iji de jnumi uje qu\u00e9 yug\u00facoji, Yoqui-Dupade. Icatec\u00e3\u0301ri ua ujetiga ajnime Satanas p\u00edode cucha gajnar\u00e9cho iji ayor\u00e9ode yocujade, bangures\u00f3rone ore uyoguiji<\/p>\n","protected":false},"author":5,"featured_media":0,"parent":719,"menu_order":0,"comment_status":"closed","ping_status":"closed","template":"","meta":{"footnotes":""},"class_list":["post-3916","page","type-page","status-publish","hentry"],"yoast_head":"<!-- This site is optimized with the Yoast SEO plugin v27.4 - https:\/\/yoast.com\/product\/yoast-seo-wordpress\/ -->\n<title>Ecarai (Davide\u0301) \u2013 Yijn\u00f3rango n\u0303ane iji jnumi &#8226; AYOR\u00c9.ORG<\/title>\n<meta name=\"robots\" content=\"index, follow, max-snippet:-1, max-image-preview:large, max-video-preview:-1\" \/>\n<link rel=\"canonical\" href=\"https:\/\/ayore.org\/ayo\/culture\/teachings\/ecarai-davide-yijnorango-n\u0303ane-iji-jnumi\/\" \/>\n<meta property=\"og:locale\" content=\"en_US\" \/>\n<meta property=\"og:type\" content=\"article\" \/>\n<meta property=\"og:title\" content=\"Ecarai (Davide\u0301) \u2013 Yijn\u00f3rango n\u0303ane iji jnumi &#8226; AYOR\u00c9.ORG\" \/>\n<meta property=\"og:description\" content=\"Ecarai catec\u00e3\u0301ri Dupade:\u00c1taja yoque ujetiga yijn\u00f3rango \u00f1ane iji jnumi gajner\u0129, enga ca yim\u00f3ngo pajei dot\u00e1ningane ome \u00f1ane gajner\u0129, Yoqui-Dupade, iji de jnumi uje qu\u00e9 yug\u00facoji, Yoqui-Dupade. Icatec\u00e3\u0301ri ua ujetiga ajnime Satanas p\u00edode cucha gajnar\u00e9cho iji ayor\u00e9ode yocujade, bangures\u00f3rone ore uyoguiji\" \/>\n<meta property=\"og:url\" content=\"https:\/\/ayore.org\/ayo\/culture\/teachings\/ecarai-davide-yijnorango-n\u0303ane-iji-jnumi\/\" \/>\n<meta property=\"og:site_name\" content=\"AYOR\u00c9.ORG\" \/>\n<meta property=\"article:modified_time\" content=\"2019-05-22T01:15:41+00:00\" \/>\n<meta name=\"twitter:card\" content=\"summary_large_image\" \/>\n<meta name=\"twitter:label1\" content=\"Est. reading time\" \/>\n\t<meta name=\"twitter:data1\" content=\"2 minutes\" \/>\n<script type=\"application\/ld+json\" class=\"yoast-schema-graph\">{\"@context\":\"https:\\\/\\\/schema.org\",\"@graph\":[{\"@type\":\"WebPage\",\"@id\":\"https:\\\/\\\/ayore.org\\\/ayo\\\/culture\\\/teachings\\\/ecarai-davide-yijnorango-n%cc%83ane-iji-jnumi\\\/\",\"url\":\"https:\\\/\\\/ayore.org\\\/ayo\\\/culture\\\/teachings\\\/ecarai-davide-yijnorango-n%cc%83ane-iji-jnumi\\\/\",\"name\":\"Ecarai (Davide\u0301) \u2013 Yijn\u00f3rango n\u0303ane iji jnumi &#8226; AYOR\u00c9.ORG\",\"isPartOf\":{\"@id\":\"https:\\\/\\\/ayore.org\\\/#website\"},\"datePublished\":\"2019-05-22T01:15:39+00:00\",\"dateModified\":\"2019-05-22T01:15:41+00:00\",\"breadcrumb\":{\"@id\":\"https:\\\/\\\/ayore.org\\\/ayo\\\/culture\\\/teachings\\\/ecarai-davide-yijnorango-n%cc%83ane-iji-jnumi\\\/#breadcrumb\"},\"inLanguage\":\"ayo\",\"potentialAction\":[{\"@type\":\"ReadAction\",\"target\":[\"https:\\\/\\\/ayore.org\\\/ayo\\\/culture\\\/teachings\\\/ecarai-davide-yijnorango-n%cc%83ane-iji-jnumi\\\/\"]}]},{\"@type\":\"BreadcrumbList\",\"@id\":\"https:\\\/\\\/ayore.org\\\/ayo\\\/culture\\\/teachings\\\/ecarai-davide-yijnorango-n%cc%83ane-iji-jnumi\\\/#breadcrumb\",\"itemListElement\":[{\"@type\":\"ListItem\",\"position\":1,\"name\":\"Jogate bajai tu ude\u0301\",\"item\":\"https:\\\/\\\/ayore.org\\\/ayo\\\/\"},{\"@type\":\"ListItem\",\"position\":2,\"name\":\"Ayore\u0301ode adode, angurenone cucha ore\",\"item\":\"https:\\\/\\\/ayore.org\\\/ayo\\\/culture\\\/\"},{\"@type\":\"ListItem\",\"position\":3,\"name\":\"Ayore\u0301ode Acajnaque\u0301ode\",\"item\":\"https:\\\/\\\/ayore.org\\\/ayo\\\/culture\\\/teachings\\\/\"},{\"@type\":\"ListItem\",\"position\":4,\"name\":\"Ecarai (Davide\u0301) \u2013 Yijn\u00f3rango n\u0303ane iji jnumi\"}]},{\"@type\":\"WebSite\",\"@id\":\"https:\\\/\\\/ayore.org\\\/#website\",\"url\":\"https:\\\/\\\/ayore.org\\\/\",\"name\":\"AYOR\u00c9.ORG\",\"description\":\"Ayore\u0301ode Uruode, Adode, Jnani bajade ati\u0301go ore \",\"potentialAction\":[{\"@type\":\"SearchAction\",\"target\":{\"@type\":\"EntryPoint\",\"urlTemplate\":\"https:\\\/\\\/ayore.org\\\/?s={search_term_string}\"},\"query-input\":{\"@type\":\"PropertyValueSpecification\",\"valueRequired\":true,\"valueName\":\"search_term_string\"}}],\"inLanguage\":\"ayo\"}]}<\/script>\n<!-- \/ Yoast SEO plugin. -->","yoast_head_json":{"title":"Ecarai (Davide\u0301) \u2013 Yijn\u00f3rango n\u0303ane iji jnumi &#8226; AYOR\u00c9.ORG","robots":{"index":"index","follow":"follow","max-snippet":"max-snippet:-1","max-image-preview":"max-image-preview:large","max-video-preview":"max-video-preview:-1"},"canonical":"https:\/\/ayore.org\/ayo\/culture\/teachings\/ecarai-davide-yijnorango-n\u0303ane-iji-jnumi\/","og_locale":"en_US","og_type":"article","og_title":"Ecarai (Davide\u0301) \u2013 Yijn\u00f3rango n\u0303ane iji jnumi &#8226; AYOR\u00c9.ORG","og_description":"Ecarai catec\u00e3\u0301ri Dupade:\u00c1taja yoque ujetiga yijn\u00f3rango \u00f1ane iji jnumi gajner\u0129, enga ca yim\u00f3ngo pajei dot\u00e1ningane ome \u00f1ane gajner\u0129, Yoqui-Dupade, iji de jnumi uje qu\u00e9 yug\u00facoji, Yoqui-Dupade. Icatec\u00e3\u0301ri ua ujetiga ajnime Satanas p\u00edode cucha gajnar\u00e9cho iji ayor\u00e9ode yocujade, bangures\u00f3rone ore uyoguiji","og_url":"https:\/\/ayore.org\/ayo\/culture\/teachings\/ecarai-davide-yijnorango-n\u0303ane-iji-jnumi\/","og_site_name":"AYOR\u00c9.ORG","article_modified_time":"2019-05-22T01:15:41+00:00","twitter_card":"summary_large_image","twitter_misc":{"Est. reading time":"2 minutes"},"schema":{"@context":"https:\/\/schema.org","@graph":[{"@type":"WebPage","@id":"https:\/\/ayore.org\/ayo\/culture\/teachings\/ecarai-davide-yijnorango-n%cc%83ane-iji-jnumi\/","url":"https:\/\/ayore.org\/ayo\/culture\/teachings\/ecarai-davide-yijnorango-n%cc%83ane-iji-jnumi\/","name":"Ecarai (Davide\u0301) \u2013 Yijn\u00f3rango n\u0303ane iji jnumi &#8226; AYOR\u00c9.ORG","isPartOf":{"@id":"https:\/\/ayore.org\/#website"},"datePublished":"2019-05-22T01:15:39+00:00","dateModified":"2019-05-22T01:15:41+00:00","breadcrumb":{"@id":"https:\/\/ayore.org\/ayo\/culture\/teachings\/ecarai-davide-yijnorango-n%cc%83ane-iji-jnumi\/#breadcrumb"},"inLanguage":"ayo","potentialAction":[{"@type":"ReadAction","target":["https:\/\/ayore.org\/ayo\/culture\/teachings\/ecarai-davide-yijnorango-n%cc%83ane-iji-jnumi\/"]}]},{"@type":"BreadcrumbList","@id":"https:\/\/ayore.org\/ayo\/culture\/teachings\/ecarai-davide-yijnorango-n%cc%83ane-iji-jnumi\/#breadcrumb","itemListElement":[{"@type":"ListItem","position":1,"name":"Jogate bajai tu ude\u0301","item":"https:\/\/ayore.org\/ayo\/"},{"@type":"ListItem","position":2,"name":"Ayore\u0301ode adode, angurenone cucha ore","item":"https:\/\/ayore.org\/ayo\/culture\/"},{"@type":"ListItem","position":3,"name":"Ayore\u0301ode Acajnaque\u0301ode","item":"https:\/\/ayore.org\/ayo\/culture\/teachings\/"},{"@type":"ListItem","position":4,"name":"Ecarai (Davide\u0301) \u2013 Yijn\u00f3rango n\u0303ane iji jnumi"}]},{"@type":"WebSite","@id":"https:\/\/ayore.org\/#website","url":"https:\/\/ayore.org\/","name":"AYOR\u00c9.ORG","description":"Ayore\u0301ode Uruode, Adode, Jnani bajade ati\u0301go ore ","potentialAction":[{"@type":"SearchAction","target":{"@type":"EntryPoint","urlTemplate":"https:\/\/ayore.org\/?s={search_term_string}"},"query-input":{"@type":"PropertyValueSpecification","valueRequired":true,"valueName":"search_term_string"}}],"inLanguage":"ayo"}]}},"_links":{"self":[{"href":"https:\/\/ayore.org\/ayo\/wp-json\/wp\/v2\/pages\/3916","targetHints":{"allow":["GET"]}}],"collection":[{"href":"https:\/\/ayore.org\/ayo\/wp-json\/wp\/v2\/pages"}],"about":[{"href":"https:\/\/ayore.org\/ayo\/wp-json\/wp\/v2\/types\/page"}],"author":[{"embeddable":true,"href":"https:\/\/ayore.org\/ayo\/wp-json\/wp\/v2\/users\/5"}],"replies":[{"embeddable":true,"href":"https:\/\/ayore.org\/ayo\/wp-json\/wp\/v2\/comments?post=3916"}],"version-history":[{"count":1,"href":"https:\/\/ayore.org\/ayo\/wp-json\/wp\/v2\/pages\/3916\/revisions"}],"predecessor-version":[{"id":3917,"href":"https:\/\/ayore.org\/ayo\/wp-json\/wp\/v2\/pages\/3916\/revisions\/3917"}],"up":[{"embeddable":true,"href":"https:\/\/ayore.org\/ayo\/wp-json\/wp\/v2\/pages\/719"}],"wp:attachment":[{"href":"https:\/\/ayore.org\/ayo\/wp-json\/wp\/v2\/media?parent=3916"}],"curies":[{"name":"wp","href":"https:\/\/api.w.org\/{rel}","templated":true}]}}