{"id":3903,"date":"2019-05-21T16:58:06","date_gmt":"2019-05-21T16:58:06","guid":{"rendered":"https:\/\/ayore.org\/?page_id=3903"},"modified":"2019-05-21T16:58:08","modified_gmt":"2019-05-21T16:58:08","slug":"ecarai-davide-ore-pota-jeta-ore-chata-cuchadaja-uaque","status":"publish","type":"page","link":"https:\/\/ayore.org\/ayo\/culture\/teachings\/ecarai-davide-ore-pota-jeta-ore-chata-cuchadaja-uaque\/","title":{"rendered":"Ecarai (Davide\u0301) \u2013 Ore pota jeta ore ch\u00e1ta cuch\u00e1daja uaque"},"content":{"rendered":"\n<p>Mu uacad\u00facho\nuje yocurasade Pablo ore chic\u00e1ji uhuaque, chacate uac ome Dupade Uruode mu c\u00e1ma\nore chiraja yocuruode go. Mu ore pota jeta ore ch\u00e1ta cuch\u00e1daja uhuaque. Enga\njecute ore tibidi cucha pibosode. Ore chos\u00f5re uac ome. Enga ca ore cho\nuguchar\u00e3i uje c\u00e3ra dabosode ome jnani jmatai L\u00e1zaro nanique, enga c\u00e3rap\u00fasu ga\nque chisi dej\u00f3riguiji. Que Dupade os\u00f5raquei d\u00e9ji uguchar\u00e1i ut\u00e9 ajei gu. Dupade\nijnoraquei que d\u00e9ji ajei tome dojo ayor\u00e9 gotic. Mu yocurasade Pablo ore ga ore\nchijn\u00f3ra uac, jecute ore chucu\u00e9 dasoca ome uaque.<\/p>\n\n\n\n<p><strong><em>Yud\u00faco ica uje chi chaguhei chejna uac enga yicatec\u00e3coi Dupade ome uaque:<\/em><\/strong><br>Yud\u00faco ica iji yoquidai Tobit\u00e9 uje chi don Pablo chojninga: \u201cYos\u00f5ripise ore uje que ore pot\u00edgo cuse,\u201d chojninga.<\/p>\n\n\n\n<p>&nbsp;Mu yicatec\u00e3coi Dupade. \u00bfJ\u00e9 ad\u00facho\nyicatec\u00e3raitigade to a? iji ud\u00e9 m\u00e1quinane (radio) ujetiga Dupade chucu\u00e9\ndasoc\u00e1ringome uhuaque ga chucu\u00e9 uacabot\u00edgo, ome angaran\u00e9 (radio). Mu\na Dupade chudute yicatec\u00e3raitigade, jecute chucu\u00e9 pibosode iji ta Tobit\u00e9, ga a ore\nchisi ome uac. Mu j\u00e9 basa ga chic\u00e1ji ne. Enga u uje Dupade chos\u00f5re\ndanguretas\u00f3rone ore gu ome chaguhei. Chos\u00f5re er\u00e1mone yoquejnar\u00e9ngone ga\nchisiome dajopi\u00e9 tome danguretas\u00f3rone jeta ore catec\u00e3\u0301ri Dupade iji\nejnaretade gai, &nbsp;ga chiqueta ore. Mu ore\nchiqueta ore gu uje ore changuretapise Dupade.<\/p>\n\n\n\n<p>Gosi iji\nuaque ujetiga acatec\u00e3\u0301ri Dupade enga angureta Dupade enga ojninga: \u201cDupade \u00e1,\nyingome ua jeta \u00e3ro yisijnaringu\u00e9one enga be yicatec\u00e3raitigade enga aqueta yu\ntenga.\u201d <\/p>\n\n\n\n<p>Ujetiga\nacatec\u00e3\u0301ri Dupade ome bojode ayor\u00e9o ga, Dupade j\u00e9 u uje doi bacatec\u00e3raitigade\nome ore. Mu que picatec\u00e3raite Dupade ome jnaropi\u00e9 jogon\u00f3rone ore. Ore no\u00f1ome\nd\u00e1ringai ayor\u00e9 gu. <\/p>\n\n\n\n<p><strong><em>Yocajnai a u Yocangar\u00e1dejnai Jesus ome ao gatemin\u00f3ri jne:<\/em><\/strong><br>E no\u00f1a ga uje Satan\u00e1s e chijna ore \u00fadode enga que qu\u00e9 Dupade quitique cuse ome ore go. Que p\u00faringai ayor\u00e9 cuse enga que ucuegoi \u00e1yipie iji jnumi. <\/p>\n\n\n\n<p>Mu que\nyim\u00f3ngo jeta j\u00e9 Dupade up\u00fasu gu yoc\u00faringai ayor\u00e9 jne. <em>(1\nCorintios 15:48,49)<\/em><strong><\/strong><\/p>\n\n\n\n<p>Que ayor\u00e9\nch\u00e9c\u00e3re datique uje yicopo u\u00f1ane iji gatajnoquei r\u0129. Que u\u00f1eque ch\u00e9c\u00e3re\ndatique uje \u0169r\u00e9pise.<\/p>\n\n\n\n<p><strong><em>Dupade pota jeta yajnerangome acajnaqu\u00e9ode ome yocur\u00e1sarigo:<\/em><\/strong><br>Ujetiga angureta Dupade enga a an\u00f3ninga yacajnaqu\u00e9ode, mu ore u\u00f1ane a ore chicad\u00edgui. Jecute j\u00e9 u\u00f1eque pota chacate yocurasade to, mu a ca togome ore uje que ore chiraja yacajnaqu\u00e9ode gu. Ore chib\u00e9ro y\u00faode enga que un\u00e9ningai cuse gotique ome ore. Mu yaj\u00e9ode u jetiga ore chin\u00f3ninga yacajnaqu\u00e9ode enga socaseti yij\u00ed\u00f1ome iji guidai te ga, enga ore chajnerame yacajnaqu\u00e9ode ome dar\u00e1sarigo.<\/p>\n\n\n\n<p>Que yimo jeta\nyi Dupade Uruode \u00fadi iji er\u00e1mi, uje uacam\u00f3\u00f1o uje que yiraja jeta y\u00e1carap\u00f3ji\nguidai to r\u0129. Mu a yiji Dupade Uruode iji er\u00e1mi to, enga a Dupade no\u00f1ome\nyocu\u00f1\u00e9ngo jeta chacate yurasade ore iji yidai. J\u00e9 basa ga yocu\u00f1\u00e9ngo jno Dupade\nUruode \u00fadi ome uhuaque jeta ad\u00facho Dupade Uruode ome yoquibijnanone to, enga\nyoquirasique \u00f1ane jetiga Dupade ch\u0129ro yoquisijnaringu\u00e9one iji yocaj\u00e9ode iji\ner\u00e1mi. <\/p>\n\n\n\n<p><strong><em>A yejn\u00e1ngo y\u00f3gome Dupade Uruode enga yoquirasique \u00f1ane:<\/em><\/strong><br>Yoquicatec\u00e3raitigade ome Dupade, ise ga chise er\u00e1mi. Jecute yicatec\u00e3coi ome uhuaque nanique jetiga ac\u00e1yo aja coj\u00f1one. Jetiga quigade ga yac\u00e1go aja coj\u00f1one jnese, ayor\u00e9ode uyoque. Mu quigade ga amiri tu jetiga anguret\u00e1go Dupade. A yejn\u00e1ngo y\u00f3gome Dupade Uruode enga yoquirasique \u00f1ane. Yij\u00ednango \u00f1ane aja yoquigu\u00edjnane enga a yis\u00edngome \u00f1ane yoquibosode. D\u00e9ji Dupade uruode iji San Pablo urusarane uje chojninga: <em>(Romanos 12:13)<\/em><\/p>\n\n\n\n<p><strong><em>Gusu ore uje Dupade ch\u0129ro ore isijnaringu\u00e9one uje ore chise gatajnoquei:<\/em><\/strong><br>Que ayor\u00e9raque chac\u00e1ja Dupade idai bisideque go. Gusu uje Dupade ch\u0129ro isijnaringu\u00e9one ome Jesucr\u00edsto iyoi, ga quene p\u00e9su isec\u00e3r\u00e1tigai tiji ore ga jec \u0169r\u00e9 jno ore \u00fadi aja gatajnoquei. A araja Dupade Uruode; a acatec\u00e3\u0301ri Dupade; mu baraja jetiga araj\u00e1yo iradedie, mu que cuch\u00e1rique t\u1e4draji go. Dupade Uruode qui u mu gosi uje changureta Dupade Ujnacari Jesus, ga chingo raja jeta ch\u0129ro isijnaringu\u00e9one, enga quene jogadi tu jeta Dupade jno gosi \u00fadi. Que jno b\u00e1di go jeta araja Dupade Uruode. Que jno b\u00e1di go jeta araja Dupade iradedie. Jetiga aj\u00f1ecare aja bajes\u00faode ga be Dupade iradedie, mu Dupade que jno b\u00e1di gu udore go. Gusu jeta angureta Dupade Ujnacari Jesute uje t\u1ebdra re ome ua, ga jec u uje jno b\u00e1di aja gatajnoquei to jne. Ut\u00e9 u gu uj\u00e9 toji curesei gai nanique enga ch\u00f3jne ome dayoi ome yoque ujetiga bisidi u iyoi ome yoquisijnaringu\u00e9one. Jesute t\u1ebdra re ome yoque ujetiga cho yoquisijnaringu\u00e9one or\u00e9. Jecute be enga as\u00edome ua ome ut\u00e9.<\/p>\n\n\n\n<p><strong><em>Uje gosi ar\u00e9guiji dejnar\u00e9ngone, ga ij\u00f5re, ga tijode cho pujn\u00faringo:<\/em><\/strong><br>A unere yui jetiga ayorei chise d\u00e1ring\u00e1rique ayor\u00e9 ij\u00f5re jeta ejnaretac. Unere yui ome yaj\u00e9ode. Jec \u0169r\u00e9 yu. Mu un\u00e9rapo yui to r\u0129 jeta yicopo Dupade idai tenga, yimongo yoc\u00faringane ayor\u00e9 ij\u00f5re iji ut\u00e9. Enga jec u uje gosi ar\u00e9guiji dejnar\u00e9ngone, ga ij\u00f5re, ga tijode cho pujn\u00faringo. J\u00e9 basa ga ejnaretaque enga \u00faringai ayor\u00e9, tijode p\u00e9nu, enga adi jec u jeta uhuaque gosi chic\u00e1ji an\u00edri, gatajnoquei, enga chise dacuecaringuei tiji ta Dupade guerani te, ga tijode cho jn\u00e1ngome uje ij\u00f5re gosi.<\/p>\n\n\n\n<p>Mu gosi uje\nchic\u00e1ji jnaropi\u00e9 te ga, gosi uje gajnui ud\u00e9 dequejnar\u00e9ngone uniri jnupe ga\nchacho j\u00f3roque dejnar\u00e9ngone. Chacho jnupuchade uje chigase. Chacho debiedie.\nUnojo ujetiga ca angureta Dupade to enga baqui obir\u00e9jnai u qui jogadi ut\u00e9. J\u00e9\nbasa ga baqui obir\u00e9jnai, ujeta angureta Dupade, a u Dupade idai jne.<\/p>\n\n\n\n<p><strong><em>Ecarai cho quique jnumi ich\u00e1rique isocade ome ore:<\/em><\/strong><br>Dupade chi jno dangures\u00f3rone \u00fadi enga ch\u00e9c\u00e3re ore aja gatajnoquei. Mu cha jnumi tud\u00e9 gai, mu pesapo jnumi ueratigai r\u0129, enga chat\u0129repo dangures\u00f3rone taja jnumi ichai tun\u00e9 r\u0129. Enga ore chopo dedai iji jnumi tun\u00e9 r\u0129 uje \u00edjnoque dequejnar\u00e9ngone iji, \u00edjnoque pajei dot\u00e1ningane.<\/p>\n\n\n\n<p>Que yim\u00f3ngo\nmu Dupade Uruode qui u uje a ch\u00e9c\u00e3re danguretas\u00f3rone aja gatajnoquei, mu qu\u00e9\ncha\u00f1uru jnumi gai bajaque. P\u00e9su jnup ichai, p\u00e9su gat\u00e9 icha r\u0129. Gaidi u jeta\nchat\u0129repo ayor\u00e9ode ore aja ore unirone r\u0129. Que yimo jeta chat\u0129re y\u00f3gaja\nyocunir\u00edpisode jne. Mu Dupade Uruode qui u. A chat\u0129re u\u00e1gaja uacaniri tun\u00e9.\nJ\u00e9 basa ga chatire y\u00f3gaja Tobit\u00e9. Mu que yim\u00f3ngopo dequejnar\u00e9tique gotique r\u0129.\n<em>(Isaias 65:17)<\/em><\/p>\n\n\n\n<p>J\u00e9 uacam\u00f3\u00f1o\njnani bajai, yoc\u00e3rapi Ad\u00e3, acot\u00e9 \u00c9ba ore. Chi Dupade chis\u00edome dejnaque ueradi\nome ore jeta ore tagu adie, mu ore p\u00e9su cucha gajnar\u00e9ngone, enga Dupade\nchij\u00f3c\u00e3re ore iji dejnai te ga. Chicha ore aja, an\u00edrone, guesode iji daniri\nejode. Enga adi jec u uje chich\u00e1ji y\u00f3gaja ta jetiga cho jnumi tun\u00e9 enga chatirepo\ny\u00f3gaja ud\u00e9 jne r\u0129, enga \u00edjnoque dequejnar\u00e9ngone iji. \u00cdjnoque pajei dotaningane\niji. Unojo Dupade Uruode jetiga an\u00f3ningacho jetiga apota angureta Dupade, enga\njeta apota maringa, ayor\u00e9 ij\u00f5re ua enga angureta Dupade to.<\/p>\n\n\n\n<p><strong><em>Dupade a j\u00e9 ca tang\u00e1rir\u00e1si gosi jeta ut\u00e9 gosi p\u00f3gur\u00e1su d\u00e1yipie gajnar\u00e9nguenie iji dajei:<\/em><\/strong><em> (Salmo 66:18)<\/em><br>Udute uje chi acatec\u00e3choi Dupade jnese, mu bacatec\u00e3raitigade que or\u00e9raque cuse go ujetiga bap\u00f3gu basijnaringu\u00e9one iji baj\u00e9ode. Mu gusu jeta ango Dupade jeta ch\u0129ro basijnaringu\u00e9one. Jec u uje Dupade chimes\u1ebdre ua. Enga jec u uje tang\u00e1ri ua.<\/p>\n\n\n\n<p><strong><em>Jesus chojninga: \u201c\u1e4cra\u00f1o yangures\u00f3rone ore aja yodi.\u201d&nbsp;<\/em><\/strong><br>Jesuse chojningame dangures\u00f3rone ore uje cho ore quique iji jnumi nanique: \u201cAcayoi er\u00e1mi \u00fadode jnese,\u201d chojninga, \u201cango\u00f1ome coj\u00f1one, ayor\u00e9ode, \u00f3riji er\u00e1mi jeta u\u00f1\u00e9ngo changureta yu,\u201d chojninga, \u201cga \u1e4dra\u00f1o ore aja yodi. Gajnui jec u uje, jeta aj\u00f3cha\u00f1ome ore isijnaringu\u00e9one,\u201d chojninga. <\/p>\n\n\n\n<p>Enga apota\nangureta Dupade to ga chij\u00f3cha basijnaringu\u00e9one. Que yij\u00f3chago, mu y\u1e4drango ua\naja yodi te ga, gajnui tu jeta basijnaringu\u00e9one ode tu yodi. Uje b\u00e3riapo r\u0129 ga\njec u uje b\u00e1ringai Dupade anguretas\u00f5re ichai pijoque. <em>(Romanos 6:3,4,5,11 ore)<\/em><\/p>\n\n\n\n<p><em>Ecarai \u2013 Campamento Ayor\u00e9, Bolivia \u2013 1971<\/em><br><em>Faith de Wyma chur\u00fas\u00e3re Ecarai acajnaqu\u00e9ode udojo nanique<\/em><\/p>\n\n\n<div class=\"navigation\"><div class=\"alignleft\"><a href=\"https:\/\/ayore.org\/ayo\/culture\/teachings\/ecarai-davide-saulo-umajo-jesus-anguresorone-ore\/\"title=\"Ecarai (Davide\u0301) \u2013 Saulo umajo Jesus angureso\u0301rone ore\"><img loading=\"lazy\" decoding=\"async\" src=\"https:\/\/ayore.org\/wp-content\/uploads\/2018\/10\/left-arrow.png\" width=\"50\" height=\"48\" alt=\"left arrow\"><\/a><\/div><div class=\"alignright\"><a href=\"https:\/\/ayore.org\/ayo\/culture\/teachings\/ecarai-davide-bajopie-tu-uje-deji-yocajei\/\"title=\"Ecarai (Davide\u0301) \u2013 Bajopi\u00e9 tu uje d\u00e9ji yocajei\"><img loading=\"lazy\" decoding=\"async\" src=\"https:\/\/ayore.org\/wp-content\/uploads\/2018\/10\/right-arrow.png\" width=\"50\" height=\"48\" alt=\"right arrow\"><\/a><\/div>\n","protected":false},"excerpt":{"rendered":"<p>Mu uacad\u00facho uje yocurasade Pablo ore chic\u00e1ji uhuaque, chacate uac ome Dupade Uruode mu c\u00e1ma ore chiraja yocuruode go. Mu ore pota jeta ore ch\u00e1ta cuch\u00e1daja uhuaque. Enga jecute ore tibidi cucha pibosode. Ore chos\u00f5re uac ome. Enga ca ore<\/p>\n","protected":false},"author":5,"featured_media":0,"parent":719,"menu_order":0,"comment_status":"closed","ping_status":"closed","template":"","meta":{"footnotes":""},"class_list":["post-3903","page","type-page","status-publish","hentry"],"yoast_head":"<!-- This site is optimized with the Yoast SEO plugin v27.4 - https:\/\/yoast.com\/product\/yoast-seo-wordpress\/ -->\n<title>Ecarai (Davide\u0301) \u2013 Ore pota jeta ore ch\u00e1ta cuch\u00e1daja uaque &#8226; AYOR\u00c9.ORG<\/title>\n<meta name=\"robots\" content=\"index, follow, max-snippet:-1, max-image-preview:large, max-video-preview:-1\" \/>\n<link rel=\"canonical\" href=\"https:\/\/ayore.org\/ayo\/culture\/teachings\/ecarai-davide-ore-pota-jeta-ore-chata-cuchadaja-uaque\/\" \/>\n<meta property=\"og:locale\" content=\"en_US\" \/>\n<meta property=\"og:type\" content=\"article\" \/>\n<meta property=\"og:title\" content=\"Ecarai (Davide\u0301) \u2013 Ore pota jeta ore ch\u00e1ta cuch\u00e1daja uaque &#8226; AYOR\u00c9.ORG\" \/>\n<meta property=\"og:description\" content=\"Mu uacad\u00facho uje yocurasade Pablo ore chic\u00e1ji uhuaque, chacate uac ome Dupade Uruode mu c\u00e1ma ore chiraja yocuruode go. Mu ore pota jeta ore ch\u00e1ta cuch\u00e1daja uhuaque. Enga jecute ore tibidi cucha pibosode. Ore chos\u00f5re uac ome. Enga ca ore\" \/>\n<meta property=\"og:url\" content=\"https:\/\/ayore.org\/ayo\/culture\/teachings\/ecarai-davide-ore-pota-jeta-ore-chata-cuchadaja-uaque\/\" \/>\n<meta property=\"og:site_name\" content=\"AYOR\u00c9.ORG\" \/>\n<meta property=\"article:modified_time\" content=\"2019-05-21T16:58:08+00:00\" \/>\n<meta name=\"twitter:card\" content=\"summary_large_image\" \/>\n<meta name=\"twitter:label1\" content=\"Est. reading time\" \/>\n\t<meta name=\"twitter:data1\" content=\"7 minutes\" \/>\n<script type=\"application\/ld+json\" class=\"yoast-schema-graph\">{\"@context\":\"https:\\\/\\\/schema.org\",\"@graph\":[{\"@type\":\"WebPage\",\"@id\":\"https:\\\/\\\/ayore.org\\\/ayo\\\/culture\\\/teachings\\\/ecarai-davide-ore-pota-jeta-ore-chata-cuchadaja-uaque\\\/\",\"url\":\"https:\\\/\\\/ayore.org\\\/ayo\\\/culture\\\/teachings\\\/ecarai-davide-ore-pota-jeta-ore-chata-cuchadaja-uaque\\\/\",\"name\":\"Ecarai (Davide\u0301) \u2013 Ore pota jeta ore ch\u00e1ta cuch\u00e1daja uaque &#8226; AYOR\u00c9.ORG\",\"isPartOf\":{\"@id\":\"https:\\\/\\\/ayore.org\\\/#website\"},\"datePublished\":\"2019-05-21T16:58:06+00:00\",\"dateModified\":\"2019-05-21T16:58:08+00:00\",\"breadcrumb\":{\"@id\":\"https:\\\/\\\/ayore.org\\\/ayo\\\/culture\\\/teachings\\\/ecarai-davide-ore-pota-jeta-ore-chata-cuchadaja-uaque\\\/#breadcrumb\"},\"inLanguage\":\"ayo\",\"potentialAction\":[{\"@type\":\"ReadAction\",\"target\":[\"https:\\\/\\\/ayore.org\\\/ayo\\\/culture\\\/teachings\\\/ecarai-davide-ore-pota-jeta-ore-chata-cuchadaja-uaque\\\/\"]}]},{\"@type\":\"BreadcrumbList\",\"@id\":\"https:\\\/\\\/ayore.org\\\/ayo\\\/culture\\\/teachings\\\/ecarai-davide-ore-pota-jeta-ore-chata-cuchadaja-uaque\\\/#breadcrumb\",\"itemListElement\":[{\"@type\":\"ListItem\",\"position\":1,\"name\":\"Jogate bajai tu ude\u0301\",\"item\":\"https:\\\/\\\/ayore.org\\\/ayo\\\/\"},{\"@type\":\"ListItem\",\"position\":2,\"name\":\"Ayore\u0301ode adode, angurenone cucha ore\",\"item\":\"https:\\\/\\\/ayore.org\\\/ayo\\\/culture\\\/\"},{\"@type\":\"ListItem\",\"position\":3,\"name\":\"Ayore\u0301ode Acajnaque\u0301ode\",\"item\":\"https:\\\/\\\/ayore.org\\\/ayo\\\/culture\\\/teachings\\\/\"},{\"@type\":\"ListItem\",\"position\":4,\"name\":\"Ecarai (Davide\u0301) \u2013 Ore pota jeta ore ch\u00e1ta cuch\u00e1daja uaque\"}]},{\"@type\":\"WebSite\",\"@id\":\"https:\\\/\\\/ayore.org\\\/#website\",\"url\":\"https:\\\/\\\/ayore.org\\\/\",\"name\":\"AYOR\u00c9.ORG\",\"description\":\"Ayore\u0301ode Uruode, Adode, Jnani bajade ati\u0301go ore \",\"potentialAction\":[{\"@type\":\"SearchAction\",\"target\":{\"@type\":\"EntryPoint\",\"urlTemplate\":\"https:\\\/\\\/ayore.org\\\/?s={search_term_string}\"},\"query-input\":{\"@type\":\"PropertyValueSpecification\",\"valueRequired\":true,\"valueName\":\"search_term_string\"}}],\"inLanguage\":\"ayo\"}]}<\/script>\n<!-- \/ Yoast SEO plugin. -->","yoast_head_json":{"title":"Ecarai (Davide\u0301) \u2013 Ore pota jeta ore ch\u00e1ta cuch\u00e1daja uaque &#8226; AYOR\u00c9.ORG","robots":{"index":"index","follow":"follow","max-snippet":"max-snippet:-1","max-image-preview":"max-image-preview:large","max-video-preview":"max-video-preview:-1"},"canonical":"https:\/\/ayore.org\/ayo\/culture\/teachings\/ecarai-davide-ore-pota-jeta-ore-chata-cuchadaja-uaque\/","og_locale":"en_US","og_type":"article","og_title":"Ecarai (Davide\u0301) \u2013 Ore pota jeta ore ch\u00e1ta cuch\u00e1daja uaque &#8226; AYOR\u00c9.ORG","og_description":"Mu uacad\u00facho uje yocurasade Pablo ore chic\u00e1ji uhuaque, chacate uac ome Dupade Uruode mu c\u00e1ma ore chiraja yocuruode go. Mu ore pota jeta ore ch\u00e1ta cuch\u00e1daja uhuaque. Enga jecute ore tibidi cucha pibosode. Ore chos\u00f5re uac ome. Enga ca ore","og_url":"https:\/\/ayore.org\/ayo\/culture\/teachings\/ecarai-davide-ore-pota-jeta-ore-chata-cuchadaja-uaque\/","og_site_name":"AYOR\u00c9.ORG","article_modified_time":"2019-05-21T16:58:08+00:00","twitter_card":"summary_large_image","twitter_misc":{"Est. reading time":"7 minutes"},"schema":{"@context":"https:\/\/schema.org","@graph":[{"@type":"WebPage","@id":"https:\/\/ayore.org\/ayo\/culture\/teachings\/ecarai-davide-ore-pota-jeta-ore-chata-cuchadaja-uaque\/","url":"https:\/\/ayore.org\/ayo\/culture\/teachings\/ecarai-davide-ore-pota-jeta-ore-chata-cuchadaja-uaque\/","name":"Ecarai (Davide\u0301) \u2013 Ore pota jeta ore ch\u00e1ta cuch\u00e1daja uaque &#8226; AYOR\u00c9.ORG","isPartOf":{"@id":"https:\/\/ayore.org\/#website"},"datePublished":"2019-05-21T16:58:06+00:00","dateModified":"2019-05-21T16:58:08+00:00","breadcrumb":{"@id":"https:\/\/ayore.org\/ayo\/culture\/teachings\/ecarai-davide-ore-pota-jeta-ore-chata-cuchadaja-uaque\/#breadcrumb"},"inLanguage":"ayo","potentialAction":[{"@type":"ReadAction","target":["https:\/\/ayore.org\/ayo\/culture\/teachings\/ecarai-davide-ore-pota-jeta-ore-chata-cuchadaja-uaque\/"]}]},{"@type":"BreadcrumbList","@id":"https:\/\/ayore.org\/ayo\/culture\/teachings\/ecarai-davide-ore-pota-jeta-ore-chata-cuchadaja-uaque\/#breadcrumb","itemListElement":[{"@type":"ListItem","position":1,"name":"Jogate bajai tu ude\u0301","item":"https:\/\/ayore.org\/ayo\/"},{"@type":"ListItem","position":2,"name":"Ayore\u0301ode adode, angurenone cucha ore","item":"https:\/\/ayore.org\/ayo\/culture\/"},{"@type":"ListItem","position":3,"name":"Ayore\u0301ode Acajnaque\u0301ode","item":"https:\/\/ayore.org\/ayo\/culture\/teachings\/"},{"@type":"ListItem","position":4,"name":"Ecarai (Davide\u0301) \u2013 Ore pota jeta ore ch\u00e1ta cuch\u00e1daja uaque"}]},{"@type":"WebSite","@id":"https:\/\/ayore.org\/#website","url":"https:\/\/ayore.org\/","name":"AYOR\u00c9.ORG","description":"Ayore\u0301ode Uruode, Adode, Jnani bajade ati\u0301go ore ","potentialAction":[{"@type":"SearchAction","target":{"@type":"EntryPoint","urlTemplate":"https:\/\/ayore.org\/?s={search_term_string}"},"query-input":{"@type":"PropertyValueSpecification","valueRequired":true,"valueName":"search_term_string"}}],"inLanguage":"ayo"}]}},"_links":{"self":[{"href":"https:\/\/ayore.org\/ayo\/wp-json\/wp\/v2\/pages\/3903","targetHints":{"allow":["GET"]}}],"collection":[{"href":"https:\/\/ayore.org\/ayo\/wp-json\/wp\/v2\/pages"}],"about":[{"href":"https:\/\/ayore.org\/ayo\/wp-json\/wp\/v2\/types\/page"}],"author":[{"embeddable":true,"href":"https:\/\/ayore.org\/ayo\/wp-json\/wp\/v2\/users\/5"}],"replies":[{"embeddable":true,"href":"https:\/\/ayore.org\/ayo\/wp-json\/wp\/v2\/comments?post=3903"}],"version-history":[{"count":2,"href":"https:\/\/ayore.org\/ayo\/wp-json\/wp\/v2\/pages\/3903\/revisions"}],"predecessor-version":[{"id":3905,"href":"https:\/\/ayore.org\/ayo\/wp-json\/wp\/v2\/pages\/3903\/revisions\/3905"}],"up":[{"embeddable":true,"href":"https:\/\/ayore.org\/ayo\/wp-json\/wp\/v2\/pages\/719"}],"wp:attachment":[{"href":"https:\/\/ayore.org\/ayo\/wp-json\/wp\/v2\/media?parent=3903"}],"curies":[{"name":"wp","href":"https:\/\/api.w.org\/{rel}","templated":true}]}}