{"id":390,"date":"2018-07-20T02:29:26","date_gmt":"2018-07-20T02:29:26","guid":{"rendered":"https:\/\/ayore.org\/?page_id=390"},"modified":"2019-05-10T00:25:21","modified_gmt":"2019-05-10T00:25:21","slug":"iquede-dupade-esta-en-todas-partes-a-nuestro-alrededor","status":"publish","type":"page","link":"https:\/\/ayore.org\/ayo\/culture\/beliefs\/iquede-dupade-esta-en-todas-partes-a-nuestro-alrededor\/","title":{"rendered":"Iquede\u0301 &#8211; Dupade u gued\u00e9 uat\u00e9"},"content":{"rendered":"\n<p><\/p>\n\n\n<p><strong>Jnani Bajade Anguretigade<\/strong><\/p>\n<p><em>(Los nombres esta\u0301n en cursiva)<\/em><\/p>\n<p><em>\u00a0<\/em><strong><em>Iqued\u00e9<\/em><\/strong><strong> chatata <em>Sopa<\/em> uruode uje ut\u00e9 chatata dai o quigode ome re nanique:<\/strong><\/p>\n<p>Chojninga: <em>Sopa<\/em> uje chi\u0303\u0301care. \u201c<em>Sopa<\/em> dai yu, yi\u0303carai. <em>Sopa<\/em> dai yu,\u201d chojninga. \u201c<em>Sopa<\/em>, ga ca bar\u00farique ca gajnar\u00e9ngaja ua to,\u201d chojninga. \u201cDupade d\u00e9ji yoquibai,\u201d chojninga. \u201cGa u yocuruode,\u201d chojninga. \u201cA achaga cucha gajnar\u00e9tique aja baquei,\u201d chojninga, \u201ca chicha cucha gajnar\u00e9tique aja baquei te jne,\u201d chojninga. \u201cJ\u00e9 a chicha cucha omone iji baqu\u00e9ode,\u201d chojninga, \u201cujetiga abaque.\u201d<\/p>\n<p>\u201cCa bar\u00farique gajnar\u00e9ngaja ua,\u201d chojninga. \u201cCa e\u0303\u0301care pitoringai tome ua. Gusu jeta bar\u00farigo omone ua,\u201d chojninga. \u201cDupade u yocuruode,\u201d chojninga. \u201cD\u00e9ji yoquibai,\u201d chojninga yocai casicaite.<\/p>\n<p><strong>Yai chingome yu uje jnani bajade ore jos et\u00ed Dupade u gued\u00e9:<\/strong><\/p>\n<p>Jnani bajade ore chojninga: \u201cDupade u gued\u00e9 uat\u00e9,\u201d chojninga. Mu chiese Dupade u gued\u00e9 ome yocai casicaite. Chiese u gued\u00e9. Chojninga: \u201cCa achaga ua aja cucha gajnar\u00e9tique jetiga cucha ur\u00f5s\u00f3tique chuj\u00e9 ua. Gusu jeta bar\u00farigo omone ua ga a ca cuch\u00e1rique chosi ti iji ua,\u201d chojninga. \u201cCa acha cucha gajnar\u00e9tique iji baqu\u00e9nique, cucha sijn\u00e1tique. Gusu jeta bar\u00farigo omone ua ga a ca cuch\u00e1rique chosi ti iji ua,\u201d chojninga. \u201cGusu jeta acha bacuegode cucha aja baquei. Cutep\u00e9ode u. Dotip\u00e9ode ore, ga acha baqu\u00e9ode ga a chicha baquei,\u201d chi chojninga, yocai casicaite.<\/p>\n<p>Que chirajarase cuch\u00e1rique to nanique, Dupade adode. Mu c\u00e1ma chududipise to nanique. Chug\u00faji ga chac\u00e3ra Dupade aja cuchade. Chi yoqued\u00f3pasa, ga chug\u00faji ga chac\u00e3ra aja Dupade. Chi \u00c9tacorone yoqued\u00f3pasa. Chac\u00e3r\u00e1ja, ore chug\u00faji. Ta tibidi nanique ga &#8211; e\u0303j\u00e9.<\/p>\n<p><strong>Yai chingome yu yocayode jnani baj\u00e1cho ore isoc\u00e1ringome uje ore tibidi Dupade nanique:<\/strong><\/p>\n<p>Ore tibidi Dupade ga j\u00e9 chicha cuchade iji ore iqu\u00e9ode to uje ore chut\u00e1ji to. E\u0303j\u00e9. Tang\u00e1ri uje chicha cuchade iji daqu\u00e9ode. Chi tibidi ga chi &#8211; e\u0303j\u00e9. Ore tibidip\u00edsi. Ore tibidip\u00edsi ga pijnap\u00edso.<\/p>\n<p>Que ore cateca\u0303\u0301ri to uje ore pijnap\u00edso uje ore tibidi ga chicha anire, tajique, paroco, paoi. Paoi u uje yuch\u00edgoi nanique iji m\u00f3ntedie. Chi chichai iji iquei tenga dac\u00f3dejna. Ga chi chica dachi\u00e9dode iji. Uje chi Dupade chisi ome paoi tome. Uje chi uchi\u00e9dode ga chachopise ga j\u00e9 chi tibidi Dupade ga chicha paoi taja iquei. Ga chi chicai er\u00e1mi pao, dachi\u00e9dode iji.<\/p>\n<p>Chi tibid\u00e1poi ri\u0303, tibidi sib\u00edjnai. Ga chi gu\u00e9ode ur\u00e1su ore ojninga mu a ca chiraja ga chicha caratai taja iquei. Ore chuj\u00e9 caratai ga chisiome caratai\u00a0 ga chuj\u00e9. Uje chicha cuchade iji iqu\u00e9ode to uje tibidi nanique.<\/p>\n<p><strong><em>\u00cdquede \u00a0<\/em><\/strong><strong>chatata uje jnani bajade que ore chiraja uje Dupade u uje d\u00e9ji yoquibai: <\/strong><\/p>\n<p>Mu que chiraja uje Dupade d\u00e9ji yoquibai. A changuretar\u00e1se to, yocai casicaite, jetiga e chudute to nanique iji uacacajnaqu\u00e9ode. Uje que changureta nanique. E\u0303j\u00e9. Changureta ga cateca\u0303\u0301ri ome dejnar\u00e9ngone uje chejna iquei. E\u0303j\u00e9. Cateca\u0303\u0301ri ome. Que changureta to iji m\u00f3ntedie nanique. A changureta to jeta e chudute to nanique, ujnomei.<\/p>\n<p><strong><em>\u00cdquede \u00a0<\/em><\/strong><strong>chatata uje chi jnani bajade ore changureta uje ayor\u00e9ode ore g\u00e3rap\u00edode u cuchisode:<\/strong><\/p>\n<p>T\u00edmi, chi ayor\u00e9ode chi yoc\u00e3rap\u00edode chi jec u cuchisode udore iji er\u00e1mi to nanique ome jnani bajade. E\u0303j\u00e9. Cuchiso pon\u00e1yone. Chi yoc\u00e3rap\u00edode u to ome jnacare bajade. Mu que ore chiraja gu. Chiese yoc\u00e3rap\u00edode cuchiso\u00a0 pon\u00e1yone iji er\u00e1mi to iji ut\u00e9, jnacare bajade. E\u0303j\u00e9. Cuchisode jnese. Chiese yoc\u00e3rap\u00edode j\u00e9 u to ome jnacare bajade.<\/p>\n<p><strong><em>\u00cdquede \u00a0<\/em><\/strong><strong>chatata uje chiese cucha pibosode ipesungore u cabayui nanique:<\/strong><\/p>\n<p>Chi cabayui jno ayor\u00e9rique \u00fadi, ome jnacare bajade. Chi choru to iji duru\u00f1eque. Ga chi j\u00e9 chisi cucha pibosode iji er\u00e1mone. Chi chijnoque ayor\u00e9. Ga chi chisi cucha pibosode iji\u00a0 er\u00e1mone to. A chi chaguhei chejna ga chi chis\u00edome cutep\u00e9ode ome. Chi chisi\u00a0 cuteri\u0303 to. Chi aquesucade iji. Ga chi chipese. Cabayui chi chojninga: \u201cU\u0303r\u00e9nga ajidape unerai te j\u00f5.\u201d Ga chi cachi chijnime ajid\u00e1bia duc\u00fapie ga chi chaji ne. Chi chijnime udojo iji dar\u00fadode.<\/p>\n<p>Cabayui, dajusui chi chojninga: \u201cD\u00e9ji de, ajid\u00e1bia. Be, apese jne,\u201d chi chojninga. \u201cU\u0303r\u00e9 a jnutai unejaque u j\u00f5.\u201d Ga chi chis\u00edome, chi chijnime jnutai duc\u00fapiedie iji udojo dar\u00fadode. Chi chis\u00edome doidi ayor\u00e9. Chi chijnoque ayor\u00e9 iji ta. Chore\u0303\u0301i iji t\u00f5, doidi ayor\u00e9 gotique. Chi chipese.<\/p>\n<p>Chi iyajm\u00e1cho enga a chi chaguhei chejna. Chi chojninga: \u201cUr\u00e9nga, cut\u00e9jnai a u. Cutejnai guesi. Yipese j\u00f5.\u201d Chi chojninga: \u201cJa cut\u00e9jnai d\u00e9ji de,\u201d chi chojninga. Chi chijnime cutejna iji udojo. Ducupiedie chi chaji de. Ga chich\u00e1ji ga chipese. Uje chi id\u00e1ja udore, ucode.<\/p>\n<p>A chaguhei chejna ga chi chis\u00edome dabosode ome cuch\u00e1diji er\u00e1mone. Chi cutep\u00e9ode garani tu to, cabayui. Chi cutep\u00e9ode garani tu to. Ome jnacare bajade jnupiedie. Chi j\u00e9 chijna cucha pibosode udore guesi jnese. Mu chi diapo \u00fadi jne ri\u0303. Uje chi iyajm\u00e1nguiji er\u00e1mone. Ga j\u00e9 chor\u00e1su udore to uacaj\u00fadode ome Dupade adode. Chi diapo \u00fadi jne ri\u0303. E\u0303j\u00e9, iji tonu\u00f1eque. Chi ore cha dangoron\u00e9 ome urasade mu chi diapo \u00fadi ri\u0303, ur\u00e1sa.<\/p>\n<p>Ga chi cutep\u00e9ode chi garanone to udojo. Jnacare bajade jnupiedie. J\u00e9 adi to uje chi jnacare bajade chi ore u bequerane to ome pocaningane iji yoquiquic uj\u00e1idie.<\/p>\n<p><em>\u00a0<\/em><em>Iquid\u00e9 \u2013 Puesto Paz, Bolivia \u2013 abril de 1976<br \/><\/em><em>Timoteo Wyma chur\u00fas\u00e3re I\u0301qued\u00e9 atatagode udojo nanique<\/em><\/p>\n<div class=\"navigation\"><div class=\"alignleft\"><a href=\"https:\/\/ayore.org\/ayo\/culture\/beliefs\/cajoide-las-cosas-que-suceden-para-traer-el-pajaro\/\"title=\"Cajoid\u00e9 &#8211; Chug\u00fap\u1ebdre ijnang\u00f3rone u\"><img loading=\"lazy\" decoding=\"async\" src=\"https:\/\/ayore.org\/wp-content\/uploads\/2018\/10\/left-arrow.png\" width=\"50\" height=\"48\" alt=\"left arrow\"><\/a><\/div><div class=\"alignright\"><a href=\"https:\/\/ayore.org\/ayo\/culture\/beliefs\/cajoide-namacade\/\"title=\"Cajoide\u0301 &#8211; Namacade\"><img loading=\"lazy\" decoding=\"async\" src=\"https:\/\/ayore.org\/wp-content\/uploads\/2018\/10\/right-arrow.png\" width=\"50\" height=\"48\" alt=\"right arrow\"><\/a><\/div>","protected":false},"excerpt":{"rendered":"<p>Jnani Bajade Anguretigade (Los nombres esta\u0301n en cursiva) \u00a0Iqued\u00e9 chatata Sopa uruode uje ut\u00e9 chatata dai o quigode ome re nanique: Chojninga: Sopa uje chi\u0303\u0301care. \u201cSopa dai yu, yi\u0303carai. Sopa dai yu,\u201d chojninga. \u201cSopa, ga ca bar\u00farique ca gajnar\u00e9ngaja ua<\/p>\n","protected":false},"author":2,"featured_media":0,"parent":703,"menu_order":0,"comment_status":"closed","ping_status":"closed","template":"","meta":{"footnotes":""},"class_list":["post-390","page","type-page","status-publish","hentry"],"yoast_head":"<!-- This site is optimized with the Yoast SEO plugin v27.4 - https:\/\/yoast.com\/product\/yoast-seo-wordpress\/ -->\n<title>Ayore\u0301ode Anguretigade Cucha: Dupade U Gued\u00e9 Uat\u00e9 \u2022 Ayore.org<\/title>\n<meta name=\"robots\" content=\"index, follow, max-snippet:-1, max-image-preview:large, max-video-preview:-1\" \/>\n<link rel=\"canonical\" href=\"https:\/\/ayore.org\/ayo\/culture\/beliefs\/iquede-dupade-esta-en-todas-partes-a-nuestro-alrededor\/\" \/>\n<meta property=\"og:locale\" content=\"en_US\" \/>\n<meta property=\"og:type\" content=\"article\" \/>\n<meta property=\"og:title\" content=\"Ayore\u0301ode Anguretigade Cucha: Dupade U Gued\u00e9 Uat\u00e9 \u2022 Ayore.org\" \/>\n<meta property=\"og:description\" content=\"Jnani Bajade Anguretigade (Los nombres esta\u0301n en cursiva) \u00a0Iqued\u00e9 chatata Sopa uruode uje ut\u00e9 chatata dai o quigode ome re nanique: Chojninga: Sopa uje chi\u0303\u0301care. \u201cSopa dai yu, yi\u0303carai. Sopa dai yu,\u201d chojninga. \u201cSopa, ga ca bar\u00farique ca gajnar\u00e9ngaja ua\" \/>\n<meta property=\"og:url\" content=\"https:\/\/ayore.org\/ayo\/culture\/beliefs\/iquede-dupade-esta-en-todas-partes-a-nuestro-alrededor\/\" \/>\n<meta property=\"og:site_name\" content=\"AYOR\u00c9.ORG\" \/>\n<meta property=\"article:modified_time\" content=\"2019-05-10T00:25:21+00:00\" \/>\n<meta name=\"twitter:card\" content=\"summary_large_image\" \/>\n<meta name=\"twitter:label1\" content=\"Est. reading time\" \/>\n\t<meta name=\"twitter:data1\" content=\"5 minutes\" \/>\n<script type=\"application\/ld+json\" class=\"yoast-schema-graph\">{\"@context\":\"https:\\\/\\\/schema.org\",\"@graph\":[{\"@type\":\"WebPage\",\"@id\":\"https:\\\/\\\/ayore.org\\\/ayo\\\/culture\\\/beliefs\\\/iquede-dupade-esta-en-todas-partes-a-nuestro-alrededor\\\/\",\"url\":\"https:\\\/\\\/ayore.org\\\/ayo\\\/culture\\\/beliefs\\\/iquede-dupade-esta-en-todas-partes-a-nuestro-alrededor\\\/\",\"name\":\"Ayore\u0301ode Anguretigade Cucha: Dupade U Gued\u00e9 Uat\u00e9 \u2022 Ayore.org\",\"isPartOf\":{\"@id\":\"https:\\\/\\\/ayore.org\\\/#website\"},\"datePublished\":\"2018-07-20T02:29:26+00:00\",\"dateModified\":\"2019-05-10T00:25:21+00:00\",\"breadcrumb\":{\"@id\":\"https:\\\/\\\/ayore.org\\\/ayo\\\/culture\\\/beliefs\\\/iquede-dupade-esta-en-todas-partes-a-nuestro-alrededor\\\/#breadcrumb\"},\"inLanguage\":\"ayo\",\"potentialAction\":[{\"@type\":\"ReadAction\",\"target\":[\"https:\\\/\\\/ayore.org\\\/ayo\\\/culture\\\/beliefs\\\/iquede-dupade-esta-en-todas-partes-a-nuestro-alrededor\\\/\"]}]},{\"@type\":\"BreadcrumbList\",\"@id\":\"https:\\\/\\\/ayore.org\\\/ayo\\\/culture\\\/beliefs\\\/iquede-dupade-esta-en-todas-partes-a-nuestro-alrededor\\\/#breadcrumb\",\"itemListElement\":[{\"@type\":\"ListItem\",\"position\":1,\"name\":\"Jogate bajai tu ude\u0301\",\"item\":\"https:\\\/\\\/ayore.org\\\/ayo\\\/\"},{\"@type\":\"ListItem\",\"position\":2,\"name\":\"Ayore\u0301ode adode, angurenone cucha ore\",\"item\":\"https:\\\/\\\/ayore.org\\\/ayo\\\/culture\\\/\"},{\"@type\":\"ListItem\",\"position\":3,\"name\":\"Ayore\u0301ode Anguretigade Cucha\",\"item\":\"https:\\\/\\\/ayore.org\\\/ayo\\\/culture\\\/beliefs\\\/\"},{\"@type\":\"ListItem\",\"position\":4,\"name\":\"Iquede\u0301 &#8211; Dupade u gued\u00e9 uat\u00e9\"}]},{\"@type\":\"WebSite\",\"@id\":\"https:\\\/\\\/ayore.org\\\/#website\",\"url\":\"https:\\\/\\\/ayore.org\\\/\",\"name\":\"AYOR\u00c9.ORG\",\"description\":\"Ayore\u0301ode Uruode, Adode, Jnani bajade ati\u0301go ore \",\"potentialAction\":[{\"@type\":\"SearchAction\",\"target\":{\"@type\":\"EntryPoint\",\"urlTemplate\":\"https:\\\/\\\/ayore.org\\\/?s={search_term_string}\"},\"query-input\":{\"@type\":\"PropertyValueSpecification\",\"valueRequired\":true,\"valueName\":\"search_term_string\"}}],\"inLanguage\":\"ayo\"}]}<\/script>\n<!-- \/ Yoast SEO plugin. -->","yoast_head_json":{"title":"Ayore\u0301ode Anguretigade Cucha: Dupade U Gued\u00e9 Uat\u00e9 \u2022 Ayore.org","robots":{"index":"index","follow":"follow","max-snippet":"max-snippet:-1","max-image-preview":"max-image-preview:large","max-video-preview":"max-video-preview:-1"},"canonical":"https:\/\/ayore.org\/ayo\/culture\/beliefs\/iquede-dupade-esta-en-todas-partes-a-nuestro-alrededor\/","og_locale":"en_US","og_type":"article","og_title":"Ayore\u0301ode Anguretigade Cucha: Dupade U Gued\u00e9 Uat\u00e9 \u2022 Ayore.org","og_description":"Jnani Bajade Anguretigade (Los nombres esta\u0301n en cursiva) \u00a0Iqued\u00e9 chatata Sopa uruode uje ut\u00e9 chatata dai o quigode ome re nanique: Chojninga: Sopa uje chi\u0303\u0301care. \u201cSopa dai yu, yi\u0303carai. Sopa dai yu,\u201d chojninga. \u201cSopa, ga ca bar\u00farique ca gajnar\u00e9ngaja ua","og_url":"https:\/\/ayore.org\/ayo\/culture\/beliefs\/iquede-dupade-esta-en-todas-partes-a-nuestro-alrededor\/","og_site_name":"AYOR\u00c9.ORG","article_modified_time":"2019-05-10T00:25:21+00:00","twitter_card":"summary_large_image","twitter_misc":{"Est. reading time":"5 minutes"},"schema":{"@context":"https:\/\/schema.org","@graph":[{"@type":"WebPage","@id":"https:\/\/ayore.org\/ayo\/culture\/beliefs\/iquede-dupade-esta-en-todas-partes-a-nuestro-alrededor\/","url":"https:\/\/ayore.org\/ayo\/culture\/beliefs\/iquede-dupade-esta-en-todas-partes-a-nuestro-alrededor\/","name":"Ayore\u0301ode Anguretigade Cucha: Dupade U Gued\u00e9 Uat\u00e9 \u2022 Ayore.org","isPartOf":{"@id":"https:\/\/ayore.org\/#website"},"datePublished":"2018-07-20T02:29:26+00:00","dateModified":"2019-05-10T00:25:21+00:00","breadcrumb":{"@id":"https:\/\/ayore.org\/ayo\/culture\/beliefs\/iquede-dupade-esta-en-todas-partes-a-nuestro-alrededor\/#breadcrumb"},"inLanguage":"ayo","potentialAction":[{"@type":"ReadAction","target":["https:\/\/ayore.org\/ayo\/culture\/beliefs\/iquede-dupade-esta-en-todas-partes-a-nuestro-alrededor\/"]}]},{"@type":"BreadcrumbList","@id":"https:\/\/ayore.org\/ayo\/culture\/beliefs\/iquede-dupade-esta-en-todas-partes-a-nuestro-alrededor\/#breadcrumb","itemListElement":[{"@type":"ListItem","position":1,"name":"Jogate bajai tu ude\u0301","item":"https:\/\/ayore.org\/ayo\/"},{"@type":"ListItem","position":2,"name":"Ayore\u0301ode adode, angurenone cucha ore","item":"https:\/\/ayore.org\/ayo\/culture\/"},{"@type":"ListItem","position":3,"name":"Ayore\u0301ode Anguretigade Cucha","item":"https:\/\/ayore.org\/ayo\/culture\/beliefs\/"},{"@type":"ListItem","position":4,"name":"Iquede\u0301 &#8211; Dupade u gued\u00e9 uat\u00e9"}]},{"@type":"WebSite","@id":"https:\/\/ayore.org\/#website","url":"https:\/\/ayore.org\/","name":"AYOR\u00c9.ORG","description":"Ayore\u0301ode Uruode, Adode, Jnani bajade ati\u0301go ore ","potentialAction":[{"@type":"SearchAction","target":{"@type":"EntryPoint","urlTemplate":"https:\/\/ayore.org\/?s={search_term_string}"},"query-input":{"@type":"PropertyValueSpecification","valueRequired":true,"valueName":"search_term_string"}}],"inLanguage":"ayo"}]}},"_links":{"self":[{"href":"https:\/\/ayore.org\/ayo\/wp-json\/wp\/v2\/pages\/390","targetHints":{"allow":["GET"]}}],"collection":[{"href":"https:\/\/ayore.org\/ayo\/wp-json\/wp\/v2\/pages"}],"about":[{"href":"https:\/\/ayore.org\/ayo\/wp-json\/wp\/v2\/types\/page"}],"author":[{"embeddable":true,"href":"https:\/\/ayore.org\/ayo\/wp-json\/wp\/v2\/users\/2"}],"replies":[{"embeddable":true,"href":"https:\/\/ayore.org\/ayo\/wp-json\/wp\/v2\/comments?post=390"}],"version-history":[{"count":7,"href":"https:\/\/ayore.org\/ayo\/wp-json\/wp\/v2\/pages\/390\/revisions"}],"predecessor-version":[{"id":3711,"href":"https:\/\/ayore.org\/ayo\/wp-json\/wp\/v2\/pages\/390\/revisions\/3711"}],"up":[{"embeddable":true,"href":"https:\/\/ayore.org\/ayo\/wp-json\/wp\/v2\/pages\/703"}],"wp:attachment":[{"href":"https:\/\/ayore.org\/ayo\/wp-json\/wp\/v2\/media?parent=390"}],"curies":[{"name":"wp","href":"https:\/\/api.w.org\/{rel}","templated":true}]}}