{"id":3891,"date":"2019-05-21T16:14:45","date_gmt":"2019-05-21T16:14:45","guid":{"rendered":"https:\/\/ayore.org\/?page_id=3891"},"modified":"2019-05-21T16:14:47","modified_gmt":"2019-05-21T16:14:47","slug":"ecarai-davide-saulo-umajo-jesus-anguresorone-ore","status":"publish","type":"page","link":"https:\/\/ayore.org\/ayo\/culture\/teachings\/ecarai-davide-saulo-umajo-jesus-anguresorone-ore\/","title":{"rendered":"Ecarai (Davide\u0301) \u2013 Saulo umajo Jesus angureso\u0301rone ore"},"content":{"rendered":"\n<p><strong><em>Yingo uaque gajner\u0129 Jesuse angures\u00f3rone umaj\u00f3s\u00f5ri:<\/em><\/strong><br>Jesus angures\u00f3rone umaj\u00f3s\u00f5ri i tu Saulo. Ut\u00e9 u uje c\u00e1ma changureta Jesuse to nanique. Umajo Jesuse angures\u00f3rone ore. Chi tib\u00e1gui uraque dedugu\u00e9jnai. Chi chojninga: \u201cAs\u00edome barus\u00e3rat\u00edgo ome yu. Yi ga yic\u00e1ji Damasco. Yi Jesuse angures\u00f3rone ore ga yuj\u00e9 u\u00f1\u00e9ngo. J\u00e9 basa ga yujuru u\u00f1\u00e9ngo g\u00e1yode jne.\u201d<\/p>\n\n\n\n<p>Ga ut\u00e9 oredugu\u00e9jnai chis\u00edome\ndarus\u00e3rane ome. Saulo ut\u00e9 jno uje doi Jesus angures\u00f3rone iji oridaidatei\nDamasco.<\/p>\n\n\n\n<p><strong><em>Uje id\u00f3gosi iji Damasco enga Jesus chiqueta raja Saulo: <\/em><\/strong><br>Chi id\u00f3gosi Saulo iji oridaidatei Damasco, mu Jesuse chiqueta raja. Enga chi Jesuse chejna ajirigode. <\/p>\n\n\n\n<p>Adi j\u00e9 u ayor\u00e9rique jeta chimo\nJesuse mu que changureta \u00faringai Dupa, ga Dupade chejna ut\u00e9 \u00e1yipie ajirigode.<\/p>\n\n\n\n<p>Enga\nSaulo jorane jnanio chi ca ore chimo Jesuse to go. Gusu uje ore\nchudute dar\u00e1rigo enga t\u1e4draji gat\u00e9. Ga chi Jesuse chajuque udore ore\nagutedie. Chi gusu Saulo uje chudute darade ga chojninga, chi Saulo chojninga:\n\u201c\u00bfJ\u00e9 ua u gosi a?\u201d<\/p>\n\n\n\n<p>Mu Jesuse chi chojninga: \u201cJesuse\nu yu. Bamajoi tu yu,\u201d chojninga. Un\u00e9 cho jeta umajo Jesuse iji jnumi, mu umajop\u00edsode\nu angures\u00f3rone iji jnumi. Jecute Jesus cho damaj\u00f3s\u00f5ri iji Saulo to.<\/p>\n\n\n\n<p>Chi Saulo todo ut\u00e9 ga chi\nchojninga: \u201cYedugu\u00e9jn\u00e1, \u00bfj\u00e9 yipesut\u00edgome ua jne a?\u201d<\/p>\n\n\n\n<p><strong><em>Jesus chiroque Saulo aja ore idaidatei ut\u00e9 ajei:<\/em><\/strong><br>Mu chi Jesus chojninga: \u201cBo ga ac\u00e1ji oridaidatei Damasco ga a yingome bapesut\u00edgome ua gajner\u0129 iji idaidatei ajei.\u201d<\/p>\n\n\n\n<p>Saulo jorane ore jno ga ore\nchij\u00f1aque; Saulo chisa ore jmanecade uje que chim\u00f3po dajiritique r\u0129. Jesuse\nchejna ut\u00e9 ajirigode gu, Saulo ut\u00e9.<\/p>\n\n\n\n<p>Mu chi Jesus chiquet\u00e1po raja\ndangures\u00f3nique r\u0129 uje chi i tu Ananias. Chojningame: \u201cBo, ga ac\u00e1ji ore aj\u00e3\u0301ro\niji ore idai ga ab\u00e1gui ut\u00e9, jnani uje i u Saulo.\u201d<\/p>\n\n\n\n<p><strong><em>Dupade ch\u00e9c\u00e3re Saulo i nanique:<\/em><\/strong><br>Chi Pablo i u Saulo nanique iji taningane, mu changureta Jesuse ga Dupade ch\u00e9c\u00e3re i ga ch\u0129\u0301care San Pablo aja, i ejoi. <\/p>\n\n\n\n<p>Adi j\u00e9 u ome yoque, disi ejode\nuyoque. Uje Jesuse ore ch\u00e9c\u00e3re yoqui to, enga yoqui tu Cristiano. Dupade\nangures\u00f3rone ore i u Cristiano. Ujetiga apota angureta Jesuse ga angureta\nJesuse. Jesuse yui gues\u00e1ja ome ua. Que parique Jesuse yui. Jesus chojninga:\n\u201cAb\u00e1gui yu ujetiga apota yu. Yigu\u00edjnai piagoi gues\u00e1ja, mu bagu\u00edjnai u uje\npiagoi par\u00edgome yu,\u201d chojninga. <\/p>\n\n\n\n<p>Jesus ojningai yoquigu\u00edjnai\npiagoi, que yoquigu\u00edjnap\u00edsi u go, yoc\u00e1yipie piagoi u Jesus ojningai. Ujeta\napota Jesuse ga ach\u1ebdre b\u00e1yipie piagoi gai ome, ga Jesuse chac\u00e1ja gai, ga\nJesuse, aj\u00edna\u00f1o \u00f1ane iji bagu\u00edjnai ajei. Jeta ayor\u00e9pise Jesuse iji jnumi ud\u00e9 ga\nn\u00f3na ua iji bagu\u00edjnai, mu Jesuse n\u00f3na ua aja qued\u00e9jnane ome d\u00e1yipie, Day\u00e9\nUjopie ore. Jecute Jesuse chojninga: \u201cUjetiga apota ga yij\u00edna ua aja bagu\u00edjnai\najei.\u201d <em>(Apocalipsis 3:20)<\/em><\/p>\n\n\n\n<p><strong><em>J\u0129raque Pablo chacate ore ome Dupade adode nanique:<\/em><\/strong><br>Bajnui a u San Pablo gajner\u0129. Uje changureta Jesuse nanique ga chi j\u0129raque chacate ore ome Dupade adode.&nbsp; Chi j\u00e9 qu\u00e9 todoba coj\u00f1one. Chagutu rome Dupade adode, mu Dupade j\u00e9 chir\u00f3gaja. J\u00e9 jno irajatigade \u00fadi. Adi j\u00e9 u ua jetiga angureta Dupade ga bagutu ua ome Jesuse adode ujetiga acate bojode ayor\u00e9o. Mu quigade que agut\u00fapo ua ome r\u0129. Jesuse tu b\u00e1tajas\u1e4dri gu. Jesuse u uje chacate ore mu oidi tu babijnani ome dacajnaqu\u00e9ode. Apota jeta Jesuse chijna babijnani ga ango ua aja Jesuse. Ujeta ojninga: \u201cJesuse, ajna yibijnani ga yacate yujode ayor\u00e9o.\u201d Ango ua aja Jesus ujetiga acatec\u00e3\u0301ri bay\u00e9 Dupade. <\/p>\n\n\n\n<p><strong><em>San Pablo catec\u00e3\u0301ri Jesus ome ipesutique:<\/em><\/strong><br>Chi un\u00e9 San Pablo chojninga: \u201c\u00bfJ\u00e9 yipesutique ome ua gajner\u0129 a?\u201d chojninga.<\/p>\n\n\n\n<p>Mu Jesuse chojninga: \u201cBo ga\nac\u00e1ji oridaidatei, yingo bapesut\u00edgaja ua gajner\u0129. <\/p>\n\n\n\n<p>Adi j\u00e9 u uyoque gajner\u0129.\nUjetiga yip\u00f3tago Jesuse adode ga yojnijo: \u201cYedugu\u00e9jn\u00e1, \u00bfyipesut\u00edgome ua ya?\u201d\nAcatec\u00e3choi Dupade to ujetiga apot\u00e1yo acatec\u00e3choi Dupade. Ojnicho: \u201cYoquedugu\u00e9jn\u00e1,\nDupade \u00e1, \u00bfyipesut\u00edgome ua ya?\u201d<\/p>\n\n\n\n<p>Yicatec\u00e3coi Dupade gu ujetiga\nyicoi \u00e1yipierigui. Yicatec\u00e3copoi gu yoquejnar\u00e9ngone, yoquipotig\u00e1dode cucha, ujetiga\nyocai Dupade chis\u00edome yoquipotig\u00e1dode cucha ome yoque. Dupade ape yoque ga\nchos\u00f5re yoque. Uje Dupade ape yoque ga chis\u00edome yoquipotig\u00e1dode ome yoc.<\/p>\n\n\n\n<p>Ujetiga angureta Jesuse ga acu\u00e9\ncucha gatemin\u00f3rone bajaque, ejo cucha jnutimin\u00f3rone ujetiga acu\u00e9. Uje Jesus chojninga:\n\u201cAjire cucha gatemin\u00f3rone bajaque. Ca ajire cucha jnutimin\u00f3rone bajaque.\u201d <\/p>\n\n\n\n<p>Jesuse chingo cuchade unojo aja\nyoque uje quene yanguret\u00e1go Jesuse iji taningai. Uje quene Jesuse, yim\u00e1co\ny\u00f3gaja \u00f1ane, uje quene yanguret\u00e1go Jesuse. Uje quene yocai u Jesuse. Dupade\nipesute yoque, mu amiri tu ujetiga yanguret\u00e1go Dupade ga yicoi iroqu\u00e9rigo.<\/p>\n\n\n\n<p><strong><em>Jesus chiroque dangures\u00f5ripisi aja Saulo ujetiga chiqueta:<\/em><\/strong><br>Jesuse chiroque dangures\u00f5ripisi aja Saulo uje i u Anan\u00edas ujetiga chiqueta enga chimopo dajirit\u00edgo r\u0129. Jesuse ch\u00f3si tome Anan\u00edas: \u201cBo ga ab\u00e1gui uje yajeg\u00e1ite S\u00e1ulo ut\u00e9 ujetiga jno yujnomei \u00fadi aja pur\u00e1sa qued\u00e9jnane.\u201d<em> (Hechos 9:15 aja 18)<\/em><\/p>\n\n\n\n<p><em>Ecarai \u2013 Tobit\u00e9, Bolivia \u2013 1960<\/em><br><em>Marina de Morarie chur\u00fas\u00e3re Ecarai acajnaqu\u00e9ode unojo<\/em><\/p>\n\n\n<div class=\"navigation\"><div class=\"alignleft\"><a href=\"https:\/\/ayore.org\/ayo\/culture\/teachings\/ecarai-davide-yocai-ayore-jnani-bajade-ore-todo-dupade\/\"title=\"Ecarai (Davide\u0301) \u2013 Yocai ayor\u00e9, jnani bajade, ore todo Dupade\"><img loading=\"lazy\" decoding=\"async\" src=\"https:\/\/ayore.org\/wp-content\/uploads\/2018\/10\/left-arrow.png\" width=\"50\" height=\"48\" alt=\"left arrow\"><\/a><\/div><div class=\"alignright\"><a href=\"https:\/\/ayore.org\/ayo\/culture\/teachings\/ecarai-davide-ore-pota-jeta-ore-chata-cuchadaja-uaque\/\"title=\"Ecarai (Davide\u0301) \u2013 Ore pota jeta ore ch\u00e1ta cuch\u00e1daja uaque\"><img loading=\"lazy\" decoding=\"async\" src=\"https:\/\/ayore.org\/wp-content\/uploads\/2018\/10\/right-arrow.png\" width=\"50\" height=\"48\" alt=\"right arrow\"><\/a><\/div>\n","protected":false},"excerpt":{"rendered":"<p>Yingo uaque gajner\u0129 Jesuse angures\u00f3rone umaj\u00f3s\u00f5ri:Jesus angures\u00f3rone umaj\u00f3s\u00f5ri i tu Saulo. Ut\u00e9 u uje c\u00e1ma changureta Jesuse to nanique. Umajo Jesuse angures\u00f3rone ore. Chi tib\u00e1gui uraque dedugu\u00e9jnai. Chi chojninga: \u201cAs\u00edome barus\u00e3rat\u00edgo ome yu. Yi ga yic\u00e1ji Damasco. Yi Jesuse angures\u00f3rone<\/p>\n","protected":false},"author":5,"featured_media":0,"parent":719,"menu_order":0,"comment_status":"closed","ping_status":"closed","template":"","meta":{"footnotes":""},"class_list":["post-3891","page","type-page","status-publish","hentry"],"yoast_head":"<!-- This site is optimized with the Yoast SEO plugin v27.4 - https:\/\/yoast.com\/product\/yoast-seo-wordpress\/ -->\n<title>Ecarai (Davide\u0301) \u2013 Saulo umajo Jesus angureso\u0301rone ore &#8226; AYOR\u00c9.ORG<\/title>\n<meta name=\"robots\" content=\"index, follow, max-snippet:-1, max-image-preview:large, max-video-preview:-1\" \/>\n<link rel=\"canonical\" href=\"https:\/\/ayore.org\/ayo\/culture\/teachings\/ecarai-davide-saulo-umajo-jesus-anguresorone-ore\/\" \/>\n<meta property=\"og:locale\" content=\"en_US\" \/>\n<meta property=\"og:type\" content=\"article\" \/>\n<meta property=\"og:title\" content=\"Ecarai (Davide\u0301) \u2013 Saulo umajo Jesus angureso\u0301rone ore &#8226; AYOR\u00c9.ORG\" \/>\n<meta property=\"og:description\" content=\"Yingo uaque gajner\u0129 Jesuse angures\u00f3rone umaj\u00f3s\u00f5ri:Jesus angures\u00f3rone umaj\u00f3s\u00f5ri i tu Saulo. Ut\u00e9 u uje c\u00e1ma changureta Jesuse to nanique. Umajo Jesuse angures\u00f3rone ore. Chi tib\u00e1gui uraque dedugu\u00e9jnai. Chi chojninga: \u201cAs\u00edome barus\u00e3rat\u00edgo ome yu. Yi ga yic\u00e1ji Damasco. Yi Jesuse angures\u00f3rone\" \/>\n<meta property=\"og:url\" content=\"https:\/\/ayore.org\/ayo\/culture\/teachings\/ecarai-davide-saulo-umajo-jesus-anguresorone-ore\/\" \/>\n<meta property=\"og:site_name\" content=\"AYOR\u00c9.ORG\" \/>\n<meta property=\"article:modified_time\" content=\"2019-05-21T16:14:47+00:00\" \/>\n<meta name=\"twitter:card\" content=\"summary_large_image\" \/>\n<meta name=\"twitter:label1\" content=\"Est. reading time\" \/>\n\t<meta name=\"twitter:data1\" content=\"4 minutes\" \/>\n<script type=\"application\/ld+json\" class=\"yoast-schema-graph\">{\"@context\":\"https:\\\/\\\/schema.org\",\"@graph\":[{\"@type\":\"WebPage\",\"@id\":\"https:\\\/\\\/ayore.org\\\/ayo\\\/culture\\\/teachings\\\/ecarai-davide-saulo-umajo-jesus-anguresorone-ore\\\/\",\"url\":\"https:\\\/\\\/ayore.org\\\/ayo\\\/culture\\\/teachings\\\/ecarai-davide-saulo-umajo-jesus-anguresorone-ore\\\/\",\"name\":\"Ecarai (Davide\u0301) \u2013 Saulo umajo Jesus angureso\u0301rone ore &#8226; AYOR\u00c9.ORG\",\"isPartOf\":{\"@id\":\"https:\\\/\\\/ayore.org\\\/#website\"},\"datePublished\":\"2019-05-21T16:14:45+00:00\",\"dateModified\":\"2019-05-21T16:14:47+00:00\",\"breadcrumb\":{\"@id\":\"https:\\\/\\\/ayore.org\\\/ayo\\\/culture\\\/teachings\\\/ecarai-davide-saulo-umajo-jesus-anguresorone-ore\\\/#breadcrumb\"},\"inLanguage\":\"ayo\",\"potentialAction\":[{\"@type\":\"ReadAction\",\"target\":[\"https:\\\/\\\/ayore.org\\\/ayo\\\/culture\\\/teachings\\\/ecarai-davide-saulo-umajo-jesus-anguresorone-ore\\\/\"]}]},{\"@type\":\"BreadcrumbList\",\"@id\":\"https:\\\/\\\/ayore.org\\\/ayo\\\/culture\\\/teachings\\\/ecarai-davide-saulo-umajo-jesus-anguresorone-ore\\\/#breadcrumb\",\"itemListElement\":[{\"@type\":\"ListItem\",\"position\":1,\"name\":\"Jogate bajai tu ude\u0301\",\"item\":\"https:\\\/\\\/ayore.org\\\/ayo\\\/\"},{\"@type\":\"ListItem\",\"position\":2,\"name\":\"Ayore\u0301ode adode, angurenone cucha ore\",\"item\":\"https:\\\/\\\/ayore.org\\\/ayo\\\/culture\\\/\"},{\"@type\":\"ListItem\",\"position\":3,\"name\":\"Ayore\u0301ode Acajnaque\u0301ode\",\"item\":\"https:\\\/\\\/ayore.org\\\/ayo\\\/culture\\\/teachings\\\/\"},{\"@type\":\"ListItem\",\"position\":4,\"name\":\"Ecarai (Davide\u0301) \u2013 Saulo umajo Jesus angureso\u0301rone ore\"}]},{\"@type\":\"WebSite\",\"@id\":\"https:\\\/\\\/ayore.org\\\/#website\",\"url\":\"https:\\\/\\\/ayore.org\\\/\",\"name\":\"AYOR\u00c9.ORG\",\"description\":\"Ayore\u0301ode Uruode, Adode, Jnani bajade ati\u0301go ore \",\"potentialAction\":[{\"@type\":\"SearchAction\",\"target\":{\"@type\":\"EntryPoint\",\"urlTemplate\":\"https:\\\/\\\/ayore.org\\\/?s={search_term_string}\"},\"query-input\":{\"@type\":\"PropertyValueSpecification\",\"valueRequired\":true,\"valueName\":\"search_term_string\"}}],\"inLanguage\":\"ayo\"}]}<\/script>\n<!-- \/ Yoast SEO plugin. -->","yoast_head_json":{"title":"Ecarai (Davide\u0301) \u2013 Saulo umajo Jesus angureso\u0301rone ore &#8226; AYOR\u00c9.ORG","robots":{"index":"index","follow":"follow","max-snippet":"max-snippet:-1","max-image-preview":"max-image-preview:large","max-video-preview":"max-video-preview:-1"},"canonical":"https:\/\/ayore.org\/ayo\/culture\/teachings\/ecarai-davide-saulo-umajo-jesus-anguresorone-ore\/","og_locale":"en_US","og_type":"article","og_title":"Ecarai (Davide\u0301) \u2013 Saulo umajo Jesus angureso\u0301rone ore &#8226; AYOR\u00c9.ORG","og_description":"Yingo uaque gajner\u0129 Jesuse angures\u00f3rone umaj\u00f3s\u00f5ri:Jesus angures\u00f3rone umaj\u00f3s\u00f5ri i tu Saulo. Ut\u00e9 u uje c\u00e1ma changureta Jesuse to nanique. Umajo Jesuse angures\u00f3rone ore. Chi tib\u00e1gui uraque dedugu\u00e9jnai. Chi chojninga: \u201cAs\u00edome barus\u00e3rat\u00edgo ome yu. Yi ga yic\u00e1ji Damasco. Yi Jesuse angures\u00f3rone","og_url":"https:\/\/ayore.org\/ayo\/culture\/teachings\/ecarai-davide-saulo-umajo-jesus-anguresorone-ore\/","og_site_name":"AYOR\u00c9.ORG","article_modified_time":"2019-05-21T16:14:47+00:00","twitter_card":"summary_large_image","twitter_misc":{"Est. reading time":"4 minutes"},"schema":{"@context":"https:\/\/schema.org","@graph":[{"@type":"WebPage","@id":"https:\/\/ayore.org\/ayo\/culture\/teachings\/ecarai-davide-saulo-umajo-jesus-anguresorone-ore\/","url":"https:\/\/ayore.org\/ayo\/culture\/teachings\/ecarai-davide-saulo-umajo-jesus-anguresorone-ore\/","name":"Ecarai (Davide\u0301) \u2013 Saulo umajo Jesus angureso\u0301rone ore &#8226; AYOR\u00c9.ORG","isPartOf":{"@id":"https:\/\/ayore.org\/#website"},"datePublished":"2019-05-21T16:14:45+00:00","dateModified":"2019-05-21T16:14:47+00:00","breadcrumb":{"@id":"https:\/\/ayore.org\/ayo\/culture\/teachings\/ecarai-davide-saulo-umajo-jesus-anguresorone-ore\/#breadcrumb"},"inLanguage":"ayo","potentialAction":[{"@type":"ReadAction","target":["https:\/\/ayore.org\/ayo\/culture\/teachings\/ecarai-davide-saulo-umajo-jesus-anguresorone-ore\/"]}]},{"@type":"BreadcrumbList","@id":"https:\/\/ayore.org\/ayo\/culture\/teachings\/ecarai-davide-saulo-umajo-jesus-anguresorone-ore\/#breadcrumb","itemListElement":[{"@type":"ListItem","position":1,"name":"Jogate bajai tu ude\u0301","item":"https:\/\/ayore.org\/ayo\/"},{"@type":"ListItem","position":2,"name":"Ayore\u0301ode adode, angurenone cucha ore","item":"https:\/\/ayore.org\/ayo\/culture\/"},{"@type":"ListItem","position":3,"name":"Ayore\u0301ode Acajnaque\u0301ode","item":"https:\/\/ayore.org\/ayo\/culture\/teachings\/"},{"@type":"ListItem","position":4,"name":"Ecarai (Davide\u0301) \u2013 Saulo umajo Jesus angureso\u0301rone ore"}]},{"@type":"WebSite","@id":"https:\/\/ayore.org\/#website","url":"https:\/\/ayore.org\/","name":"AYOR\u00c9.ORG","description":"Ayore\u0301ode Uruode, Adode, Jnani bajade ati\u0301go ore ","potentialAction":[{"@type":"SearchAction","target":{"@type":"EntryPoint","urlTemplate":"https:\/\/ayore.org\/?s={search_term_string}"},"query-input":{"@type":"PropertyValueSpecification","valueRequired":true,"valueName":"search_term_string"}}],"inLanguage":"ayo"}]}},"_links":{"self":[{"href":"https:\/\/ayore.org\/ayo\/wp-json\/wp\/v2\/pages\/3891","targetHints":{"allow":["GET"]}}],"collection":[{"href":"https:\/\/ayore.org\/ayo\/wp-json\/wp\/v2\/pages"}],"about":[{"href":"https:\/\/ayore.org\/ayo\/wp-json\/wp\/v2\/types\/page"}],"author":[{"embeddable":true,"href":"https:\/\/ayore.org\/ayo\/wp-json\/wp\/v2\/users\/5"}],"replies":[{"embeddable":true,"href":"https:\/\/ayore.org\/ayo\/wp-json\/wp\/v2\/comments?post=3891"}],"version-history":[{"count":3,"href":"https:\/\/ayore.org\/ayo\/wp-json\/wp\/v2\/pages\/3891\/revisions"}],"predecessor-version":[{"id":3895,"href":"https:\/\/ayore.org\/ayo\/wp-json\/wp\/v2\/pages\/3891\/revisions\/3895"}],"up":[{"embeddable":true,"href":"https:\/\/ayore.org\/ayo\/wp-json\/wp\/v2\/pages\/719"}],"wp:attachment":[{"href":"https:\/\/ayore.org\/ayo\/wp-json\/wp\/v2\/media?parent=3891"}],"curies":[{"name":"wp","href":"https:\/\/api.w.org\/{rel}","templated":true}]}}