{"id":3885,"date":"2019-05-21T15:42:44","date_gmt":"2019-05-21T15:42:44","guid":{"rendered":"https:\/\/ayore.org\/?page_id=3885"},"modified":"2019-05-21T15:42:45","modified_gmt":"2019-05-21T15:42:45","slug":"ecarai-davide-yocai-ayore-jnani-bajade-ore-todo-dupade","status":"publish","type":"page","link":"https:\/\/ayore.org\/ayo\/culture\/teachings\/ecarai-davide-yocai-ayore-jnani-bajade-ore-todo-dupade\/","title":{"rendered":"Ecarai (Davide\u0301) \u2013 Yocai ayor\u00e9, jnani bajade, ore todo Dupade"},"content":{"rendered":"\n<p><strong><em>Ecarai catec\u00e3\u0301ri Dupade:<\/em><\/strong><br>Yicatec\u00e3\u0301ri ua, Dupade, ome yoque ujetiga yang\u00e1coi baruode jne. J\u00e9 basa yocai ayor\u00e9, jnani bajade, ore todo ua, uje ore chiraja uje ujopier\u00e3que ua, Yoque Dupade, mu icatec\u00e3\u0301ri ua iji gajner\u0129. Yacaranguipise uje disi ejode ore chiraja uje bapota uyoque. Jecute icatec\u00e3\u0301ri ua gajner\u0129 ujetiga \u00e1taja yoque gajner\u0129 iji direjnime ujetiga yang\u00e1coi baruode, Yoque Dupade. Yacaranguipis ome ua uje yocurasade uje ore d\u00e9ji don Jaime gari, ore tang\u00e1rip\u00edsi Jaime acajnaqu\u00e9ode gajner\u0129, Yoque Dupade. Enga ore chiraja ua uje pos\u00f5ras\u1e4dri ua, Yoque Dupade. Jecute icatec\u00e3\u0301ri ua ujetiga \u00e1tap\u00edsaja ore gajner\u0129; arodipise ore enga as\u00edome betotiguei tome ore. As\u00edome bajopi\u00e9 tome ore ga ij\u00f5re ore iji dirode jnese, Yoque Dupade. Adi uyu gajner\u0129, Yoque Dupade, jeta yajn\u00edja yoquidai, jeta arodipise yoque, Yoque Dupade. Yoque Dupade, icatec\u00e3\u0301ri ua ome cuchade jnese uje bamanique cuchade nanique uje yajo cucha pibosode ujeta yip\u00e9co baroqu\u00e9ode, bojningane cucha, Dupade. Icatec\u00e3\u0301ri ua ome cuchade jnese ome bajnacari Jesute i. Am\u1ebd.<\/p>\n\n\n\n<p><strong><em>Juan Bautista chojninga: \u201c\u00c9c\u00e3cho uacaj\u00e9ode.\u201d <\/em><\/strong><em>(Mateo 3:2)<\/em><br>Ingo Juan Bautista ojningane uruode aja er\u00e1mi uniris\u00f3rone uyoque nanique uje chojninga: \u201c\u00c9c\u00e3cho uacaj\u00e9ode.\u201d An\u00edri, Dupade Uruode atatas\u1e4dri u\u00f1ai uruode u uje Juan chatata nanique, uje purus\u00e3racho nanique uje Jesute, Dupade Ujnacari, cama base nanique iji ne jnumi.<\/p>\n\n\n\n<p><strong><em>Jaime chicha uagaja coj\u00f1one gari gu ujetiga ang\u00e1choi Dupade Uruode<\/em><\/strong>: A j\u00e9 araj\u00e1yo don Jaime acajnaqu\u00e9rigo uje Dupade ujnacari i tu Jesuse, enga chi chojningame darasade ore: \u201cJ\u00e9 go uje que ajire uacate bajade,\u201d chojninga. \u201cJ\u00e9 ajire uacate bajade ga ang\u00e1choi Dupade Uruode enga j\u00e9 et\u00e1cho uacat\u00edgo ome uacate bajade,\u201d chojninga. <\/p>\n\n\n\n<p>Enga j\u00e9 adode\nu, j\u00e9 adi u uje Dupade Uruode gajnes\u1e4dri uje ug\u00facoi iji dirode unojo uje don\nJaime chicha uagaja coj\u00f1one gari gu ujetiga ang\u00e1choi Dupade Uruode enga ay\u00e1yo\nuacate bajade. Adi u yoque uje jecucha yingo ayor\u00e9ode iji Tobit\u00e9 uje yacate ore\nome Dupade Uruode uje yojninga: \u201cGajnui tu uje coj\u00f1oque edugu\u00e9jnane ore chijna yogome\ncoj\u00f1one ore gari nanique uje yocaode qu\u00e9 choqu\u00edbi yoque nanique.\u201d Mu quigade ga\nyac\u00e1go boraidie enga adode ur\u00e1su jeta y\u00e9c\u00e3co yocadode ome Dupade adode enga\nyicoi Dupade ojningane cucha. Yicoi Dupade iroqu\u00e9ode enga yijn\u00e1ngo Dupade\nojningane aja guesi ujetiga a yocuj\u00f3rique ayor\u00e9, cuch\u00e1rique cho na, ga\nyos\u1e4dco. Ga unojo u uje Dupade ojningane u un\u00e9, u uje chi chojningame\ndarasade: \u201cAy\u00e1yo uacate bajade,\u201d chojninga. \u201cBeyoi Dupade ojningane cucha.\nCham\u00e1\u00f1aje Dupade di jne enga cho daju\u00f1ame er\u00e1mi tun\u00e9,\u201d chi chojninga.<\/p>\n\n\n\n<p><strong><em>Dupade ujnacari di gu ujetiga chingome Day\u00e9 Dupade uruode ome yoguiji er\u00e1mi tud\u00e9:<\/em><\/strong><br>Mu que uruode up\u00fasu Dupade ujuyaqu\u00e9ode uje jnani bajai Isa\u00edas chojninga: \u201cChi Dupade ujnacari di jne. Ujnacanique cus,\u201d chi chojninga. Mu chise g\u00f3jni unojo uje chi Jesute e di iji jnumone enga, uje e uacad\u00facho to uje a don Jaime chingo uaque uje chi, Dupade an\u00edri, ujopi\u00e9 ch\u0129reta gap\u00faraque nanique, ga Dupade ujnacari d\u00e9ji ajei. Abi d\u00e9ji ajei, gapua. J\u00e9 base g\u00f3jni enga jec u uje chingo day\u00e9 ojningane cucha aja ayor\u00e9ode ore iji er\u00e1mi. Jecute yingome uaque ujetiga an\u00f3ningach\u00f3 uje ap\u00f3tayo yocadode enga yicoi Dupade ojningai pijnoraquei jeta yijn\u00e1ngo ome \u00f1ane, ga yijn\u00f3rango \u00f1ane iji er\u00e1mi.&nbsp; Enga ca yim\u00f3ngo pajei dot\u00e1ning\u00e1rique. Yiraja uje ayor\u00e9ode uy\u00f3guiji er\u00e1mi casodicaite yijn\u00e1ngo pijnoraquei ome \u00f1ane, mu Dupade ijnoraquei c\u00e1ma u gotique. Dupade ijnoraquei ujetiga ayor\u00e9rique doi Dupade ojningane cucha; chac\u00e3re Dupade gai ome ipesudode cucha. Enga unojo u uje ipota jeta ingome uaque uje don Jaime chijna uagaja coj\u00f1one gari gu ujetiga ang\u00e1choi acajnaqu\u00e9ode. Enga chacate uagome darujna aone pirajade enga adi jec u ujetiga gosi chiraja darujna aone, j\u00e9 gosi chiraja ojningane, uruode iji darujna aone enga jec u uje gosi chingo darasade. <\/p>\n\n\n\n<p>Yiraja uje\nayor\u00e9rique que d\u00e9ji si\u00f1eque jeta chiraja cuch\u00e1rique bisideque. J\u00e9 s\u00e1rode, &nbsp;\u00bfjeta ayor\u00e9rique chiraja s\u00e1nique bisideque? \u00dangare.\nJnanione, sare irajas\u00f3rone, ga chacate ore enga ore chiraja enga adi jec u\nujetiga don Jaime chacate uagome Dupade Uruode enga uaque gosi tang\u00e1ri enga\ngosi chiraja Dupade uruode quigode gu dacadis\u1e4dri.<\/p>\n\n\n\n<p><strong><em>Dupade chojninga: \u201cAng\u00e1choi yujnacari ga j\u00e9 ca yujuseque u\u00e1guiji jnumi.\u201d<\/em><\/strong><br>Enga adi jec u uje uaque gosi que chiraja an\u00ednique gotique. Que chiraja s\u00e1nique go. Mu acadis\u00f3nique chingo s\u00e1rode aja ga e chiraja. Chiraja ga chetingare ujetiga j\u00e9 chiraja. Ga adi jec u. A uaque gosi a cheting\u00e3re Dupade Uruode enga gosi irasicho Dupade Uruode uje Dupade ch\u00e1taja gosi enga chis\u00edome dayuquetotiguei tome gosi. Enga que qu\u00e9 cho chique ojninga ome cuchade. J\u00e9 uacam\u00f3\u00f1o uje Dupade chojninga iji daruode ome jnanione, yocayode jnani bajade: \u201cAng\u00e1choi,\u201d chojninga. \u201cAng\u00e1choi yujnacari. Ang\u00e1choi yir\u00f3gode,\u201d chojninga, ome udore ir\u00f3gode jnani bajade urusarane. \u201cAng\u00e1choi yir\u00f3gode udore ore ga j\u00e9 ca yujuseque u\u00e1guiji jnumi,\u201d chojningame jnani bajade.<\/p>\n\n\n\n<p><strong><em>Quer\u00e9nga ore doi Dupade Uruode nanique, enga Dupade cho daju\u00f1ame ore.<\/em><\/strong><br>A e uacad\u00fachoi iji don Jaime pijnatique. Quer\u00e9nga ore doi Dupade Uruode nanique, enga Dupade cho daju\u00f1ame ore. Cho daju\u00f1ame ore enga chejna ore ome yote dequejnag\u1e4dri uje e ad\u00facho to uje gus\u00fasu Dupade angures\u1e4dri ore uje chiqueta susodi uje gadi\u00f3guiji ti iji yijmanu\u00f1ai. Ga unojo u uje Dupade chojninga, Juan Bautista u uje ojningai u. Chojninga: \u201c\u00c9c\u00e3cho uacat\u00edgo,\u201d chojninga, \u201cga Dupade ch\u00e1taja uaque,\u201d chi chojninga.<\/p>\n\n\n\n<p>Mu jec \u0169r\u00e9\nuje Dupade chetaque jnani bajade ore adode. Chetaque ore isijnaringu\u00e9one.\nChetaque uje ore chuj\u00e9 \u00f1ane. Chetaque uje ore ch\u00f3ji yote pioi jote, enga cho\ndaju\u00f1ame ore. Enga chojningame yocayode jnani bajade u\u00f1ai uje i tu No\u00e9, cucoi\nipesung\u00f3ri: \u201cAp\u00e9su cucoi enga babode, bajnacarode, uacajneque. J\u00e9 ac\u00e1yo aja\njne,\u201d chi chojninga. \u201cUje a ca coj\u00f1one, barasade tang\u00e1ri ua enga a yo yuju\u00f1ame\nore,\u201d chojninga.<\/p>\n\n\n\n<p>Mu e ad\u00facho\nuje No\u00e9 p\u00e9su cucoi te gu uje changureta Dupade, enga que chotigase ur\u00farique\nenga jecute p\u00e9su cucoi. Todo Dupade ojninga pujuyaquei y\u00fai gu. Ujetiga ca No\u00e9\np\u00e9su cucoi te ga, a No\u00e9 chor\u00e1su dabaya ore to Dupade guetes\u00f3rone ore uje ore\nchetaque Dupade Uruode. Mu cham\u00e1\u00f1aje changureta Dupade enga p\u00e9su cucoi. Chise\ng\u00f3jni guei dequejnang\u00f3ri diringai te, enga chiroque No\u00e9, acot\u00e9, ujnacarode, ujnacarode\nore acotedie ore aja cucoi ajei enga ore chac\u00e1ja enga ore ec\u00e1ji Dupade\nujuyaquei jne. Jecute adi u ujetiga ayor\u00e9ode ca ore tang\u00e1ri Dupade Uruode iji\nyoquibijnanone enga a Dupade jno yoc\u00fadi enga gajnui jec u uje chiqueta No\u00e9 ore\nnanique iji dajuyaquei uje cho daju\u00f1ame urasade ore uje chacho ore angoneparitigade.<\/p>\n\n\n\n<p>Mu chi Dupade\ncho daju\u00f1ame er\u00e1mi to jne ujetiga chacho ayor\u00e9ode, coj\u00f1one yoquisijnaringu\u00e9one\nuje que yicoi Dupade uru quitic uje que yang\u00e3coi Dupade ojningane cucha.<\/p>\n\n\n\n<p>Jecute omi tu\nujetiga yuch\u1ebdco yocangoninguinone g\u00e1yode ome Dupade Uruode, enga yanguret\u00e1go\nDupade ujetiga yuduco uruode. Chi Dupade cho daju\u00f1ame ore, jnani bajade ore,\nenga chamurase guei iji ore gai. Chus\u00e1gaja sib\u00edjnane iji yoc\u00fadi enga yodi\nt\u1e4drap\u00f3ji \u00fadi ome ore r\u0129. Ore doso j\u00f3ronga enga ore tibidi j\u00f3ronguiji No\u00e9\nujetiga No\u00e9 chuch\u1ebdre da-cucoi gai tome ore ga ore chac\u00e1ja to. Mu No\u00e9 a\nchojninga: \u201cA yijmarirase uagaja mu que togome yu. Cham\u00e1\u00f1aje Dupade suru\nyoquibai. Que toc jeta yuch\u1ebdre gai.\u201d<\/p>\n\n\n\n<p>Ore chisa j\u00f3roque\ndabade iji yote dequejnag\u00f3ri jmainie. Enga a j\u00e9 adi tu ujetiga Dupade di iji\njnumi te ga. A yocu\u00f1\u00e9ngo, yocurasade u\u00f1\u00e9ngo, coj\u00f1one a chisa j\u00f3roque dab\u00e1yode\niji Dupade ujuyaquei jmainie ujetiga cho daju\u00f1ame jnumi.<\/p>\n\n\n\n<p>No\u00e9 urasade\nunojo, chi ore chu\u00f1ieta nanique ome ipesudi cuco. Chi ore chojninga: \u201c\u00a1Chimo\nj\u00f3roque gotique! uje No\u00e9 p\u00e9su cucoi. \u00bfJa guei icasirase? Cachi ipesute cucoi.\u201d<\/p>\n\n\n\n<p>Mu que ore\nchajire gat\u00e9 uje Dupade chiroque iroi No\u00e9 aja cucoi ujetiga p\u00e9su. No\u00e9 chingo\ndarasade ujetiga ore cha date gajnar\u00e9ngone enga Dupade ca p\u00e9su cucha\ngajnar\u00e9tique ome ore. Dupade ca cho daju\u00f1ame ore jetiga chimes\u1ebdre ore at\u00edgo.\nMu jno gat\u00e9 gojni No\u00e9 uje chi chingo Dupade Uruode aja ore enga chi chojninga:\n\u201cAy\u00e1yo uacate gajnar\u00e9ngone,\u201d chi chojninga. \u201cChi Dupade cho daju\u00f1ame yoque jeta\nca yiy\u00e1go yocate gajnar\u00e9ngone.\u201d<\/p>\n\n\n\n<p><strong><em>Gajnui jec u iji diri tun\u00e9 uje coj\u00f1one, ayor\u00e9ode ore chuj\u00f1ieta Dupade Uruode to.<\/em><\/strong><br>Mu doi dat\u00e9ringane uje ore chuj\u00f1ieta gat\u00e9. Mu gajnui jec u diri tun\u00e9 gajner\u0129 uje coj\u00f1one iji er\u00e1mone, ayor\u00e9ode iji er\u00e1mone, uje ore chuj\u00f1ieta Dupade Uruode. Ore chojningame Dupade Uruode: \u201cCachi Dupade Uruode atatas\u00f3rone ore oj\u00f1a.\u201d Mu que cachi yocoj\u00f1a gotique. Jec \u0169r\u00e9 yoque jecute jnani bajade unojo ore chimo j\u00f3ronga d\u00ednique uje Dupade cho daju\u00f1ame ore enga quene ore chucu\u00e9 Dupade ujetiga changureta. Mu e que qu\u00e9 d\u00ednique d\u00e9poi gotique ujetiga Dupade qu\u00e9 chuch\u1ebdrape cucoi gai enga ore chacap\u00f3ja r\u0129.<\/p>\n\n\n\n<p>Enga adi jec\nu uje ayor\u00e9ode, coj\u00f1one a ore pota j\u00f3ronga ore n\u00f3na yoque to enga a ore\nchojninga: \u201c\u00a1Jesute a, ayape ga yij\u00edna uaque to jne!\u201d<\/p>\n\n\n\n<p>Mu Dupade\nUruode que qui u go. Dupade Uruode qui u uje chojninga: \u201cQu\u00e9 yijna yir\u00f3gode ore\npijnani uje cama yi ore \u00fadi iji jnumi.\u201d Enga jec \u0169r\u00e9 ujetiga ayor\u00e9rique chucu\u00e9\nyocacajnaqu\u00e9ode iji Dupade adode enga doi ga changureta Dupade uje cama Dupade\ncho daju\u00f1ame jnumi. <em>(2 Pedro 2:5)<\/em><\/p>\n\n\n\n<p>Yij\u00f3chago\nuacaj\u00e9ode \u00fadi ujetiga ajnus\u00edna\u00f1o Juan Bautista uru quigode uje chojninga\nnanique: \u201c\u00c9c\u00e3cho uacaj\u00e9ode.\u201d Juan Bautista ut\u00e9 chimo Jesus uje chose ore\nyui nanique enga chojningame darijogos\u00f3rone: \u201cCajicho to jnacari ut\u00e9. Ut\u00e9 u jne\nujetiga toi ome er\u00e1mone jogos\u00f3rone yoquisijnaringu\u00e9one. Enga gajnua u \u00e1yasa\nperan\u00e9 ome Dupade. Enga Dupade j\u00e9 guerani u dajnacari ut\u00e9 ome yoque.\u201d<\/p>\n\n\n\n<p>Jecute\ncuchayi tup\u00fasu Dupade uruode uje chojningame yoque: \u201cAng\u00e1choi yujnacari, ga\nj\u00e9 ca yujuseque u\u00e1guiji jnumi.\u201d&nbsp;&nbsp; E gusu.<\/p>\n\n\n\n<p><em>Ecarai \u2013 Rinc\u00f3n de Tigre, Bolivia \u2013 1960<\/em><br><em>Ecarai chajnerame don Jaime Dunn uruode nanique<\/em><br><em>Marina de Morarie chur\u00fas\u00e3re Ecarai uruode udojo<\/em><\/p>\n\n\n<div class=\"navigation\"><div class=\"alignleft\"><a href=\"https:\/\/ayore.org\/ayo\/culture\/teachings\/ecarai-davide-que-cucharique-chona-dupade-uruode-ome-yoque\/\"title=\"Ecarai (Davide\u0301) \u2013 Que cuch\u00e1rique chona Dupade uruode ome yoque\"><img loading=\"lazy\" decoding=\"async\" src=\"https:\/\/ayore.org\/wp-content\/uploads\/2018\/10\/left-arrow.png\" width=\"50\" height=\"48\" alt=\"left arrow\"><\/a><\/div><div class=\"alignright\"><a href=\"https:\/\/ayore.org\/ayo\/culture\/teachings\/ecarai-davide-saulo-umajo-jesus-anguresorone-ore\/\"title=\"Ecarai (Davide\u0301) \u2013 Saulo umajo Jesus angureso\u0301rone ore\"><img loading=\"lazy\" decoding=\"async\" src=\"https:\/\/ayore.org\/wp-content\/uploads\/2018\/10\/right-arrow.png\" width=\"50\" height=\"48\" alt=\"right arrow\"><\/a><\/div>\n","protected":false},"excerpt":{"rendered":"<p>Ecarai catec\u00e3\u0301ri Dupade:Yicatec\u00e3\u0301ri ua, Dupade, ome yoque ujetiga yang\u00e1coi baruode jne. J\u00e9 basa yocai ayor\u00e9, jnani bajade, ore todo ua, uje ore chiraja uje ujopier\u00e3que ua, Yoque Dupade, mu icatec\u00e3\u0301ri ua iji gajner\u0129. Yacaranguipise uje disi ejode ore chiraja uje<\/p>\n","protected":false},"author":5,"featured_media":0,"parent":719,"menu_order":0,"comment_status":"closed","ping_status":"closed","template":"","meta":{"footnotes":""},"class_list":["post-3885","page","type-page","status-publish","hentry"],"yoast_head":"<!-- This site is optimized with the Yoast SEO plugin v27.4 - https:\/\/yoast.com\/product\/yoast-seo-wordpress\/ -->\n<title>Ecarai (Davide\u0301) \u2013 Yocai ayor\u00e9, jnani bajade, ore todo Dupade &#8226; AYOR\u00c9.ORG<\/title>\n<meta name=\"robots\" content=\"index, follow, max-snippet:-1, max-image-preview:large, max-video-preview:-1\" \/>\n<link rel=\"canonical\" href=\"https:\/\/ayore.org\/ayo\/culture\/teachings\/ecarai-davide-yocai-ayore-jnani-bajade-ore-todo-dupade\/\" \/>\n<meta property=\"og:locale\" content=\"en_US\" \/>\n<meta property=\"og:type\" content=\"article\" \/>\n<meta property=\"og:title\" content=\"Ecarai (Davide\u0301) \u2013 Yocai ayor\u00e9, jnani bajade, ore todo Dupade &#8226; AYOR\u00c9.ORG\" \/>\n<meta property=\"og:description\" content=\"Ecarai catec\u00e3\u0301ri Dupade:Yicatec\u00e3\u0301ri ua, Dupade, ome yoque ujetiga yang\u00e1coi baruode jne. J\u00e9 basa yocai ayor\u00e9, jnani bajade, ore todo ua, uje ore chiraja uje ujopier\u00e3que ua, Yoque Dupade, mu icatec\u00e3\u0301ri ua iji gajner\u0129. Yacaranguipise uje disi ejode ore chiraja uje\" \/>\n<meta property=\"og:url\" content=\"https:\/\/ayore.org\/ayo\/culture\/teachings\/ecarai-davide-yocai-ayore-jnani-bajade-ore-todo-dupade\/\" \/>\n<meta property=\"og:site_name\" content=\"AYOR\u00c9.ORG\" \/>\n<meta property=\"article:modified_time\" content=\"2019-05-21T15:42:45+00:00\" \/>\n<meta name=\"twitter:card\" content=\"summary_large_image\" \/>\n<meta name=\"twitter:label1\" content=\"Est. reading time\" \/>\n\t<meta name=\"twitter:data1\" content=\"9 minutes\" \/>\n<script type=\"application\/ld+json\" class=\"yoast-schema-graph\">{\"@context\":\"https:\\\/\\\/schema.org\",\"@graph\":[{\"@type\":\"WebPage\",\"@id\":\"https:\\\/\\\/ayore.org\\\/ayo\\\/culture\\\/teachings\\\/ecarai-davide-yocai-ayore-jnani-bajade-ore-todo-dupade\\\/\",\"url\":\"https:\\\/\\\/ayore.org\\\/ayo\\\/culture\\\/teachings\\\/ecarai-davide-yocai-ayore-jnani-bajade-ore-todo-dupade\\\/\",\"name\":\"Ecarai (Davide\u0301) \u2013 Yocai ayor\u00e9, jnani bajade, ore todo Dupade &#8226; AYOR\u00c9.ORG\",\"isPartOf\":{\"@id\":\"https:\\\/\\\/ayore.org\\\/#website\"},\"datePublished\":\"2019-05-21T15:42:44+00:00\",\"dateModified\":\"2019-05-21T15:42:45+00:00\",\"breadcrumb\":{\"@id\":\"https:\\\/\\\/ayore.org\\\/ayo\\\/culture\\\/teachings\\\/ecarai-davide-yocai-ayore-jnani-bajade-ore-todo-dupade\\\/#breadcrumb\"},\"inLanguage\":\"ayo\",\"potentialAction\":[{\"@type\":\"ReadAction\",\"target\":[\"https:\\\/\\\/ayore.org\\\/ayo\\\/culture\\\/teachings\\\/ecarai-davide-yocai-ayore-jnani-bajade-ore-todo-dupade\\\/\"]}]},{\"@type\":\"BreadcrumbList\",\"@id\":\"https:\\\/\\\/ayore.org\\\/ayo\\\/culture\\\/teachings\\\/ecarai-davide-yocai-ayore-jnani-bajade-ore-todo-dupade\\\/#breadcrumb\",\"itemListElement\":[{\"@type\":\"ListItem\",\"position\":1,\"name\":\"Jogate bajai tu ude\u0301\",\"item\":\"https:\\\/\\\/ayore.org\\\/ayo\\\/\"},{\"@type\":\"ListItem\",\"position\":2,\"name\":\"Ayore\u0301ode adode, angurenone cucha ore\",\"item\":\"https:\\\/\\\/ayore.org\\\/ayo\\\/culture\\\/\"},{\"@type\":\"ListItem\",\"position\":3,\"name\":\"Ayore\u0301ode Acajnaque\u0301ode\",\"item\":\"https:\\\/\\\/ayore.org\\\/ayo\\\/culture\\\/teachings\\\/\"},{\"@type\":\"ListItem\",\"position\":4,\"name\":\"Ecarai (Davide\u0301) \u2013 Yocai ayor\u00e9, jnani bajade, ore todo Dupade\"}]},{\"@type\":\"WebSite\",\"@id\":\"https:\\\/\\\/ayore.org\\\/#website\",\"url\":\"https:\\\/\\\/ayore.org\\\/\",\"name\":\"AYOR\u00c9.ORG\",\"description\":\"Ayore\u0301ode Uruode, Adode, Jnani bajade ati\u0301go ore \",\"potentialAction\":[{\"@type\":\"SearchAction\",\"target\":{\"@type\":\"EntryPoint\",\"urlTemplate\":\"https:\\\/\\\/ayore.org\\\/?s={search_term_string}\"},\"query-input\":{\"@type\":\"PropertyValueSpecification\",\"valueRequired\":true,\"valueName\":\"search_term_string\"}}],\"inLanguage\":\"ayo\"}]}<\/script>\n<!-- \/ Yoast SEO plugin. -->","yoast_head_json":{"title":"Ecarai (Davide\u0301) \u2013 Yocai ayor\u00e9, jnani bajade, ore todo Dupade &#8226; AYOR\u00c9.ORG","robots":{"index":"index","follow":"follow","max-snippet":"max-snippet:-1","max-image-preview":"max-image-preview:large","max-video-preview":"max-video-preview:-1"},"canonical":"https:\/\/ayore.org\/ayo\/culture\/teachings\/ecarai-davide-yocai-ayore-jnani-bajade-ore-todo-dupade\/","og_locale":"en_US","og_type":"article","og_title":"Ecarai (Davide\u0301) \u2013 Yocai ayor\u00e9, jnani bajade, ore todo Dupade &#8226; AYOR\u00c9.ORG","og_description":"Ecarai catec\u00e3\u0301ri Dupade:Yicatec\u00e3\u0301ri ua, Dupade, ome yoque ujetiga yang\u00e1coi baruode jne. J\u00e9 basa yocai ayor\u00e9, jnani bajade, ore todo ua, uje ore chiraja uje ujopier\u00e3que ua, Yoque Dupade, mu icatec\u00e3\u0301ri ua iji gajner\u0129. Yacaranguipise uje disi ejode ore chiraja uje","og_url":"https:\/\/ayore.org\/ayo\/culture\/teachings\/ecarai-davide-yocai-ayore-jnani-bajade-ore-todo-dupade\/","og_site_name":"AYOR\u00c9.ORG","article_modified_time":"2019-05-21T15:42:45+00:00","twitter_card":"summary_large_image","twitter_misc":{"Est. reading time":"9 minutes"},"schema":{"@context":"https:\/\/schema.org","@graph":[{"@type":"WebPage","@id":"https:\/\/ayore.org\/ayo\/culture\/teachings\/ecarai-davide-yocai-ayore-jnani-bajade-ore-todo-dupade\/","url":"https:\/\/ayore.org\/ayo\/culture\/teachings\/ecarai-davide-yocai-ayore-jnani-bajade-ore-todo-dupade\/","name":"Ecarai (Davide\u0301) \u2013 Yocai ayor\u00e9, jnani bajade, ore todo Dupade &#8226; AYOR\u00c9.ORG","isPartOf":{"@id":"https:\/\/ayore.org\/#website"},"datePublished":"2019-05-21T15:42:44+00:00","dateModified":"2019-05-21T15:42:45+00:00","breadcrumb":{"@id":"https:\/\/ayore.org\/ayo\/culture\/teachings\/ecarai-davide-yocai-ayore-jnani-bajade-ore-todo-dupade\/#breadcrumb"},"inLanguage":"ayo","potentialAction":[{"@type":"ReadAction","target":["https:\/\/ayore.org\/ayo\/culture\/teachings\/ecarai-davide-yocai-ayore-jnani-bajade-ore-todo-dupade\/"]}]},{"@type":"BreadcrumbList","@id":"https:\/\/ayore.org\/ayo\/culture\/teachings\/ecarai-davide-yocai-ayore-jnani-bajade-ore-todo-dupade\/#breadcrumb","itemListElement":[{"@type":"ListItem","position":1,"name":"Jogate bajai tu ude\u0301","item":"https:\/\/ayore.org\/ayo\/"},{"@type":"ListItem","position":2,"name":"Ayore\u0301ode adode, angurenone cucha ore","item":"https:\/\/ayore.org\/ayo\/culture\/"},{"@type":"ListItem","position":3,"name":"Ayore\u0301ode Acajnaque\u0301ode","item":"https:\/\/ayore.org\/ayo\/culture\/teachings\/"},{"@type":"ListItem","position":4,"name":"Ecarai (Davide\u0301) \u2013 Yocai ayor\u00e9, jnani bajade, ore todo Dupade"}]},{"@type":"WebSite","@id":"https:\/\/ayore.org\/#website","url":"https:\/\/ayore.org\/","name":"AYOR\u00c9.ORG","description":"Ayore\u0301ode Uruode, Adode, Jnani bajade ati\u0301go ore ","potentialAction":[{"@type":"SearchAction","target":{"@type":"EntryPoint","urlTemplate":"https:\/\/ayore.org\/?s={search_term_string}"},"query-input":{"@type":"PropertyValueSpecification","valueRequired":true,"valueName":"search_term_string"}}],"inLanguage":"ayo"}]}},"_links":{"self":[{"href":"https:\/\/ayore.org\/ayo\/wp-json\/wp\/v2\/pages\/3885","targetHints":{"allow":["GET"]}}],"collection":[{"href":"https:\/\/ayore.org\/ayo\/wp-json\/wp\/v2\/pages"}],"about":[{"href":"https:\/\/ayore.org\/ayo\/wp-json\/wp\/v2\/types\/page"}],"author":[{"embeddable":true,"href":"https:\/\/ayore.org\/ayo\/wp-json\/wp\/v2\/users\/5"}],"replies":[{"embeddable":true,"href":"https:\/\/ayore.org\/ayo\/wp-json\/wp\/v2\/comments?post=3885"}],"version-history":[{"count":2,"href":"https:\/\/ayore.org\/ayo\/wp-json\/wp\/v2\/pages\/3885\/revisions"}],"predecessor-version":[{"id":3887,"href":"https:\/\/ayore.org\/ayo\/wp-json\/wp\/v2\/pages\/3885\/revisions\/3887"}],"up":[{"embeddable":true,"href":"https:\/\/ayore.org\/ayo\/wp-json\/wp\/v2\/pages\/719"}],"wp:attachment":[{"href":"https:\/\/ayore.org\/ayo\/wp-json\/wp\/v2\/media?parent=3885"}],"curies":[{"name":"wp","href":"https:\/\/api.w.org\/{rel}","templated":true}]}}