{"id":3871,"date":"2019-05-21T00:32:29","date_gmt":"2019-05-21T00:32:29","guid":{"rendered":"https:\/\/ayore.org\/?page_id=3871"},"modified":"2019-05-21T00:32:30","modified_gmt":"2019-05-21T00:32:30","slug":"ecarai-davide-jesus-cateca%cc%83ri-daye-ome-dacadigode","status":"publish","type":"page","link":"https:\/\/ayore.org\/ayo\/culture\/teachings\/ecarai-davide-jesus-cateca%cc%83ri-daye-ome-dacadigode\/","title":{"rendered":"Ecarai (Davide\u0301) \u2013 Jesus cateca\u0303\u0301ri Daye\u0301 ome dacadigode"},"content":{"rendered":"\n<p><strong><em>Jesus catec\u00e3\u0301ri Day\u00e9 Dupade ome dacadigode uje id\u00f3gosi jeta jnome gat\u00e9:<\/em><\/strong><br>Jesus uruode u uje chingo y\u00f3guiji <em>San Juan 17<\/em> uje chi id\u00f3gosi jeta jnome gat\u00e9 nanique, ga qu\u00e9 catec\u00e3\u0301ri day\u00e9 iji jnumi ome dacadigode ore. Ga chi chojninga iji dacatec\u00e3raitigade: \u201cYap\u00e1, a yij\u00ed\u00f1ome yocurasade ore to iji jnumi, jnutimin\u00f3rone. Icatec\u00e3\u0301ri ua jeta arodipise ore iji jnumi to,\u201d chojninga, \u201cenga arodipise ore ga j\u00e9 adi tu gajner\u0129 uje ug\u00fasi ore gari dir\u00edca ga yirodipise ore iji jnumi. Yingo baruode aja ore. Yingo baruode ojningane cucha aja ore, ga j\u00e9 ore doi jnese. Yimate baroqu\u00e9ode iji jnumi te ga, a yajn\u00e9sara uaque ga j\u00e9 ca etaque u\u00f1eque.\u201d <\/p>\n\n\n\n<p><strong><em>Jesus cho quique uje day\u00e9 ojningane cucha tocade ome J\u00fadas: <\/em><\/strong><em>(San Juan 17:12)<\/em><br>\u00bfJ\u00e9 gotique uje que chojninga? \u2018Que qu\u00e9 ijn\u00e1joi u\u00f1eque, baru casodica.\u2019 Jesute d\u00e9ji jnumi nanique ga ir\u00f3gode gare ore iji yir\u00eddai, ga que ore chijn\u00e1ngui u\u00f1eque. Mu udojo quigade enga chojninga, \u201cA yir\u00f3tigo a gare ore iji yir\u00eddai. A u\u00f1eque chijn\u00e1ngui. Yijn\u00e1joi u\u00f1eque.\u201d<\/p>\n\n\n\n<p>Enga\nchojninga, \u201cYap\u00e1, c\u00e1ma yijn\u00e1ngui yoc u\u00f1eque. Mu Satan\u00e1s u uje jno yocu\u00f1ai\ncasica \u00fadi. Mu baruode ojningane j\u00e9 u,\u201d chojninga. \u201cUje chingo yoc ujetiga\nojningane cucha tocade,\u201d chojninga. <\/p>\n\n\n\n<p>J\u00e9 araj\u00e1yo to\nan\u00edri, Jesus ojningai uje chi Satan\u00e1s jno \u00fadi ga chisi ome pitoringane ome.\nT\u1e4dra raja jnumi iji cucarani \u00f3jo ga dusi ome uchade ga dus\u00edome uchadip\u00edsabia\niji ajei. <em>(Hechos 1:18)<\/em><\/p>\n\n\n\n<p>Que quigode u\ngo jeta Dupade chetaque dangures\u00f5re u\u00f1eque ujetiga ut\u00e9 gosi c\u1e4dra. \u00dangare\nque chetaque go, mu j\u00e9 socaseti chetingare gosi ome anguretaretigai. <em>(Hebreos 12:11)<\/em><\/p>\n\n\n\n<p>J\u00fadas\nisocade c\u00e3ra rome yoquisocade uje yic\u1e4drango. Cho jetiga chijn\u00f3rap\u00edse\nJesuse to nanique enga n\u00f3na Jesus aja qued\u00e9jnane. Doi iroqu\u00e9ode. Chimo iji\nposode g\u00e1yode. Mu doi or\u00e9 tome uraque dacadis\u1e4dre ut\u00e9 ga jec u uje cho\ndaju\u00f1ame re. Ga bas\u00edji cucarani \u00f3jo ga uchade dusi ome.<\/p>\n\n\n\n<p>&nbsp;Mu Jesute que uruode u gotique jeta chojninga,\n\u2018Yapade, yiji ome ore yocurasade iji jnumi, mu yiyaque ore jnese,\u2019 que\nchojninga go. Jesus uruode u ga chojningame udore: \u201cYapade, yiji to ome ore uje\nyejna baroqu\u00e9ode guesi, mu arodipise ore jne iji jnumi.\u201d<\/p>\n\n\n\n<p>&nbsp;Mu j\u00e9 \u0169r\u00e9 Jesus uje Dupade uruode qui tu\nujetiga yejn\u00e1ngo y\u00f3gaja Dupade Uruode enga ca yim\u00f3ngo pujnusi\u00e9tig\u00e1rique ujetiga\ndiga Dupade di. Enga adi jec u Jesus uje chojninga: \u201cC\u00e1ma yijn\u00e1joi yocu\u00f1eque,\nberani casodica ore iji jnumi mu gusu ut\u00e9 baruode ojninga casicaite uje chi an\u00edri\nnanique, chi yijn\u00e1joi nanique. Chi gusu <em>uno<\/em>,\u201d\nchojninga.<\/p>\n\n\n\n<p><strong><em>Jesus chingome day\u00e9 Dupade uje a no\u00f1ome Uruode iji dar\u00f3gode gari jne:<\/em><\/strong><br>Ga jec \u0169r\u00e9pise Dupade uruode uje d\u00e9ji ne uje chingo yoc, chojninga: \u201cB\u1ebdrate ore ome yu, yiji ome ore to ga yij\u00ed\u00f1ome yocacajnaqu\u00e9ode bar\u00fao iji ore gari. Yij\u00ed\u00f1ome baruode iji ore gari,\u201d chojninga.<\/p>\n\n\n\n<p>Enga iraj\u00e1go\nto uje Jesus acajnaqu\u00e9ode unojo u uje chac\u00e1ja ore gari, udore ore uje ore jno\nDupade Uruode \u00fadi.<\/p>\n\n\n\n<p><strong><em>Dupade tibidi er\u00e1mi uniris\u00f3rone uyoque jnese. <\/em><\/strong><em>(Mateo 22:14)<\/em><br>Enga gajnui jec u uje tibidi yoque jnese. Chapuse y\u00f3gaja iji ne guidai uje chiroque y\u00f3gaja guidai. Mu ayor\u00e9rique que tang\u00e1ri Dupade Uruode, que tang\u00e1ri Dupade pijnane ga a chis\u00edr\u00e1si diri te ga uje chojninga: \u201cDupade, \u00bfgotique que er\u00e3\u0301tique chos\u00f5re yu ga tibidi yu to?\u201d<\/p>\n\n\n\n<p>Mu Dupade\nUruode qui u uje chojninga: \u201cYibidi tu uaque jnese. Yipota jeta yijna ua aja\nyidai to, mu uaque u uje uaquet\u00e1cho yu. Que eso yun\u00e9ratique to,\u201d chojninga.<\/p>\n\n\n\n<p>Ga adi jec u\nJesus icatec\u00e3raitigade ome day\u00e9 Dupade, uje chojninga: \u201cCham\u00e1\u00f1aje ingo\nbaruode aja ore, ga ore susipise guio to iji jnumi,\u201d chojninga. \u201cQue yij\u00f1\u00e1ngopo\nyoquir\u00f3 casodica u\u00f1eque to r\u0129,\u201d chojninga. \u201cGusu ut\u00e9, baruode ojninga\ncasicaite, uje bijna. Cham\u00e1\u00f1aje baruode que toc jeta que an\u00edri, que doi ga que\ntocade,\u201d chojninga.<\/p>\n\n\n\n<p>Jecute Dupade\nUruode chingo yoc iji an\u00edri, San Juan 17, uje chi qu\u00e9 catec\u00e3\u0301ri day\u00e9; u Jesus.\nChi chojninga: \u201cYap\u00e1, yiji ome berane casodica ore iji jnumi, yiji ome ore iji\njnumi, mu que yiji ome ore gotique,\u201d chojninga. \u201cYij\u00ed\u00f1ome baruode iji ore\ngari,\u201d chojninga.<\/p>\n\n\n\n<p><strong><em>Jesus chij\u00f3cha Dupade ajei \u00fadi ome dangures\u1e4dre disi ejode ore uyoque to nanique r\u0129:<\/em><\/strong><br>Ga adi j\u00e9 u yocur\u00e1sa casodicaite mision\u00e9ro uje ore \u00edjnongaja doi. Ore no\u00f1ome Dupade Uruode iji yocari ujetiga yingongo Dupade Uruode aja \u00f1ane. Enga gajnui jec u Jesuse uje chojninga: \u201cYij\u00ed\u00f1ome baruode iji ore gari, yocacajnaqu\u00e9ode. Enga yoquimeser\u00e3s\u00f3rone ore d\u00e9ji jetiga ore chingo yocacajnaqu\u00e9ode aja \u00f1ane jne,\u201d chojninga. <em>(Juan 17:20,21)<\/em><\/p>\n\n\n\n<p><strong><em>Ecarai cho\nquique uje mision\u00e9rone ore no\u00f1ome Dupade Uruode iji ore gari:<\/em><\/strong>Jesute\nchojninga: \u201cQue yi ome ore bisideque.\u201d Enga adi jec u uje mision\u00e9rone ore jnoji\nne yoquidai, mu que ore no\u00f1ome yoque bisidec. Ore no\u00f1ome Dupade Uruode iji\nyocari, enga qu\u00e9 ore catec\u00e3\u0301ri Dupade ome yoc ujetiga Dupade chirote y\u00f3guiji\nyoquidai. Enga Jesus uruode j\u00e9 quigode upo r\u0129 uje chojninga: \u201cOrocoi ore uje\njecucha ibidi ore, ga jecucha icatec\u00e3\u0301ri ome ore, ga ingo ore ome ua ujetiga\nore n\u00f3na yu aja gatajnoquei to,\u201d chojninga.<\/p>\n\n\n\n<p><strong><em>Ecarai chac\u00e3ra dacajnaqu\u00e9ode aja chequ\u00e9raque uje chiro dachadie:<\/em><\/strong>&nbsp;&nbsp;&nbsp; Ga gajnui jec u unojo uje j\u00e9 basa chequ\u00e9raque chiro dach\u00e1raque ga chiro dachadie ga ueradei jnese. Enga jec u ujetiga chac\u00e1ja ga u\u00f1araque dusi ga ore cho u\u00f1ane jnese. Mu ore chib\u00f3rome. Chib\u00f3rome u\u00f1anie ga dajuque gu gajnarengu\u00e9 te ga que cuch\u00e1rique t\u1e4draji. <\/p>\n\n\n\n<p>Enga gajnui\njec u uje yocajneque Dupade Uruode jnese, mu yocu\u00f1ane chetaque Dupade Uruode\nenga gajnui tu co dusi uje anire gajnarengu\u00e9 ujetiga y\u00f3jigo yodi aja. Ga adi\njec u uje gosi a pota enga gajnui tu co etocoroi uje etogu\u00e9 enga uerad\u00e9 tu\nuat\u00e9. Co etocoroidie ome yodi. Ga gajnui jec u ayor\u00e9 uje mision\u00e9ro uje doi\nDupade Uruode enga ut\u00e9 u uje jno Dupade Uruode \u00fadi ga chingo Jesus acajnaqu\u00e9ode\naja yocujode ayor\u00e9, enga anire chojninga: \u201cJesuse chingo dedai taja yoque jnese\njeta yij\u00ednango aja,\u201d chojninga. <\/p>\n\n\n\n<p>Mu ayor\u00e9 ut\u00e9\nchojninga: \u201cIyiraja yui ome Jesus idai to.\u201d Ga unojo gajnui tu co dusape uje a\nchiraja uta. A ayor\u00e9 co ga chojninga: \u201cYejna udui taja jnumi uje yetaque yodi\ny\u00fai jeta areredat\u00e9 y\u00fadode ome,\u201d chojninga. Ga ore udui u cucha aja dajesui ga\nDupade Uruode a adi jec u uje Dupade Uruode chac\u00e1ja ayor\u00e9 te mu, que chiraja\ndayarit\u00edguiji uje chetaque Dupade Uruode ga a chicai dajes\u00farigo.<\/p>\n\n\n\n<p><strong><em>Jesus chi jno jne mu chi Dai uru casodica qu\u00e9 d\u00e9ji ore jeta pacadique ore ome:<\/em><\/strong><br>Jecute Jesus uruode qui u uje chojningame anire, day\u00e9: \u201cE yiji ome to yocuj\u00f3rigo ayor\u00e9 ore mu baru casodica qu\u00e9 d\u00e9ji ore ga orocoi ore uje ore changureta y\u00f3gome yacajnaqu\u00e9ode,\u201d chojninga. \u201cOrocoi ore uje yiqueta ore,\u201d chojninga. \u201cEnga ijnime orejnar\u00e9ngone,\u201d chojninga. \u201cJecute ore changureta ua uje chi yijnime ore ejnar\u00e9tigo.\u201d <\/p>\n\n\n\n<p>Ga Jesus uruode u unojo ome Day\u00e9: \u201cYap\u00e1i, icatec\u00e3\u0301ri ua gu ujetiga j\u00e9 ca bo u\u00f1eque \u00fadi iji ne jnumi,\u201d chi chojninga. \u201cJ\u00e9 arodipise ore ome Satanas to iji jnumi ome bajopi\u00e9 ga yij\u00ednango \u00f1ane aja bedai jeta bo yoc\u00fadi,\u201d chi chojninga. <em>(Juan 17:15)<\/em> E gusu.<\/p>\n\n\n\n<p><em>Ecarai \u2013 Tobit\u00e9 , Bolivia \u2013 1960<\/em><br><em>Marina de Morarie chur\u00fas\u00e3re Ecarai acajnaqu\u00e9ode unojo<\/em><\/p>\n\n\n<div class=\"navigation\"><div class=\"alignleft\"><a href=\"https:\/\/ayore.org\/ayo\/culture\/teachings\/ecarai-davide-jesus-chacara-dacajnaqueode-aja-cuchade\/\"title=\"Ecarai (Davide\u0301) \u2013 Jesus chac\u00e3ra dacajnaqu\u00e9ode aja cuchade\"><img loading=\"lazy\" decoding=\"async\" src=\"https:\/\/ayore.org\/wp-content\/uploads\/2018\/10\/left-arrow.png\" width=\"50\" height=\"48\" alt=\"left arrow\"><\/a><\/div><div class=\"alignright\"><a href=\"https:\/\/ayore.org\/ayo\/culture\/teachings\/ecarai-davide-que-cucharique-chona-dupade-uruode-ome-yoque\/\"title=\"Ecarai (Davide\u0301) \u2013 Que cuch\u00e1rique chona Dupade uruode ome yoque\"><img loading=\"lazy\" decoding=\"async\" src=\"https:\/\/ayore.org\/wp-content\/uploads\/2018\/10\/right-arrow.png\" width=\"50\" height=\"48\" alt=\"right arrow\"><\/a><\/div>\n","protected":false},"excerpt":{"rendered":"<p>Jesus catec\u00e3\u0301ri Day\u00e9 Dupade ome dacadigode uje id\u00f3gosi jeta jnome gat\u00e9:Jesus uruode u uje chingo y\u00f3guiji San Juan 17 uje chi id\u00f3gosi jeta jnome gat\u00e9 nanique, ga qu\u00e9 catec\u00e3\u0301ri day\u00e9 iji jnumi ome dacadigode ore. Ga chi chojninga iji dacatec\u00e3raitigade:<\/p>\n","protected":false},"author":5,"featured_media":0,"parent":719,"menu_order":0,"comment_status":"closed","ping_status":"closed","template":"","meta":{"footnotes":""},"class_list":["post-3871","page","type-page","status-publish","hentry"],"yoast_head":"<!-- This site is optimized with the Yoast SEO plugin v27.4 - https:\/\/yoast.com\/product\/yoast-seo-wordpress\/ -->\n<title>Ecarai (Davide\u0301) \u2013 Jesus cateca\u0303\u0301ri Daye\u0301 ome dacadigode &#8226; AYOR\u00c9.ORG<\/title>\n<meta name=\"robots\" content=\"index, follow, max-snippet:-1, max-image-preview:large, max-video-preview:-1\" \/>\n<link rel=\"canonical\" href=\"https:\/\/ayore.org\/ayo\/culture\/teachings\/ecarai-davide-jesus-cateca\u0303ri-daye-ome-dacadigode\/\" \/>\n<meta property=\"og:locale\" content=\"en_US\" \/>\n<meta property=\"og:type\" content=\"article\" \/>\n<meta property=\"og:title\" content=\"Ecarai (Davide\u0301) \u2013 Jesus cateca\u0303\u0301ri Daye\u0301 ome dacadigode &#8226; AYOR\u00c9.ORG\" \/>\n<meta property=\"og:description\" content=\"Jesus catec\u00e3\u0301ri Day\u00e9 Dupade ome dacadigode uje id\u00f3gosi jeta jnome gat\u00e9:Jesus uruode u uje chingo y\u00f3guiji San Juan 17 uje chi id\u00f3gosi jeta jnome gat\u00e9 nanique, ga qu\u00e9 catec\u00e3\u0301ri day\u00e9 iji jnumi ome dacadigode ore. Ga chi chojninga iji dacatec\u00e3raitigade:\" \/>\n<meta property=\"og:url\" content=\"https:\/\/ayore.org\/ayo\/culture\/teachings\/ecarai-davide-jesus-cateca\u0303ri-daye-ome-dacadigode\/\" \/>\n<meta property=\"og:site_name\" content=\"AYOR\u00c9.ORG\" \/>\n<meta property=\"article:modified_time\" content=\"2019-05-21T00:32:30+00:00\" \/>\n<meta name=\"twitter:card\" content=\"summary_large_image\" \/>\n<meta name=\"twitter:label1\" content=\"Est. reading time\" \/>\n\t<meta name=\"twitter:data1\" content=\"6 minutes\" \/>\n<script type=\"application\/ld+json\" class=\"yoast-schema-graph\">{\"@context\":\"https:\\\/\\\/schema.org\",\"@graph\":[{\"@type\":\"WebPage\",\"@id\":\"https:\\\/\\\/ayore.org\\\/ayo\\\/culture\\\/teachings\\\/ecarai-davide-jesus-cateca%cc%83ri-daye-ome-dacadigode\\\/\",\"url\":\"https:\\\/\\\/ayore.org\\\/ayo\\\/culture\\\/teachings\\\/ecarai-davide-jesus-cateca%cc%83ri-daye-ome-dacadigode\\\/\",\"name\":\"Ecarai (Davide\u0301) \u2013 Jesus cateca\u0303\u0301ri Daye\u0301 ome dacadigode &#8226; AYOR\u00c9.ORG\",\"isPartOf\":{\"@id\":\"https:\\\/\\\/ayore.org\\\/#website\"},\"datePublished\":\"2019-05-21T00:32:29+00:00\",\"dateModified\":\"2019-05-21T00:32:30+00:00\",\"breadcrumb\":{\"@id\":\"https:\\\/\\\/ayore.org\\\/ayo\\\/culture\\\/teachings\\\/ecarai-davide-jesus-cateca%cc%83ri-daye-ome-dacadigode\\\/#breadcrumb\"},\"inLanguage\":\"ayo\",\"potentialAction\":[{\"@type\":\"ReadAction\",\"target\":[\"https:\\\/\\\/ayore.org\\\/ayo\\\/culture\\\/teachings\\\/ecarai-davide-jesus-cateca%cc%83ri-daye-ome-dacadigode\\\/\"]}]},{\"@type\":\"BreadcrumbList\",\"@id\":\"https:\\\/\\\/ayore.org\\\/ayo\\\/culture\\\/teachings\\\/ecarai-davide-jesus-cateca%cc%83ri-daye-ome-dacadigode\\\/#breadcrumb\",\"itemListElement\":[{\"@type\":\"ListItem\",\"position\":1,\"name\":\"Jogate bajai tu ude\u0301\",\"item\":\"https:\\\/\\\/ayore.org\\\/ayo\\\/\"},{\"@type\":\"ListItem\",\"position\":2,\"name\":\"Ayore\u0301ode adode, angurenone cucha ore\",\"item\":\"https:\\\/\\\/ayore.org\\\/ayo\\\/culture\\\/\"},{\"@type\":\"ListItem\",\"position\":3,\"name\":\"Ayore\u0301ode Acajnaque\u0301ode\",\"item\":\"https:\\\/\\\/ayore.org\\\/ayo\\\/culture\\\/teachings\\\/\"},{\"@type\":\"ListItem\",\"position\":4,\"name\":\"Ecarai (Davide\u0301) \u2013 Jesus cateca\u0303\u0301ri Daye\u0301 ome dacadigode\"}]},{\"@type\":\"WebSite\",\"@id\":\"https:\\\/\\\/ayore.org\\\/#website\",\"url\":\"https:\\\/\\\/ayore.org\\\/\",\"name\":\"AYOR\u00c9.ORG\",\"description\":\"Ayore\u0301ode Uruode, Adode, Jnani bajade ati\u0301go ore \",\"potentialAction\":[{\"@type\":\"SearchAction\",\"target\":{\"@type\":\"EntryPoint\",\"urlTemplate\":\"https:\\\/\\\/ayore.org\\\/?s={search_term_string}\"},\"query-input\":{\"@type\":\"PropertyValueSpecification\",\"valueRequired\":true,\"valueName\":\"search_term_string\"}}],\"inLanguage\":\"ayo\"}]}<\/script>\n<!-- \/ Yoast SEO plugin. -->","yoast_head_json":{"title":"Ecarai (Davide\u0301) \u2013 Jesus cateca\u0303\u0301ri Daye\u0301 ome dacadigode &#8226; AYOR\u00c9.ORG","robots":{"index":"index","follow":"follow","max-snippet":"max-snippet:-1","max-image-preview":"max-image-preview:large","max-video-preview":"max-video-preview:-1"},"canonical":"https:\/\/ayore.org\/ayo\/culture\/teachings\/ecarai-davide-jesus-cateca\u0303ri-daye-ome-dacadigode\/","og_locale":"en_US","og_type":"article","og_title":"Ecarai (Davide\u0301) \u2013 Jesus cateca\u0303\u0301ri Daye\u0301 ome dacadigode &#8226; AYOR\u00c9.ORG","og_description":"Jesus catec\u00e3\u0301ri Day\u00e9 Dupade ome dacadigode uje id\u00f3gosi jeta jnome gat\u00e9:Jesus uruode u uje chingo y\u00f3guiji San Juan 17 uje chi id\u00f3gosi jeta jnome gat\u00e9 nanique, ga qu\u00e9 catec\u00e3\u0301ri day\u00e9 iji jnumi ome dacadigode ore. Ga chi chojninga iji dacatec\u00e3raitigade:","og_url":"https:\/\/ayore.org\/ayo\/culture\/teachings\/ecarai-davide-jesus-cateca\u0303ri-daye-ome-dacadigode\/","og_site_name":"AYOR\u00c9.ORG","article_modified_time":"2019-05-21T00:32:30+00:00","twitter_card":"summary_large_image","twitter_misc":{"Est. reading time":"6 minutes"},"schema":{"@context":"https:\/\/schema.org","@graph":[{"@type":"WebPage","@id":"https:\/\/ayore.org\/ayo\/culture\/teachings\/ecarai-davide-jesus-cateca%cc%83ri-daye-ome-dacadigode\/","url":"https:\/\/ayore.org\/ayo\/culture\/teachings\/ecarai-davide-jesus-cateca%cc%83ri-daye-ome-dacadigode\/","name":"Ecarai (Davide\u0301) \u2013 Jesus cateca\u0303\u0301ri Daye\u0301 ome dacadigode &#8226; AYOR\u00c9.ORG","isPartOf":{"@id":"https:\/\/ayore.org\/#website"},"datePublished":"2019-05-21T00:32:29+00:00","dateModified":"2019-05-21T00:32:30+00:00","breadcrumb":{"@id":"https:\/\/ayore.org\/ayo\/culture\/teachings\/ecarai-davide-jesus-cateca%cc%83ri-daye-ome-dacadigode\/#breadcrumb"},"inLanguage":"ayo","potentialAction":[{"@type":"ReadAction","target":["https:\/\/ayore.org\/ayo\/culture\/teachings\/ecarai-davide-jesus-cateca%cc%83ri-daye-ome-dacadigode\/"]}]},{"@type":"BreadcrumbList","@id":"https:\/\/ayore.org\/ayo\/culture\/teachings\/ecarai-davide-jesus-cateca%cc%83ri-daye-ome-dacadigode\/#breadcrumb","itemListElement":[{"@type":"ListItem","position":1,"name":"Jogate bajai tu ude\u0301","item":"https:\/\/ayore.org\/ayo\/"},{"@type":"ListItem","position":2,"name":"Ayore\u0301ode adode, angurenone cucha ore","item":"https:\/\/ayore.org\/ayo\/culture\/"},{"@type":"ListItem","position":3,"name":"Ayore\u0301ode Acajnaque\u0301ode","item":"https:\/\/ayore.org\/ayo\/culture\/teachings\/"},{"@type":"ListItem","position":4,"name":"Ecarai (Davide\u0301) \u2013 Jesus cateca\u0303\u0301ri Daye\u0301 ome dacadigode"}]},{"@type":"WebSite","@id":"https:\/\/ayore.org\/#website","url":"https:\/\/ayore.org\/","name":"AYOR\u00c9.ORG","description":"Ayore\u0301ode Uruode, Adode, Jnani bajade ati\u0301go ore ","potentialAction":[{"@type":"SearchAction","target":{"@type":"EntryPoint","urlTemplate":"https:\/\/ayore.org\/?s={search_term_string}"},"query-input":{"@type":"PropertyValueSpecification","valueRequired":true,"valueName":"search_term_string"}}],"inLanguage":"ayo"}]}},"_links":{"self":[{"href":"https:\/\/ayore.org\/ayo\/wp-json\/wp\/v2\/pages\/3871","targetHints":{"allow":["GET"]}}],"collection":[{"href":"https:\/\/ayore.org\/ayo\/wp-json\/wp\/v2\/pages"}],"about":[{"href":"https:\/\/ayore.org\/ayo\/wp-json\/wp\/v2\/types\/page"}],"author":[{"embeddable":true,"href":"https:\/\/ayore.org\/ayo\/wp-json\/wp\/v2\/users\/5"}],"replies":[{"embeddable":true,"href":"https:\/\/ayore.org\/ayo\/wp-json\/wp\/v2\/comments?post=3871"}],"version-history":[{"count":2,"href":"https:\/\/ayore.org\/ayo\/wp-json\/wp\/v2\/pages\/3871\/revisions"}],"predecessor-version":[{"id":3873,"href":"https:\/\/ayore.org\/ayo\/wp-json\/wp\/v2\/pages\/3871\/revisions\/3873"}],"up":[{"embeddable":true,"href":"https:\/\/ayore.org\/ayo\/wp-json\/wp\/v2\/pages\/719"}],"wp:attachment":[{"href":"https:\/\/ayore.org\/ayo\/wp-json\/wp\/v2\/media?parent=3871"}],"curies":[{"name":"wp","href":"https:\/\/api.w.org\/{rel}","templated":true}]}}