{"id":3864,"date":"2019-05-20T23:43:09","date_gmt":"2019-05-20T23:43:09","guid":{"rendered":"https:\/\/ayore.org\/?page_id=3864"},"modified":"2019-05-20T23:43:11","modified_gmt":"2019-05-20T23:43:11","slug":"ecarai-davide-jesus-chacara-dacajnaqueode-aja-cuchade","status":"publish","type":"page","link":"https:\/\/ayore.org\/ayo\/culture\/teachings\/ecarai-davide-jesus-chacara-dacajnaqueode-aja-cuchade\/","title":{"rendered":"Ecarai (Davide\u0301) \u2013 Jesus chac\u00e3ra dacajnaqu\u00e9ode aja cuchade"},"content":{"rendered":"\n<p><strong><em>Ore chojningame \u201cpar\u00e1bola\u201d aja Jesus acajnaqu\u00e9ode u\u00f1ane: <\/em><\/strong><br>Jesus chac\u00e3ra dacajnaqu\u00e9ode aja cuchade gu ujetiga quigode u uje chise jnani bajade nanique. Ore chojningame <em>par\u00e1bola <\/em>aja Jesus oj\u00f1ane udore nanique. Mu chi ca ore chiraja acajnaqu\u00e9ode quigode ome ore. Jecute ore chojningame Jesus: \u201c\u00bfChimo j\u00f3roque bacajnaqu\u00e9ode quit\u00edgo? Que yiraj\u00e1go quit\u00edgo ome bacajnaqu\u00e9ode.\u201d <\/p>\n\n\n\n<p>Uje chi Jesus\nchojninga: \u201cJnani ut\u00e1cai ga chut\u00e3re,\u201d chojninga. \u201cMu chug\u00faperone di enga ore\ntagu acadie iji quigade. Chug\u00faperone chijnime acadie enga ore tagu.\u201d Ga que ore\nchiraja quit\u00edgo iji unojo, <em>par\u00e1bola <\/em>ut\u00e9.\n<em>(Mateo 13:14,15 ore)<\/em><\/p>\n\n\n\n<p>Ga Jesus\nchac\u00e3ra dacajnaqu\u00e9ode aja cuchade. Jecute j\u00e9 ojningane chojninga ujeta ca darasade\nchiraja quit\u00edgo ome. Que yiraja jeta j\u00e9 u, mu a j\u00e9 u uje chojninga: \u201cAsi ome\ngajn\u00faone ome ore,\u201d chojninga. \u201cA ore chiraja quigode jnenga j\u0129rique ore\nchiraja yocojningane cucha,\u201d chojninga. \u201cMu ujetiga ore cho cucha bisid\u00e9guiji\nyacajnaqu\u00e9ode enga a yiraj\u00e1go jne uje ore cho cucha bisid\u00e9guiji yu to, enga j\u00e9\nu uje yip\u00f3gu yacajnaqu\u00e9ode quigode ome udore ore.\u201d<\/p>\n\n\n\n<p><strong><em>Mu Jesus cho quique dacajnaqu\u00e9ode ome dacadigode enga chojningame ore: <\/em><\/strong><br>\u201cUt\u00e1cai udore u anire, uje ore jno Dupade Uruode \u00fadi aja er\u00e1mi jnenga ore chacate Dupade Uruode ome ore iji er\u00e1mi. Enga chojninga: \u201cMu chug\u00faperone u Satan\u00e1s an\u00edrone utocaidode <em>dem\u00f3nionie<\/em>. Satanas u uje chi doi Dupade Uruode iji ayor\u00e9ode aj\u00e9ode, coj\u00f1one aj\u00e9ode enga tagu. Que tagu mu chetaque ome ore, enga chetaque ore ome Dupade Uruode. Enga Dupade Uruode u semilla enga gajnui unojo u ujeta chug\u00faperone tagu Dupade uruode iji ore aj\u00e9ode.\u201d<\/p>\n\n\n\n<p>Jesus qu\u00e9\njno doquigode cucha \u00fadi enga chojninga: \u201cYacajnaqu\u00e9ode quigode unojo u uje\nan\u00f3ningacho uje ut\u00e1cai chut\u00e3re mu aj\u00f1unie bas\u00e1ja an\u00edrone pore ojnac\u00facode, ga\npore ojnac\u00facode su\u00e9, su\u00e9 g\u00e1yode ga toi. Gajnui u ayor\u00e9rique uje chudute Dupade\nuruode, mu \u00e1yipieraque que jnoji cucha pon\u00e1yone iji er\u00e1mi \u00fadode enga diga\nchicadiguipise yuruode.\u201d <\/p>\n\n\n\n<p>Enga adi j\u00e9 u\nuje Satanas ch\u0129ro Dupade Uruode iji ayor\u00e9ode yocaj\u00e9ode. Enga chejna Dupade\nUruode iji ayor\u00e9ode, coj\u00f1one yocaj\u00e9ode, ga yejn\u00e1ngo yoc\u00e1yipiedie aja cuchade\niji er\u00e1mi tud\u00e9, enga gajn\u00faone u pore ojnac\u00facode uje su\u00e9, su\u00e9 iji ut\u00e1cai\nacadie iji jnumi.<\/p>\n\n\n\n<p><strong><em>Jesus pota jeta Dupade uruode chise dajogadi iji yoc\u00e1yipiedie:<\/em><\/strong><br>Enga Jesus chojninga: \u201cE yimate yacajnaqu\u00e9ode aja yangures\u1e4drone ore gari, jecute a yiji ome ore jne, enga a yicap\u00f3ji gat\u00e9 r\u0129,\u201d chojninga. \u201cYiraja gu uje que cho na yuruode ome ore, enga yuruode udore u uje e chise dajogadi iji ore \u00e1yipiedie enga u uje a ch\u00e1taja ore iji er\u00e1mi ud\u00e9 ujetiga diga yiji ome ore.\u201d<\/p>\n\n\n\n<p>Mu a pujnusi\u00e9tigai\nu ome Jesus uje jno nanique iji an\u00edri day\u00e9 gari iji gatajnoquei jeta chise\njnumi tud\u00e9. J\u00e9 basa ga uje Jesus jnome gatajnoquei nanique ga urasade,\nangures\u00f3rone ore tim\u00edninga uje jno enga pujnusi\u00e9tigai jogadi u ome ore uje\njnoji ore gari gu enga qui tu gat\u00e9. Mu chi adi a j\u00e9 u to jne jetiga diapo jne\nr\u0129 ome dangures\u00f3rone uyoque. A otigayas\u00f3rone ore tim\u00edninga Jesus aja\ngatajnoquei jeta jno dangures\u00f3rone yoc\u00fadi, enga pujnusi\u00e9tigai a u ome ore uje\nno\u00f1ome ore iji jnumi gu.<\/p>\n\n\n\n<p><strong><em>Jesus chiroque ore jeta ore jno ujnomei \u00fadi aja er\u00e1mi \u00fadode:<\/em><\/strong><br>Iji der\u00e9jnai ut\u00e9 nanique uje Jesus jnor\u00e1siji ore gari enga cho ore quique jeta angoninguite guesaque ore ome Dupade Uruode. &nbsp;J\u00e9 u to ujetiga ore jno ujnomei \u00fadi aja er\u00e1mi \u00fadode. Yocajn\u00e9cho to Jesus uruode udore; chingo yoque jetiga yicoi Dupade Uruode \u00fadi aja er\u00e1mi ga yingongo yocujode ayor\u00e9o uje chi Jesus a diapo iji jnumi tun\u00e9 jne r\u0129. Enga qu\u00e9 piotiguei cuse ome yoque ujeta yingongo Dupade Uruode aja yocujode ayor\u00e9o. Ise ga ca cachi yocacajnaqu\u00e9o ome ayor\u00e9ode u\u00f1\u00e9ngo, coj\u00f1one u\u00f1\u00e9ngo. J\u00e9 yico enga yip\u00e9co Jes\u00fas uruode udore enga yejn\u00e1ngo yogaja. <em>(Hechos 1:8)<\/em><\/p>\n\n\n\n<p>Uje Jesus chejna daruode udore\nguesi enga jnome gat\u00e9 yui uje qu\u00e9 ore chajire. Enga gue abujadie suru gai,\njecute que toc ujetiga ore chim\u00f3po r\u0129. Uje qu\u00e9 ore chajire gat\u00e9 uje Jesus jno,\nga jnani g\u00e1reode chiqueta raja ore. Enga p\u00f3roropisi ore iguidedie. &nbsp;Enga ore catec\u00e3\u0301ri Jesus ir\u00f3gode enga ore\nchojninga: <em>\u2018<\/em>Galil\u00e9a\ngosode uaque \u00e1, \u00bfgotique gu a uje que ay\u00e1yo am\u00edningacho Jesus aja jnoringai?\nJec \u0169r\u00e9 uje e jnoji uacari que enga qui tu gat\u00e9, mu adi a j\u00e9 u to jne\nujetiga diapo jne r\u0129.<em>\u2019 (Hechos 1:10 aja\n11)<\/em><\/p>\n\n\n\n<p><strong><em>Dupade Ujopi\u00e9 Esp\u00edritu Santo ch\u00e1taja yoque uje yajnerangome Jesus uruode ome ore:<\/em><\/strong><br>Ga chi Jesus jno nanique ga ore jnusi j\u00f3rogui. Ore cham\u00e1ta \u00f1ane iji guijnataj\u00e9ode. Ore catec\u00e3\u0301ri Dupade. Mu ore chuningame eti Dupade Ujopi\u00e9 base ore g\u00e1yode enga ore chiraja ojningane unojo cucha, enga j\u0129rique ore chacate coj\u00f1one ome Jesus ujnomei. Chi coj\u00f1one udore uje ore chise Jerusalen iji dirode udore nanique, chi ore t\u1e4draji er\u00e1mi \u00fadode jnese enga ore uruode c\u00e3ra ome \u00f1ane. Enga chi ore tijap\u00edsa Jesus anguretas\u00f3rone ore uje chi ore dop\u00edsi ore uruode to jnese, uje que Jesus anguretas\u00f3rone ore ur\u00fao m\u00fa\u00f1i.<\/p>\n\n\n\n<p><strong><em>Pujnusi\u00e9tigai jogadi tu ome ore jne uj\u00e9tiga Jesus no\u00f1ome ore iji jnumi:<\/em><\/strong><br>Jecute a Jesus chojningas\u00edar\u00e1sa ome ayor\u00e9ode uyoque: \u201cA y\u0129ri jne enga a yise b\u00e1guedie iji er\u00e1mone,\u201d chojninga. \u201cYise disorane iji er\u00e1mone. Mu gare ore aja dajes\u00faode mu que chimoc uje yijna u\u00f1ai,\u201d chojninga. \u201cA yise ore iji mongone ore; gapua changureta Dupade, ga j\u00e9 basa abai que changureta to. Enga yij\u00ed\u00f1ome abai iji ore moch\u00e1di. Mu yijna acot\u00e9 uje anire changureta Dupade.\u201d<\/p>\n\n\n\n<p>Enga a Jesus\ndi jne enga pujnusi\u00e9tigai jogadi tu. Pujnusi\u00e9tigai jogadi tu ome ayor\u00e9\nacoter\u00e3chui, jeoga ayor\u00e9 amanachugu\u00e9 uje ping\u00e3ra ore jogadi ome \u00f1ane uje Jesus\nno\u00f1ome u\u00f1ai mu jno u\u00f1\u00e1raque \u00fadi. Pujnusi\u00e9tigai jogadi tu to ome udore u\u00f1ane uje\nore angurenone u date ar\u00e9gode, uje chiese a piquetaque ore gu ore ate omone\nudore. Mu cachi ore \u00e3rai u raque, uje que piquetangore u\u00f1eque cuse. Gusu Jesus\nuje chiqueta ayor\u00e9ode, coj\u00f1one ore. (<em>Efesios\n2:8,9)<\/em><\/p>\n\n\n\n<p>Jesus uruode\nqui tu enga a chojningar\u00e1sa: \u201cPiotiguei d\u00e9ji dir\u00edca ujetiga ore tib\u00e1gui yu enga\ny\u0129r\u00f3rase ore isijnaringu\u00e9one,\u201d chojningar\u00e1sa. \u201cMu dicot\u00e3rechoqui ore, enga ore\nchisi dab\u00e1yode ome dapesudode udore. A ore p\u00f3gu dasijnaringu\u00e9one, enga que ore\ntib\u00e1gui yu ujetiga y\u0129ro orate gajnar\u00e9ngone.\u201d Jecute Jesus a chojninga: \u201cAcai\nuaiti. Que yiraja ua to. Cham\u00e1\u00f1aje basijnaringu\u00e9one qu\u00e9 jogate ua. Uje que\nabidi yu gu ujetiga \u0129ro basijnaringu\u00e9one.\u201d<\/p>\n\n\n\n<p><strong><em>Yiraj\u00e1go uje gusu Jesus iyoi uje ch\u0129ro pisijnaringu\u00e9ode:<\/em><\/strong><br>Jecute que uerate gosi isocade ome Dupade ujetiga ut\u00e9 gosi p\u00f3gu dasijnaringu\u00e9one enga j\u00e9 udore jogate gosi. Jecute a Jesus uruode u ome dicot\u00e3rechoqu\u00edode ore jnese: \u201cQue yimo uaque to go. Boy\u00f3ji yejode ome uacapesudode cucha gajn\u00e1recho.\u201d<em> (Romanos 1:18,19,20,21)<\/em><\/p>\n\n\n\n<p><strong><em>U\u00f1ane chojninga: \u201cQue toc jeta Jesus chicad\u00edgui yadode. Gajn\u00e1recho gu.\u201d<\/em><\/strong><br>J\u00e9 ca ayor\u00e9rique, ca coj\u00f1otique ojnicho: \u201cQue yangureta Jesus to. Cham\u00e1\u00f1aje coj\u00f1oque yuquejnag\u1e4dri yu gu. Jesus chi ch\u0129ro pisijnaringu\u00e9one jnese, mu ise ga ca ch\u0129ro yisijnaringu\u00e9one gu udore \u00faringane gajnarechopise.\u201d <\/p>\n\n\n\n<p>Ujetiga gosi\nur\u00fao udore, enga ut\u00e9 gosi cho parac. Cho jetiga yoquijnose carubode d\u00e9ji Dupade\ngari nanique uje yiy\u00f3go \u00e1yipiedie g\u00e1yode gu. Enga yocajnei pujuyaqueque d\u00e9ji\nyoquiquei. Mu Jesus cho yoquisijnaringu\u00e9one or\u00e9 ome d\u00e1ringai chuque uje toji\ncuresei gai ome yoque, enga j\u00e9 u uje Dupade ch\u0129ro yoquijnose carubode udore\niji dari.<em> (Romanos\n3:25,26 ore)<\/em><\/p>\n\n\n\n<p><strong><em>Jesus <\/em>sue cuchade jnese gai iji er\u00e1mi tud\u00e9<em>: <\/em><\/strong><br>Jecute Jesus chingome yoc uje Dupade t\u1ebdra \u00faringai dacasut\u00e9 ome iji gu\u00e9ode, er\u00e1mi ore jnese; jecute sue cuchade jnese gai iji er\u00e1mi enga su\u00e9 yote qued\u00e9jnane g\u00e1yode to. Jecute uacad\u00facho to uje diguiji g\u00e1yode nanique, yote qued\u00e9jnai. Chijna dai Dupade ujopi\u00e9 uje chajn\u00e9s\u00e3rapo yote qued\u00e9jnai tome r\u0129 enga chise dacadigode iji ore pi cuco. Enga chi an\u00edri, Jesus su\u00e9po pitoringai gai te r\u0129. <\/p>\n\n\n\n<p>Yiraj\u00e1go uje\nJesus acajnaqu\u00e9ode a chimate raja jnumi jnese jne. Jecute a ca ayor\u00e9rique\nchojning\u00e1rasa: \u201cQue yiraj\u00e1go Dupade atique gotique. Que yiraj\u00e1go Dupade\nojningane cucha. Jecute que yanguret\u00e1go to go.\u201d<\/p>\n\n\n\n<p>Mu Jesus\nojningane unojo que piyaque gotique. Ayor\u00e9 yoque ga obir\u00e9jna yocuruode quigode.\nObir\u00e9jna Jesus acajnaqu\u00e9ode iji yocuruode quigode. Mu yoque gosi jeta ca\nchangureta Dupade to jnenga, jeta apota angureta to, enga piotiguei qu\u00e9 u\nder\u00e9jnai unojo jeta ojninga: \u201cYingo yu aja ua, Jesus \u00e1, enga ajnoque yate\ngajnar\u00e9ngone enga \u1e4dra ore aja yote qued\u00e9jnai \u00fadi enga j\u00e9 u ujetiga yij\u00edna bangures\u00f3rone\nore to jne jeta \u00e3ri.\u201d<\/p>\n\n\n\n<p><strong><em>Gaj\u00f1o pioi jogas\u00f3rone ayor\u00e9o ore \u00e1yipiedie chejna raja daguiose uecade iji jnumi:<\/em><\/strong><br>Jecucha yingome uaque uje chi ayor\u00e9, jeoga chequ\u00e9, jeoga coj\u00f1oi, jeoga u\u00f1eque, yocajnui tu coj\u00f1oc uguchar\u00e3i uje chi chojninga uje chimo yocai jnani bajai Abraham: \u201cAngo yesade ore iji jnumi enga ca ore chicai gaj\u00f1o pioi to. Que yisapo yij\u00f3ningai iji r\u0129,\u201d chojninga. \u201cA ayor\u00e9ode, Dupade guetes\u00f3rone ore yocuruode tarat\u00e1gome jeta yisi ore ome Dupade,\u201d chojninga. \u201cAroque Dupade angures\u00f5re u\u00f1\u00e9ngaja jnumi enga chacate yijorane ore,\u201d chojninga.<\/p>\n\n\n\n<p>Yirajago uje\nAbraham toi nanique, mu \u00e1yipie ec\u00e1ji pijogadi u\u00f1eque uje Dupade angures\u00f5re\ntogode ore jogadi u to. Mu yocai u\u00f1ai jnani bajai Abraham ut\u00e9 chajnai coj\u00f1oc\nuguchar\u00e3i enga chojninga: \u201cMu Dupade Uruode d\u00e9ji jnumi, jeta ore chimes\u1ebdre\nenga ore changureta. Moises urusarane d\u00e9ji bajorane ore gari jeta chingo Dupade\nUruode ojningane cucha aja ore.\u201d<\/p>\n\n\n\n<p>Enga adi jec\nu ga gosi chise Dupade iji gatajnoquei ga chimo doj\u00f3rigo iji <a><em>jnaropi\u00e9<\/em><\/a> te\nga, gaj\u00f1o pioi te ga, a u\u00f1eque chojning\u00e1r\u00e1sa: \u201cDupade \u00e1, j\u00e9 go que ango ore\niji Tobit\u00e9 te ga, j\u00e9 ca ore chic\u00e1ji gaj\u00f1o pioi ut\u00e9 to.\u201d<\/p>\n\n\n\n<p>Mu Dupade a\nchojning\u00e1r\u00e1sa ome ut\u00e9 gosi: \u201cYuruode d\u00e9ji ore gari iji Tobit\u00e9. A ore chudute ga, ore changureta ga,\nore chicai yoque to. Que yetaque ore to,\u201d chojninga. \u201cJeta ore \u00edjnogaja\nyibai te ga. Ueradipise jeta ore \u00edjnongaja yibai,\u201d chojninga. <\/p>\n\n\n\n<p>Mu\na chojning\u00e1r\u00e1sa ome gaj\u00f1o pioi jogos\u00f3rone ore: \u201cJ\u00e9 basa ore\nchetaque yu enga ore ajnane u uaque,\u201d chojning\u00e1r\u00e1sa Dupade. \u201cOre ajnane u uaque\niji gaj\u00f1o pioi,\u201d chojning\u00e1r\u00e1sa. \u201cJ\u00e9 basa ore chimes\u1ebdre yat\u00edgo jnenga jeta ore\nchangureta yu ga, a ca ore chicai uaque to,\u201d chojning\u00e1r\u00e1sa. \u201cApot\u00e1yo j\u00f3ronga\nayor\u00e9ode iji yari,\u201d chojning\u00e1r\u00e1sa.<\/p>\n\n\n\n<p>Yiraj\u00e1go uje chi Dupade Ujnacari a diapo jne r\u0129. Jecute ujetiga apota jeta bajorane n\u00f3na u\u00e1gaja Dupade idai jne, enga ango Jesute ujnomei ome ore; j\u00e9 socaseti ore changureta to. Jogadi u ut\u00e9 jeta bajorane, bajoranie ore n\u00f3na Jesute to ujetiga diga diapome dangures\u00f3rone ore uyoque jne r\u0129. E gusu.<\/p>\n\n\n\n<p><em>Ecarai \u2013 Tobit\u00e9, Bolivia \u2013 1960<\/em><br><em>Marina de Morarie chur\u00fas\u00e3re Ecarai acajnaqu\u00e9ode unojo<\/em><\/p>\n\n\n<div class=\"navigation\"><div class=\"alignleft\"><a href=\"https:\/\/ayore.org\/ayo\/culture\/teachings\/ecarai-davide-jesus-chiqueta-raja-dacadique-garerigo\/\"title=\"Ecarai (Davide\u0301) \u2013 Jesus chiqueta raja dacadique ga\u0301rerigo\"><img loading=\"lazy\" decoding=\"async\" src=\"https:\/\/ayore.org\/wp-content\/uploads\/2018\/10\/left-arrow.png\" width=\"50\" height=\"48\" alt=\"left arrow\"><\/a><\/div><div class=\"alignright\"><a href=\"https:\/\/ayore.org\/ayo\/culture\/teachings\/ecarai-davide-jesus-cateca%cc%83ri-daye-ome-dacadigode\/\"title=\"Ecarai (Davide\u0301) \u2013 Jesus cateca\u0303\u0301ri Daye\u0301 ome dacadigode\"><img loading=\"lazy\" decoding=\"async\" src=\"https:\/\/ayore.org\/wp-content\/uploads\/2018\/10\/right-arrow.png\" width=\"50\" height=\"48\" alt=\"right arrow\"><\/a><\/div>\n","protected":false},"excerpt":{"rendered":"<p>Ore chojningame \u201cpar\u00e1bola\u201d aja Jesus acajnaqu\u00e9ode u\u00f1ane: Jesus chac\u00e3ra dacajnaqu\u00e9ode aja cuchade gu ujetiga quigode u uje chise jnani bajade nanique. Ore chojningame par\u00e1bola aja Jesus oj\u00f1ane udore nanique. Mu chi ca ore chiraja acajnaqu\u00e9ode quigode ome ore. Jecute ore<\/p>\n","protected":false},"author":5,"featured_media":0,"parent":719,"menu_order":0,"comment_status":"closed","ping_status":"closed","template":"","meta":{"footnotes":""},"class_list":["post-3864","page","type-page","status-publish","hentry"],"yoast_head":"<!-- This site is optimized with the Yoast SEO plugin v27.4 - https:\/\/yoast.com\/product\/yoast-seo-wordpress\/ -->\n<title>Ecarai (Davide\u0301) \u2013 Jesus chac\u00e3ra dacajnaqu\u00e9ode aja cuchade &#8226; AYOR\u00c9.ORG<\/title>\n<meta name=\"robots\" content=\"index, follow, max-snippet:-1, max-image-preview:large, max-video-preview:-1\" \/>\n<link rel=\"canonical\" href=\"https:\/\/ayore.org\/ayo\/culture\/teachings\/ecarai-davide-jesus-chacara-dacajnaqueode-aja-cuchade\/\" \/>\n<meta property=\"og:locale\" content=\"en_US\" \/>\n<meta property=\"og:type\" content=\"article\" \/>\n<meta property=\"og:title\" content=\"Ecarai (Davide\u0301) \u2013 Jesus chac\u00e3ra dacajnaqu\u00e9ode aja cuchade &#8226; AYOR\u00c9.ORG\" \/>\n<meta property=\"og:description\" content=\"Ore chojningame \u201cpar\u00e1bola\u201d aja Jesus acajnaqu\u00e9ode u\u00f1ane: Jesus chac\u00e3ra dacajnaqu\u00e9ode aja cuchade gu ujetiga quigode u uje chise jnani bajade nanique. Ore chojningame par\u00e1bola aja Jesus oj\u00f1ane udore nanique. Mu chi ca ore chiraja acajnaqu\u00e9ode quigode ome ore. Jecute ore\" \/>\n<meta property=\"og:url\" content=\"https:\/\/ayore.org\/ayo\/culture\/teachings\/ecarai-davide-jesus-chacara-dacajnaqueode-aja-cuchade\/\" \/>\n<meta property=\"og:site_name\" content=\"AYOR\u00c9.ORG\" \/>\n<meta property=\"article:modified_time\" content=\"2019-05-20T23:43:11+00:00\" \/>\n<meta name=\"twitter:card\" content=\"summary_large_image\" \/>\n<meta name=\"twitter:label1\" content=\"Est. reading time\" \/>\n\t<meta name=\"twitter:data1\" content=\"10 minutes\" \/>\n<script type=\"application\/ld+json\" class=\"yoast-schema-graph\">{\"@context\":\"https:\\\/\\\/schema.org\",\"@graph\":[{\"@type\":\"WebPage\",\"@id\":\"https:\\\/\\\/ayore.org\\\/ayo\\\/culture\\\/teachings\\\/ecarai-davide-jesus-chacara-dacajnaqueode-aja-cuchade\\\/\",\"url\":\"https:\\\/\\\/ayore.org\\\/ayo\\\/culture\\\/teachings\\\/ecarai-davide-jesus-chacara-dacajnaqueode-aja-cuchade\\\/\",\"name\":\"Ecarai (Davide\u0301) \u2013 Jesus chac\u00e3ra dacajnaqu\u00e9ode aja cuchade &#8226; AYOR\u00c9.ORG\",\"isPartOf\":{\"@id\":\"https:\\\/\\\/ayore.org\\\/#website\"},\"datePublished\":\"2019-05-20T23:43:09+00:00\",\"dateModified\":\"2019-05-20T23:43:11+00:00\",\"breadcrumb\":{\"@id\":\"https:\\\/\\\/ayore.org\\\/ayo\\\/culture\\\/teachings\\\/ecarai-davide-jesus-chacara-dacajnaqueode-aja-cuchade\\\/#breadcrumb\"},\"inLanguage\":\"ayo\",\"potentialAction\":[{\"@type\":\"ReadAction\",\"target\":[\"https:\\\/\\\/ayore.org\\\/ayo\\\/culture\\\/teachings\\\/ecarai-davide-jesus-chacara-dacajnaqueode-aja-cuchade\\\/\"]}]},{\"@type\":\"BreadcrumbList\",\"@id\":\"https:\\\/\\\/ayore.org\\\/ayo\\\/culture\\\/teachings\\\/ecarai-davide-jesus-chacara-dacajnaqueode-aja-cuchade\\\/#breadcrumb\",\"itemListElement\":[{\"@type\":\"ListItem\",\"position\":1,\"name\":\"Jogate bajai tu ude\u0301\",\"item\":\"https:\\\/\\\/ayore.org\\\/ayo\\\/\"},{\"@type\":\"ListItem\",\"position\":2,\"name\":\"Ayore\u0301ode adode, angurenone cucha ore\",\"item\":\"https:\\\/\\\/ayore.org\\\/ayo\\\/culture\\\/\"},{\"@type\":\"ListItem\",\"position\":3,\"name\":\"Ayore\u0301ode Acajnaque\u0301ode\",\"item\":\"https:\\\/\\\/ayore.org\\\/ayo\\\/culture\\\/teachings\\\/\"},{\"@type\":\"ListItem\",\"position\":4,\"name\":\"Ecarai (Davide\u0301) \u2013 Jesus chac\u00e3ra dacajnaqu\u00e9ode aja cuchade\"}]},{\"@type\":\"WebSite\",\"@id\":\"https:\\\/\\\/ayore.org\\\/#website\",\"url\":\"https:\\\/\\\/ayore.org\\\/\",\"name\":\"AYOR\u00c9.ORG\",\"description\":\"Ayore\u0301ode Uruode, Adode, Jnani bajade ati\u0301go ore \",\"potentialAction\":[{\"@type\":\"SearchAction\",\"target\":{\"@type\":\"EntryPoint\",\"urlTemplate\":\"https:\\\/\\\/ayore.org\\\/?s={search_term_string}\"},\"query-input\":{\"@type\":\"PropertyValueSpecification\",\"valueRequired\":true,\"valueName\":\"search_term_string\"}}],\"inLanguage\":\"ayo\"}]}<\/script>\n<!-- \/ Yoast SEO plugin. -->","yoast_head_json":{"title":"Ecarai (Davide\u0301) \u2013 Jesus chac\u00e3ra dacajnaqu\u00e9ode aja cuchade &#8226; AYOR\u00c9.ORG","robots":{"index":"index","follow":"follow","max-snippet":"max-snippet:-1","max-image-preview":"max-image-preview:large","max-video-preview":"max-video-preview:-1"},"canonical":"https:\/\/ayore.org\/ayo\/culture\/teachings\/ecarai-davide-jesus-chacara-dacajnaqueode-aja-cuchade\/","og_locale":"en_US","og_type":"article","og_title":"Ecarai (Davide\u0301) \u2013 Jesus chac\u00e3ra dacajnaqu\u00e9ode aja cuchade &#8226; AYOR\u00c9.ORG","og_description":"Ore chojningame \u201cpar\u00e1bola\u201d aja Jesus acajnaqu\u00e9ode u\u00f1ane: Jesus chac\u00e3ra dacajnaqu\u00e9ode aja cuchade gu ujetiga quigode u uje chise jnani bajade nanique. Ore chojningame par\u00e1bola aja Jesus oj\u00f1ane udore nanique. Mu chi ca ore chiraja acajnaqu\u00e9ode quigode ome ore. Jecute ore","og_url":"https:\/\/ayore.org\/ayo\/culture\/teachings\/ecarai-davide-jesus-chacara-dacajnaqueode-aja-cuchade\/","og_site_name":"AYOR\u00c9.ORG","article_modified_time":"2019-05-20T23:43:11+00:00","twitter_card":"summary_large_image","twitter_misc":{"Est. reading time":"10 minutes"},"schema":{"@context":"https:\/\/schema.org","@graph":[{"@type":"WebPage","@id":"https:\/\/ayore.org\/ayo\/culture\/teachings\/ecarai-davide-jesus-chacara-dacajnaqueode-aja-cuchade\/","url":"https:\/\/ayore.org\/ayo\/culture\/teachings\/ecarai-davide-jesus-chacara-dacajnaqueode-aja-cuchade\/","name":"Ecarai (Davide\u0301) \u2013 Jesus chac\u00e3ra dacajnaqu\u00e9ode aja cuchade &#8226; AYOR\u00c9.ORG","isPartOf":{"@id":"https:\/\/ayore.org\/#website"},"datePublished":"2019-05-20T23:43:09+00:00","dateModified":"2019-05-20T23:43:11+00:00","breadcrumb":{"@id":"https:\/\/ayore.org\/ayo\/culture\/teachings\/ecarai-davide-jesus-chacara-dacajnaqueode-aja-cuchade\/#breadcrumb"},"inLanguage":"ayo","potentialAction":[{"@type":"ReadAction","target":["https:\/\/ayore.org\/ayo\/culture\/teachings\/ecarai-davide-jesus-chacara-dacajnaqueode-aja-cuchade\/"]}]},{"@type":"BreadcrumbList","@id":"https:\/\/ayore.org\/ayo\/culture\/teachings\/ecarai-davide-jesus-chacara-dacajnaqueode-aja-cuchade\/#breadcrumb","itemListElement":[{"@type":"ListItem","position":1,"name":"Jogate bajai tu ude\u0301","item":"https:\/\/ayore.org\/ayo\/"},{"@type":"ListItem","position":2,"name":"Ayore\u0301ode adode, angurenone cucha ore","item":"https:\/\/ayore.org\/ayo\/culture\/"},{"@type":"ListItem","position":3,"name":"Ayore\u0301ode Acajnaque\u0301ode","item":"https:\/\/ayore.org\/ayo\/culture\/teachings\/"},{"@type":"ListItem","position":4,"name":"Ecarai (Davide\u0301) \u2013 Jesus chac\u00e3ra dacajnaqu\u00e9ode aja cuchade"}]},{"@type":"WebSite","@id":"https:\/\/ayore.org\/#website","url":"https:\/\/ayore.org\/","name":"AYOR\u00c9.ORG","description":"Ayore\u0301ode Uruode, Adode, Jnani bajade ati\u0301go ore ","potentialAction":[{"@type":"SearchAction","target":{"@type":"EntryPoint","urlTemplate":"https:\/\/ayore.org\/?s={search_term_string}"},"query-input":{"@type":"PropertyValueSpecification","valueRequired":true,"valueName":"search_term_string"}}],"inLanguage":"ayo"}]}},"_links":{"self":[{"href":"https:\/\/ayore.org\/ayo\/wp-json\/wp\/v2\/pages\/3864","targetHints":{"allow":["GET"]}}],"collection":[{"href":"https:\/\/ayore.org\/ayo\/wp-json\/wp\/v2\/pages"}],"about":[{"href":"https:\/\/ayore.org\/ayo\/wp-json\/wp\/v2\/types\/page"}],"author":[{"embeddable":true,"href":"https:\/\/ayore.org\/ayo\/wp-json\/wp\/v2\/users\/5"}],"replies":[{"embeddable":true,"href":"https:\/\/ayore.org\/ayo\/wp-json\/wp\/v2\/comments?post=3864"}],"version-history":[{"count":2,"href":"https:\/\/ayore.org\/ayo\/wp-json\/wp\/v2\/pages\/3864\/revisions"}],"predecessor-version":[{"id":3866,"href":"https:\/\/ayore.org\/ayo\/wp-json\/wp\/v2\/pages\/3864\/revisions\/3866"}],"up":[{"embeddable":true,"href":"https:\/\/ayore.org\/ayo\/wp-json\/wp\/v2\/pages\/719"}],"wp:attachment":[{"href":"https:\/\/ayore.org\/ayo\/wp-json\/wp\/v2\/media?parent=3864"}],"curies":[{"name":"wp","href":"https:\/\/api.w.org\/{rel}","templated":true}]}}