{"id":3859,"date":"2019-05-20T23:20:12","date_gmt":"2019-05-20T23:20:12","guid":{"rendered":"https:\/\/ayore.org\/?page_id=3859"},"modified":"2019-05-20T23:20:13","modified_gmt":"2019-05-20T23:20:13","slug":"ecarai-davide-jesus-chiqueta-raja-dacadique-garerigo","status":"publish","type":"page","link":"https:\/\/ayore.org\/ayo\/culture\/teachings\/ecarai-davide-jesus-chiqueta-raja-dacadique-garerigo\/","title":{"rendered":"Ecarai (Davide\u0301) \u2013 Jesus chiqueta raja dacadique ga\u0301rerigo"},"content":{"rendered":"\n<p><strong><em>Jesus chiqueta raja dacadit\u00edgo u\u00f1\u00e9ngo mu que ore chiraja m\u00edraque: <\/em><\/strong><em>(Lucas 24:13-16)<\/em><br>Jesus acadique g\u00e1rerigo chi ore chicai ore id\u00e1nique uje chi i tu Ema\u00fas, mu uje ore d\u00e9ji dajei enga qu\u00e9 ore d\u00e9ji doj\u00f1ane gai uje chi ore bot\u00e3re \u00f1ane ome Jesus adode, mu Jesus chi diga sose udore ore yui. Ga unojo u uje que ore chiraja Jesuse gosi go. Ore catec\u00e3\u0301ri Jesus enga chi ore chojninga: \u201cChi coj\u00f1one ore chuj\u00e9 Jesuse dir\u00edca ga ore chij\u00f3chame dir\u00edca, enga a ca yim\u00f3ngopo jne r\u0129, yocacadis\u1e4dre case, yoquedugu\u00e9jna case, Dupade ujnacari,\u201d chi ore chojninga.<\/p>\n\n\n\n<p>Mu chise ore\nidai te ga Jesus chojninga: \u201cE yiji que \u00e1. E yiyo uacabai te jne.\u201d<\/p>\n\n\n\n<p>Mu chi ore\nchojninga: \u201cJ\u00e9 acarape ga agu yoquibot\u00edgo to.\u201d <\/p>\n\n\n\n<p>Jecute Jesus chac\u00e1ja ore gari iji ore\nupusi\u00e9di to. Mu uje e ore cham\u00e1ta \u00f1ane aja dagapi\u00e9 ejode ujetiga\nore taque mu chi Jesus chisa arur\u00e9tigo mu chi qu\u00e9 catec\u00e3\u0301ri day\u00e9 Dupade\nbajaque. Mu j\u00e9 u uje chi chaj\u00fagaja jnumi ga j\u00e9 u uje chi chisi ome dajorane ore\nto. Mu chi quene ore chiraja Jesus ome \u00faringai Jesus, ga j\u00e9 jogadi u uje\nbijnapome ore r\u0129.<\/p>\n\n\n\n<p>Mu uje ore\nchiraja uje Jesuse j\u00e9 \u0169r\u00e9 uje ec\u00e1po r\u0129 ga que ore chajirape cuch\u00e1rique. Chi\nj\u0129rique ore jno ga ore chajn\u00e9sarapo Jerusalen r\u0129 ujetiga ore chingo cucha\ndacadode udore ome Jesus iroguip\u00edsode. Mu chi udojo ore chojninga: \u201cYim\u00f3ngosi\nJesus ucacab\u00ed cas\u00e9 dir\u00edca ga e ecasiapo r\u0129, ga a jec \u0169rep\u00edsome dar\u00farigo ome\ndarij\u00edningai iji datoringai.\u201d<\/p>\n\n\n\n<p><strong><em>Tom\u00e1s e chiraja uje Jesus ec\u00e1po r\u0129:<\/em><\/strong><br>Tom\u00e1s chi ca d\u00e9ji ore gari to uje Jesus chiqueta raja dar\u00f3gode u\u00f1ane, mu ore chingome uje ore angar\u00e1dejnai ecapo r\u0129. Mu Tom\u00e1s chotigase ore enga chojinga, \u201cQu\u00e9 yotigase uaque,\u201d chi chojninga: \u201cA que yim\u00f3si to jne enga jetiga ca yimo ojnaqu\u00e9rodie pi\u00e9 casid\u00e9 iji jmana aj\u00e1ronie ga a ca yangureta to,\u201d chojninga.<\/p>\n\n\n\n<p>Chi dirode\ngadioque iji udojo quigade enga Jesus chiquetapo raja ore r\u0129 enga Tom\u00e1s d\u00e9ji\nto. Chi chimo uje Jesute sup\u00fasu ga ojnaquerodie piedie qu\u00e9 d\u00e9ji udojo jmanane,\nd\u00e9ji gu\u00eddade r\u0129, jecute Tom\u00e1s chojningame Jesus, \u201cYangar\u00e1ni tu ua. Enga\nyidupade upo ua r\u0129.\u201d<\/p>\n\n\n\n<p><strong><em>Pirajatigai ome Dupade \u00faringai pujnengais\u1e4dri que chiqueta gosi:<\/em><\/strong><br>Der\u00e9jnai tud\u00e9 coj\u00f1one ore chiraja Dupade \u00faringai pujnu\u00e9ngais\u1e4dri mu que ore changureta Jesuse go. Ore chucu\u00e9 d\u00e1yipiedie, ore chucu\u00e9 dor\u00e9 gat\u00e9 iquetang\u00f3\u00f1o cucha mu que ore changureta Dupade abi ome raque go. Cham\u00e1\u00f1aje ore d\u00e9ji er\u00e1mi ud\u00e9 jogon\u00f3rone cucha ajei te ga que ore chiraja dasoc\u00e1rique. Gusu Dupade ipotigas\u1e4drip\u00edsode uje ore chiraja dasocai. Gusu Dupade ipotigas\u1e4drip\u00edsode uje ore chiraja re iji Dupade adode ga ore chiraja r\u00e1gome Dupade ga udojo ore u uje ore changureta Dupade Ujnacari Jesus uje toi ome ore. <em>(Santiago 2:19,20)<\/em><\/p>\n\n\n\n<p><strong><em>Que toque jetiga Dupade jno coj\u00f1otique, ayor\u00e9rique \u00fadi bisideque go:<\/em><\/strong><br>Coj\u00f1one jecucha catec\u00e3\u0301ri y\u00f3guiji <em>*cucha serer\u00e9ode<\/em> ica. Udore u\u00f1ai chojninga: \u201cYapade, j\u00e9 ore changureta Dupade to.\u201d<\/p>\n\n\n\n<p>&nbsp;Mu yojninga: \u201cCoj\u00f1omi \u00e1, ujeta Jesus dir\u00e1si <em>ahorita<\/em>, \u00bforase rique to a?\u201d<\/p>\n\n\n\n<p>Mu\nchojningasia: \u201cMu jetiga Dupade aj\u00e9o ga jno y\u00fadi, jeoga chetaque yu ga que jno\ny\u00fadi go.\u201d<\/p>\n\n\n\n<p>Mu yojninga:\n\u201cU ar\u0129\u0301a, uje que toque jetiga Dupade jno coj\u00f1otique, ayor\u00e9rique \u00fadi bisideque\ngo. Ujetiga caniraque ua, caniraque ua ome bojode coj\u00f1oque, mu Dupade que\ngaidode yoquicaniratigu\u00e9ode gotique ome yoque ujetiga chiqueta yoque. Gaidi tu\nuje yanguret\u00e1go ome yoque ga Dupade ch\u0129ro yoquisijnaringu\u00e9one, ch\u0129ro yocaj\u00e9\ndot\u00e1ningane ga j\u00e9 u uje jno yoc\u00fadi.\u201d<\/p>\n\n\n\n<p>Ga\nchojningasia: \u201cA jec \u0169r\u00e9,&nbsp; mu a Dupade\naj\u00e9o ga jnorase y\u00fadi, jeoga a ca jnorase y\u00fadi jeta j\u00e9 ca aj\u00e9o.\u201d<\/p>\n\n\n\n<p>Ga coj\u00f1one\niji er\u00e1mi jnese oraj\u00e9o jetiga Dupade jno ore \u00fadi bisidec. Enga chiese ca\ncuch\u00e1rique chona ore ome ore aj\u00e9ode.<\/p>\n\n\n\n<p><strong><em>Dupade \u0169raj\u00e9mi at\u00edape: <\/em><\/strong><em>(Mateo 7:13,14)<\/em><br>Mu j\u00e9 uacam\u00f3\u00f1o, uacad\u00facho uje Dupade Uruode chojninga: \u201cUje chi Dupade \u0169raj\u00e9mi at\u00edape.\u201d Enga que toque jetiga yajn\u00e1gosi Dupade \u0169raj\u00e9mi jetiga diga Jesus e di ome dangures\u00f3rone.<\/p>\n\n\n\n<p>Yiraj\u00e1go uje\nchi daj\u00e9ode gare ujetiga ayor\u00e9ode chajna iji dacuecaringuei tud\u00e9. Dupade \u0169raj\u00e9mi\nsud\u00e9 ojningai tu uje que toc jetiga ayor\u00e9rique qu\u00e9 chimesa er\u00e1mi tun\u00e9\njogon\u00f3nique cucha iji dajei te ga jogadi tu uje cho jetiga ajei doi \u00f1ane. Cho\nj\u00e9ta chajna dajeque aj\u00e1matique ga, anire, que chimo guesaring\u00e1rique iji\ndarosat\u00edque. Ga unojo u uje Dupade \u0169raj\u00e9 chi aj\u00e3pe gu udojo. J\u00e9 basa coj\u00f1one\nga ore \u0169rajei chi cuchape, mu que toc jeta ore chajna jeta ore toi. Que ore\nchajna go. Ore guet\u00e9tigai ome Dupade j\u00e9 quer\u00fajna, ga ore chirase raque ga ore\ndoi ga ore su\u00e9 Dupade gai ome daj\u00e9ode, ga ore doi ed\u00e1yode ga ore su\u00e9 Dupade gai\nome daj\u00e9ode. Ore doi daj\u00f1aminone, ga j\u00e9 cachi ore \u0169raj\u00e9reraque dac\u00f3dejna mu\nque toc ujetiga ore chajna udaque jne, dajere ut\u00e9 jetiga ore toi, que ore\nchajna go.<\/p>\n\n\n\n<p><strong><em>A er\u00e1mi jogon\u00f3rone a ore cho d\u00e1yugu re jne jet\u00e1 Jesuse di:<\/em><\/strong><br>A er\u00e1mi jogon\u00f3rone coj\u00f1oque a ore chope d\u00e1yugu re jne. A ore po j\u00f3rogui Jesus iquei ujetiga chiqueta ore. Mu Jesus e di, ga e que toque jeta chiqueta ore. E mu Dupade angures\u00f3rone ga ore irasique re jne, uje Dupade ujnacari e jno ore \u00fadi. Ga unojo u uje Jesus chingo yoque bajaque. <\/p>\n\n\n\n<p><strong><em>Que cucha Jesus itoringai iji curesei gai ome er\u00e1mi uniris\u00f3rone ore nanique:<\/em><\/strong><br>Que coj\u00f1oque, ayor\u00e9rique d\u00e9ji si\u00f1eque go ujetiga poji Dupade ujnacari ejode nanique. Que cuse go, gusu ayor\u00e9 g\u00e1rode uje ore poji Jesute ejode. Mu que ayor\u00e9pise ore go. Mu chi gued\u00e9 tud\u00e9 j\u00e9 chi toi durasede, a j\u00e9 ayor\u00e9 ur\u00e1su chi gued\u00e9 edo. Chi gued\u00e9 doi ta mu que chus\u00e1gaja dejai uje topi\u00e9 ore ejode. Jnumi t\u00e9 ga chi t\u00e3rara, jnumi agoy\u00e9 j\u00e9c u to uje ore poji Jesus ejoi. Ore chiraja uje ore chuj\u00e9 uraque dapesus\u1e4dri Jesute gu iji cures\u00e9 gai.<\/p>\n\n\n\n<p>Que yiraja\njeta ore chiraja quigode uje ore chuj\u00e9 Jesus iji curesei gai nanique, mu Dupade\nujopi\u00e9 ipesute an\u00edrone udojo, cuchade udojo aja quigode, ome ujnacari Jesus\njetiga ore chiraja uje Dupade ipesute cuchade udojo aja quigode. Mu ujetiga\nJesus diapo jne r\u0129 enga udore ore uje ore ichajuque iji curesei gai, a quene\nore chiraja quigode enga a quene ore popise Jesus ejode jne. <em>(Apocalipsis 1:7)<\/em><\/p>\n\n\n\n<p><strong><em>Jesus toi nanique ga pujnusi\u00e9tiga nanique ome dangures\u00f3rone:<\/em><\/strong><br>J\u00e9 basa er\u00e1mi uniris\u00f3rone ore n\u00edna raque uje ore chimate detei taja jnumi. J\u00e9 basa ga Dupade angures\u00f3rone a ore nina re uje Jesus chimate detes\u00f3rone aja ore qui.<\/p>\n\n\n\n<p>Jecute\nyingome uac, gusu yacajnaqu\u00e9ode ome uac, mu yiraj\u00e1go uje que gusu gotique.\nDom\u00edngo, gued\u00e9 jnoringai d\u00e9ji jeta yicoi Dupade Uruode iji r\u0129.&nbsp; Mu dirode d\u00e9ji jnese jetiga gosi pota\nchangureta Dupade ujnacari Jesute ga ango ua aja yoquedugu\u00e9jnane uje c\u00e1ma\nDupade di.<\/p>\n\n\n\n<p>Chi Dupade di\njne enga que toc jetiga u\u00f1eque chojninga: \u201cAquira\u00f1ope Dupade.\u201d&nbsp; Que yocu\u00f1ane que chojninga go: \u201cAquira\u00f1ope ga\nchacarape gar\u00f3sirique, chacarape cutucutuque ga yij\u00edna uaque to jne. Yaj\u00e9ode\nqu\u00e9 ch\u0129rope yisijnaringu\u00e9one iji dire u\u00f1eque.\u201d&nbsp;\n<\/p>\n\n\n\n<p>Mu que u go\nDupade Uruode qui uje chojninga: \u201cUjeta ad\u00facho yuruode, ga j\u00e9 ca ajose ua iji\nguesi tome yuruode. Angureta Dupade ga Dupade doi ga chij\u00f3chame\nbasijnaringu\u00e9one.\u201d <em>(Hebreos 3:15)<\/em><\/p>\n\n\n\n<p>J\u00e9 uacam\u00f3\u00f1o\nuje dequejnar\u00e9ngone su\u00e9 ayor\u00e9ode g\u00e1yode nanique, ga ijochagome ore uje ore toi.\nJ\u00e9 basa ga Jesus su\u00e9 yoquejnar\u00e9ngone, yoquisijnaringu\u00e9one g\u00e1yode, ga chij\u00f3chame\ny\u00f3guiji yodi \u00fadi te ga jogadi tu uje anire, Jesus ujopi\u00e9 e su\u00e9\nyoquisijnaringu\u00e9one g\u00e1yode uje chi ijochagome yoc iji yodi \u00fadi. Yodi gajnui tu\nyocode uje jnumi p\u00e9nuji ayor\u00e9 togode ga, nanique ga, que toc jetiga qu\u00e9 u\u00f1eque\nchisapo guesi gotique r\u0129. Ga adi tu jne uje yodi jno yoquisijnaringu\u00e9one \u00fadi\naja yodi \u00fadi te ga, gajnui tu cucha imenui tome yoquisijnaringu\u00e9one.<\/p>\n\n\n\n<p><strong><em>Jesus chi chague yoquim\u00e1nique jne:<\/em><\/strong><br>Gusu yacajnaqu\u00e9ode ome yoque mu jecucha yuruode qui u ujeta gosi pota changureta Dupade ga pirotigu\u00e9ode u unojo. Pirotigu\u00e9ode u unojo uje qu\u00e9 Dupade Uruode d\u00e9ji jnumi. J\u00e9 basa ga gosi a chojninga jne: \u201cYangureta Jesus tiji dire, sequere ej\u00f3rique to.\u201d Mu que yim\u00f3ngo Jesus diringai. Jesus chi chague yoquim\u00e1nique jne, ga que yojnijo gotique chi di jne iji sequere ejo. Chi chague yoquibai te jne enga jno danguretas\u00f3rone \u00fadi. Mu jecucha yingo uaque uje Jesuse a di jne, Jesus chi di ji jnumi tun\u00e9 ga jno danguretas\u00f3rone \u00fadi aja gat\u00e9 yui. Ga quigade ga er\u00e1mi uniris\u00f3rone chi ore soca rome \u00f1ane iji ne jnumi. Ga unojo u uje ayor\u00e9ode, coj\u00f1one a ore chimo unojo cucha gajnar\u00e9ngone unojo. <em>(Mateo 24:21) <\/em><\/p>\n\n\n\n<p>Gusu\nyacajnaqu\u00e9ode, mu jetiga R\u00f3sad\u00e9 pota ga chingo y\u00f3gaja Dupade. Enga yim\u00f3ngoji\ngat\u00e9 ga Dupade ch\u00e1taja yoc.<\/p>\n\n\n\n<p><strong><em>R\u00f3sad\u00e9 catec\u00e3\u0301ri Dupade<\/em><\/strong>:<br>Amo\u00f1omi gat\u00e9 ga yatec\u00e3\u0301ri Dupade to. \u201cYacaranguipise uje Ecarai chacate yogome Dupade Uruode. Yoque Dupade Dios, yacaranguipis ome ua. Yatec\u00e3\u0301ri ua ji de. Yacaranguipise ome bajnacari Jesus gajner\u0129 uje bag\u00fasi yocari iji de jnumi, Dupade \u00e1. Yacaranguipise to uje j\u00e9 areque yogome ua, Dupade \u00e1. J\u00e9 areque yoque uje j\u00e9 barote yoquejode ome pejnar\u00e9ngone, Yoque Dupade. Aj\u00f3c\u00e3re Satanas utocaidode iji yoquejode. Ga gusu baruode iji yocari iji yoquidai. Yicatec\u00e3\u0301ri ua ome bajnacari Jesucristo i. Am\u1ebd.<\/p>\n\n\n\n<p><strong>Clave:<br> <\/strong>Dupade \u2013 Dios <br> Dupade Uruode \u2013 Palabra de Dios<br><em>*<\/em>cucha serer\u00e9ode \u2013 serrer\u00eda<\/p>\n\n\n\n<p><em>Ecarai \u2013 Tobit\u00e9, Bolivia \u2013 1960<\/em><br><em>Marina de Morarie chur\u00fas\u00e3re Ecarai uruode udojo<\/em><\/p>\n\n\n<div class=\"navigation\"><div class=\"alignleft\"><a href=\"https:\/\/ayore.org\/ayo\/culture\/teachings\/ecarai-davide-yacaranguipis-ome-baruode\/\"title=\"Ecarai (Davide\u0301) \u2013 Yacaranguipis ome baruode\"><img loading=\"lazy\" decoding=\"async\" src=\"https:\/\/ayore.org\/wp-content\/uploads\/2018\/10\/left-arrow.png\" width=\"50\" height=\"48\" alt=\"left arrow\"><\/a><\/div><div class=\"alignright\"><a href=\"https:\/\/ayore.org\/ayo\/culture\/teachings\/ecarai-davide-jesus-chacara-dacajnaqueode-aja-cuchade\/\"title=\"Ecarai (Davide\u0301) \u2013 Jesus chac\u00e3ra dacajnaqu\u00e9ode aja cuchade\"><img loading=\"lazy\" decoding=\"async\" src=\"https:\/\/ayore.org\/wp-content\/uploads\/2018\/10\/right-arrow.png\" width=\"50\" height=\"48\" alt=\"right arrow\"><\/a><\/div>\n","protected":false},"excerpt":{"rendered":"<p>Jesus chiqueta raja dacadit\u00edgo u\u00f1\u00e9ngo mu que ore chiraja m\u00edraque: (Lucas 24:13-16)Jesus acadique g\u00e1rerigo chi ore chicai ore id\u00e1nique uje chi i tu Ema\u00fas, mu uje ore d\u00e9ji dajei enga qu\u00e9 ore d\u00e9ji doj\u00f1ane gai uje chi ore bot\u00e3re \u00f1ane<\/p>\n","protected":false},"author":5,"featured_media":0,"parent":719,"menu_order":0,"comment_status":"closed","ping_status":"closed","template":"","meta":{"footnotes":""},"class_list":["post-3859","page","type-page","status-publish","hentry"],"yoast_head":"<!-- This site is optimized with the Yoast SEO plugin v27.4 - https:\/\/yoast.com\/product\/yoast-seo-wordpress\/ -->\n<title>Ecarai (Davide\u0301) \u2013 Jesus chiqueta raja dacadique ga\u0301rerigo &#8226; AYOR\u00c9.ORG<\/title>\n<meta name=\"robots\" content=\"index, follow, max-snippet:-1, max-image-preview:large, max-video-preview:-1\" \/>\n<link rel=\"canonical\" href=\"https:\/\/ayore.org\/ayo\/culture\/teachings\/ecarai-davide-jesus-chiqueta-raja-dacadique-garerigo\/\" \/>\n<meta property=\"og:locale\" content=\"en_US\" \/>\n<meta property=\"og:type\" content=\"article\" \/>\n<meta property=\"og:title\" content=\"Ecarai (Davide\u0301) \u2013 Jesus chiqueta raja dacadique ga\u0301rerigo &#8226; AYOR\u00c9.ORG\" \/>\n<meta property=\"og:description\" content=\"Jesus chiqueta raja dacadit\u00edgo u\u00f1\u00e9ngo mu que ore chiraja m\u00edraque: (Lucas 24:13-16)Jesus acadique g\u00e1rerigo chi ore chicai ore id\u00e1nique uje chi i tu Ema\u00fas, mu uje ore d\u00e9ji dajei enga qu\u00e9 ore d\u00e9ji doj\u00f1ane gai uje chi ore bot\u00e3re \u00f1ane\" \/>\n<meta property=\"og:url\" content=\"https:\/\/ayore.org\/ayo\/culture\/teachings\/ecarai-davide-jesus-chiqueta-raja-dacadique-garerigo\/\" \/>\n<meta property=\"og:site_name\" content=\"AYOR\u00c9.ORG\" \/>\n<meta property=\"article:modified_time\" content=\"2019-05-20T23:20:13+00:00\" \/>\n<meta name=\"twitter:card\" content=\"summary_large_image\" \/>\n<meta name=\"twitter:label1\" content=\"Est. reading time\" \/>\n\t<meta name=\"twitter:data1\" content=\"8 minutes\" \/>\n<script type=\"application\/ld+json\" class=\"yoast-schema-graph\">{\"@context\":\"https:\\\/\\\/schema.org\",\"@graph\":[{\"@type\":\"WebPage\",\"@id\":\"https:\\\/\\\/ayore.org\\\/ayo\\\/culture\\\/teachings\\\/ecarai-davide-jesus-chiqueta-raja-dacadique-garerigo\\\/\",\"url\":\"https:\\\/\\\/ayore.org\\\/ayo\\\/culture\\\/teachings\\\/ecarai-davide-jesus-chiqueta-raja-dacadique-garerigo\\\/\",\"name\":\"Ecarai (Davide\u0301) \u2013 Jesus chiqueta raja dacadique ga\u0301rerigo &#8226; AYOR\u00c9.ORG\",\"isPartOf\":{\"@id\":\"https:\\\/\\\/ayore.org\\\/#website\"},\"datePublished\":\"2019-05-20T23:20:12+00:00\",\"dateModified\":\"2019-05-20T23:20:13+00:00\",\"breadcrumb\":{\"@id\":\"https:\\\/\\\/ayore.org\\\/ayo\\\/culture\\\/teachings\\\/ecarai-davide-jesus-chiqueta-raja-dacadique-garerigo\\\/#breadcrumb\"},\"inLanguage\":\"ayo\",\"potentialAction\":[{\"@type\":\"ReadAction\",\"target\":[\"https:\\\/\\\/ayore.org\\\/ayo\\\/culture\\\/teachings\\\/ecarai-davide-jesus-chiqueta-raja-dacadique-garerigo\\\/\"]}]},{\"@type\":\"BreadcrumbList\",\"@id\":\"https:\\\/\\\/ayore.org\\\/ayo\\\/culture\\\/teachings\\\/ecarai-davide-jesus-chiqueta-raja-dacadique-garerigo\\\/#breadcrumb\",\"itemListElement\":[{\"@type\":\"ListItem\",\"position\":1,\"name\":\"Jogate bajai tu ude\u0301\",\"item\":\"https:\\\/\\\/ayore.org\\\/ayo\\\/\"},{\"@type\":\"ListItem\",\"position\":2,\"name\":\"Ayore\u0301ode adode, angurenone cucha ore\",\"item\":\"https:\\\/\\\/ayore.org\\\/ayo\\\/culture\\\/\"},{\"@type\":\"ListItem\",\"position\":3,\"name\":\"Ayore\u0301ode Acajnaque\u0301ode\",\"item\":\"https:\\\/\\\/ayore.org\\\/ayo\\\/culture\\\/teachings\\\/\"},{\"@type\":\"ListItem\",\"position\":4,\"name\":\"Ecarai (Davide\u0301) \u2013 Jesus chiqueta raja dacadique ga\u0301rerigo\"}]},{\"@type\":\"WebSite\",\"@id\":\"https:\\\/\\\/ayore.org\\\/#website\",\"url\":\"https:\\\/\\\/ayore.org\\\/\",\"name\":\"AYOR\u00c9.ORG\",\"description\":\"Ayore\u0301ode Uruode, Adode, Jnani bajade ati\u0301go ore \",\"potentialAction\":[{\"@type\":\"SearchAction\",\"target\":{\"@type\":\"EntryPoint\",\"urlTemplate\":\"https:\\\/\\\/ayore.org\\\/?s={search_term_string}\"},\"query-input\":{\"@type\":\"PropertyValueSpecification\",\"valueRequired\":true,\"valueName\":\"search_term_string\"}}],\"inLanguage\":\"ayo\"}]}<\/script>\n<!-- \/ Yoast SEO plugin. -->","yoast_head_json":{"title":"Ecarai (Davide\u0301) \u2013 Jesus chiqueta raja dacadique ga\u0301rerigo &#8226; AYOR\u00c9.ORG","robots":{"index":"index","follow":"follow","max-snippet":"max-snippet:-1","max-image-preview":"max-image-preview:large","max-video-preview":"max-video-preview:-1"},"canonical":"https:\/\/ayore.org\/ayo\/culture\/teachings\/ecarai-davide-jesus-chiqueta-raja-dacadique-garerigo\/","og_locale":"en_US","og_type":"article","og_title":"Ecarai (Davide\u0301) \u2013 Jesus chiqueta raja dacadique ga\u0301rerigo &#8226; AYOR\u00c9.ORG","og_description":"Jesus chiqueta raja dacadit\u00edgo u\u00f1\u00e9ngo mu que ore chiraja m\u00edraque: (Lucas 24:13-16)Jesus acadique g\u00e1rerigo chi ore chicai ore id\u00e1nique uje chi i tu Ema\u00fas, mu uje ore d\u00e9ji dajei enga qu\u00e9 ore d\u00e9ji doj\u00f1ane gai uje chi ore bot\u00e3re \u00f1ane","og_url":"https:\/\/ayore.org\/ayo\/culture\/teachings\/ecarai-davide-jesus-chiqueta-raja-dacadique-garerigo\/","og_site_name":"AYOR\u00c9.ORG","article_modified_time":"2019-05-20T23:20:13+00:00","twitter_card":"summary_large_image","twitter_misc":{"Est. reading time":"8 minutes"},"schema":{"@context":"https:\/\/schema.org","@graph":[{"@type":"WebPage","@id":"https:\/\/ayore.org\/ayo\/culture\/teachings\/ecarai-davide-jesus-chiqueta-raja-dacadique-garerigo\/","url":"https:\/\/ayore.org\/ayo\/culture\/teachings\/ecarai-davide-jesus-chiqueta-raja-dacadique-garerigo\/","name":"Ecarai (Davide\u0301) \u2013 Jesus chiqueta raja dacadique ga\u0301rerigo &#8226; AYOR\u00c9.ORG","isPartOf":{"@id":"https:\/\/ayore.org\/#website"},"datePublished":"2019-05-20T23:20:12+00:00","dateModified":"2019-05-20T23:20:13+00:00","breadcrumb":{"@id":"https:\/\/ayore.org\/ayo\/culture\/teachings\/ecarai-davide-jesus-chiqueta-raja-dacadique-garerigo\/#breadcrumb"},"inLanguage":"ayo","potentialAction":[{"@type":"ReadAction","target":["https:\/\/ayore.org\/ayo\/culture\/teachings\/ecarai-davide-jesus-chiqueta-raja-dacadique-garerigo\/"]}]},{"@type":"BreadcrumbList","@id":"https:\/\/ayore.org\/ayo\/culture\/teachings\/ecarai-davide-jesus-chiqueta-raja-dacadique-garerigo\/#breadcrumb","itemListElement":[{"@type":"ListItem","position":1,"name":"Jogate bajai tu ude\u0301","item":"https:\/\/ayore.org\/ayo\/"},{"@type":"ListItem","position":2,"name":"Ayore\u0301ode adode, angurenone cucha ore","item":"https:\/\/ayore.org\/ayo\/culture\/"},{"@type":"ListItem","position":3,"name":"Ayore\u0301ode Acajnaque\u0301ode","item":"https:\/\/ayore.org\/ayo\/culture\/teachings\/"},{"@type":"ListItem","position":4,"name":"Ecarai (Davide\u0301) \u2013 Jesus chiqueta raja dacadique ga\u0301rerigo"}]},{"@type":"WebSite","@id":"https:\/\/ayore.org\/#website","url":"https:\/\/ayore.org\/","name":"AYOR\u00c9.ORG","description":"Ayore\u0301ode Uruode, Adode, Jnani bajade ati\u0301go ore ","potentialAction":[{"@type":"SearchAction","target":{"@type":"EntryPoint","urlTemplate":"https:\/\/ayore.org\/?s={search_term_string}"},"query-input":{"@type":"PropertyValueSpecification","valueRequired":true,"valueName":"search_term_string"}}],"inLanguage":"ayo"}]}},"_links":{"self":[{"href":"https:\/\/ayore.org\/ayo\/wp-json\/wp\/v2\/pages\/3859","targetHints":{"allow":["GET"]}}],"collection":[{"href":"https:\/\/ayore.org\/ayo\/wp-json\/wp\/v2\/pages"}],"about":[{"href":"https:\/\/ayore.org\/ayo\/wp-json\/wp\/v2\/types\/page"}],"author":[{"embeddable":true,"href":"https:\/\/ayore.org\/ayo\/wp-json\/wp\/v2\/users\/5"}],"replies":[{"embeddable":true,"href":"https:\/\/ayore.org\/ayo\/wp-json\/wp\/v2\/comments?post=3859"}],"version-history":[{"count":1,"href":"https:\/\/ayore.org\/ayo\/wp-json\/wp\/v2\/pages\/3859\/revisions"}],"predecessor-version":[{"id":3860,"href":"https:\/\/ayore.org\/ayo\/wp-json\/wp\/v2\/pages\/3859\/revisions\/3860"}],"up":[{"embeddable":true,"href":"https:\/\/ayore.org\/ayo\/wp-json\/wp\/v2\/pages\/719"}],"wp:attachment":[{"href":"https:\/\/ayore.org\/ayo\/wp-json\/wp\/v2\/media?parent=3859"}],"curies":[{"name":"wp","href":"https:\/\/api.w.org\/{rel}","templated":true}]}}