{"id":3842,"date":"2019-05-18T23:53:15","date_gmt":"2019-05-18T23:53:15","guid":{"rendered":"https:\/\/ayore.org\/?page_id=3842"},"modified":"2019-05-18T23:53:17","modified_gmt":"2019-05-18T23:53:17","slug":"dijaide-josuede-a-ore-cho-u%cc%83rusode-iji-yoque","status":"publish","type":"page","link":"https:\/\/ayore.org\/ayo\/culture\/teachings\/dijaide-josuede-a-ore-cho-u%cc%83rusode-iji-yoque\/","title":{"rendered":"Dijaide (Josue\u0301de\u0301) \u2013 A ore cho u\u0303rusode iji yoque"},"content":{"rendered":"\n<p><strong><em>Dijaide atatagode u udojo:<\/em><\/strong><br>Ga ajnusin\u00e1\u00f1o to gajneri, Jesucristo, Yocangar\u00e1dejnai uruode ome yoque. \u201cCa am\u00edningacho ore gajin\u00e9,\u201d chojninga Jesucr\u00edsto, \u201cjetiga ore cho \u0169rusode iji uaque. \u0168rusode j\u00e9 u ore uje que ore chiraja Dupade, Yocai. \u0168rusode jec u ore.\u201d<\/p>\n\n\n\n<p>\u201cSatanas a ch\u00f3siriji guesi tome\nuaque ujetiga anguret\u00e1yo yu. Mu ujetiga \u1ebd\u0301cacho yi ga Satanas a ch\u00f3siriji\nguesi tome uaque dirome. Mu gosi ujetiga et\u00f3guiji darajatigai dirome ga danguretaretigai\nut\u00e9 u jetiga chise u\u00e9chai,\u201d chojninga Jesucr\u00edsto ome yoque.<\/p>\n\n\n\n<p>Jecute yocacaranguipis ome\nJesucr\u00edsto uje que yug\u00facoi ojningane udojo cucha go. Que yug\u00facoji go. Que\nyip\u00f3tago er\u00e1mi jogon\u00f3rone cucha go. Cham\u00e1\u00f1aje e yiy\u00f3go jnumi gai gu. J\u00e9\nunejaque yocuniri.<\/p>\n\n\n\n<p>\u201cA ore chejn\u00e1reque jne,\u201d\nchojninga. \u201cA ore chejn\u00e1reque yacajnaqu\u00e9ode dirome mu j\u00e9 adot\u00e1yo u\u00e1guiji\nuacarajatig\u00e1rigo. Ajnusin\u00e1\u00f1o uje ore eteque yat\u00edgo nanique to,\u201d chojninga\nJesucr\u00edsto. \u201cAjnusin\u00e1\u00f1o jne uje uyu u uje que yip\u00e9su cuch\u00e1rique nanique, mu ore\ncho damajo yu. Moitapure dirome uje cucha bisideque uaque ome ore,\u201d chojninga\nJesucr\u00edsto. \u201cMu ujetiga gosi chise ore uechai dirome ome danguretaretigai te ga,\nut\u00e9 gosi tu ujeta piquetai u.\u201d<\/p>\n\n\n\n<p><strong><em>Zaqu\u00e9o dejena Jesus aja dagu\u00edjnai:<\/em><\/strong><br>Yocacaranguipise ome Dupade gajin\u00e9 iji der\u00e9jnai tud\u00e9 uje que yicoi to gotique udojo. Que yejnar\u00e9jo yoque go. Cho jeta Dupade ch\u00e3raque yoque ome cucha gajnar\u00e9ngone y\u00faode gu yoc\u00faringai uj\u00f1epetaque. Mu que qui tu go. Dupade uruode d\u00e9ji to uje chi sijnaque yoque gu. Id\u00e1jap\u00edse y\u00f3guiji Dupade. Id\u00e1ja yoque jnese mu Dupade gajneque yoque. Dupa Pujnu\u00e9ngais\u1e4dri gajneque yoque jnese, mu yip\u00f3jo yocadode ome ut\u00e9, enga que cucha ome yoque uje Dupade chijn\u00f3ra yoque. Yojnico uje yanguret\u00e1go Dupade, mu yicag\u00f3ji qued\u00e9jnai ome iji ujade. (Uyu j\u00e9 u to. Cham\u00e1\u00f1aje sijnaque cuchape yu gu.)<\/p>\n\n\n\n<p>Uacam\u00f3\u00f1o Zaqu\u00e9o gotique to uje\nchi oriechoqui, sijnaque r\u0129, mu <em>el Se\u00f1or\nJesucr\u00edsto<\/em> u uje coj\u00f1one ore charat\u00e1yime ga ut\u00e9 chijna aja dagu\u00edjnai ga chi\nj\u00e9 anire, coj\u00f1oi chi chojninga: \u201cJ\u00e9 gotique gu a uje chiese p\u00e3raque Jesus m\u00fa\u00f1i,\nj\u00e9 tagu\u00edji coj\u00f1oque sijnai ut\u00e9 gari.\u201d<\/p>\n\n\n\n<p>Mu Jesus chi chudute ore uruode\nga chi cho quique enga chojninga: \u201cQue cho ujetiga yicai jnumi tud\u00e9 gu ujetiga\nucu\u00e9 er\u00e1mi jogos\u00f3rone ore ujetiga uome ore, ujetiga paraque ore. Yucuegode\nudojo u uje gajnareque ore adode,\u201d chi chojninga Jesus. J\u00e9 jno doquidode \u00fadi\nenga chojninga: \u201cYucuegode u er\u00e1mi jogos\u00f3rone ore uje sijnaque ore. Yucu\u00e9\nsijnangone ore iji er\u00e1mi.\u201d<\/p>\n\n\n\n<p>Yocacaranguipise gajin\u00e9 uje Jesus\nute chimate yogaja re, uje chiraja yoc\u00faringane sijnaque m\u00fa\u00f1i. Chimate bisidi. Enga\nbisidi tu datoringai casicaite.<\/p>\n\n\n\n<p>Enga yujnus\u00ednango to gajin\u00e9 iji der\u00e9jnane jnese uje Jesuse u uje chopo ore\nquique r\u0129 enga chojningame ore \u2018Jesus acadigode.\u2019 Yocacadis\u1e4dri u Jesuse to\nuje qu\u00e9 cho yoquiquique ome cuchade to iji der\u00e9jnane unojo to, uje ut\u00e9\nacadigode j\u00e9 upo yoque r\u0129. Mu adi jec u. Jesucr\u00edsto adi jec u uje cho\nyoquiquique ome cuchade jeta yiraj\u00e1go quigode to. Mu arecujaidie u uje chi\nchojninga: \u201cCachi que yiraja ya, gusu Yai uje chiraja. Que yiraja\nyir\u00edring\u00e1rique y\u00farique mu ujetiga uacap\u00f3tayo gajin\u00e9 jne enga a qu\u00e9 yo quique\nu\u00f1\u00e9ngome uaque jne,\u201d chi chojninga.<\/p>\n\n\n\n<p><strong>Jesus diringai g\u00e3rapiedie u udaji:<\/strong><br>Ga j\u00e9 u uje chatata der\u00e9jnai ujetiga di jne. Chojninga: \u201cA chaguh\u00e9ode d\u00e9ji er\u00e1mi tud\u00e9 jne. A ad\u00facho pocaningane an\u00edrone jne \u2013 pocaningane ujnom\u00e9one iji data. Mu j\u00e9 ca uacagut\u00e9raque cho jora ome pocaningane jne. Enga j\u00e9 chi chaguh\u00e9rigo d\u00e9ji er\u00e1mi jne r\u0129. Uje jnupe t\u00e3rachugode chi d\u00e9ji er\u00e1mi r\u0129.\u201d <\/p>\n\n\n\n<p>Enga uje yin\u00f3ninga udojo to enga\na d\u00e9ji er\u00e1mi jnese. D\u00e9ji er\u00e1mi jnese udojo cuchade.<\/p>\n\n\n\n<p>Qu\u00e9 upo r\u0129 uje chi uruode u\u00f1\u00e9ngo tocade dir\u00edca. Que yiraja puniri uje chi chejna \u2013 que yiraja ujeta 3,000 u yugode iji coj\u00f1one. Enga y\u00e1yipie j\u0129rique d\u00e9ji dir\u00edca Jesus uru casodicaite ome yoque. Enga coj\u00f1one ica qu\u00e9 ore chuj\u00e9 \u00f1ane. Qu\u00e9 ore d\u00e9ji der\u00e9jnane unojo to. Tocade Jesus ojningane cucha.<\/p>\n\n\n\n<p>*Mu chojninga: \u201cCa chajuque\nuacagut\u00e9raque jne. Cham\u00e1\u00f1aje uacanguret\u00e1yo yu gu.\u201d<\/p>\n\n\n\n<p>J\u00e9 areque gajin\u00e9 ujetiga yiroco\nJesucr\u00edsto yui tiji der\u00e9jnai tud\u00e9. Uacam\u00f3\u00f1o uje que pijoque go diringai te que.\nChatatame dacadigode ore ga chojninga: \u201cQue yiraja to go yir\u00edring\u00e1rique dire.\u201d <\/p>\n\n\n\n<p>Mu ojningane d\u00e9ji uje chi\nchojninga: \u201cYir\u00edringai tu ujetiga coj\u00f1one jnese, menen\u00e9ngone ore changureta yu.\nJeta ore chudute yuruode iji uacabijnanone. Ga yinoningaco r\u0129 uje e gar\u00f3si\ncoj\u00f1one iji er\u00e1mone uje ore doi Dupade adode. Ga yiraj\u00e1go uje e id\u00f3gosi Jesuse.\nYiraj\u00e1go. Yiraj\u00e1go, mu, ujetiga gosi c\u00e1ma changureta Dupade ga gosi a cho\nbisid\u00e9guiji udojo. Mu jec \u0169r\u00e9 yoque ome yocacajnaqu\u00e9ode udojo uje que y\u1ebdcaco\nquitique go. Mu yocajnai u Jesucr\u00edsto uruode ome yoque.<\/p>\n\n\n\n<p><strong><em>Uje c\u00e1ma di Jesuse mu a er\u00e1mi uniris\u00f3rone at\u00edgo cungu\u00e9s\u00f5re No\u00e9 ur\u00e1sade adode nanique:<\/em><\/strong><br>Mu yujnus\u00ednango to gajin\u00e9 uje chi der\u00e9jnai tud\u00e9 chi yocajn\u00faone u an\u00edrone, yocajn\u00fai tu No\u00e9. Jesus cho quique enga chojninga: \u201cNo\u00e9 ur\u00e1sade ore cha tang\u00e1ri No\u00e9 acajnaqu\u00e9ode nanique. Enga a ore cha yu to jne r\u0129 enga a ore cho cucha bisid\u00e9guiji yuruode. A ore chicad\u00edgui jeta yir\u00edringai tu. A ore cha yu enga a ca ore changureta yu go.\u201d <\/p>\n\n\n\n<p>A d\u00e9ji der\u00e9jnai tud\u00e9 uje coj\u00f1one\njnese iji er\u00e1mi ore chijna er\u00e1mi jogos\u00f3rone cucha ga que qu\u00e9 ore chucuepoi\nDupade gotique r\u0129. Enga a ca ore chucu\u00e9poi daquetang\u00f3nique gotique r\u0129.\nCham\u00e1\u00f1aje ore chijn\u00f3ra er\u00e1mi jogos\u00f3rone cucha gu. Ore chijn\u00f3ra ga ore cho Dupa\niji er\u00e1mi jogos\u00f3rone cucha. Mu a pininaquei jogadi u ome yoque ujetiga Jesus di\nenga chise yoque uje yiy\u00e1go yoquijnoraqu\u00e9ode ome er\u00e1mi jogos\u00f3rone cucha iji\nder\u00e9jnane unojo.<\/p>\n\n\n\n<p>Uerate ujetiga yanguret\u00e1go\nJesus. Uyu ga yangureta Jesus iji der\u00e9jnane unojo ga \u0169r\u00e9 yu ome yanguretigai.\nQue qu\u00e9 yip\u00f3tagopo er\u00e1mi jogon\u00f3rone cucha r\u0129, enga pijoque uje \u0169r\u00e9 yoque ome\nyocanguretigade.<\/p>\n\n\n\n<p><strong><em>Jesus pota jeta yanguret\u00e1gopise, j\u00e9 aja ujetiga yijn\u00f3rango yocujode ayor\u00e9o to:<\/em><\/strong><br>Que yimo ujetiga gajn\u00e1recho yacajnaqu\u00e9ode ome uaque. Mu Jesus arecujaidie u ome yoque ome panguretaretigai yui. Chojninga: \u201cAdot\u00e1yo uaque. Uaque gosi anguretigai aj\u00e3pe mar\u00ednga, j\u00e9 omi tu. Omi tu dirome ujetiga uaque gosi changureta yu. Ajn\u00f3ra bojode ayor\u00e9,\u201d chojningapo Jesuse r\u0129 uje cho quique dacadigode, \u201cAjn\u00f3ra bojode ayor\u00e9.\u201d Que gusu ore, mu Jesus cho yoquiquique to, enga oquigode j\u00e9 chojm\u00e1ra ome yoque jnese uje Jesus acadique yoque iji yoquijogadi dire ud\u00e9 to.<\/p>\n\n\n\n<p>Jecute gajneri, yicoi ga yijn\u00f3rango\n\u00f1ane gajin\u00e9. Yoco yoquiherm\u00e1no iji \u00f1ane iji der\u00e9jnai tud\u00e9. Que taque Jesus go\nome uyoque, mu omi tu ujetiga yanguret\u00e1gop\u00edse. Omi tu. Jesuse diringai id\u00f3gosi.\nId\u00f3gosi Jesuse diringai. Ca yach\u00f3go yui. Ca yach\u00f3go Jesuse diringai yui.<\/p>\n\n\n\n<p>&nbsp;Uacam\u00f3\u00f1o uje Jesuse que pijoque diring\u00e1rique\nmu id\u00f3gosi, mu yiraj\u00e1go uje Yocai Dupade u uje chiraja, enga gusu ut\u00e9. Uje chi\ncoj\u00f1one chudute Dupade uruode jnese ga diringai e u. Jecute yicoi enga yico\nJesus ujnomei \u00fadi, enga ca yoco uja yocatatagode Jesus acho.<\/p>\n\n\n\n<p>San Pedro uruode u udojo ome\nyoque. Cho yoquiquique jeta ca yach\u00f3go Jesus diringai yui.<\/p>\n\n\n\n<p><strong><em>Jesus a chucu\u00e9 yoqu\u00edode iji dajn\u00e9one darujna ao:<\/em><\/strong><br>Enga chi \u00edjnoque tiempo dirome. \u00cdjnoque tiempo ujetiga qu\u00e9 ayor\u00e9rique chojninga: \u201cJesuse, yanguretape ua to gajin\u00e9 iji der\u00e9jnai tud\u00e9. Uje e b\u00e3ri enga yimo ua ome yedodie gu.\u201d<\/p>\n\n\n\n<p>Mu Jesuse chi chojningame uyoque\njne uje que yanguret\u00e1go to dir\u00edca: \u201cYisiome der\u00e9jnai casod\u00e9 ga \u00edjnoque anire,\nga yucu\u00e9 bei tiji darujna aoi to que, mu que yise go. Que yise bei go \u2013 que\nyise bei gotique.\u201d<\/p>\n\n\n\n<p>Jeoga uyu. Qu\u00e9 yo gajn\u00faji yu.\nUje Jesuse ujetiga chajire darujna aoi ga yi que d\u00e9ji to ga a yojninga: \u201cCachi\nyacate ayor\u00e9ode dir\u00edca, yujode ayor\u00e9o ore.\u201d <\/p>\n\n\n\n<p>Dupade a chiraja yu. Chiraja uje\nyo yiquetang\u00f3ri iji yate ar\u00e9gode enga que y\u00e1yipie d\u00e9ji piquetang\u00f3ri Jesucr\u00edsto\nadode uje t\u1ebdra re ome yoque. <\/p>\n\n\n\n<p>Que cucha u\u00f1eque chiqueta yoque\ngo \u2013 jeoga yocat\u00edgo u, jeoga yoquirajatigade u, jeoga picatec\u00e3raitigade u \u2013 mu\ngus\u00fapusu Jesus u yoquiquetang\u00f3ri. A Dupade chuch\u1ebdre piagode g\u00e1yode iji dedai\nome gosi ujetiga ut\u00e9 cho daquetang\u00f3ri iji Jesuse enga gusu iji Jesus. Ujetiga\nyo Jesucristo anguretais\u00f3rone u\u00f1ai iji yu gajin\u00e9, mu y\u00e3rai j\u00e9 u yu ujetiga\ntaque yu.<\/p>\n\n\n\n<p>Mu que y\u00e3ra uaque go.\nYacaranguipis ome Dupade uje yangureta Jesucristo to ga que y\u00e3ra uaque go ome\nyanguretaretigai. Yiraja uje Esp\u00edritu S\u00e1nto d\u00e9ji yu. Yip\u00e9sup\u00fa ga \u0169rep\u00edse uaque\nto ome uacanguretaretigai ome Dupade Abi Jesucristo enga j\u00e9 ed\u00fayo\nuacanguretigai ome ut\u00e9.&nbsp; E gusu.<\/p>\n\n\n\n<p><em>Dijaide \u2013 Rinc\u00f3n de Tigre, Bolivia \u2013 1970<\/em><br><em>Marina de Morarie chur\u00fas\u00e3re Dijaide acajnaqu\u00e9ode unojo<\/em><\/p>\n\n\n<div class=\"navigation\"><div class=\"alignleft\"><a href=\"https:\/\/ayore.org\/ayo\/culture\/teachings\/dijaide-josuede-garosi-uje-yajire-dupade-uruode-to\/\"title=\"Dijaide (Josue\u0301de\u0301) \u2013 Gar\u00f3si uje yajire Dupade Uruode to\"><img loading=\"lazy\" decoding=\"async\" src=\"https:\/\/ayore.org\/wp-content\/uploads\/2018\/10\/left-arrow.png\" width=\"50\" height=\"48\" alt=\"left arrow\"><\/a><\/div><div class=\"alignright\"><a href=\"https:\/\/ayore.org\/ayo\/culture\/teachings\/dijaide-josuede-bamo-yoque-jnese-iji-jnumi-tude\/\"title=\"Dijaide (Josue\u0301de\u0301) \u2013 Bamo yoque jnese iji jnumi tud\u00e9\"><img loading=\"lazy\" decoding=\"async\" src=\"https:\/\/ayore.org\/wp-content\/uploads\/2018\/10\/right-arrow.png\" width=\"50\" height=\"48\" alt=\"right arrow\"><\/a><\/div>\n","protected":false},"excerpt":{"rendered":"<p>Dijaide atatagode u udojo:Ga ajnusin\u00e1\u00f1o to gajneri, Jesucristo, Yocangar\u00e1dejnai uruode ome yoque. \u201cCa am\u00edningacho ore gajin\u00e9,\u201d chojninga Jesucr\u00edsto, \u201cjetiga ore cho \u0169rusode iji uaque. \u0168rusode j\u00e9 u ore uje que ore chiraja Dupade, Yocai. \u0168rusode jec u ore.\u201d \u201cSatanas a<\/p>\n","protected":false},"author":5,"featured_media":0,"parent":719,"menu_order":0,"comment_status":"closed","ping_status":"closed","template":"","meta":{"footnotes":""},"class_list":["post-3842","page","type-page","status-publish","hentry"],"yoast_head":"<!-- This site is optimized with the Yoast SEO plugin v27.4 - https:\/\/yoast.com\/product\/yoast-seo-wordpress\/ -->\n<title>Dijaide (Josue\u0301de\u0301) \u2013 A ore cho u\u0303rusode iji yoque &#8226; AYOR\u00c9.ORG<\/title>\n<meta name=\"robots\" content=\"index, follow, max-snippet:-1, max-image-preview:large, max-video-preview:-1\" \/>\n<link rel=\"canonical\" href=\"https:\/\/ayore.org\/ayo\/culture\/teachings\/dijaide-josuede-a-ore-cho-u\u0303rusode-iji-yoque\/\" \/>\n<meta property=\"og:locale\" content=\"en_US\" \/>\n<meta property=\"og:type\" content=\"article\" \/>\n<meta property=\"og:title\" content=\"Dijaide (Josue\u0301de\u0301) \u2013 A ore cho u\u0303rusode iji yoque &#8226; AYOR\u00c9.ORG\" \/>\n<meta property=\"og:description\" content=\"Dijaide atatagode u udojo:Ga ajnusin\u00e1\u00f1o to gajneri, Jesucristo, Yocangar\u00e1dejnai uruode ome yoque. \u201cCa am\u00edningacho ore gajin\u00e9,\u201d chojninga Jesucr\u00edsto, \u201cjetiga ore cho \u0169rusode iji uaque. \u0168rusode j\u00e9 u ore uje que ore chiraja Dupade, Yocai. \u0168rusode jec u ore.\u201d \u201cSatanas a\" \/>\n<meta property=\"og:url\" content=\"https:\/\/ayore.org\/ayo\/culture\/teachings\/dijaide-josuede-a-ore-cho-u\u0303rusode-iji-yoque\/\" \/>\n<meta property=\"og:site_name\" content=\"AYOR\u00c9.ORG\" \/>\n<meta property=\"article:modified_time\" content=\"2019-05-18T23:53:17+00:00\" \/>\n<meta name=\"twitter:card\" content=\"summary_large_image\" \/>\n<meta name=\"twitter:label1\" content=\"Est. reading time\" \/>\n\t<meta name=\"twitter:data1\" content=\"8 minutes\" \/>\n<script type=\"application\/ld+json\" class=\"yoast-schema-graph\">{\"@context\":\"https:\\\/\\\/schema.org\",\"@graph\":[{\"@type\":\"WebPage\",\"@id\":\"https:\\\/\\\/ayore.org\\\/ayo\\\/culture\\\/teachings\\\/dijaide-josuede-a-ore-cho-u%cc%83rusode-iji-yoque\\\/\",\"url\":\"https:\\\/\\\/ayore.org\\\/ayo\\\/culture\\\/teachings\\\/dijaide-josuede-a-ore-cho-u%cc%83rusode-iji-yoque\\\/\",\"name\":\"Dijaide (Josue\u0301de\u0301) \u2013 A ore cho u\u0303rusode iji yoque &#8226; AYOR\u00c9.ORG\",\"isPartOf\":{\"@id\":\"https:\\\/\\\/ayore.org\\\/#website\"},\"datePublished\":\"2019-05-18T23:53:15+00:00\",\"dateModified\":\"2019-05-18T23:53:17+00:00\",\"breadcrumb\":{\"@id\":\"https:\\\/\\\/ayore.org\\\/ayo\\\/culture\\\/teachings\\\/dijaide-josuede-a-ore-cho-u%cc%83rusode-iji-yoque\\\/#breadcrumb\"},\"inLanguage\":\"ayo\",\"potentialAction\":[{\"@type\":\"ReadAction\",\"target\":[\"https:\\\/\\\/ayore.org\\\/ayo\\\/culture\\\/teachings\\\/dijaide-josuede-a-ore-cho-u%cc%83rusode-iji-yoque\\\/\"]}]},{\"@type\":\"BreadcrumbList\",\"@id\":\"https:\\\/\\\/ayore.org\\\/ayo\\\/culture\\\/teachings\\\/dijaide-josuede-a-ore-cho-u%cc%83rusode-iji-yoque\\\/#breadcrumb\",\"itemListElement\":[{\"@type\":\"ListItem\",\"position\":1,\"name\":\"Jogate bajai tu ude\u0301\",\"item\":\"https:\\\/\\\/ayore.org\\\/ayo\\\/\"},{\"@type\":\"ListItem\",\"position\":2,\"name\":\"Ayore\u0301ode adode, angurenone cucha ore\",\"item\":\"https:\\\/\\\/ayore.org\\\/ayo\\\/culture\\\/\"},{\"@type\":\"ListItem\",\"position\":3,\"name\":\"Ayore\u0301ode Acajnaque\u0301ode\",\"item\":\"https:\\\/\\\/ayore.org\\\/ayo\\\/culture\\\/teachings\\\/\"},{\"@type\":\"ListItem\",\"position\":4,\"name\":\"Dijaide (Josue\u0301de\u0301) \u2013 A ore cho u\u0303rusode iji yoque\"}]},{\"@type\":\"WebSite\",\"@id\":\"https:\\\/\\\/ayore.org\\\/#website\",\"url\":\"https:\\\/\\\/ayore.org\\\/\",\"name\":\"AYOR\u00c9.ORG\",\"description\":\"Ayore\u0301ode Uruode, Adode, Jnani bajade ati\u0301go ore \",\"potentialAction\":[{\"@type\":\"SearchAction\",\"target\":{\"@type\":\"EntryPoint\",\"urlTemplate\":\"https:\\\/\\\/ayore.org\\\/?s={search_term_string}\"},\"query-input\":{\"@type\":\"PropertyValueSpecification\",\"valueRequired\":true,\"valueName\":\"search_term_string\"}}],\"inLanguage\":\"ayo\"}]}<\/script>\n<!-- \/ Yoast SEO plugin. -->","yoast_head_json":{"title":"Dijaide (Josue\u0301de\u0301) \u2013 A ore cho u\u0303rusode iji yoque &#8226; AYOR\u00c9.ORG","robots":{"index":"index","follow":"follow","max-snippet":"max-snippet:-1","max-image-preview":"max-image-preview:large","max-video-preview":"max-video-preview:-1"},"canonical":"https:\/\/ayore.org\/ayo\/culture\/teachings\/dijaide-josuede-a-ore-cho-u\u0303rusode-iji-yoque\/","og_locale":"en_US","og_type":"article","og_title":"Dijaide (Josue\u0301de\u0301) \u2013 A ore cho u\u0303rusode iji yoque &#8226; AYOR\u00c9.ORG","og_description":"Dijaide atatagode u udojo:Ga ajnusin\u00e1\u00f1o to gajneri, Jesucristo, Yocangar\u00e1dejnai uruode ome yoque. \u201cCa am\u00edningacho ore gajin\u00e9,\u201d chojninga Jesucr\u00edsto, \u201cjetiga ore cho \u0169rusode iji uaque. \u0168rusode j\u00e9 u ore uje que ore chiraja Dupade, Yocai. \u0168rusode jec u ore.\u201d \u201cSatanas a","og_url":"https:\/\/ayore.org\/ayo\/culture\/teachings\/dijaide-josuede-a-ore-cho-u\u0303rusode-iji-yoque\/","og_site_name":"AYOR\u00c9.ORG","article_modified_time":"2019-05-18T23:53:17+00:00","twitter_card":"summary_large_image","twitter_misc":{"Est. reading time":"8 minutes"},"schema":{"@context":"https:\/\/schema.org","@graph":[{"@type":"WebPage","@id":"https:\/\/ayore.org\/ayo\/culture\/teachings\/dijaide-josuede-a-ore-cho-u%cc%83rusode-iji-yoque\/","url":"https:\/\/ayore.org\/ayo\/culture\/teachings\/dijaide-josuede-a-ore-cho-u%cc%83rusode-iji-yoque\/","name":"Dijaide (Josue\u0301de\u0301) \u2013 A ore cho u\u0303rusode iji yoque &#8226; AYOR\u00c9.ORG","isPartOf":{"@id":"https:\/\/ayore.org\/#website"},"datePublished":"2019-05-18T23:53:15+00:00","dateModified":"2019-05-18T23:53:17+00:00","breadcrumb":{"@id":"https:\/\/ayore.org\/ayo\/culture\/teachings\/dijaide-josuede-a-ore-cho-u%cc%83rusode-iji-yoque\/#breadcrumb"},"inLanguage":"ayo","potentialAction":[{"@type":"ReadAction","target":["https:\/\/ayore.org\/ayo\/culture\/teachings\/dijaide-josuede-a-ore-cho-u%cc%83rusode-iji-yoque\/"]}]},{"@type":"BreadcrumbList","@id":"https:\/\/ayore.org\/ayo\/culture\/teachings\/dijaide-josuede-a-ore-cho-u%cc%83rusode-iji-yoque\/#breadcrumb","itemListElement":[{"@type":"ListItem","position":1,"name":"Jogate bajai tu ude\u0301","item":"https:\/\/ayore.org\/ayo\/"},{"@type":"ListItem","position":2,"name":"Ayore\u0301ode adode, angurenone cucha ore","item":"https:\/\/ayore.org\/ayo\/culture\/"},{"@type":"ListItem","position":3,"name":"Ayore\u0301ode Acajnaque\u0301ode","item":"https:\/\/ayore.org\/ayo\/culture\/teachings\/"},{"@type":"ListItem","position":4,"name":"Dijaide (Josue\u0301de\u0301) \u2013 A ore cho u\u0303rusode iji yoque"}]},{"@type":"WebSite","@id":"https:\/\/ayore.org\/#website","url":"https:\/\/ayore.org\/","name":"AYOR\u00c9.ORG","description":"Ayore\u0301ode Uruode, Adode, Jnani bajade ati\u0301go ore ","potentialAction":[{"@type":"SearchAction","target":{"@type":"EntryPoint","urlTemplate":"https:\/\/ayore.org\/?s={search_term_string}"},"query-input":{"@type":"PropertyValueSpecification","valueRequired":true,"valueName":"search_term_string"}}],"inLanguage":"ayo"}]}},"_links":{"self":[{"href":"https:\/\/ayore.org\/ayo\/wp-json\/wp\/v2\/pages\/3842","targetHints":{"allow":["GET"]}}],"collection":[{"href":"https:\/\/ayore.org\/ayo\/wp-json\/wp\/v2\/pages"}],"about":[{"href":"https:\/\/ayore.org\/ayo\/wp-json\/wp\/v2\/types\/page"}],"author":[{"embeddable":true,"href":"https:\/\/ayore.org\/ayo\/wp-json\/wp\/v2\/users\/5"}],"replies":[{"embeddable":true,"href":"https:\/\/ayore.org\/ayo\/wp-json\/wp\/v2\/comments?post=3842"}],"version-history":[{"count":2,"href":"https:\/\/ayore.org\/ayo\/wp-json\/wp\/v2\/pages\/3842\/revisions"}],"predecessor-version":[{"id":3844,"href":"https:\/\/ayore.org\/ayo\/wp-json\/wp\/v2\/pages\/3842\/revisions\/3844"}],"up":[{"embeddable":true,"href":"https:\/\/ayore.org\/ayo\/wp-json\/wp\/v2\/pages\/719"}],"wp:attachment":[{"href":"https:\/\/ayore.org\/ayo\/wp-json\/wp\/v2\/media?parent=3842"}],"curies":[{"name":"wp","href":"https:\/\/api.w.org\/{rel}","templated":true}]}}