{"id":3839,"date":"2019-05-18T23:38:45","date_gmt":"2019-05-18T23:38:45","guid":{"rendered":"https:\/\/ayore.org\/?page_id=3839"},"modified":"2019-05-18T23:38:46","modified_gmt":"2019-05-18T23:38:46","slug":"dijaide-josuede-garosi-uje-yajire-dupade-uruode-to","status":"publish","type":"page","link":"https:\/\/ayore.org\/ayo\/culture\/teachings\/dijaide-josuede-garosi-uje-yajire-dupade-uruode-to\/","title":{"rendered":"Dijaide (Josue\u0301de\u0301) \u2013 Gar\u00f3si uje yajire Dupade Uruode to"},"content":{"rendered":"\n<p><strong><em>Dijaide ajirigode Dupade ur\u00fao j\u00e9 u Uroi (Danieln\u00e9) ajirigode to:<\/em><\/strong><br>Gar\u00f3si to uje yajire Dupade Uruode to iji gued\u00e9 jnoringai, mu yajirigode j\u00e9 u Danieln\u00e9 (Uroi) ajirigode to iji durase. Ta j\u00e9 chojm\u00e1ra yocajirit\u00edgo, mu c\u00e3ra re, mu j\u00e9 chojm\u00e1ra uje Dupade Uruode u.<\/p>\n\n\n\n<p><strong><em>Gar\u00f3si yoque maringa, Dupade j\u00e9 d\u00e9ji yocare:<\/em><\/strong><br>Mu yoquirajatigade gar\u00f3si ga j\u00e9 ti\u00f3garap\u00edsaja yocacajnaqu\u00e9ode ome uaque uje Dupade Uruode qui u ujetiga gar\u00f3si yoque mar\u00ednga, Dupade j\u00e9 d\u00e9ji yocari. Gar\u00f3si yoquirajatig\u00e1rigo mar\u00ednga, yis\u00edgo yocujade ayor\u00e9 iji, enga cho j\u00e9tiga jiei to. Dupade que pota jetiga ca uruode d\u00e9ji iji der\u00e9jnane. Chisi ome yoquirajatiguei tome yoque gu uje yicoi Uruode to. Chisi ome yoquibijnani, yocatoi, yoquirajatigai, yocangoninguinone, yoquijmainie, yocuajatiguei, pininaquei; chisi ome cucha omone ome yoque gu jetiga yijn\u00e1ngo ome Uruode. Que chisi ome yoque bisideque go. Mu Satanas d\u00e9ji to uje ch\u0129ro udore iji yocujade.<\/p>\n\n\n\n<p><strong><em>Yijn\u00e1ngo Dupade \u1ebdrac\u00e1idode cucha ome yoque:<\/em><\/strong><br>Mu yocacaranguipise ome Dupade uje j\u00e9 yijn\u00e1ngo Dupade \u1ebdrac\u00e1idode cucha ome yoque uje Dupade que chach\u00eda cuchade gotique iji dapesudi uyoque ayor\u00e9. Socaseti cho dar\u00faja yoque iji anire, uje Esp\u00edritu S\u00e1nto di.&nbsp; Esp\u00edritu S\u00e1nto chi di jne enga chojninga: \u201cEsp\u00edritu S\u00e1nto u ujeta ch\u00e1taja uaque ga chisi ome uaque pirajatiguei, pirajatiguedat\u00e9rique.\u201d<\/p>\n\n\n\n<p>Jecute d\u00e9ji yoque gajneri,\nEsp\u00edritu S\u00e1nto, uje chisi ome yoque ome yoquirajatiguei. Yiraj\u00e1go cuchade jnese\nome yocatoi, yoquirajatiguei, uje Esp\u00edritu S\u00e1nto \u1ebdrac\u00e1idode cucha. Mu u\u00f1ane\nd\u00e9ji coj\u00f1one uje que ore chijna go. Dupade chisi ome ore bisideque ore\nirajatiguei. Enga que cuch\u00e1rique t\u1e4drap\u00edsiji go. Ore chijna ome Satanas\natuatigade uje Dupade que pota go. Satanas que chijna Dupade \u1ebdrac\u00e1idode cucha,\nmu j\u00e9 basa ga yocu\u00f1ane ga yijn\u00e1ngo Dupade \u1ebdrac\u00e1idode cucha.<\/p>\n\n\n\n<p><strong><em>Dupade irasique uje que chachia d\u1ebdrac\u00e1idode cucha uje t\u1ebdrame yoque:<\/em><\/strong><br>Dupade irasique udojo cuchade udojo uje que chachia. Ta irasiguipise yoc uje que chachia yoquirajatigai gotique. Dupade chojningame coj\u00f1one uje cho dar\u00faja ore: \u201cA yisi ome pirajatiguedat\u00e9 ome uaque jne.\u201d Mu i tu \u2018consiencia,\u2019 uje Dupade chisi ome yoc. Mu j\u00e9 unejaque r\u0129. Mu Dupade \u1ebdrac\u00e1idi \u2018<em>sabidur\u00eda<\/em>\u2019 ome yoc ujetiga yiraj\u00e1go&nbsp; ga \u2018<em>s\u00e1bio<\/em>\u2019 uyoque. Irajataque yoc. Ujetiga yip\u00e9co yoc\u00e1yipierigui ome Dupade enga \u2018<em>s\u00e1bio\u2019<\/em> uyoque. Aj\u00e9ode u ujetiga \u2018<em>conciencia<\/em>\u2019 d\u00e9ji yoque jnese. Mu Dupade \u1ebdrac\u00e1idapo r\u0129. Uacam\u00f3\u00f1o coj\u00f1one to uje ore irajatigai su\u00e9 yoquibai te mu, que ore su\u00e9 yoquibai go. D\u00e9ji yoque to jetiga yip\u00e9co.<\/p>\n\n\n\n<p>Jeta yip\u00f3tago ga Dupade chisi\nome yoc \u2018conciencia.\u2019 J\u00e9 unejaque \u2018conciencia,\u2019 jec unejaque \u2018ciencia\u2019 r\u0129. \u2018Ciencia\u201d\nu coj\u00f1one ipesutedat\u00e9ode uje Dupade chisi ome ore. Dupade urugaite yoc ome\ncuchade ujnojo uje chi ipot\u00e1go gu. Ujeta yipot\u00e1go ga yijn\u00e1ngo. Yocacaranguipise\nome Dupade gajneri uje yuruode gar\u00f3si mu iji gued\u00e9 jnoringa tud\u00e9 mu j\u00e9 irasique\nre Dupade.<\/p>\n\n\n\n<p>Iraj\u00e1go uje irasique re uje\ngar\u00f3si y\u00f3gome m\u00fa\u00f1i, j\u00e9 ur\u00fao uje chojninga: \u201cA u\u00f1eque gasu iji damoch\u00e1tique,\nenga dasoran\u00e9raque u\u00f1eque mar\u00ednga, j\u00e9 y\u00e1taja gosi. J\u00e9 y\u00e1taja jeta gosi tang\u00e1ri\nyu.\u201d <\/p>\n\n\n\n<p>Yocacaranguipis ome ujnojo uje\nyirajatigai gar\u00f3si mu que Dupade chachia yoquirajatigai gotique. J\u00e9 yis\u00edngome\nyocujode ayor\u00e9 yoquirajat\u00edgabi enga Dupade irasique re enga chojninga:\n\u201cBarajatigai gar\u00f3si mar\u00ednga, j\u00e9 angome bojode ayor\u00e9o uje uacanguret\u00e1yo.\u201d<\/p>\n\n\n\n<p><strong><em>Ca o ore acadis\u00f5re cuch\u00e1bi iji ua:<\/em><\/strong><br>J\u00e9 basa a gosi irajatigai jiei, mu que cuch\u00e1rique t\u1e4draji uje que chacate yoque gu. Que changureta Dupade ga cachi cuse. Gosi ta irajataque mu que cuch\u00e1rique t\u1e4draji. Irajat\u00e1gu\u00edji dir\u00ede un\u00e9 mu, Dupade chajire qued\u00e9jnane ome. Dupade chetaque iji dajei uje que changureta gu.<\/p>\n\n\n\n<p>Dupade chojninga: \u201cCa o ore\nacadis\u00f5re cuch\u00e1bi iji ua. Dupade cho puy\u00e1guiji enga puyac ujeta o oracadis\u00f5re\ncuch\u00e1biji ua. J\u00e9 ca o edugu\u00e9jnai iji ua.\u201d Uacam\u00f3\u00f1o uje edugu\u00e9jnane to uje que\nore cho ore acadis\u00f5re cuch\u00e1bi iji re. Ore chiraja uruode quigode gu. Que ore\ncho edugu\u00e9jna iji re go. Ore chiraja uruode quigode uje puyaque ga que ore doi\nujnojo go. Enga jec arec jeta yicoi ujnojo to ujeta yanguret\u00e1go Dupade. J\u00e9 ca\nyoco oracadis\u00f5re cuch\u00e1biji yoque. J\u00e9 ca yicoi edugu\u00e9jna iji yoc.<\/p>\n\n\n\n<p>Yocacaranguipis ome unojo Dupade\nUru gar\u00f3siode. J\u00e9 gusu yatatagode, Dupade Ur\u00fao, ome yoque iji gued\u00e9 jnoringai.\nMu que yiraja jeta uacu\u00f1eque d\u00e9ji duru\u00f1eque jeta gosi pota enga chope quique\nDupade Uru gar\u00f3sirigo to ome yoque.<\/p>\n\n\n\n<p><em>Dijaide \u2013 Tobit\u00e9, Bolivia \u2013 1970<\/em><br><em>Marina de Morarie chur\u00fas\u00e3re Dijaide uruode udore<\/em><\/p>\n\n\n<div class=\"navigation\"><div class=\"alignleft\"><a href=\"https:\/\/ayore.org\/ayo\/culture\/teachings\/dijaide-josuede-que-yicadiguipisi-dupade\/\"title=\"Dijaide (Josue\u0301de\u0301) \u2013 Que yicadiguipisi Dupade\"><img loading=\"lazy\" decoding=\"async\" src=\"https:\/\/ayore.org\/wp-content\/uploads\/2018\/10\/left-arrow.png\" width=\"50\" height=\"48\" alt=\"left arrow\"><\/a><\/div><div class=\"alignright\"><a href=\"https:\/\/ayore.org\/ayo\/culture\/teachings\/dijaide-josuede-a-ore-cho-u%cc%83rusode-iji-yoque\/\"title=\"Dijaide (Josue\u0301de\u0301) \u2013 A ore cho u\u0303rusode iji yoque\"><img loading=\"lazy\" decoding=\"async\" src=\"https:\/\/ayore.org\/wp-content\/uploads\/2018\/10\/right-arrow.png\" width=\"50\" height=\"48\" alt=\"right arrow\"><\/a><\/div>\n","protected":false},"excerpt":{"rendered":"<p>Dijaide ajirigode Dupade ur\u00fao j\u00e9 u Uroi (Danieln\u00e9) ajirigode to:Gar\u00f3si to uje yajire Dupade Uruode to iji gued\u00e9 jnoringai, mu yajirigode j\u00e9 u Danieln\u00e9 (Uroi) ajirigode to iji durase. Ta j\u00e9 chojm\u00e1ra yocajirit\u00edgo, mu c\u00e3ra re, mu j\u00e9 chojm\u00e1ra uje<\/p>\n","protected":false},"author":5,"featured_media":0,"parent":719,"menu_order":0,"comment_status":"closed","ping_status":"closed","template":"","meta":{"footnotes":""},"class_list":["post-3839","page","type-page","status-publish","hentry"],"yoast_head":"<!-- This site is optimized with the Yoast SEO plugin v27.4 - https:\/\/yoast.com\/product\/yoast-seo-wordpress\/ -->\n<title>Dijaide (Josue\u0301de\u0301) \u2013 Gar\u00f3si uje yajire Dupade Uruode to &#8226; AYOR\u00c9.ORG<\/title>\n<meta name=\"robots\" content=\"index, follow, max-snippet:-1, max-image-preview:large, max-video-preview:-1\" \/>\n<link rel=\"canonical\" href=\"https:\/\/ayore.org\/ayo\/culture\/teachings\/dijaide-josuede-garosi-uje-yajire-dupade-uruode-to\/\" \/>\n<meta property=\"og:locale\" content=\"en_US\" \/>\n<meta property=\"og:type\" content=\"article\" \/>\n<meta property=\"og:title\" content=\"Dijaide (Josue\u0301de\u0301) \u2013 Gar\u00f3si uje yajire Dupade Uruode to &#8226; AYOR\u00c9.ORG\" \/>\n<meta property=\"og:description\" content=\"Dijaide ajirigode Dupade ur\u00fao j\u00e9 u Uroi (Danieln\u00e9) ajirigode to:Gar\u00f3si to uje yajire Dupade Uruode to iji gued\u00e9 jnoringai, mu yajirigode j\u00e9 u Danieln\u00e9 (Uroi) ajirigode to iji durase. Ta j\u00e9 chojm\u00e1ra yocajirit\u00edgo, mu c\u00e3ra re, mu j\u00e9 chojm\u00e1ra uje\" \/>\n<meta property=\"og:url\" content=\"https:\/\/ayore.org\/ayo\/culture\/teachings\/dijaide-josuede-garosi-uje-yajire-dupade-uruode-to\/\" \/>\n<meta property=\"og:site_name\" content=\"AYOR\u00c9.ORG\" \/>\n<meta property=\"article:modified_time\" content=\"2019-05-18T23:38:46+00:00\" \/>\n<meta name=\"twitter:card\" content=\"summary_large_image\" \/>\n<meta name=\"twitter:label1\" content=\"Est. reading time\" \/>\n\t<meta name=\"twitter:data1\" content=\"4 minutes\" \/>\n<script type=\"application\/ld+json\" class=\"yoast-schema-graph\">{\"@context\":\"https:\\\/\\\/schema.org\",\"@graph\":[{\"@type\":\"WebPage\",\"@id\":\"https:\\\/\\\/ayore.org\\\/ayo\\\/culture\\\/teachings\\\/dijaide-josuede-garosi-uje-yajire-dupade-uruode-to\\\/\",\"url\":\"https:\\\/\\\/ayore.org\\\/ayo\\\/culture\\\/teachings\\\/dijaide-josuede-garosi-uje-yajire-dupade-uruode-to\\\/\",\"name\":\"Dijaide (Josue\u0301de\u0301) \u2013 Gar\u00f3si uje yajire Dupade Uruode to &#8226; AYOR\u00c9.ORG\",\"isPartOf\":{\"@id\":\"https:\\\/\\\/ayore.org\\\/#website\"},\"datePublished\":\"2019-05-18T23:38:45+00:00\",\"dateModified\":\"2019-05-18T23:38:46+00:00\",\"breadcrumb\":{\"@id\":\"https:\\\/\\\/ayore.org\\\/ayo\\\/culture\\\/teachings\\\/dijaide-josuede-garosi-uje-yajire-dupade-uruode-to\\\/#breadcrumb\"},\"inLanguage\":\"ayo\",\"potentialAction\":[{\"@type\":\"ReadAction\",\"target\":[\"https:\\\/\\\/ayore.org\\\/ayo\\\/culture\\\/teachings\\\/dijaide-josuede-garosi-uje-yajire-dupade-uruode-to\\\/\"]}]},{\"@type\":\"BreadcrumbList\",\"@id\":\"https:\\\/\\\/ayore.org\\\/ayo\\\/culture\\\/teachings\\\/dijaide-josuede-garosi-uje-yajire-dupade-uruode-to\\\/#breadcrumb\",\"itemListElement\":[{\"@type\":\"ListItem\",\"position\":1,\"name\":\"Jogate bajai tu ude\u0301\",\"item\":\"https:\\\/\\\/ayore.org\\\/ayo\\\/\"},{\"@type\":\"ListItem\",\"position\":2,\"name\":\"Ayore\u0301ode adode, angurenone cucha ore\",\"item\":\"https:\\\/\\\/ayore.org\\\/ayo\\\/culture\\\/\"},{\"@type\":\"ListItem\",\"position\":3,\"name\":\"Ayore\u0301ode Acajnaque\u0301ode\",\"item\":\"https:\\\/\\\/ayore.org\\\/ayo\\\/culture\\\/teachings\\\/\"},{\"@type\":\"ListItem\",\"position\":4,\"name\":\"Dijaide (Josue\u0301de\u0301) \u2013 Gar\u00f3si uje yajire Dupade Uruode to\"}]},{\"@type\":\"WebSite\",\"@id\":\"https:\\\/\\\/ayore.org\\\/#website\",\"url\":\"https:\\\/\\\/ayore.org\\\/\",\"name\":\"AYOR\u00c9.ORG\",\"description\":\"Ayore\u0301ode Uruode, Adode, Jnani bajade ati\u0301go ore \",\"potentialAction\":[{\"@type\":\"SearchAction\",\"target\":{\"@type\":\"EntryPoint\",\"urlTemplate\":\"https:\\\/\\\/ayore.org\\\/?s={search_term_string}\"},\"query-input\":{\"@type\":\"PropertyValueSpecification\",\"valueRequired\":true,\"valueName\":\"search_term_string\"}}],\"inLanguage\":\"ayo\"}]}<\/script>\n<!-- \/ Yoast SEO plugin. -->","yoast_head_json":{"title":"Dijaide (Josue\u0301de\u0301) \u2013 Gar\u00f3si uje yajire Dupade Uruode to &#8226; AYOR\u00c9.ORG","robots":{"index":"index","follow":"follow","max-snippet":"max-snippet:-1","max-image-preview":"max-image-preview:large","max-video-preview":"max-video-preview:-1"},"canonical":"https:\/\/ayore.org\/ayo\/culture\/teachings\/dijaide-josuede-garosi-uje-yajire-dupade-uruode-to\/","og_locale":"en_US","og_type":"article","og_title":"Dijaide (Josue\u0301de\u0301) \u2013 Gar\u00f3si uje yajire Dupade Uruode to &#8226; AYOR\u00c9.ORG","og_description":"Dijaide ajirigode Dupade ur\u00fao j\u00e9 u Uroi (Danieln\u00e9) ajirigode to:Gar\u00f3si to uje yajire Dupade Uruode to iji gued\u00e9 jnoringai, mu yajirigode j\u00e9 u Danieln\u00e9 (Uroi) ajirigode to iji durase. Ta j\u00e9 chojm\u00e1ra yocajirit\u00edgo, mu c\u00e3ra re, mu j\u00e9 chojm\u00e1ra uje","og_url":"https:\/\/ayore.org\/ayo\/culture\/teachings\/dijaide-josuede-garosi-uje-yajire-dupade-uruode-to\/","og_site_name":"AYOR\u00c9.ORG","article_modified_time":"2019-05-18T23:38:46+00:00","twitter_card":"summary_large_image","twitter_misc":{"Est. reading time":"4 minutes"},"schema":{"@context":"https:\/\/schema.org","@graph":[{"@type":"WebPage","@id":"https:\/\/ayore.org\/ayo\/culture\/teachings\/dijaide-josuede-garosi-uje-yajire-dupade-uruode-to\/","url":"https:\/\/ayore.org\/ayo\/culture\/teachings\/dijaide-josuede-garosi-uje-yajire-dupade-uruode-to\/","name":"Dijaide (Josue\u0301de\u0301) \u2013 Gar\u00f3si uje yajire Dupade Uruode to &#8226; AYOR\u00c9.ORG","isPartOf":{"@id":"https:\/\/ayore.org\/#website"},"datePublished":"2019-05-18T23:38:45+00:00","dateModified":"2019-05-18T23:38:46+00:00","breadcrumb":{"@id":"https:\/\/ayore.org\/ayo\/culture\/teachings\/dijaide-josuede-garosi-uje-yajire-dupade-uruode-to\/#breadcrumb"},"inLanguage":"ayo","potentialAction":[{"@type":"ReadAction","target":["https:\/\/ayore.org\/ayo\/culture\/teachings\/dijaide-josuede-garosi-uje-yajire-dupade-uruode-to\/"]}]},{"@type":"BreadcrumbList","@id":"https:\/\/ayore.org\/ayo\/culture\/teachings\/dijaide-josuede-garosi-uje-yajire-dupade-uruode-to\/#breadcrumb","itemListElement":[{"@type":"ListItem","position":1,"name":"Jogate bajai tu ude\u0301","item":"https:\/\/ayore.org\/ayo\/"},{"@type":"ListItem","position":2,"name":"Ayore\u0301ode adode, angurenone cucha ore","item":"https:\/\/ayore.org\/ayo\/culture\/"},{"@type":"ListItem","position":3,"name":"Ayore\u0301ode Acajnaque\u0301ode","item":"https:\/\/ayore.org\/ayo\/culture\/teachings\/"},{"@type":"ListItem","position":4,"name":"Dijaide (Josue\u0301de\u0301) \u2013 Gar\u00f3si uje yajire Dupade Uruode to"}]},{"@type":"WebSite","@id":"https:\/\/ayore.org\/#website","url":"https:\/\/ayore.org\/","name":"AYOR\u00c9.ORG","description":"Ayore\u0301ode Uruode, Adode, Jnani bajade ati\u0301go ore ","potentialAction":[{"@type":"SearchAction","target":{"@type":"EntryPoint","urlTemplate":"https:\/\/ayore.org\/?s={search_term_string}"},"query-input":{"@type":"PropertyValueSpecification","valueRequired":true,"valueName":"search_term_string"}}],"inLanguage":"ayo"}]}},"_links":{"self":[{"href":"https:\/\/ayore.org\/ayo\/wp-json\/wp\/v2\/pages\/3839","targetHints":{"allow":["GET"]}}],"collection":[{"href":"https:\/\/ayore.org\/ayo\/wp-json\/wp\/v2\/pages"}],"about":[{"href":"https:\/\/ayore.org\/ayo\/wp-json\/wp\/v2\/types\/page"}],"author":[{"embeddable":true,"href":"https:\/\/ayore.org\/ayo\/wp-json\/wp\/v2\/users\/5"}],"replies":[{"embeddable":true,"href":"https:\/\/ayore.org\/ayo\/wp-json\/wp\/v2\/comments?post=3839"}],"version-history":[{"count":2,"href":"https:\/\/ayore.org\/ayo\/wp-json\/wp\/v2\/pages\/3839\/revisions"}],"predecessor-version":[{"id":3841,"href":"https:\/\/ayore.org\/ayo\/wp-json\/wp\/v2\/pages\/3839\/revisions\/3841"}],"up":[{"embeddable":true,"href":"https:\/\/ayore.org\/ayo\/wp-json\/wp\/v2\/pages\/719"}],"wp:attachment":[{"href":"https:\/\/ayore.org\/ayo\/wp-json\/wp\/v2\/media?parent=3839"}],"curies":[{"name":"wp","href":"https:\/\/api.w.org\/{rel}","templated":true}]}}