{"id":3810,"date":"2019-05-17T02:46:01","date_gmt":"2019-05-17T02:46:01","guid":{"rendered":"https:\/\/ayore.org\/?page_id=3810"},"modified":"2019-05-17T02:47:45","modified_gmt":"2019-05-17T02:47:45","slug":"comai-arocho-cuchade-jnese-iji-yejnai","status":"publish","type":"page","link":"https:\/\/ayore.org\/ayo\/culture\/teachings\/comai-arocho-cuchade-jnese-iji-yejnai\/","title":{"rendered":"Comai \u2013 Arocho cuchade jnese iji yejnai"},"content":{"rendered":"\n<p><strong><em>Dupade g\u00e3rengu\u00e9 pore chojm\u00e1ra nanique:<\/em><\/strong><br>Dupade chojnirame ore: \u201cAd\u00e3, Eba, acho cuchade jnese tiji yejnai tun\u00e9. Enga arocho cuchade jnese iji.\u201d<\/p>\n\n\n\n<p>Dupade Uruode chatata uje iji\ntaningai icaite er\u00e1mi taningane ga cuchisode par\u00e1cho jnese icaite. Cuchisode\nu\u00f1ane chicai dasocade icaite iji isocade iji dirode unojo. Dupade Uruode\nchatata uje Dupade chi p\u00e9su cuchiso pon\u00e1yone jnese. Chi par\u00e1cho cuchisode jnese\nicaite enga cuchisode chi ca as\u00e9cho gotique icaite iji er\u00e1mone taningane uje\nqu\u00e9 Dupade d\u00e9ji Ad\u00e3, Eba ore gari iji dejnai. Ugade chi par\u00e1cho icaite.\nCaratade chi par\u00e1cho. Cuchisode chi ca as\u00e9cho. Chi par\u00e1cho jnese.<\/p>\n\n\n\n<p><strong><em>Dupade pota chiraja jetiga angoneguite guesaque ore ome:<br> <\/em><\/strong>Dupade chi chojnirame Ad\u00e3, Eba ore: \u201cAcho yejnai jnese jne, cuchade iji poridie jnese. Gusu y\u00e3rengu\u00e9 pore chojm\u00e1ra. A ca acho poria uat\u00e9 adie gotique jne. An\u00edri, diri ujetiga acho tut\u00e9 pore \u00e1raque, a atoyoi jne.\u201d<\/p>\n\n\n\n<p>Dupade\nchi pota gu ujetiga chiraja Ad\u00e3, Eba ore ujetiga \u0169r\u00e9 ujetiga angoneguite\nguesaque ore ome, ujetiga ore chiraja \u00faringai pujopier\u00e3que enga ore doi uruode\nenga j\u00e9 ca ore chijocase tuat\u00e9 \u00e1die.<\/p>\n\n\n\n<p><strong><em>Ca\u0301ma pisijnaringu\u00e9rique d\u00e9ji er\u00e1mi iji taningai nanique:<\/em><\/strong><br>Im\u00f3ngo iji Dupade Uruode uje c\u00e1ma pisijnaringu\u00e9rique d\u00e9ji Ad\u00e3, Eba ore iji taningane. Dupade chi gar\u00e9ngone u pisijnaringu\u00e9one ome ore. Ujetiga j\u00e9 ca ore p\u00e9su pisijnaringu\u00e9rique ujetiga j\u00e9 ca ore aj\u00e9ngome Dupade.<\/p>\n\n\n\n<p>Dupade chi potig\u00e1di tu jetiga\nAd\u00e3, Eba ore doi uruode icaite ujetiga ore tang\u00e1ri. Ujetiga anire, ore changureta\nut\u00e9. Enga Dupade chi ur\u00fao unojo ome Ad\u00e3, Eba ore gu jetiga chiraja ujetiga\nangoninguite guesac ore ome Dupade ujetiga ore doi Dupade Uruode.<\/p>\n\n\n\n<p>Jecute Dupade chi chojningame\nAd\u00e3, Eba ore: \u201cCa acho poria tuat\u00e9 adie. Dire ujetiga acho poria tuat\u00e9 adie enga\na atoyoi jne.\u201d<\/p>\n\n\n\n<p><strong><em>C\u00e1ma pitoring\u00e1rique d\u00e9ji er\u00e1mi iji taningai nanique:<\/em><\/strong><br>A c\u00e1ma pitoring\u00e1rique d\u00e9ji Ad\u00e3, Eba gotique iji dirode udore. Jecute Dupade chojnirame Ad\u00e3, dapesute jnani bajade ore: \u201cCa acho poria tuat\u00e9 adie uje y\u00e3rangu\u00e9. A atoyoi jne jeta acho poria tuat\u00e9 adie.\u201d<\/p>\n\n\n\n<p><strong><em>Yocat\u00e9 chequ\u00e9 baj\u00e9, chi doi dicor\u00e9 Satan\u00e1s uruode nanique:<\/em><\/strong><br>Quigade ga iji Dupade Uruode unojo, ga Dupade Uruode chatata uje Dupade chi ca chimoque icaite uje chise jnacare bajade yocayode Ad\u00e3, Eba ore iji dirode jnese. Dupade chi d\u00e9ji ore gari enga ore chimo Dupade ome dedodie. <\/p>\n\n\n\n<p>Mu Ad\u00e3 acot\u00e9 Eba chajire poria\ntuat\u00e9 \u00fadi, ubur\u00fadi iji dirode u\u00f1eque. Enga anire. Eba qu\u00e9 chajire poria tuat\u00e9 ubur\u00fadi\nga chajire g\u00e3rengu\u00e9 cas\u00e9 pore ubur\u00fadi ga chi chijire adie. Eti chi Eba chi\nchudute darade enga chi chijire darade mu uga. Enga chi ugai chi narare. Enga\nchi chojnirame Eba, ayor\u00e9 baj\u00e9: \u201c\u00bfGotique uje que agu poria tuat\u00e9 adie \u00e1?\u201d<\/p>\n\n\n\n<p>Mu chi Eba chi chojnira: \u201cQue\nyagu gotique.\u201d<\/p>\n\n\n\n<p>Enga ugai chi chojnira:\n\u201c\u00bfGotique gu a? uje que agu a.\u201d<\/p>\n\n\n\n<p>Enga chi chequ\u00e9 chojnira: \u201cQue\nyagu gu uje Dupade j\u00e9 ur\u00fao. Dupade chatata dir\u00edca uje chi yajo poria tuat\u00e9 adie\nenga Dupade \u00e3rengu\u00e9 enga chi itogoi jne. Chi pitoringai chac\u00e1ja yoque jne.\u201d<\/p>\n\n\n\n<p>Enga ugai tut\u00e9 chojnira: \u201cTaque\nDupade. Taque Dupade uje chiese atoyoi jne. A acho poria tunaque adie maringa,\na ca atoyoi jne.\u201d<\/p>\n\n\n\n<p><strong><em>Dicor\u00e9 chi pi an\u00edri ugai tut\u00e9 uje chetingare cheque baj\u00e9 Eba:<\/em><\/strong><br>Mu Dupade Uruode chatata uje dicore tu an\u00edri, dicore chi pi an\u00edri ugai tut\u00e9. Enga dicor\u00e9 Satanas chi chac\u00e1ja ugai pijnani. Chac\u00e1ja ugai ujetiga ch\u00e3ra chequ\u00e9 tuat\u00e9. Enga ugai chi chojnira: \u201cDupade que pota. Taque Dupade uje chiese atoyoi jne. Que toc ujetiga atoyoi gotique iji,\u201d chojnira dicor\u00e9. \u201cDupade ch\u00e3raque poria adie ujetiga acho gu uje Dupade chiraja uje a achor\u00e1su poria adie enga a oyor\u00e1su Dupade, ujetiga araj\u00e1yo cucha ar\u00e9gode, cucha gajnar\u00e9ngone ore enga anire a oyor\u00e1su Dupade. Jecute ujetiga uacacho enga a araj\u00e1yo cuchade jnese. Jecute Dupade charat\u00e1iyime pirajatigai tome uaque, ga anire, Dupade ch\u00e3raque poria adie.\u201d<\/p>\n\n\n\n<p>\u201cTaque Dupade,\u201d chi ugai chi\nchojnira. Dicor\u00e9 chi chojnira, chi ch\u00e3ra Eba. Enga jec u uje Eba, yocat\u00e9 chequ\u00e9\nbaj\u00e9 chi doi dicor\u00e9 uruode. Enga chi dicor\u00e9 chojnira uje chi ch\u00e3ra:&nbsp; \u201cAgu. J\u00e9 qu\u00e9ting\u00e1re. Enga a amo cucha ar\u00e9gode\nto iji.\u201d<\/p>\n\n\n\n<p><strong><em>Eba tagu poria \u00e1raque nanique enga abai tagu to:<\/em><\/strong><br>Eba chi doi an\u00edri dicor\u00e9 uruode ga chi chisa poria \u00e1raque enga jec u uje chi tagu. Enga Eba chi chisiapome dabai to r\u0129. Enga Ad\u00e3 chi tagu to. Enga jec u uje chi ore jnusina uje e ore chim\u00e1naja dajei uje chi Dupade chetaque poria to ome ore ujetiga ore tagu. Chi ore jnusina uje Dupade chi anire, g\u00e3rengu\u00e9 dir\u00edca, enga chi jec u uje que ore chiraja daru quit\u00edgo ome Dupade gotique. Uje ore tagu g\u00e3rengu\u00e9 cas\u00e9 pore adie.<\/p>\n\n\n\n<p>Uje Dupade chi chojnirame ore\ndir\u00edca: \u201cCa acho jne. Acho cuchade jnese iji yejnai tun\u00e9, mu ca acho poria\ntuat\u00e9 adie jne.\u201d<\/p>\n\n\n\n<p>Mu Eba chi tagu poria adie. Enga\nchisi ome dabai enga ore tagu jnese, enga jec u uje chi ore aj\u00e9ngome Dupade\nyui. Chi ore todo Dupade yui uje que ore doi Dupade Uruode gotique. Angoneguite\nparique ore. Diri tut\u00e9 u uje ore aj\u00e9ngome Dupade yui, uje e que ore p\u00e9su Dupade\nUruode gotique. Que angoneguite guesac ore ome Dupade gotique, enga chi ore\nchaj\u00e9ngome Dupade yui.<\/p>\n\n\n\n<p><strong><em>Ma\u0301raque ore ga ore chaj\u00e9ngome Dupade yui:<\/em><\/strong><br>Que ore chiraja daru quit\u00edgome Dupade yui uje ore tagu Dupade g\u00e3rengu\u00e9 cas\u00e9 pore adie. Enga jec u uje Dupade Uruode chatata uje der\u00e9jnai chi ut\u00e9 uje dicore ch\u00e3ra Eba ore. Enga der\u00e9jnai chi ut\u00e9 u uje pajeg\u00e1tigade chac\u00e1ja ore. Pisijnaringu\u00e9one chac\u00e1ja er\u00e1mone unojo. Pisijnaringu\u00e9one garanone u yocai jnani bajai udore ore uje yoc\u00e3rap\u00edode ore.<\/p>\n\n\n\n<p>Enga pisijnaringu\u00e9one qu\u00e9 d\u00e9ji\ner\u00e1mone iji dirode unojo to, enga chibor\u00e1taja cuchade unojo ome ayor\u00e9ode uyoque:\npajeg\u00e1tigade, paj\u00e9 j\u0169ruach\u00faringane, paringaqu\u00e9ode ore. Enga cuchade udore u\nuje p\u00e9su re to nanique iji diri tut\u00e9 uje yocai jnani bajade ore tagu Dupade\ng\u00e3rangu\u00e9 pore \u00e1die nanique. Enga jec u uje chi que ore chiraja dasoc\u00e1rique\nnanique ome Dupade yui uje chi Dupade tib\u00e1gui ore iji dirode jnese.<\/p>\n\n\n\n<p><strong><em>Ore chacose raque uje chi choqu\u00edbi ore gu:<\/em><\/strong><br>Chi ore pota jeta ore chacose raque. Dupade Uruode chatat\u00e1po r\u0129 uje chi choqu\u00edbi ayor\u00e9ode ore icaite iji taningane. Chi choqu\u00edbie chequ\u00e9, chi choqu\u00edbipo jnani te r\u0129, mu chi ca ore aj\u00e9ngome cuch\u00e1rique gotique. Uje que ore chiraja cuch\u00e1rique uje c\u00e1ma pisijnaringu\u00e9rique, pajeg\u00e1tig\u00e1rique, an\u00edri, paringaqu\u00e9ode chac\u00e1ja er\u00e1mone. Mu ore tagu Dupade g\u00e3rengu\u00e9 poria adie enga jec u uje ore chiraja d\u00e1ringane choqu\u00edbio. Enga ore chiraja pajeg\u00e1tigade. Ore chiraja pisijnaringu\u00e9one enga ore chaj\u00e9ngome raque. Ore aj\u00e9ngome Dupade yui uje que ore doi uruode enga ore aj\u00e9ngop\u00f3me d\u00e1ringane choqu\u00edbio enga chi ore chigaru pore acar\u00e3\u0301quedat\u00e9die aja \u00f1ane enga jec u uje chi ore p\u00e9su doidode iji. Enga jec u uje aniri chi ore chucuepo dasocai r\u0129 ujetiga ore chacose rome Dupade ujetiga ore p\u00f3gu raque.<\/p>\n\n\n\n<p>Dupade chise ore. Dupade\nchajmita ore iji gued\u00e9jnoringai ut\u00e9, mu chi ore p\u00f3gu raque iji qued\u00e9jnarique.<\/p>\n\n\n\n<p>Dupade Uruode chatata uje Dupade\nchiraja ore jogadi tut\u00e9, mu Dupade chi j\u00e9 ibidite ore. Chi tibidi ore, uje chi\nchise dejnai uje chi que chimo ore iji daquei uje chi ore p\u00f3gu raque.<\/p>\n\n\n\n<p>Mu\nchi ca ore chajnai Dupade Uruode gotique. Chi ca ore\ntib\u00e1gui Dupade. Dupade chi chajmita, chajmita ore gu iji dirode jnese. Mu ore\naj\u00e9ngome Dupade yui tenga chi ca ore chajnai Dupade. Chi ca ore chingong\u00e1ra\nraja Dupade, mu chi diga jnacari chingo re ome Dupade.<\/p>\n\n\n\n<p>Enga chi Dupade chi chojnirame\njnacare bajai: \u201c\u00bfAg\u00fasi rique que uje que achajnai yu que a?\u201d<\/p>\n\n\n\n<p>Mu jnacari chi jnacare bajai chi\nchojnirame Dupade: \u201cUg\u00fasi ti que.\u201d<\/p>\n\n\n\n<p><strong><em>Ad\u00e3, Eba ore chaguh\u00e9ta \u00f1ane g\u00e1yode nanique:<\/em><\/strong><br>Mu chi Dupade chojnira: \u201c\u00bfGotique gu a uje baj\u00e9ngome yu? Ise ga acho y\u00e3rengu\u00e9 pore adie uje ojningame uaque dir\u00edca, \u2018ca acho jne.\u2019<\/p>\n\n\n\n<p>Ga jnacari chi chojniga: \u201cBeran\u00e9\ncas\u00e9 chequ\u00e9 ome yu, aniri, tagu barengu\u00e9 pore adie dir\u00edca que, enga chisi ome\nyu to que, ga agu to que, mu yiba tu anira, beran\u00e9, bapesud\u00e9 ica, chequ\u00e9.\u201d<\/p>\n\n\n\n<p>Enga jec u uje ore chichaga\n\u00f1ane, jnacari chi chichaga chequ\u00e9 uje chi tagu gu, chequ\u00e9. Mu Dupade chi\nchojningame chequ\u00e9 to: \u201c\u00bfGotique gu a? uje agu dir\u00edca. Agu que poria adie uje\nbadute yuruode dir\u00edca uje ojningame ua dir\u00edca, \u2018ca acho poria adie jne uje a\natoyoi jne ujetiga acho poria tuat\u00e9 adie.\u2019\u201d<\/p>\n\n\n\n<p>Mu chi chequ\u00e9 chi chojnirame\nDupade: \u201cDicor\u00e9 u que uje ch\u00e3ra yu enga j\u00e9 agu to poria adie. Dicor\u00e9 ch\u00e3ra\ny\u00fadode enga j\u00e9 agu poria adie que.\u201d<\/p>\n\n\n\n<p>Chi ore ichaga \u00f1ane. Chi ca ore\nchiraja cuch\u00e1rique un\u00e9 dir\u00edca iji taningane mu Satanas ch\u00e3ra ore enga j\u00e9 u uje\nore chiraja paringaqu\u00e9ode, ore chus\u00e1gaja cuchade uje ore chaguh\u00e9ta \u00f1ane g\u00e1yode ome\ncuchade. <\/p>\n\n\n\n<p><strong><em>Dupade cho daju\u00f1ame ore nanique:<\/em><\/strong><br>Enga jec u uje Dupade chi Dupade cho daju\u00f1ame ore. Enga jec u uje Dupade ujuyaqu\u00e9ode udore u uje yoquibade u, yocai jnani bajade, Dupade ipesudode ore, j\u00e9 u jec aja dirode unojo gajner\u0129. Dupade chi chojnirame Ad\u00e3, anire: \u201cQue be yuruode gotique dir\u00edca. Uje que be yuruode uje bagu poria tuat\u00e9 adie, y\u00e3rengu\u00e9 pore adie, a jnumi tun\u00e9 cucha gajnar\u00e9ngone su\u00e9ji jne. A ca agupo babosode bisideque jne r\u0129. A agu cuchade to jne gu betotiguei ujetiga qu\u00e9 ejna baguesi bajaque. A agu cuchade to jne, mu a qu\u00e9 gajnetui d\u00e9ji bacurut\u00e9 bajaque, benochai.&nbsp; Jec ujeta aque to,\u201d chojnirame jnacari. Dupade chi chojninga: \u201cA ap\u00e9su bejnat\u00edgo iji er\u00e1mi tun\u00e9, mu a bajuya ua ome bejnat\u00edgo ujetiga ap\u00e9su. J\u00e9 bajneque er\u00e1mi isat\u00edgo jne.\u201d Dupade chi chojninga: \u201cA ojnat\u00edgo su\u00e9ji er\u00e1mi te jne.\u201d<\/p>\n\n\n\n<p><em>Comai &#8211; Zapoco, Bolivia &#8211; 1960<\/em><br><em>Marina de Morarie chur\u00fas\u00e3re Comai uruode unojo<\/em><\/p>\n\n\n<div class=\"navigation\"><div class=\"alignleft\"><a href=\"https:\/\/ayore.org\/ayo\/culture\/teachings\/comai-amonoji-gate\/\"title=\"Comai \u2013 Am\u00f3\u00f1oji gat\u00e9\"><img loading=\"lazy\" decoding=\"async\" src=\"https:\/\/ayore.org\/wp-content\/uploads\/2018\/10\/left-arrow.png\" width=\"50\" height=\"48\" alt=\"left arrow\"><\/a><\/div><div class=\"alignright\"><a href=\"https:\/\/ayore.org\/ayo\/culture\/teachings\/dijaide-josuede-uneripise-dupade-uruode-yui-ome-yu\/\"title=\"Dijaide (Josue\u0301de\u0301) \u2013 Uneripise Dupade uruode yui ome yu\"><img loading=\"lazy\" decoding=\"async\" src=\"https:\/\/ayore.org\/wp-content\/uploads\/2018\/10\/right-arrow.png\" width=\"50\" height=\"48\" alt=\"right arrow\"><\/a><\/div>\n","protected":false},"excerpt":{"rendered":"<p>Dupade g\u00e3rengu\u00e9 pore chojm\u00e1ra nanique:Dupade chojnirame ore: \u201cAd\u00e3, Eba, acho cuchade jnese tiji yejnai tun\u00e9. Enga arocho cuchade jnese iji.\u201d Dupade Uruode chatata uje iji taningai icaite er\u00e1mi taningane ga cuchisode par\u00e1cho jnese icaite. Cuchisode u\u00f1ane chicai dasocade icaite iji<\/p>\n","protected":false},"author":5,"featured_media":0,"parent":719,"menu_order":0,"comment_status":"closed","ping_status":"closed","template":"","meta":{"footnotes":""},"class_list":["post-3810","page","type-page","status-publish","hentry"],"yoast_head":"<!-- This site is optimized with the Yoast SEO plugin v27.4 - https:\/\/yoast.com\/product\/yoast-seo-wordpress\/ -->\n<title>Comai \u2013 Arocho cuchade jnese iji yejnai &#8226; AYOR\u00c9.ORG<\/title>\n<meta name=\"robots\" content=\"index, follow, max-snippet:-1, max-image-preview:large, max-video-preview:-1\" \/>\n<link rel=\"canonical\" href=\"https:\/\/ayore.org\/ayo\/culture\/teachings\/comai-arocho-cuchade-jnese-iji-yejnai\/\" \/>\n<meta property=\"og:locale\" content=\"en_US\" \/>\n<meta property=\"og:type\" content=\"article\" \/>\n<meta property=\"og:title\" content=\"Comai \u2013 Arocho cuchade jnese iji yejnai &#8226; AYOR\u00c9.ORG\" \/>\n<meta property=\"og:description\" content=\"Dupade g\u00e3rengu\u00e9 pore chojm\u00e1ra nanique:Dupade chojnirame ore: \u201cAd\u00e3, Eba, acho cuchade jnese tiji yejnai tun\u00e9. Enga arocho cuchade jnese iji.\u201d Dupade Uruode chatata uje iji taningai icaite er\u00e1mi taningane ga cuchisode par\u00e1cho jnese icaite. Cuchisode u\u00f1ane chicai dasocade icaite iji\" \/>\n<meta property=\"og:url\" content=\"https:\/\/ayore.org\/ayo\/culture\/teachings\/comai-arocho-cuchade-jnese-iji-yejnai\/\" \/>\n<meta property=\"og:site_name\" content=\"AYOR\u00c9.ORG\" \/>\n<meta property=\"article:modified_time\" content=\"2019-05-17T02:47:45+00:00\" \/>\n<meta name=\"twitter:card\" content=\"summary_large_image\" \/>\n<meta name=\"twitter:label1\" content=\"Est. reading time\" \/>\n\t<meta name=\"twitter:data1\" content=\"9 minutes\" \/>\n<script type=\"application\/ld+json\" class=\"yoast-schema-graph\">{\"@context\":\"https:\\\/\\\/schema.org\",\"@graph\":[{\"@type\":\"WebPage\",\"@id\":\"https:\\\/\\\/ayore.org\\\/ayo\\\/culture\\\/teachings\\\/comai-arocho-cuchade-jnese-iji-yejnai\\\/\",\"url\":\"https:\\\/\\\/ayore.org\\\/ayo\\\/culture\\\/teachings\\\/comai-arocho-cuchade-jnese-iji-yejnai\\\/\",\"name\":\"Comai \u2013 Arocho cuchade jnese iji yejnai &#8226; AYOR\u00c9.ORG\",\"isPartOf\":{\"@id\":\"https:\\\/\\\/ayore.org\\\/#website\"},\"datePublished\":\"2019-05-17T02:46:01+00:00\",\"dateModified\":\"2019-05-17T02:47:45+00:00\",\"breadcrumb\":{\"@id\":\"https:\\\/\\\/ayore.org\\\/ayo\\\/culture\\\/teachings\\\/comai-arocho-cuchade-jnese-iji-yejnai\\\/#breadcrumb\"},\"inLanguage\":\"ayo\",\"potentialAction\":[{\"@type\":\"ReadAction\",\"target\":[\"https:\\\/\\\/ayore.org\\\/ayo\\\/culture\\\/teachings\\\/comai-arocho-cuchade-jnese-iji-yejnai\\\/\"]}]},{\"@type\":\"BreadcrumbList\",\"@id\":\"https:\\\/\\\/ayore.org\\\/ayo\\\/culture\\\/teachings\\\/comai-arocho-cuchade-jnese-iji-yejnai\\\/#breadcrumb\",\"itemListElement\":[{\"@type\":\"ListItem\",\"position\":1,\"name\":\"Jogate bajai tu ude\u0301\",\"item\":\"https:\\\/\\\/ayore.org\\\/ayo\\\/\"},{\"@type\":\"ListItem\",\"position\":2,\"name\":\"Ayore\u0301ode adode, angurenone cucha ore\",\"item\":\"https:\\\/\\\/ayore.org\\\/ayo\\\/culture\\\/\"},{\"@type\":\"ListItem\",\"position\":3,\"name\":\"Ayore\u0301ode Acajnaque\u0301ode\",\"item\":\"https:\\\/\\\/ayore.org\\\/ayo\\\/culture\\\/teachings\\\/\"},{\"@type\":\"ListItem\",\"position\":4,\"name\":\"Comai \u2013 Arocho cuchade jnese iji yejnai\"}]},{\"@type\":\"WebSite\",\"@id\":\"https:\\\/\\\/ayore.org\\\/#website\",\"url\":\"https:\\\/\\\/ayore.org\\\/\",\"name\":\"AYOR\u00c9.ORG\",\"description\":\"Ayore\u0301ode Uruode, Adode, Jnani bajade ati\u0301go ore \",\"potentialAction\":[{\"@type\":\"SearchAction\",\"target\":{\"@type\":\"EntryPoint\",\"urlTemplate\":\"https:\\\/\\\/ayore.org\\\/?s={search_term_string}\"},\"query-input\":{\"@type\":\"PropertyValueSpecification\",\"valueRequired\":true,\"valueName\":\"search_term_string\"}}],\"inLanguage\":\"ayo\"}]}<\/script>\n<!-- \/ Yoast SEO plugin. -->","yoast_head_json":{"title":"Comai \u2013 Arocho cuchade jnese iji yejnai &#8226; AYOR\u00c9.ORG","robots":{"index":"index","follow":"follow","max-snippet":"max-snippet:-1","max-image-preview":"max-image-preview:large","max-video-preview":"max-video-preview:-1"},"canonical":"https:\/\/ayore.org\/ayo\/culture\/teachings\/comai-arocho-cuchade-jnese-iji-yejnai\/","og_locale":"en_US","og_type":"article","og_title":"Comai \u2013 Arocho cuchade jnese iji yejnai &#8226; AYOR\u00c9.ORG","og_description":"Dupade g\u00e3rengu\u00e9 pore chojm\u00e1ra nanique:Dupade chojnirame ore: \u201cAd\u00e3, Eba, acho cuchade jnese tiji yejnai tun\u00e9. Enga arocho cuchade jnese iji.\u201d Dupade Uruode chatata uje iji taningai icaite er\u00e1mi taningane ga cuchisode par\u00e1cho jnese icaite. Cuchisode u\u00f1ane chicai dasocade icaite iji","og_url":"https:\/\/ayore.org\/ayo\/culture\/teachings\/comai-arocho-cuchade-jnese-iji-yejnai\/","og_site_name":"AYOR\u00c9.ORG","article_modified_time":"2019-05-17T02:47:45+00:00","twitter_card":"summary_large_image","twitter_misc":{"Est. reading time":"9 minutes"},"schema":{"@context":"https:\/\/schema.org","@graph":[{"@type":"WebPage","@id":"https:\/\/ayore.org\/ayo\/culture\/teachings\/comai-arocho-cuchade-jnese-iji-yejnai\/","url":"https:\/\/ayore.org\/ayo\/culture\/teachings\/comai-arocho-cuchade-jnese-iji-yejnai\/","name":"Comai \u2013 Arocho cuchade jnese iji yejnai &#8226; AYOR\u00c9.ORG","isPartOf":{"@id":"https:\/\/ayore.org\/#website"},"datePublished":"2019-05-17T02:46:01+00:00","dateModified":"2019-05-17T02:47:45+00:00","breadcrumb":{"@id":"https:\/\/ayore.org\/ayo\/culture\/teachings\/comai-arocho-cuchade-jnese-iji-yejnai\/#breadcrumb"},"inLanguage":"ayo","potentialAction":[{"@type":"ReadAction","target":["https:\/\/ayore.org\/ayo\/culture\/teachings\/comai-arocho-cuchade-jnese-iji-yejnai\/"]}]},{"@type":"BreadcrumbList","@id":"https:\/\/ayore.org\/ayo\/culture\/teachings\/comai-arocho-cuchade-jnese-iji-yejnai\/#breadcrumb","itemListElement":[{"@type":"ListItem","position":1,"name":"Jogate bajai tu ude\u0301","item":"https:\/\/ayore.org\/ayo\/"},{"@type":"ListItem","position":2,"name":"Ayore\u0301ode adode, angurenone cucha ore","item":"https:\/\/ayore.org\/ayo\/culture\/"},{"@type":"ListItem","position":3,"name":"Ayore\u0301ode Acajnaque\u0301ode","item":"https:\/\/ayore.org\/ayo\/culture\/teachings\/"},{"@type":"ListItem","position":4,"name":"Comai \u2013 Arocho cuchade jnese iji yejnai"}]},{"@type":"WebSite","@id":"https:\/\/ayore.org\/#website","url":"https:\/\/ayore.org\/","name":"AYOR\u00c9.ORG","description":"Ayore\u0301ode Uruode, Adode, Jnani bajade ati\u0301go ore ","potentialAction":[{"@type":"SearchAction","target":{"@type":"EntryPoint","urlTemplate":"https:\/\/ayore.org\/?s={search_term_string}"},"query-input":{"@type":"PropertyValueSpecification","valueRequired":true,"valueName":"search_term_string"}}],"inLanguage":"ayo"}]}},"_links":{"self":[{"href":"https:\/\/ayore.org\/ayo\/wp-json\/wp\/v2\/pages\/3810","targetHints":{"allow":["GET"]}}],"collection":[{"href":"https:\/\/ayore.org\/ayo\/wp-json\/wp\/v2\/pages"}],"about":[{"href":"https:\/\/ayore.org\/ayo\/wp-json\/wp\/v2\/types\/page"}],"author":[{"embeddable":true,"href":"https:\/\/ayore.org\/ayo\/wp-json\/wp\/v2\/users\/5"}],"replies":[{"embeddable":true,"href":"https:\/\/ayore.org\/ayo\/wp-json\/wp\/v2\/comments?post=3810"}],"version-history":[{"count":3,"href":"https:\/\/ayore.org\/ayo\/wp-json\/wp\/v2\/pages\/3810\/revisions"}],"predecessor-version":[{"id":3813,"href":"https:\/\/ayore.org\/ayo\/wp-json\/wp\/v2\/pages\/3810\/revisions\/3813"}],"up":[{"embeddable":true,"href":"https:\/\/ayore.org\/ayo\/wp-json\/wp\/v2\/pages\/719"}],"wp:attachment":[{"href":"https:\/\/ayore.org\/ayo\/wp-json\/wp\/v2\/media?parent=3810"}],"curies":[{"name":"wp","href":"https:\/\/api.w.org\/{rel}","templated":true}]}}