{"id":3808,"date":"2019-05-17T02:15:48","date_gmt":"2019-05-17T02:15:48","guid":{"rendered":"https:\/\/ayore.org\/?page_id=3808"},"modified":"2019-05-17T02:15:50","modified_gmt":"2019-05-17T02:15:50","slug":"comai-amonoji-gate","status":"publish","type":"page","link":"https:\/\/ayore.org\/ayo\/culture\/teachings\/comai-amonoji-gate\/","title":{"rendered":"Comai \u2013 Am\u00f3\u00f1oji gat\u00e9"},"content":{"rendered":"\n<p><strong><em>Icatec\u00e3coi Dupade uje p\u00e9su er\u00e1mi tun\u00e9:<\/em><\/strong><br><em>Dupade<\/em>, bag\u00fasi gu\u00e9ode u\u00e9chai. <em>Dupade, <\/em>bamo yoque jnese, yoque <em>Dupade<\/em>. Uje ua u, uje bapesute er\u00e1mi tun\u00e9, <em>Dupade<\/em>, bapesute ayor\u00e9ode ore, enga baraja ayor\u00e9ode ore yocaj\u00e9ode, <em>Dupade<\/em>.<\/p>\n\n\n\n<p><strong><em>Icatec\u00e3coi Dupade uje ch\u00e9c\u00e3re ayor\u00e9ode yocadode:<\/em><\/strong><br>Yoque <em>Dupade<\/em>, yicatec\u00e3\u0301ri ua ujetiga \u00e1tab\u00e1ja uyoque iji der\u00e9jnai tun\u00e9. Iji der\u00e9jnai unojo ujetiga yichago yoquenominone aja ua, <em>Dupade<\/em>. Yoque <em>Dupade<\/em> yiraj\u00e1go uje pujopi\u00e9 d\u00e9ji ua ujetiga \u00e9c\u00e3re ayor\u00e9ode yocadode, <em>Dupade<\/em>, ujetiga yim\u00f3ngo cucha \u0169r\u00e9one iji baruode to.<\/p>\n\n\n\n<p><strong><em>Icatec\u00e3coi Dupade uje su\u00e9 cuchade gai jnese:<\/em><\/strong><br>Yiraj\u00e1go, <em>Dupade<\/em>, uje yocumajos\u1e4dri d\u00e9ji uje Satanas u, enga Satanas u <em>dicore<\/em>, <em>Dupade<\/em>. Satanas chetaque baruode. Que pota gotique, <em>Dupade<\/em>, ujetiga ayor\u00e9ode yiraj\u00e1go baruode, mu yiraj\u00e1go uje Satanase sue yoquibai uje ujopi\u00e9 cuse uje sue yoquetotiguei gai, <em>Dupade<\/em>. Sue yoc\u00e1yipie ayor\u00e9 gai, mu yocacaranguipise, <em>Dupade<\/em>, uje yocangureni tu babi Jesuse, <em>Dupade<\/em>. Yocangureni tu babi Cristo, <em>Dupade<\/em>, enga babi Cristo chingome yoque uje ut\u00e9 d\u00e9ji yocari, <em>Dupade<\/em>. Enga ut\u00e9 pota ujetiga ch\u00e1taja yoque, <em>Dupade<\/em>, ujetiga chisi ome pirajtigai tome yoque jeta yiraj\u00e1go baruode. J\u00e9 upo r\u0129, <em>Dupade<\/em>, uje chirote yoque, ujetiga aniri, ut\u00e9 ch\u00e3raque yogome Satanase.<\/p>\n\n\n\n<p><strong><em>Icatec\u00e3coi Dupade uje chisiome daruode ome yoque:<\/em><\/strong><br>Yoque <em>Dupade<\/em>, yocacaranguipise uje ayor\u00e9ode u\u00f1ane changureta ua, <em>Dupade<\/em> \u2013 direqued\u00e9jnagosode, cochacoigosode ore \u2013 uje ore changureta babi Jesuse to. Yoque <em>Dupade<\/em> yiraj\u00e1go uje sijnaque yoque icaite, <em>Dupade<\/em>. Que yiraj\u00e1go baruode gotique icaite, <em>Dupade<\/em>.<\/p>\n\n\n\n<p>Que yiraj\u00e1go baruode gotique icaite, <em>Dupade<\/em>, que yiraj\u00e1go baruode uje chise\ndirequed\u00e9jnaigosode, cochacoigosode ore, uyoque. Enga yacaranguipise, <em>Dupade<\/em>, iji dirode unojo uje ayor\u00e9ode\nu\u00f1ane d\u00e9ji, <em>Dupade<\/em>, iji direqued\u00e9jnagosode,\ncochacoigosode ore, uje baruode e chise ore, <em>Dupade<\/em>. Bap\u00e9su baruode iji banguretas\u00f3rone ore, <em>Dupade<\/em>. Enga, <em>Dupade<\/em>, iraja to, <em>Dupade<\/em>,\nuje adi tu uje sijnaque yoque icaite, <em>Dupade<\/em>,\niji er\u00e1mone. Que yiraj\u00e1go baruode gotique icaite, <em>Dupade<\/em>. Enga adi tu uje b\u00e9c\u00e3re yocadode uje yanguret\u00e1go ua, <em>Dupade<\/em>.<\/p>\n\n\n\n<p><strong><em>Yicatec\u00e3coi Duupade uje chudute yoquicatec\u00e3raitigade ome yocujode ayor\u00e9o:<\/em><\/strong><br>Angureta ua to, <em>Dupade<\/em>, jeta bojnigaite udire d\u00e9ji yoquiquei ujetiga guidaigosode ore u\u00f1\u00e9ngo, yoquijorane guidaigosode uje yoquipotig\u00e1di tu ujetiga ore changureta ua to <em>Dupade<\/em>. Diga u\u00f1\u00e9ngo ore chisi ome r\u00e1gome ua to, <em>Dupade<\/em>, ujetiga amate baruode iji ore to, <em>Dupade<\/em>. <\/p>\n\n\n\n<p><em>Dupade<\/em>,\nadute yoquicatec\u00e3raitigade unojo, <em>Dupade<\/em>.\nJecucha icatec\u00e3coi ua, <em>Dupade<\/em>, ome\nguidaigosode ore, <em>Dupade<\/em>, uje yocujo\nayor\u00e9 ore gu. Aqueta ore to, <em>Dupade<\/em>,\niji pisijnaringu\u00e9one, <em>Dupade<\/em>. Jec adi\nu ujetiga ajna u\u00f1\u00e9ngo to ome baruode, <em>Dupade<\/em>,\nujetiga u\u00f1\u00e9ngo changureta babi Jesuse to, <em>Dupade<\/em>.<\/p>\n\n\n\n<p>Asi ome pirajatigai tome yoque jnese, <em>Dupade<\/em>. Asi ome pirajatigai tome\nyoquijorane guidaigoso ore urasade mision\u00e9ro ore, <em>Dupade<\/em>, bangures\u00f3rone ore, <em>Dupade<\/em>,\nujetiga ore chiraja bajegaidode cucha, <em>Dupade<\/em>,\nome ore jetiga ore chacate yoquijorane guidaigose ore ome baruode to, <em>Dupade<\/em>. Bei baruode ome yoquijorane guidaigoso\nuje yoquipotig\u00e1di u ujetiga baruode chise er\u00e1mi jnese ujetiga babi Jesuse\nchimate daruode iji yoque enga ut\u00e9 diapo r\u0129 ujetiga jno danguretas\u00f3ningo ore\n\u00fadi, <em>Dupade<\/em>. <\/p>\n\n\n\n<p>Ij\u00ed\u00f1ongome yoquicatec\u00e3raitigade unojo jnese iji\nder\u00e9jnai tun\u00e9 iji bajmainie, <em>Dupade<\/em>. Ome\nbabi Jesuse i. Amen<\/p>\n\n\n\n<p><em>Comai \u2013 Zapoco, Bolivia \u2013 1960<\/em><br><em>Marina de Morarie chur\u00fas\u00e3re Comai icatec\u00e3raitigade udojo nanique<\/em><\/p>\n\n\n<div class=\"navigation\"><div class=\"alignleft\"><a href=\"https:\/\/ayore.org\/ayo\/culture\/teachings\/comai-dupade-uruode-jogadode-cuse-to-ome-ore\/\"title=\"Comai \u2013 Dupade Uruode jogadode cuse to ome ore\"><img loading=\"lazy\" decoding=\"async\" src=\"https:\/\/ayore.org\/wp-content\/uploads\/2018\/10\/left-arrow.png\" width=\"50\" height=\"48\" alt=\"left arrow\"><\/a><\/div><div class=\"alignright\"><a href=\"https:\/\/ayore.org\/ayo\/culture\/teachings\/comai-arocho-cuchade-jnese-iji-yejnai\/\"title=\"Comai \u2013 Arocho cuchade jnese iji yejnai\"><img loading=\"lazy\" decoding=\"async\" src=\"https:\/\/ayore.org\/wp-content\/uploads\/2018\/10\/right-arrow.png\" width=\"50\" height=\"48\" alt=\"right arrow\"><\/a><\/div>\n","protected":false},"excerpt":{"rendered":"<p>Icatec\u00e3coi Dupade uje p\u00e9su er\u00e1mi tun\u00e9:Dupade, bag\u00fasi gu\u00e9ode u\u00e9chai. Dupade, bamo yoque jnese, yoque Dupade. Uje ua u, uje bapesute er\u00e1mi tun\u00e9, Dupade, bapesute ayor\u00e9ode ore, enga baraja ayor\u00e9ode ore yocaj\u00e9ode, Dupade. Icatec\u00e3coi Dupade uje ch\u00e9c\u00e3re ayor\u00e9ode yocadode:Yoque Dupade, yicatec\u00e3\u0301ri<\/p>\n","protected":false},"author":5,"featured_media":0,"parent":719,"menu_order":0,"comment_status":"closed","ping_status":"closed","template":"","meta":{"footnotes":""},"class_list":["post-3808","page","type-page","status-publish","hentry"],"yoast_head":"<!-- This site is optimized with the Yoast SEO plugin v27.4 - https:\/\/yoast.com\/product\/yoast-seo-wordpress\/ -->\n<title>Comai \u2013 Am\u00f3\u00f1oji gat\u00e9 &#8226; AYOR\u00c9.ORG<\/title>\n<meta name=\"robots\" content=\"index, follow, max-snippet:-1, max-image-preview:large, max-video-preview:-1\" \/>\n<link rel=\"canonical\" href=\"https:\/\/ayore.org\/ayo\/culture\/teachings\/comai-amonoji-gate\/\" \/>\n<meta property=\"og:locale\" content=\"en_US\" \/>\n<meta property=\"og:type\" content=\"article\" \/>\n<meta property=\"og:title\" content=\"Comai \u2013 Am\u00f3\u00f1oji gat\u00e9 &#8226; AYOR\u00c9.ORG\" \/>\n<meta property=\"og:description\" content=\"Icatec\u00e3coi Dupade uje p\u00e9su er\u00e1mi tun\u00e9:Dupade, bag\u00fasi gu\u00e9ode u\u00e9chai. Dupade, bamo yoque jnese, yoque Dupade. Uje ua u, uje bapesute er\u00e1mi tun\u00e9, Dupade, bapesute ayor\u00e9ode ore, enga baraja ayor\u00e9ode ore yocaj\u00e9ode, Dupade. Icatec\u00e3coi Dupade uje ch\u00e9c\u00e3re ayor\u00e9ode yocadode:Yoque Dupade, yicatec\u00e3\u0301ri\" \/>\n<meta property=\"og:url\" content=\"https:\/\/ayore.org\/ayo\/culture\/teachings\/comai-amonoji-gate\/\" \/>\n<meta property=\"og:site_name\" content=\"AYOR\u00c9.ORG\" \/>\n<meta property=\"article:modified_time\" content=\"2019-05-17T02:15:50+00:00\" \/>\n<meta name=\"twitter:card\" content=\"summary_large_image\" \/>\n<meta name=\"twitter:label1\" content=\"Est. reading time\" \/>\n\t<meta name=\"twitter:data1\" content=\"3 minutes\" \/>\n<script type=\"application\/ld+json\" class=\"yoast-schema-graph\">{\"@context\":\"https:\\\/\\\/schema.org\",\"@graph\":[{\"@type\":\"WebPage\",\"@id\":\"https:\\\/\\\/ayore.org\\\/ayo\\\/culture\\\/teachings\\\/comai-amonoji-gate\\\/\",\"url\":\"https:\\\/\\\/ayore.org\\\/ayo\\\/culture\\\/teachings\\\/comai-amonoji-gate\\\/\",\"name\":\"Comai \u2013 Am\u00f3\u00f1oji gat\u00e9 &#8226; AYOR\u00c9.ORG\",\"isPartOf\":{\"@id\":\"https:\\\/\\\/ayore.org\\\/#website\"},\"datePublished\":\"2019-05-17T02:15:48+00:00\",\"dateModified\":\"2019-05-17T02:15:50+00:00\",\"breadcrumb\":{\"@id\":\"https:\\\/\\\/ayore.org\\\/ayo\\\/culture\\\/teachings\\\/comai-amonoji-gate\\\/#breadcrumb\"},\"inLanguage\":\"ayo\",\"potentialAction\":[{\"@type\":\"ReadAction\",\"target\":[\"https:\\\/\\\/ayore.org\\\/ayo\\\/culture\\\/teachings\\\/comai-amonoji-gate\\\/\"]}]},{\"@type\":\"BreadcrumbList\",\"@id\":\"https:\\\/\\\/ayore.org\\\/ayo\\\/culture\\\/teachings\\\/comai-amonoji-gate\\\/#breadcrumb\",\"itemListElement\":[{\"@type\":\"ListItem\",\"position\":1,\"name\":\"Jogate bajai tu ude\u0301\",\"item\":\"https:\\\/\\\/ayore.org\\\/ayo\\\/\"},{\"@type\":\"ListItem\",\"position\":2,\"name\":\"Ayore\u0301ode adode, angurenone cucha ore\",\"item\":\"https:\\\/\\\/ayore.org\\\/ayo\\\/culture\\\/\"},{\"@type\":\"ListItem\",\"position\":3,\"name\":\"Ayore\u0301ode Acajnaque\u0301ode\",\"item\":\"https:\\\/\\\/ayore.org\\\/ayo\\\/culture\\\/teachings\\\/\"},{\"@type\":\"ListItem\",\"position\":4,\"name\":\"Comai \u2013 Am\u00f3\u00f1oji gat\u00e9\"}]},{\"@type\":\"WebSite\",\"@id\":\"https:\\\/\\\/ayore.org\\\/#website\",\"url\":\"https:\\\/\\\/ayore.org\\\/\",\"name\":\"AYOR\u00c9.ORG\",\"description\":\"Ayore\u0301ode Uruode, Adode, Jnani bajade ati\u0301go ore \",\"potentialAction\":[{\"@type\":\"SearchAction\",\"target\":{\"@type\":\"EntryPoint\",\"urlTemplate\":\"https:\\\/\\\/ayore.org\\\/?s={search_term_string}\"},\"query-input\":{\"@type\":\"PropertyValueSpecification\",\"valueRequired\":true,\"valueName\":\"search_term_string\"}}],\"inLanguage\":\"ayo\"}]}<\/script>\n<!-- \/ Yoast SEO plugin. -->","yoast_head_json":{"title":"Comai \u2013 Am\u00f3\u00f1oji gat\u00e9 &#8226; AYOR\u00c9.ORG","robots":{"index":"index","follow":"follow","max-snippet":"max-snippet:-1","max-image-preview":"max-image-preview:large","max-video-preview":"max-video-preview:-1"},"canonical":"https:\/\/ayore.org\/ayo\/culture\/teachings\/comai-amonoji-gate\/","og_locale":"en_US","og_type":"article","og_title":"Comai \u2013 Am\u00f3\u00f1oji gat\u00e9 &#8226; AYOR\u00c9.ORG","og_description":"Icatec\u00e3coi Dupade uje p\u00e9su er\u00e1mi tun\u00e9:Dupade, bag\u00fasi gu\u00e9ode u\u00e9chai. Dupade, bamo yoque jnese, yoque Dupade. Uje ua u, uje bapesute er\u00e1mi tun\u00e9, Dupade, bapesute ayor\u00e9ode ore, enga baraja ayor\u00e9ode ore yocaj\u00e9ode, Dupade. Icatec\u00e3coi Dupade uje ch\u00e9c\u00e3re ayor\u00e9ode yocadode:Yoque Dupade, yicatec\u00e3\u0301ri","og_url":"https:\/\/ayore.org\/ayo\/culture\/teachings\/comai-amonoji-gate\/","og_site_name":"AYOR\u00c9.ORG","article_modified_time":"2019-05-17T02:15:50+00:00","twitter_card":"summary_large_image","twitter_misc":{"Est. reading time":"3 minutes"},"schema":{"@context":"https:\/\/schema.org","@graph":[{"@type":"WebPage","@id":"https:\/\/ayore.org\/ayo\/culture\/teachings\/comai-amonoji-gate\/","url":"https:\/\/ayore.org\/ayo\/culture\/teachings\/comai-amonoji-gate\/","name":"Comai \u2013 Am\u00f3\u00f1oji gat\u00e9 &#8226; AYOR\u00c9.ORG","isPartOf":{"@id":"https:\/\/ayore.org\/#website"},"datePublished":"2019-05-17T02:15:48+00:00","dateModified":"2019-05-17T02:15:50+00:00","breadcrumb":{"@id":"https:\/\/ayore.org\/ayo\/culture\/teachings\/comai-amonoji-gate\/#breadcrumb"},"inLanguage":"ayo","potentialAction":[{"@type":"ReadAction","target":["https:\/\/ayore.org\/ayo\/culture\/teachings\/comai-amonoji-gate\/"]}]},{"@type":"BreadcrumbList","@id":"https:\/\/ayore.org\/ayo\/culture\/teachings\/comai-amonoji-gate\/#breadcrumb","itemListElement":[{"@type":"ListItem","position":1,"name":"Jogate bajai tu ude\u0301","item":"https:\/\/ayore.org\/ayo\/"},{"@type":"ListItem","position":2,"name":"Ayore\u0301ode adode, angurenone cucha ore","item":"https:\/\/ayore.org\/ayo\/culture\/"},{"@type":"ListItem","position":3,"name":"Ayore\u0301ode Acajnaque\u0301ode","item":"https:\/\/ayore.org\/ayo\/culture\/teachings\/"},{"@type":"ListItem","position":4,"name":"Comai \u2013 Am\u00f3\u00f1oji gat\u00e9"}]},{"@type":"WebSite","@id":"https:\/\/ayore.org\/#website","url":"https:\/\/ayore.org\/","name":"AYOR\u00c9.ORG","description":"Ayore\u0301ode Uruode, Adode, Jnani bajade ati\u0301go ore ","potentialAction":[{"@type":"SearchAction","target":{"@type":"EntryPoint","urlTemplate":"https:\/\/ayore.org\/?s={search_term_string}"},"query-input":{"@type":"PropertyValueSpecification","valueRequired":true,"valueName":"search_term_string"}}],"inLanguage":"ayo"}]}},"_links":{"self":[{"href":"https:\/\/ayore.org\/ayo\/wp-json\/wp\/v2\/pages\/3808","targetHints":{"allow":["GET"]}}],"collection":[{"href":"https:\/\/ayore.org\/ayo\/wp-json\/wp\/v2\/pages"}],"about":[{"href":"https:\/\/ayore.org\/ayo\/wp-json\/wp\/v2\/types\/page"}],"author":[{"embeddable":true,"href":"https:\/\/ayore.org\/ayo\/wp-json\/wp\/v2\/users\/5"}],"replies":[{"embeddable":true,"href":"https:\/\/ayore.org\/ayo\/wp-json\/wp\/v2\/comments?post=3808"}],"version-history":[{"count":1,"href":"https:\/\/ayore.org\/ayo\/wp-json\/wp\/v2\/pages\/3808\/revisions"}],"predecessor-version":[{"id":3809,"href":"https:\/\/ayore.org\/ayo\/wp-json\/wp\/v2\/pages\/3808\/revisions\/3809"}],"up":[{"embeddable":true,"href":"https:\/\/ayore.org\/ayo\/wp-json\/wp\/v2\/pages\/719"}],"wp:attachment":[{"href":"https:\/\/ayore.org\/ayo\/wp-json\/wp\/v2\/media?parent=3808"}],"curies":[{"name":"wp","href":"https:\/\/api.w.org\/{rel}","templated":true}]}}