{"id":3804,"date":"2019-05-17T01:42:20","date_gmt":"2019-05-17T01:42:20","guid":{"rendered":"https:\/\/ayore.org\/?page_id=3804"},"modified":"2019-05-17T01:42:21","modified_gmt":"2019-05-17T01:42:21","slug":"chagaide-ca-uacunengo-chajengome-dupade-to","status":"publish","type":"page","link":"https:\/\/ayore.org\/ayo\/culture\/teachings\/chagaide-ca-uacunengo-chajengome-dupade-to\/","title":{"rendered":"Chagaide \u2013 Ca uacu\u00f1\u00e9ngo chaj\u00e9ngome Dupade to"},"content":{"rendered":"\n<p><strong><em>Dupade c\u00e3ra re ome yoque:<br> <\/em><\/strong>Ujetiga uacu\u00f1\u00e9ngo changureta Dupade ga ca uacu\u00f1\u00e9ngo chaj\u00e9ngome Dupade to. Uje Dupade j\u00e9 que cho ayor\u00e9ode uyoque go, j\u00e9 que cho coj\u00f1one uguchar\u00e3\u0301tique go, j\u00e9 c\u00e3ra re ome yoque. Uacu\u00f1\u00e9ngo chejna raja Dupade to.<\/p>\n\n\n\n<p><strong><em>Dupade gajnui\nu cami\u00f3n pachid\u00e9 dirome ujetiga cami\u00f3n gachis\u1e4dri ch\u00e3raque: <br>\n<\/em><\/strong>Que yamo, mu a Dupade gajnui u cami\u00f3n pachid\u00e9 dirome\nujetiga cami\u00f3n gachis\u1e4dri ch\u00e3raque ga j\u00e9 que toc jeta pibi aja Dupade.<\/p>\n\n\n\n<p>Uje Dupade uruode chacap\u00edsaja\nore \u00e1yipiedie enga j\u00e9 u uje ore chejna r\u00e1ngaja Dupade. Ujetiga Dupade di\ndirome, coj\u00f1oque uguchar\u00e3\u0301tique ta chojninga: \u2018Yipl\u00e1tadie d\u00e9ji daji, yij\u00edna ua\nto jne.\u2019 <\/p>\n\n\n\n<p>Dupade uru quigode u udojo\nujetiga uacu\u00f1\u00e9ngo changureta to. Uje a di cami\u1e4draque jeoga cuchabas\u00farique, mu\ngachis\u1e4dri ch\u00e3raque ga je toque gotique, adi ta u jeta Dupade di. Adi up\u00fasu\ncucha unejai uje yip\u00f3tago j\u00f3roga mu gajneng\u1e4dri ch\u00e3raque ga j\u00e9 que toque ome\n\u00f1oque.<\/p>\n\n\n\n<p>Ta uacu\u00f1\u00e9ngo chejna raja Dupade\nto, Dupade anguretas\u1e4drone uaque. Acatec\u00e3choi Dupade, ca aj\u00e9chome. Ca aj\u00e9ngome\nDupade jeta acatec\u00e3\u0301ri.<\/p>\n\n\n\n<p><strong><em>Dupade chapuse yoque aja ajegais\u00f3ningo:<\/em><\/strong><br>Cho jeta cucha Dupade ga chojninga: \u2018Uerad\u00e9jna jnacari, uerad\u00e9 gapua, enga ore u yajegais\u00f3ningo.\u2019 J\u00e9 basa ga choqu\u00edjnarique, a choqu\u00edjna mar\u00ednga, j\u00e9 chij\u00edna Dupade jeta gosi changureta. Dupade chapuse yoque aja ajegais\u00f3ningo jeta changureta.<\/p>\n\n\n\n<p><strong><em>Uerate uje pacadique yoque ome Dupade Uruode:<\/em><\/strong><br>Yacaranguipise ome guid\u00e1yode iji er\u00e1mone uje Dupade Uruode d\u00e9ji guid\u00e1yode jnese iji er\u00e1mone. Yacaranguipise ome guid\u00e1yode iji er\u00e1mone. Dupade uruode d\u00e9ji Tobit\u00e9, d\u00e9ji Pail\u00f3n r\u0129, d\u00e9ji don Len idai, d\u00e9ji Zapoc\u00f3 r\u0129, d\u00e9ji Santa Cruz u\u00e9chade r\u0129, d\u00e9ji ducuniri u\u00f1ane, d\u00e9ji Paraguay iji quey\u00e9chade, d\u00e9ji Pajeid\u00e9 idai. Yacaranguipise ome udojo guid\u00e1yode uje Dupade Uruode e d\u00e9ji guid\u00e1yode ga coj\u00f1one, ayor\u00e9ode chingo yoque Dupade Uruode aja yoque.<\/p>\n\n\n\n<p>E gusu.<\/p>\n\n\n\n<p><em>Chagaide \u2013 Rinc\u00f3n de Tigre \u2013 1970<\/em><br><em>Janet Briggs chur\u00fas\u00e3re Chagaide uruode nanique<\/em><\/p>\n\n\n<div class=\"navigation\"><div class=\"alignleft\"><a href=\"https:\/\/ayore.org\/ayo\/culture\/teachings\/dijaide-josuede-ca-oyo-cocho-cochogome-dupade-yui\/\"title=\"Dijaide (Josue\u0301de\u0301) \u2013 Ca oyo cocho coch\u00f3gome Dupade yui\"><img loading=\"lazy\" decoding=\"async\" src=\"https:\/\/ayore.org\/wp-content\/uploads\/2018\/10\/left-arrow.png\" width=\"50\" height=\"48\" alt=\"left arrow\"><\/a><\/div><div class=\"alignright\"><a href=\"https:\/\/ayore.org\/ayo\/culture\/teachings\/comai-dupade-uruode-jogadode-cuse-to-ome-ore\/\"title=\"Comai \u2013 Dupade Uruode jogadode cuse to ome ore\"><img loading=\"lazy\" decoding=\"async\" src=\"https:\/\/ayore.org\/wp-content\/uploads\/2018\/10\/right-arrow.png\" width=\"50\" height=\"48\" alt=\"right arrow\"><\/a><\/div>\n","protected":false},"excerpt":{"rendered":"<p>Dupade c\u00e3ra re ome yoque: Ujetiga uacu\u00f1\u00e9ngo changureta Dupade ga ca uacu\u00f1\u00e9ngo chaj\u00e9ngome Dupade to. Uje Dupade j\u00e9 que cho ayor\u00e9ode uyoque go, j\u00e9 que cho coj\u00f1one uguchar\u00e3\u0301tique go, j\u00e9 c\u00e3ra re ome yoque. Uacu\u00f1\u00e9ngo chejna raja Dupade to. Dupade<\/p>\n","protected":false},"author":5,"featured_media":0,"parent":719,"menu_order":0,"comment_status":"closed","ping_status":"closed","template":"","meta":{"footnotes":""},"class_list":["post-3804","page","type-page","status-publish","hentry"],"yoast_head":"<!-- This site is optimized with the Yoast SEO plugin v27.4 - https:\/\/yoast.com\/product\/yoast-seo-wordpress\/ -->\n<title>Chagaide \u2013 Ca uacu\u00f1\u00e9ngo chaj\u00e9ngome Dupade to &#8226; AYOR\u00c9.ORG<\/title>\n<meta name=\"robots\" content=\"index, follow, max-snippet:-1, max-image-preview:large, max-video-preview:-1\" \/>\n<link rel=\"canonical\" href=\"https:\/\/ayore.org\/ayo\/culture\/teachings\/chagaide-ca-uacunengo-chajengome-dupade-to\/\" \/>\n<meta property=\"og:locale\" content=\"en_US\" \/>\n<meta property=\"og:type\" content=\"article\" \/>\n<meta property=\"og:title\" content=\"Chagaide \u2013 Ca uacu\u00f1\u00e9ngo chaj\u00e9ngome Dupade to &#8226; AYOR\u00c9.ORG\" \/>\n<meta property=\"og:description\" content=\"Dupade c\u00e3ra re ome yoque: Ujetiga uacu\u00f1\u00e9ngo changureta Dupade ga ca uacu\u00f1\u00e9ngo chaj\u00e9ngome Dupade to. Uje Dupade j\u00e9 que cho ayor\u00e9ode uyoque go, j\u00e9 que cho coj\u00f1one uguchar\u00e3\u0301tique go, j\u00e9 c\u00e3ra re ome yoque. Uacu\u00f1\u00e9ngo chejna raja Dupade to. Dupade\" \/>\n<meta property=\"og:url\" content=\"https:\/\/ayore.org\/ayo\/culture\/teachings\/chagaide-ca-uacunengo-chajengome-dupade-to\/\" \/>\n<meta property=\"og:site_name\" content=\"AYOR\u00c9.ORG\" \/>\n<meta property=\"article:modified_time\" content=\"2019-05-17T01:42:21+00:00\" \/>\n<meta name=\"twitter:card\" content=\"summary_large_image\" \/>\n<meta name=\"twitter:label1\" content=\"Est. reading time\" \/>\n\t<meta name=\"twitter:data1\" content=\"2 minutes\" \/>\n<script type=\"application\/ld+json\" class=\"yoast-schema-graph\">{\"@context\":\"https:\\\/\\\/schema.org\",\"@graph\":[{\"@type\":\"WebPage\",\"@id\":\"https:\\\/\\\/ayore.org\\\/ayo\\\/culture\\\/teachings\\\/chagaide-ca-uacunengo-chajengome-dupade-to\\\/\",\"url\":\"https:\\\/\\\/ayore.org\\\/ayo\\\/culture\\\/teachings\\\/chagaide-ca-uacunengo-chajengome-dupade-to\\\/\",\"name\":\"Chagaide \u2013 Ca uacu\u00f1\u00e9ngo chaj\u00e9ngome Dupade to &#8226; AYOR\u00c9.ORG\",\"isPartOf\":{\"@id\":\"https:\\\/\\\/ayore.org\\\/#website\"},\"datePublished\":\"2019-05-17T01:42:20+00:00\",\"dateModified\":\"2019-05-17T01:42:21+00:00\",\"breadcrumb\":{\"@id\":\"https:\\\/\\\/ayore.org\\\/ayo\\\/culture\\\/teachings\\\/chagaide-ca-uacunengo-chajengome-dupade-to\\\/#breadcrumb\"},\"inLanguage\":\"ayo\",\"potentialAction\":[{\"@type\":\"ReadAction\",\"target\":[\"https:\\\/\\\/ayore.org\\\/ayo\\\/culture\\\/teachings\\\/chagaide-ca-uacunengo-chajengome-dupade-to\\\/\"]}]},{\"@type\":\"BreadcrumbList\",\"@id\":\"https:\\\/\\\/ayore.org\\\/ayo\\\/culture\\\/teachings\\\/chagaide-ca-uacunengo-chajengome-dupade-to\\\/#breadcrumb\",\"itemListElement\":[{\"@type\":\"ListItem\",\"position\":1,\"name\":\"Jogate bajai tu ude\u0301\",\"item\":\"https:\\\/\\\/ayore.org\\\/ayo\\\/\"},{\"@type\":\"ListItem\",\"position\":2,\"name\":\"Ayore\u0301ode adode, angurenone cucha ore\",\"item\":\"https:\\\/\\\/ayore.org\\\/ayo\\\/culture\\\/\"},{\"@type\":\"ListItem\",\"position\":3,\"name\":\"Ayore\u0301ode Acajnaque\u0301ode\",\"item\":\"https:\\\/\\\/ayore.org\\\/ayo\\\/culture\\\/teachings\\\/\"},{\"@type\":\"ListItem\",\"position\":4,\"name\":\"Chagaide \u2013 Ca uacu\u00f1\u00e9ngo chaj\u00e9ngome Dupade to\"}]},{\"@type\":\"WebSite\",\"@id\":\"https:\\\/\\\/ayore.org\\\/#website\",\"url\":\"https:\\\/\\\/ayore.org\\\/\",\"name\":\"AYOR\u00c9.ORG\",\"description\":\"Ayore\u0301ode Uruode, Adode, Jnani bajade ati\u0301go ore \",\"potentialAction\":[{\"@type\":\"SearchAction\",\"target\":{\"@type\":\"EntryPoint\",\"urlTemplate\":\"https:\\\/\\\/ayore.org\\\/?s={search_term_string}\"},\"query-input\":{\"@type\":\"PropertyValueSpecification\",\"valueRequired\":true,\"valueName\":\"search_term_string\"}}],\"inLanguage\":\"ayo\"}]}<\/script>\n<!-- \/ Yoast SEO plugin. -->","yoast_head_json":{"title":"Chagaide \u2013 Ca uacu\u00f1\u00e9ngo chaj\u00e9ngome Dupade to &#8226; AYOR\u00c9.ORG","robots":{"index":"index","follow":"follow","max-snippet":"max-snippet:-1","max-image-preview":"max-image-preview:large","max-video-preview":"max-video-preview:-1"},"canonical":"https:\/\/ayore.org\/ayo\/culture\/teachings\/chagaide-ca-uacunengo-chajengome-dupade-to\/","og_locale":"en_US","og_type":"article","og_title":"Chagaide \u2013 Ca uacu\u00f1\u00e9ngo chaj\u00e9ngome Dupade to &#8226; AYOR\u00c9.ORG","og_description":"Dupade c\u00e3ra re ome yoque: Ujetiga uacu\u00f1\u00e9ngo changureta Dupade ga ca uacu\u00f1\u00e9ngo chaj\u00e9ngome Dupade to. Uje Dupade j\u00e9 que cho ayor\u00e9ode uyoque go, j\u00e9 que cho coj\u00f1one uguchar\u00e3\u0301tique go, j\u00e9 c\u00e3ra re ome yoque. Uacu\u00f1\u00e9ngo chejna raja Dupade to. Dupade","og_url":"https:\/\/ayore.org\/ayo\/culture\/teachings\/chagaide-ca-uacunengo-chajengome-dupade-to\/","og_site_name":"AYOR\u00c9.ORG","article_modified_time":"2019-05-17T01:42:21+00:00","twitter_card":"summary_large_image","twitter_misc":{"Est. reading time":"2 minutes"},"schema":{"@context":"https:\/\/schema.org","@graph":[{"@type":"WebPage","@id":"https:\/\/ayore.org\/ayo\/culture\/teachings\/chagaide-ca-uacunengo-chajengome-dupade-to\/","url":"https:\/\/ayore.org\/ayo\/culture\/teachings\/chagaide-ca-uacunengo-chajengome-dupade-to\/","name":"Chagaide \u2013 Ca uacu\u00f1\u00e9ngo chaj\u00e9ngome Dupade to &#8226; AYOR\u00c9.ORG","isPartOf":{"@id":"https:\/\/ayore.org\/#website"},"datePublished":"2019-05-17T01:42:20+00:00","dateModified":"2019-05-17T01:42:21+00:00","breadcrumb":{"@id":"https:\/\/ayore.org\/ayo\/culture\/teachings\/chagaide-ca-uacunengo-chajengome-dupade-to\/#breadcrumb"},"inLanguage":"ayo","potentialAction":[{"@type":"ReadAction","target":["https:\/\/ayore.org\/ayo\/culture\/teachings\/chagaide-ca-uacunengo-chajengome-dupade-to\/"]}]},{"@type":"BreadcrumbList","@id":"https:\/\/ayore.org\/ayo\/culture\/teachings\/chagaide-ca-uacunengo-chajengome-dupade-to\/#breadcrumb","itemListElement":[{"@type":"ListItem","position":1,"name":"Jogate bajai tu ude\u0301","item":"https:\/\/ayore.org\/ayo\/"},{"@type":"ListItem","position":2,"name":"Ayore\u0301ode adode, angurenone cucha ore","item":"https:\/\/ayore.org\/ayo\/culture\/"},{"@type":"ListItem","position":3,"name":"Ayore\u0301ode Acajnaque\u0301ode","item":"https:\/\/ayore.org\/ayo\/culture\/teachings\/"},{"@type":"ListItem","position":4,"name":"Chagaide \u2013 Ca uacu\u00f1\u00e9ngo chaj\u00e9ngome Dupade to"}]},{"@type":"WebSite","@id":"https:\/\/ayore.org\/#website","url":"https:\/\/ayore.org\/","name":"AYOR\u00c9.ORG","description":"Ayore\u0301ode Uruode, Adode, Jnani bajade ati\u0301go ore ","potentialAction":[{"@type":"SearchAction","target":{"@type":"EntryPoint","urlTemplate":"https:\/\/ayore.org\/?s={search_term_string}"},"query-input":{"@type":"PropertyValueSpecification","valueRequired":true,"valueName":"search_term_string"}}],"inLanguage":"ayo"}]}},"_links":{"self":[{"href":"https:\/\/ayore.org\/ayo\/wp-json\/wp\/v2\/pages\/3804","targetHints":{"allow":["GET"]}}],"collection":[{"href":"https:\/\/ayore.org\/ayo\/wp-json\/wp\/v2\/pages"}],"about":[{"href":"https:\/\/ayore.org\/ayo\/wp-json\/wp\/v2\/types\/page"}],"author":[{"embeddable":true,"href":"https:\/\/ayore.org\/ayo\/wp-json\/wp\/v2\/users\/5"}],"replies":[{"embeddable":true,"href":"https:\/\/ayore.org\/ayo\/wp-json\/wp\/v2\/comments?post=3804"}],"version-history":[{"count":1,"href":"https:\/\/ayore.org\/ayo\/wp-json\/wp\/v2\/pages\/3804\/revisions"}],"predecessor-version":[{"id":3805,"href":"https:\/\/ayore.org\/ayo\/wp-json\/wp\/v2\/pages\/3804\/revisions\/3805"}],"up":[{"embeddable":true,"href":"https:\/\/ayore.org\/ayo\/wp-json\/wp\/v2\/pages\/719"}],"wp:attachment":[{"href":"https:\/\/ayore.org\/ayo\/wp-json\/wp\/v2\/media?parent=3804"}],"curies":[{"name":"wp","href":"https:\/\/api.w.org\/{rel}","templated":true}]}}