{"id":3781,"date":"2019-05-15T00:32:42","date_gmt":"2019-05-15T00:32:42","guid":{"rendered":"https:\/\/ayore.org\/?page_id=3781"},"modified":"2019-05-15T00:32:43","modified_gmt":"2019-05-15T00:32:43","slug":"jomone-que-yimongo-cojn%cc%83otique-aorique","status":"publish","type":"page","link":"https:\/\/ayore.org\/ayo\/culture\/teachings\/jomone-que-yimongo-cojn%cc%83otique-aorique\/","title":{"rendered":"Jomone \u2013 Que yimo\u0301ngo cojn\u0303otique ao\u0301rique"},"content":{"rendered":"\n<p><strong><em>Cinco\nmision\u00e9rone chucu\u00e9 ayor\u00e9ode nanique:<\/em><\/strong><\/p>\n\n\n\n<p>Chi cinco\nmision\u00e9rone ore chise Bolivia nanique iji taningap\u00edsode uje c\u00e1ma ayor\u00e9rique\nyim\u00f3ngo coj\u00f1otique gotic. Que yim\u00f3ngo coj\u00f1one ore a\u00f3rique. Mu edugu\u00e9jnane\nbajade ore chudute ayor\u00e9ode ore ujnomei enga chi ore d\u00e9ji er\u00e1mi. Ga uje ore\nchos\u00f5ripis ore ome cuchade uje, anire, coj\u00f1one ore jocaningane ga chi ore\nchojninga: \u201cGa yico, ga yico, ga, anire, yucuegoi ayor\u00e9ode jne.\u201d<\/p>\n\n\n\n<p>Mu que ore\n\u00e1yipieraque d\u00e9ji uje ayor\u00e9ode sijnanguipise ome ore, coj\u00f1one ore jnese iji\ner\u00e1mi. Mu chi ore jno ga ore chudute ayor\u00e9ode ujnomei iji Santiago, Santi\u00e1go de\nChiquitos. Uje ore t\u1e4draji ome, ayor\u00e9ode ore t\u1e4draji ome, anire,\ndajocaningai. Uje ore chise coj\u00f1one udore ore uje ore chucu\u00e9 ayor\u00e9ode ore enga\nore jno ga ore chise dedai. Mu chi coj\u00f1one ore, udore mision\u00e9rone, ore chucu\u00e9\nore. Misionerone bajaguip\u00edsode u ore iji er\u00e1mi.<\/p>\n\n\n\n<p><strong><em>Y\u00f3rango\ny\u00f3gome uje ud\u00faco cinco misionerone ore ujnom\u00e9one:<\/em><\/strong> <\/p>\n\n\n\n<p>Diyajmanguip\u00edso\nudojo uje uduco ore ujnom\u00e9one to. Uje que ayor\u00e9rique yoc\u00e1yipieraque d\u00e9ji\nnanique ujetiga cojnotique paraque ome ayor\u00e9rique uyoque. Mu y\u00f3rango y\u00f3gome uje\nud\u00faco ore ujnom\u00e9one to.<\/p>\n\n\n\n<p>&nbsp;Uje \u00f5socacade u ore ome ayor\u00e9ode uyoque ga\nchi, chi mision\u00e9rone ore jno ome, anire, dacuegode ayor\u00e9o. Ga chi ore chise ore\nadode ayor\u00e9o. Ore chise ayor\u00e9ode adode, ga que ore \u00e1yipieraque d\u00e9ji ujetiga ore\nchuj\u00e9 ore jne. Ore \u00e1yipie gaidi up\u00fasu Dupade ujetiga Dupade chiqueta ore iji,\nanire, ore uniri ut\u00e9.<\/p>\n\n\n\n<p>Ore jno ga\nuguchar\u00e3que ore. Que ore chojningame dacotedie, chi ca ore chojningame: \u201cA qu\u00e9\nyiriapo jne dirome r\u0129.\u201d Ore \u00e1yipie gaidi u ujetiga ore chise dacuegode\nayor\u00e9ode ore uyoque gu. Enga\nore chise ore jne jeta ore chingome ore ome Jesute to. Uje Ayor\u00e9ode ore,\nyiraj\u00e1go iji dirode udojo uje edugu\u00e9jnane chubu er\u00e1mone gu, anire, uje ore\nchos\u00f5re yoque ome yoquisijnaringu\u00e9one iji ud\u00e9 yocuniri.<\/p>\n\n\n\n<p><strong><em>Cinco misionerone ore chise ore\nid\u00e1nique nanique:<\/em><\/strong><\/p>\n\n\n\n<p>Ga, chi\nudore, cinco mision\u00e9rone ga ore chise ayor\u00e9ode iji idaidatei. Chi ore\nedugu\u00e9jnarique j\u00e9 charanguirase ore,&nbsp; mu\nj\u00e9 que piminingate uje chojm\u00e1ra, ga ujn\u00e1jnane u udore uje que ore narare\nmision\u00e9ro ore gai to. Ga, chi chise amiri diri uje ore di jne, edugu\u00e9jnane ore,\nga chi ore edugu\u00e9jnane udore ayor\u00e9, chajningare, anire u, mision\u00e9rone ore iji\nore garani, ujeta chicho ore ome doj\u00f3die. Ga u\u00f1eque chi chicho ore bajaque. Que\nore \u00e1yipi\u00e9raque d\u00e9ji ujetiga udore, anire<em>,\ngr\u00edngone<\/em>, uje cinco mision\u00e9rone ore chiqueta ore dirome, anire, ome coj\u00f1one\nore jocaning\u00e1rique.<\/p>\n\n\n\n<p>Chi ore\nipotig\u00e1di u ujetiga ore edugu\u00e9jnai, an\u00ednique u, ayor\u00e9 jeta chuj\u00e9 coj\u00f1ot\u00edgo. Mu\nque coj\u00f1one isocai tu gotic. Coj\u00f1one ore ipotig\u00e1di u ujetiga paraque\nayor\u00e9rique. Chi j\u00e9 u uje \u00e1yipie u ome enga ore chis\u00ed gai ome, aniri, dacotaquei\nome an\u00ednique u, uring\u00e1rique uerate. Jeoga canirac. Jeoga, anire, os\u00f5caca ome\ndoj\u00f3rigo ayor\u00e9 ujetiga chub\u00fachu ore iji ore ejnar\u00e9tigo. Mu que coj\u00f1one or\u00e1yipie\nu ayor\u00e9ode \u00e1yipie to go. <\/p>\n\n\n\n<p>Jecute\nyiraj\u00e1go uje ayor\u00e9ode yiraj\u00e1gopo r\u0129 uje que qu\u00e9 cuch\u00e1rique bisideque iji\ner\u00e1mi. Ga yiraj\u00e1go to uje gusu Jesus uje chos\u00f5re y\u00f3gome, anire,\nyoquejnar\u00e9ngone. A pota ga chiqueta yoque. Je pota ga chuj\u00e9 yoque. Ga yiraj\u00e1go\nuje udore <em>cinco mision\u00e9rone<\/em> &nbsp;toi iji ayor\u00e9ode jmainie, mu Dupade e chiraja\nore cachodi uje c\u00e1ma tocade.<\/p>\n\n\n\n<p><strong><em>Que ayor\u00e9ode\nyiraj\u00e1go gotique nanique uje uerate cinco misionerone \u00e1yipiedie:<\/em><\/strong><\/p>\n\n\n\n<p>Chi udore ore\nos\u00f5raquei u j\u00f3roque, aniri, <em>gr\u00edngone <\/em>ore,\nore ipotig\u00e1di u ujetiga yicagoi Dupade idai to jne. Mu que ayor\u00e9ode yiraj\u00e1go\ngotic. Enga que yir\u00e3r\u00e1co ore gai gotique nanique iji ore diringai. Ga chi ore\nchuj\u00e9 ore. Ore chas\u1ebdra ore ug\u00fachade. Mu j\u00e9 areque, chi ore chij\u00f3chame ore.<\/p>\n\n\n\n<p><strong><em>Chi coj\u00f1one\niji Santi\u00e1go p\u00e9su d\u00e1yipiedie ujetiga ore chucu\u00e9 cinco misionerone:<\/em><\/strong><\/p>\n\n\n\n<p>Chi diri\nu\u00f1ane enga orujode coj\u00f1one iji Santi\u00e1go chi chudute ore ujnomei. Ga ore\nedugu\u00e9jnai iji Santiago&nbsp; chi, chojninga:\n\u201cBoyo yico. Yucuegoi, an\u00edrone u, edugu\u00e9jna casode. Ayor\u00e9ode a chijna ore.\u201d <\/p>\n\n\n\n<p>Chi ore\nchucu\u00e9 ore, mu que ore chise ore go. Ore chise, an\u00edrone, oidode <em>foto<\/em> carubode iji jnumone. Enga ore\nchiraja gu udojo uje chi ore chejna ore, mu ore chij\u00f3chame ore. U ayorep\u00edsode\nore chij\u00f3chame degode ore uje ore p\u00f3gu ore iji ore idai ut\u00e9.<\/p>\n\n\n\n<p><strong><em>Quigade enga yiraj\u00e1go uje cinco\nmisionerone chos\u00f5re yoque:<\/em><\/strong><\/p>\n\n\n\n<p>Mu, chi chise\ndirode udojo uje yiraj\u00e1go uje ore chejna ore nanique. <\/p>\n\n\n\n<p>Yocos\u00f5ras\u00f3rone u\nmision\u00e9ro udore. Uje ore chos\u00f5re yogome yoquisijnaringu\u00e9one iji an\u00edri\nyocucu\u00e9caringuei to iji dirode udojo gajner\u0129. Ga j\u00e9\nyiraj\u00e1go to uje yocos\u00f5ras\u00f3nique d\u00e9ji si\u00f1eque ga Dupade u uje chos\u00f5re yoque. Ga\njec u uje d\u00e9ji coj\u00f1one ore to uje u\u00f1engo chos\u00f5re yoque. Jeoga coj\u00f1oque atade u.\nJeoga coj\u00f1oque gajnareque maringa, j\u00e9 chos\u00f5re yoque to. Uje j\u00e9 jogadi j\u00e9 u uje\nchojm\u00e1ra gu ore \u00e1yipie qui. Uje j\u00e9 ore chos\u00f5re yoque to.<\/p>\n\n\n\n<p>Ga j\u00e9 gajnui\nto gajner\u0129 uje Jesuse chos\u00f5re y\u00f3guiji dar\u00edring\u00e1rique ujeta \u00e1yipie d\u00e9ji yoque.\nUjeta chos\u00f5ripise yoque. Enga j\u00e9 \u0169repise uyu uje que yocos\u00f5ras\u00f3nique un\u00e1jna\ngotique iji er\u00e1mi udojo. Ga, j\u00e9 \u0169repise yu ome, anire, udojo jnanione ayor\u00e9ode\nyocadode. Uje que an\u00ednique un\u00e1jna gotic ujeta ore, yos\u00f5co \u00f1ane.<\/p>\n\n\n\n<p>Mu gusu\nJesuse u. Acajnaqu\u00e9ode an\u00edrone quigode u uje yocos\u00f5cacai, yocos\u00f5cas\u1e4dri\nchojm\u00e1ra. <\/p>\n\n\n\n<p><strong><em>Coj\u00f1one\nisagu\u00e9 yocurasa nanique uje i tu Gutodat\u00e9:<\/em><\/strong><\/p>\n\n\n\n<p>Ga j\u00e9 \u0169r\u00e9 yu gajner\u0129 uje ud\u00facopo to r\u0129 uje chi u <em>Gutodat\u00e9<\/em> iji udojo iji taningane. Ga chi ore isagu\u00e9 nanique. Cho j\u00f3roque ore quic udore, anire, mision\u00e9rone ome ayor\u00e9ode uruode. Que toc ujetiga ore catec\u00e3ri \u00f1ane. Uje que ore chiraja \u00f1ane ur\u00farique gotique gu. Mu yocacaranguipise ome iji dirode udojo uje ayor\u00e9ode, coj\u00f1one ore yiraj\u00e1go \u00f1ane uruode iji er\u00e1mi \u00fadode jnese. Ga udore mision\u00e9rone ore chiraja yocuruode. Jeoga coj\u00f1oque gajnareque mu, chiraja yocuruode ga j\u00e9 ueradip\u00edse ujetiga yicatec\u00e3coi u\u00f1ane iji jnumi jnese.<\/p>\n\n\n\n<p>Uje yiraj\u00e1go\ngu uje quigode cuse. Quigode u uje, ujetiga yip\u00f3tago puru u\u00f1eque ga yang\u00e1coi.\nGa j\u00e9 u uje, an\u00edri, yiraj\u00e1go uje pacajnaqu\u00e9ode d\u00e9ji gu. Enga j\u00e9 areguipise iji\ndirode udojo gajner\u0129 uje yiraj\u00e1go uje yac\u00e1go aja \u00f1ane aj\u00e9ode gu, coj\u00f1one,\nayor\u00e9ode ore uy\u00f3guiji er\u00e1mi jnese iji dirode udojo gajner\u0129.<\/p>\n\n\n\n<p>Ga j\u00e9 \u0169r\u00e9pise uyu uje cuchade a qu\u00e9 id\u00e1ja, mu Dupade e chiraja iji yoc\u00e1yipiedie. Chiraja yoquisijnaringu\u00e9one. Jeoga chiraja ujeta j\u00e9 aregue yoc\u00e1yipierigui ome, ome Ujnacari. Uje que id\u00e1ja gotique gu. D\u00e9ji yoquejode iji er\u00e1mi jnese.&nbsp;&nbsp; Eruei u.<\/p>\n\n\n\n<p><strong>Clave:<\/strong><br>Dupade &#8211; Dios <\/p>\n\n\n\n<p><em>Jomon\u00e9 \u2013 Puesto Paz, Bolivia \u2013 1960.<\/em><br><em>Faith Wyma chur\u00fas\u00e3re Jomon\u00e9 atatagode udojo nanique.<\/em><\/p>\n\n\n<div class=\"navigation\"><div class=\"alignleft\"><a href=\"https:\/\/ayore.org\/ayo\/culture\/teachings\/ecarai-davide-je-u%cc%83re-dupade-ome-daruode\/\"title=\"Ecarai (Davide\u0301) \u2013 Je\u0301 u\u0303re\u0301 Dupade ome daruode\"><img loading=\"lazy\" decoding=\"async\" src=\"https:\/\/ayore.org\/wp-content\/uploads\/2018\/10\/left-arrow.png\" width=\"50\" height=\"48\" alt=\"left arrow\"><\/a><\/div><div class=\"alignright\"><a href=\"https:\/\/ayore.org\/ayo\/culture\/teachings\/ecarai-davide-dupade-doi-yoquicatecaraitigade\/\"title=\"Ecarai (Davide\u0301) \u2013 Dupade doi yoquicatecar\u00e3itigade\"><img loading=\"lazy\" decoding=\"async\" src=\"https:\/\/ayore.org\/wp-content\/uploads\/2018\/10\/right-arrow.png\" width=\"50\" height=\"48\" alt=\"right arrow\"><\/a><\/div>\n","protected":false},"excerpt":{"rendered":"<p>Cinco mision\u00e9rone chucu\u00e9 ayor\u00e9ode nanique: Chi cinco mision\u00e9rone ore chise Bolivia nanique iji taningap\u00edsode uje c\u00e1ma ayor\u00e9rique yim\u00f3ngo coj\u00f1otique gotic. Que yim\u00f3ngo coj\u00f1one ore a\u00f3rique. Mu edugu\u00e9jnane bajade ore chudute ayor\u00e9ode ore ujnomei enga chi ore d\u00e9ji er\u00e1mi. Ga uje<\/p>\n","protected":false},"author":5,"featured_media":0,"parent":719,"menu_order":0,"comment_status":"closed","ping_status":"closed","template":"","meta":{"footnotes":""},"class_list":["post-3781","page","type-page","status-publish","hentry"],"yoast_head":"<!-- This site is optimized with the Yoast SEO plugin v27.4 - https:\/\/yoast.com\/product\/yoast-seo-wordpress\/ -->\n<title>Jomone \u2013 Que yimo\u0301ngo cojn\u0303otique ao\u0301rique &#8226; AYOR\u00c9.ORG<\/title>\n<meta name=\"robots\" content=\"index, follow, max-snippet:-1, max-image-preview:large, max-video-preview:-1\" \/>\n<link rel=\"canonical\" href=\"https:\/\/ayore.org\/ayo\/culture\/teachings\/jomone-que-yimongo-cojn\u0303otique-aorique\/\" \/>\n<meta property=\"og:locale\" content=\"en_US\" \/>\n<meta property=\"og:type\" content=\"article\" \/>\n<meta property=\"og:title\" content=\"Jomone \u2013 Que yimo\u0301ngo cojn\u0303otique ao\u0301rique &#8226; AYOR\u00c9.ORG\" \/>\n<meta property=\"og:description\" content=\"Cinco mision\u00e9rone chucu\u00e9 ayor\u00e9ode nanique: Chi cinco mision\u00e9rone ore chise Bolivia nanique iji taningap\u00edsode uje c\u00e1ma ayor\u00e9rique yim\u00f3ngo coj\u00f1otique gotic. Que yim\u00f3ngo coj\u00f1one ore a\u00f3rique. Mu edugu\u00e9jnane bajade ore chudute ayor\u00e9ode ore ujnomei enga chi ore d\u00e9ji er\u00e1mi. Ga uje\" \/>\n<meta property=\"og:url\" content=\"https:\/\/ayore.org\/ayo\/culture\/teachings\/jomone-que-yimongo-cojn\u0303otique-aorique\/\" \/>\n<meta property=\"og:site_name\" content=\"AYOR\u00c9.ORG\" \/>\n<meta property=\"article:modified_time\" content=\"2019-05-15T00:32:43+00:00\" \/>\n<meta name=\"twitter:card\" content=\"summary_large_image\" \/>\n<meta name=\"twitter:label1\" content=\"Est. reading time\" \/>\n\t<meta name=\"twitter:data1\" content=\"6 minutes\" \/>\n<script type=\"application\/ld+json\" class=\"yoast-schema-graph\">{\"@context\":\"https:\\\/\\\/schema.org\",\"@graph\":[{\"@type\":\"WebPage\",\"@id\":\"https:\\\/\\\/ayore.org\\\/ayo\\\/culture\\\/teachings\\\/jomone-que-yimongo-cojn%cc%83otique-aorique\\\/\",\"url\":\"https:\\\/\\\/ayore.org\\\/ayo\\\/culture\\\/teachings\\\/jomone-que-yimongo-cojn%cc%83otique-aorique\\\/\",\"name\":\"Jomone \u2013 Que yimo\u0301ngo cojn\u0303otique ao\u0301rique &#8226; AYOR\u00c9.ORG\",\"isPartOf\":{\"@id\":\"https:\\\/\\\/ayore.org\\\/#website\"},\"datePublished\":\"2019-05-15T00:32:42+00:00\",\"dateModified\":\"2019-05-15T00:32:43+00:00\",\"breadcrumb\":{\"@id\":\"https:\\\/\\\/ayore.org\\\/ayo\\\/culture\\\/teachings\\\/jomone-que-yimongo-cojn%cc%83otique-aorique\\\/#breadcrumb\"},\"inLanguage\":\"ayo\",\"potentialAction\":[{\"@type\":\"ReadAction\",\"target\":[\"https:\\\/\\\/ayore.org\\\/ayo\\\/culture\\\/teachings\\\/jomone-que-yimongo-cojn%cc%83otique-aorique\\\/\"]}]},{\"@type\":\"BreadcrumbList\",\"@id\":\"https:\\\/\\\/ayore.org\\\/ayo\\\/culture\\\/teachings\\\/jomone-que-yimongo-cojn%cc%83otique-aorique\\\/#breadcrumb\",\"itemListElement\":[{\"@type\":\"ListItem\",\"position\":1,\"name\":\"Jogate bajai tu ude\u0301\",\"item\":\"https:\\\/\\\/ayore.org\\\/ayo\\\/\"},{\"@type\":\"ListItem\",\"position\":2,\"name\":\"Ayore\u0301ode adode, angurenone cucha ore\",\"item\":\"https:\\\/\\\/ayore.org\\\/ayo\\\/culture\\\/\"},{\"@type\":\"ListItem\",\"position\":3,\"name\":\"Ayore\u0301ode Acajnaque\u0301ode\",\"item\":\"https:\\\/\\\/ayore.org\\\/ayo\\\/culture\\\/teachings\\\/\"},{\"@type\":\"ListItem\",\"position\":4,\"name\":\"Jomone \u2013 Que yimo\u0301ngo cojn\u0303otique ao\u0301rique\"}]},{\"@type\":\"WebSite\",\"@id\":\"https:\\\/\\\/ayore.org\\\/#website\",\"url\":\"https:\\\/\\\/ayore.org\\\/\",\"name\":\"AYOR\u00c9.ORG\",\"description\":\"Ayore\u0301ode Uruode, Adode, Jnani bajade ati\u0301go ore \",\"potentialAction\":[{\"@type\":\"SearchAction\",\"target\":{\"@type\":\"EntryPoint\",\"urlTemplate\":\"https:\\\/\\\/ayore.org\\\/?s={search_term_string}\"},\"query-input\":{\"@type\":\"PropertyValueSpecification\",\"valueRequired\":true,\"valueName\":\"search_term_string\"}}],\"inLanguage\":\"ayo\"}]}<\/script>\n<!-- \/ Yoast SEO plugin. -->","yoast_head_json":{"title":"Jomone \u2013 Que yimo\u0301ngo cojn\u0303otique ao\u0301rique &#8226; AYOR\u00c9.ORG","robots":{"index":"index","follow":"follow","max-snippet":"max-snippet:-1","max-image-preview":"max-image-preview:large","max-video-preview":"max-video-preview:-1"},"canonical":"https:\/\/ayore.org\/ayo\/culture\/teachings\/jomone-que-yimongo-cojn\u0303otique-aorique\/","og_locale":"en_US","og_type":"article","og_title":"Jomone \u2013 Que yimo\u0301ngo cojn\u0303otique ao\u0301rique &#8226; AYOR\u00c9.ORG","og_description":"Cinco mision\u00e9rone chucu\u00e9 ayor\u00e9ode nanique: Chi cinco mision\u00e9rone ore chise Bolivia nanique iji taningap\u00edsode uje c\u00e1ma ayor\u00e9rique yim\u00f3ngo coj\u00f1otique gotic. Que yim\u00f3ngo coj\u00f1one ore a\u00f3rique. Mu edugu\u00e9jnane bajade ore chudute ayor\u00e9ode ore ujnomei enga chi ore d\u00e9ji er\u00e1mi. Ga uje","og_url":"https:\/\/ayore.org\/ayo\/culture\/teachings\/jomone-que-yimongo-cojn\u0303otique-aorique\/","og_site_name":"AYOR\u00c9.ORG","article_modified_time":"2019-05-15T00:32:43+00:00","twitter_card":"summary_large_image","twitter_misc":{"Est. reading time":"6 minutes"},"schema":{"@context":"https:\/\/schema.org","@graph":[{"@type":"WebPage","@id":"https:\/\/ayore.org\/ayo\/culture\/teachings\/jomone-que-yimongo-cojn%cc%83otique-aorique\/","url":"https:\/\/ayore.org\/ayo\/culture\/teachings\/jomone-que-yimongo-cojn%cc%83otique-aorique\/","name":"Jomone \u2013 Que yimo\u0301ngo cojn\u0303otique ao\u0301rique &#8226; AYOR\u00c9.ORG","isPartOf":{"@id":"https:\/\/ayore.org\/#website"},"datePublished":"2019-05-15T00:32:42+00:00","dateModified":"2019-05-15T00:32:43+00:00","breadcrumb":{"@id":"https:\/\/ayore.org\/ayo\/culture\/teachings\/jomone-que-yimongo-cojn%cc%83otique-aorique\/#breadcrumb"},"inLanguage":"ayo","potentialAction":[{"@type":"ReadAction","target":["https:\/\/ayore.org\/ayo\/culture\/teachings\/jomone-que-yimongo-cojn%cc%83otique-aorique\/"]}]},{"@type":"BreadcrumbList","@id":"https:\/\/ayore.org\/ayo\/culture\/teachings\/jomone-que-yimongo-cojn%cc%83otique-aorique\/#breadcrumb","itemListElement":[{"@type":"ListItem","position":1,"name":"Jogate bajai tu ude\u0301","item":"https:\/\/ayore.org\/ayo\/"},{"@type":"ListItem","position":2,"name":"Ayore\u0301ode adode, angurenone cucha ore","item":"https:\/\/ayore.org\/ayo\/culture\/"},{"@type":"ListItem","position":3,"name":"Ayore\u0301ode Acajnaque\u0301ode","item":"https:\/\/ayore.org\/ayo\/culture\/teachings\/"},{"@type":"ListItem","position":4,"name":"Jomone \u2013 Que yimo\u0301ngo cojn\u0303otique ao\u0301rique"}]},{"@type":"WebSite","@id":"https:\/\/ayore.org\/#website","url":"https:\/\/ayore.org\/","name":"AYOR\u00c9.ORG","description":"Ayore\u0301ode Uruode, Adode, Jnani bajade ati\u0301go ore ","potentialAction":[{"@type":"SearchAction","target":{"@type":"EntryPoint","urlTemplate":"https:\/\/ayore.org\/?s={search_term_string}"},"query-input":{"@type":"PropertyValueSpecification","valueRequired":true,"valueName":"search_term_string"}}],"inLanguage":"ayo"}]}},"_links":{"self":[{"href":"https:\/\/ayore.org\/ayo\/wp-json\/wp\/v2\/pages\/3781","targetHints":{"allow":["GET"]}}],"collection":[{"href":"https:\/\/ayore.org\/ayo\/wp-json\/wp\/v2\/pages"}],"about":[{"href":"https:\/\/ayore.org\/ayo\/wp-json\/wp\/v2\/types\/page"}],"author":[{"embeddable":true,"href":"https:\/\/ayore.org\/ayo\/wp-json\/wp\/v2\/users\/5"}],"replies":[{"embeddable":true,"href":"https:\/\/ayore.org\/ayo\/wp-json\/wp\/v2\/comments?post=3781"}],"version-history":[{"count":2,"href":"https:\/\/ayore.org\/ayo\/wp-json\/wp\/v2\/pages\/3781\/revisions"}],"predecessor-version":[{"id":3783,"href":"https:\/\/ayore.org\/ayo\/wp-json\/wp\/v2\/pages\/3781\/revisions\/3783"}],"up":[{"embeddable":true,"href":"https:\/\/ayore.org\/ayo\/wp-json\/wp\/v2\/pages\/719"}],"wp:attachment":[{"href":"https:\/\/ayore.org\/ayo\/wp-json\/wp\/v2\/media?parent=3781"}],"curies":[{"name":"wp","href":"https:\/\/api.w.org\/{rel}","templated":true}]}}