{"id":3774,"date":"2019-05-14T18:10:42","date_gmt":"2019-05-14T18:10:42","guid":{"rendered":"https:\/\/ayore.org\/?page_id=3774"},"modified":"2019-05-14T18:10:44","modified_gmt":"2019-05-14T18:10:44","slug":"cajoide-pajnaminone-pachiapidode-ore-chache%cc%83re-n%cc%83ane","status":"publish","type":"page","link":"https:\/\/ayore.org\/ayo\/culture\/games\/cajoide-pajnaminone-pachiapidode-ore-chache%cc%83re-n%cc%83ane\/","title":{"rendered":"Cajoide \u2013 Paj\u00f1aminone (Pachiapi\u0301dode \u2013 Ore chache\u0303re n\u0303ane)"},"content":{"rendered":"\n<p><strong><em>Pachiap\u00eddode:<\/em><\/strong><br>\u201cAbas\u00f3ja aj\u00e3\u0301ro ga yicoi \u2018pachiap\u00eddi.\u201d<\/p>\n\n\n\n<p>&nbsp; \u201cYocach\u00e1idode j\u00e9\npijoque.\u201d<\/p>\n\n\n\n<p>&nbsp;\u201c\u00a1E chijna!\u201d <\/p>\n\n\n\n<p>Ore chisi ome ore ug\u00fachade ome ore: enu\u00e9one, duch\u00fabiedie,\npaode.<\/p>\n\n\n\n<p>\u201c\u00a1Ba cas\u00e9 de daque ja!\u201d<\/p>\n\n\n\n<p><em>Cajoide \u2013 Campo Loro, Paraguay \u2013 11 de octubre de 1985<\/em><br><em>Marina de Morarie chur\u00fas\u00e3re Cajoide atatagode udojo nanique<\/em><\/p>\n\n\n<div class=\"navigation\"><div class=\"alignleft\"><a href=\"https:\/\/ayore.org\/ayo\/culture\/games\/cajoide-piquiedie\/\"title=\"Cajoide &#8211; Piqui\u00e9die\"><img loading=\"lazy\" decoding=\"async\" src=\"https:\/\/ayore.org\/wp-content\/uploads\/2018\/10\/left-arrow.png\" width=\"50\" height=\"48\" alt=\"left arrow\"><\/a><\/div><div class=\"alignright\"><a href=\"https:\/\/ayore.org\/ayo\/culture\/medicine\/\"title=\"Ayore\u0301ode Bisidode Cucha\"><img loading=\"lazy\" decoding=\"async\" src=\"https:\/\/ayore.org\/wp-content\/uploads\/2018\/10\/right-arrow.png\" width=\"50\" height=\"48\" alt=\"right arrow\"><\/a><\/div>\n","protected":false},"excerpt":{"rendered":"<p>Pachiap\u00eddode:\u201cAbas\u00f3ja aj\u00e3\u0301ro ga yicoi \u2018pachiap\u00eddi.\u201d &nbsp; \u201cYocach\u00e1idode j\u00e9 pijoque.\u201d &nbsp;\u201c\u00a1E chijna!\u201d Ore chisi ome ore ug\u00fachade ome ore: enu\u00e9one, duch\u00fabiedie, paode. \u201c\u00a1Ba cas\u00e9 de daque ja!\u201d Cajoide \u2013 Campo Loro, Paraguay \u2013 11 de octubre de 1985Marina de Morarie chur\u00fas\u00e3re<\/p>\n","protected":false},"author":5,"featured_media":0,"parent":709,"menu_order":0,"comment_status":"closed","ping_status":"closed","template":"","meta":{"footnotes":""},"class_list":["post-3774","page","type-page","status-publish","hentry"],"yoast_head":"<!-- This site is optimized with the Yoast SEO plugin v27.4 - https:\/\/yoast.com\/product\/yoast-seo-wordpress\/ -->\n<title>Cajoide \u2013 Paj\u00f1aminone (Pachiapi\u0301dode \u2013 Ore chache\u0303re n\u0303ane) &#8226; AYOR\u00c9.ORG<\/title>\n<meta name=\"robots\" content=\"index, follow, max-snippet:-1, max-image-preview:large, max-video-preview:-1\" \/>\n<link rel=\"canonical\" href=\"https:\/\/ayore.org\/ayo\/culture\/games\/cajoide-pajnaminone-pachiapidode-ore-chache\u0303re-n\u0303ane\/\" \/>\n<meta property=\"og:locale\" content=\"en_US\" \/>\n<meta property=\"og:type\" content=\"article\" \/>\n<meta property=\"og:title\" content=\"Cajoide \u2013 Paj\u00f1aminone (Pachiapi\u0301dode \u2013 Ore chache\u0303re n\u0303ane) &#8226; AYOR\u00c9.ORG\" \/>\n<meta property=\"og:description\" content=\"Pachiap\u00eddode:\u201cAbas\u00f3ja aj\u00e3\u0301ro ga yicoi \u2018pachiap\u00eddi.\u201d &nbsp; \u201cYocach\u00e1idode j\u00e9 pijoque.\u201d &nbsp;\u201c\u00a1E chijna!\u201d Ore chisi ome ore ug\u00fachade ome ore: enu\u00e9one, duch\u00fabiedie, paode. \u201c\u00a1Ba cas\u00e9 de daque ja!\u201d Cajoide \u2013 Campo Loro, Paraguay \u2013 11 de octubre de 1985Marina de Morarie chur\u00fas\u00e3re\" \/>\n<meta property=\"og:url\" content=\"https:\/\/ayore.org\/ayo\/culture\/games\/cajoide-pajnaminone-pachiapidode-ore-chache\u0303re-n\u0303ane\/\" \/>\n<meta property=\"og:site_name\" content=\"AYOR\u00c9.ORG\" \/>\n<meta property=\"article:modified_time\" content=\"2019-05-14T18:10:44+00:00\" \/>\n<meta name=\"twitter:card\" content=\"summary_large_image\" \/>\n<script type=\"application\/ld+json\" class=\"yoast-schema-graph\">{\"@context\":\"https:\\\/\\\/schema.org\",\"@graph\":[{\"@type\":\"WebPage\",\"@id\":\"https:\\\/\\\/ayore.org\\\/ayo\\\/culture\\\/games\\\/cajoide-pajnaminone-pachiapidode-ore-chache%cc%83re-n%cc%83ane\\\/\",\"url\":\"https:\\\/\\\/ayore.org\\\/ayo\\\/culture\\\/games\\\/cajoide-pajnaminone-pachiapidode-ore-chache%cc%83re-n%cc%83ane\\\/\",\"name\":\"Cajoide \u2013 Paj\u00f1aminone (Pachiapi\u0301dode \u2013 Ore chache\u0303re n\u0303ane) &#8226; AYOR\u00c9.ORG\",\"isPartOf\":{\"@id\":\"https:\\\/\\\/ayore.org\\\/#website\"},\"datePublished\":\"2019-05-14T18:10:42+00:00\",\"dateModified\":\"2019-05-14T18:10:44+00:00\",\"breadcrumb\":{\"@id\":\"https:\\\/\\\/ayore.org\\\/ayo\\\/culture\\\/games\\\/cajoide-pajnaminone-pachiapidode-ore-chache%cc%83re-n%cc%83ane\\\/#breadcrumb\"},\"inLanguage\":\"ayo\",\"potentialAction\":[{\"@type\":\"ReadAction\",\"target\":[\"https:\\\/\\\/ayore.org\\\/ayo\\\/culture\\\/games\\\/cajoide-pajnaminone-pachiapidode-ore-chache%cc%83re-n%cc%83ane\\\/\"]}]},{\"@type\":\"BreadcrumbList\",\"@id\":\"https:\\\/\\\/ayore.org\\\/ayo\\\/culture\\\/games\\\/cajoide-pajnaminone-pachiapidode-ore-chache%cc%83re-n%cc%83ane\\\/#breadcrumb\",\"itemListElement\":[{\"@type\":\"ListItem\",\"position\":1,\"name\":\"Jogate bajai tu ude\u0301\",\"item\":\"https:\\\/\\\/ayore.org\\\/ayo\\\/\"},{\"@type\":\"ListItem\",\"position\":2,\"name\":\"Ayore\u0301ode adode, angurenone cucha ore\",\"item\":\"https:\\\/\\\/ayore.org\\\/ayo\\\/culture\\\/\"},{\"@type\":\"ListItem\",\"position\":3,\"name\":\"Pajn\u0303aminone Ayore\u0301ode\",\"item\":\"https:\\\/\\\/ayore.org\\\/ayo\\\/culture\\\/games\\\/\"},{\"@type\":\"ListItem\",\"position\":4,\"name\":\"Cajoide \u2013 Paj\u00f1aminone (Pachiapi\u0301dode \u2013 Ore chache\u0303re n\u0303ane)\"}]},{\"@type\":\"WebSite\",\"@id\":\"https:\\\/\\\/ayore.org\\\/#website\",\"url\":\"https:\\\/\\\/ayore.org\\\/\",\"name\":\"AYOR\u00c9.ORG\",\"description\":\"Ayore\u0301ode Uruode, Adode, Jnani bajade ati\u0301go ore \",\"potentialAction\":[{\"@type\":\"SearchAction\",\"target\":{\"@type\":\"EntryPoint\",\"urlTemplate\":\"https:\\\/\\\/ayore.org\\\/?s={search_term_string}\"},\"query-input\":{\"@type\":\"PropertyValueSpecification\",\"valueRequired\":true,\"valueName\":\"search_term_string\"}}],\"inLanguage\":\"ayo\"}]}<\/script>\n<!-- \/ Yoast SEO plugin. -->","yoast_head_json":{"title":"Cajoide \u2013 Paj\u00f1aminone (Pachiapi\u0301dode \u2013 Ore chache\u0303re n\u0303ane) &#8226; AYOR\u00c9.ORG","robots":{"index":"index","follow":"follow","max-snippet":"max-snippet:-1","max-image-preview":"max-image-preview:large","max-video-preview":"max-video-preview:-1"},"canonical":"https:\/\/ayore.org\/ayo\/culture\/games\/cajoide-pajnaminone-pachiapidode-ore-chache\u0303re-n\u0303ane\/","og_locale":"en_US","og_type":"article","og_title":"Cajoide \u2013 Paj\u00f1aminone (Pachiapi\u0301dode \u2013 Ore chache\u0303re n\u0303ane) &#8226; AYOR\u00c9.ORG","og_description":"Pachiap\u00eddode:\u201cAbas\u00f3ja aj\u00e3\u0301ro ga yicoi \u2018pachiap\u00eddi.\u201d &nbsp; \u201cYocach\u00e1idode j\u00e9 pijoque.\u201d &nbsp;\u201c\u00a1E chijna!\u201d Ore chisi ome ore ug\u00fachade ome ore: enu\u00e9one, duch\u00fabiedie, paode. \u201c\u00a1Ba cas\u00e9 de daque ja!\u201d Cajoide \u2013 Campo Loro, Paraguay \u2013 11 de octubre de 1985Marina de Morarie chur\u00fas\u00e3re","og_url":"https:\/\/ayore.org\/ayo\/culture\/games\/cajoide-pajnaminone-pachiapidode-ore-chache\u0303re-n\u0303ane\/","og_site_name":"AYOR\u00c9.ORG","article_modified_time":"2019-05-14T18:10:44+00:00","twitter_card":"summary_large_image","schema":{"@context":"https:\/\/schema.org","@graph":[{"@type":"WebPage","@id":"https:\/\/ayore.org\/ayo\/culture\/games\/cajoide-pajnaminone-pachiapidode-ore-chache%cc%83re-n%cc%83ane\/","url":"https:\/\/ayore.org\/ayo\/culture\/games\/cajoide-pajnaminone-pachiapidode-ore-chache%cc%83re-n%cc%83ane\/","name":"Cajoide \u2013 Paj\u00f1aminone (Pachiapi\u0301dode \u2013 Ore chache\u0303re n\u0303ane) &#8226; AYOR\u00c9.ORG","isPartOf":{"@id":"https:\/\/ayore.org\/#website"},"datePublished":"2019-05-14T18:10:42+00:00","dateModified":"2019-05-14T18:10:44+00:00","breadcrumb":{"@id":"https:\/\/ayore.org\/ayo\/culture\/games\/cajoide-pajnaminone-pachiapidode-ore-chache%cc%83re-n%cc%83ane\/#breadcrumb"},"inLanguage":"ayo","potentialAction":[{"@type":"ReadAction","target":["https:\/\/ayore.org\/ayo\/culture\/games\/cajoide-pajnaminone-pachiapidode-ore-chache%cc%83re-n%cc%83ane\/"]}]},{"@type":"BreadcrumbList","@id":"https:\/\/ayore.org\/ayo\/culture\/games\/cajoide-pajnaminone-pachiapidode-ore-chache%cc%83re-n%cc%83ane\/#breadcrumb","itemListElement":[{"@type":"ListItem","position":1,"name":"Jogate bajai tu ude\u0301","item":"https:\/\/ayore.org\/ayo\/"},{"@type":"ListItem","position":2,"name":"Ayore\u0301ode adode, angurenone cucha ore","item":"https:\/\/ayore.org\/ayo\/culture\/"},{"@type":"ListItem","position":3,"name":"Pajn\u0303aminone Ayore\u0301ode","item":"https:\/\/ayore.org\/ayo\/culture\/games\/"},{"@type":"ListItem","position":4,"name":"Cajoide \u2013 Paj\u00f1aminone (Pachiapi\u0301dode \u2013 Ore chache\u0303re n\u0303ane)"}]},{"@type":"WebSite","@id":"https:\/\/ayore.org\/#website","url":"https:\/\/ayore.org\/","name":"AYOR\u00c9.ORG","description":"Ayore\u0301ode Uruode, Adode, Jnani bajade ati\u0301go ore ","potentialAction":[{"@type":"SearchAction","target":{"@type":"EntryPoint","urlTemplate":"https:\/\/ayore.org\/?s={search_term_string}"},"query-input":{"@type":"PropertyValueSpecification","valueRequired":true,"valueName":"search_term_string"}}],"inLanguage":"ayo"}]}},"_links":{"self":[{"href":"https:\/\/ayore.org\/ayo\/wp-json\/wp\/v2\/pages\/3774","targetHints":{"allow":["GET"]}}],"collection":[{"href":"https:\/\/ayore.org\/ayo\/wp-json\/wp\/v2\/pages"}],"about":[{"href":"https:\/\/ayore.org\/ayo\/wp-json\/wp\/v2\/types\/page"}],"author":[{"embeddable":true,"href":"https:\/\/ayore.org\/ayo\/wp-json\/wp\/v2\/users\/5"}],"replies":[{"embeddable":true,"href":"https:\/\/ayore.org\/ayo\/wp-json\/wp\/v2\/comments?post=3774"}],"version-history":[{"count":1,"href":"https:\/\/ayore.org\/ayo\/wp-json\/wp\/v2\/pages\/3774\/revisions"}],"predecessor-version":[{"id":3775,"href":"https:\/\/ayore.org\/ayo\/wp-json\/wp\/v2\/pages\/3774\/revisions\/3775"}],"up":[{"embeddable":true,"href":"https:\/\/ayore.org\/ayo\/wp-json\/wp\/v2\/pages\/709"}],"wp:attachment":[{"href":"https:\/\/ayore.org\/ayo\/wp-json\/wp\/v2\/media?parent=3774"}],"curies":[{"name":"wp","href":"https:\/\/api.w.org\/{rel}","templated":true}]}}