{"id":3767,"date":"2019-05-14T17:17:07","date_gmt":"2019-05-14T17:17:07","guid":{"rendered":"https:\/\/ayore.org\/?page_id=3767"},"modified":"2019-05-14T17:17:09","modified_gmt":"2019-05-14T17:17:09","slug":"ucuetodacode-dejninga-ga-cucharique-a-chiqueta-raja-yu","status":"publish","type":"page","link":"https:\/\/ayore.org\/ayo\/culture\/first-person-narratives\/ucuetodacode-dejninga-ga-cucharique-a-chiqueta-raja-yu\/","title":{"rendered":"Ucueto\u0301daco\u0301de \u2013 Dejn\u00ednga ga cuch\u00e1rique a chiqueta raja yu"},"content":{"rendered":"\n<p><strong><em>Yurigode cuse nanique:<\/em><\/strong><br>Imo dir\u00edca enga e dejaque. Enga icatec\u00e3\u0301ri Dupade bajac uje im\u00f3ngo uje e dejac enga que imo to iji dejai \u00fadode. Y\u00fadode ur\u00f5so, enga dejn\u00ednga ga cuch\u00e1rique a chiqueta raja yu. Bas\u00e1ja ne, yibai tiji ne, enga chojninga: \u201cJec \u0169r\u00e9 yu.\u201d <\/p>\n\n\n\n<p>T\u00f5ria yibai.\nChojninga: \u201cAyor\u00e9 \u00e1, \u00bfaraja yu a?\u201d chojninga.<\/p>\n\n\n\n<p>Enga ojninga:\n\u201cIraja ua.\u201d<\/p>\n\n\n\n<p>Enga\nchojninga: \u201cUyu \u00bfgosi te e?\u201d chojninga.<\/p>\n\n\n\n<p>Ojninga:\n\u201cIraja ua enga \u00edsenga Jesus gotique u u\u00e1mia.\u201d<\/p>\n\n\n\n<p>Enga\nchojninga: \u201cBaraja yu. \u00bfJ\u00e9 ca araja Yapade to a?\u201d chojninga. <\/p>\n\n\n\n<p>Enga ojninga:\n\u201c\u00a1\u1ebcje!\u201d<\/p>\n\n\n\n<p>Mu chojninga:\n\u201cAcatec\u00e3\u0301ri Yapade ome, jeta araja Yapade,\u201d chojninga.<\/p>\n\n\n\n<p><strong><em>Icatec\u00e3\u0301ri Dupade:<\/em><\/strong><br>Enga icatec\u00e3\u0301ri enga ojninga iji dejai tiji yurigode: \u201cDupade \u00e9, qu\u00e9 icatec\u00e3\u0301ri ua iji ne. Yacaranguipise uje babi Jesus chiqueta raja yu, enga catec\u00e3\u0301ri yu ome, enga qu\u00e9 icatec\u00e3\u0301ri ua ome yu to uje ur\u00f5soringu\u00e9one u\u00e1sejna iji yu ujeta \u00e1tajab\u00e1 aja yu to,\u201d chiese yojningame Dupade iji yurigode. \u201c\u00c1tajape yejnar\u00e9ngone aja yu,\u201d ojninga iji yurigode ome Dupade. \u201cYacaranguipise uje babi Jesus chiqueta raja yu,\u201d ojninga.<\/p>\n\n\n\n<p><strong><em>Ichaj\u00faid\u00e9 e di\u00f3si:<\/em><\/strong><br>Enga gajner\u0129 enga <em>Ichaj\u00faid\u00e9<\/em> e di\u00f3si. Mu Jesus chojninga: (chaqu\u0129\u0301rasi tiji garani) \u201cA yaj\u00far\u00e3i ta, yaj\u00far\u00e3i te, aj\u00far\u00e3i, aj\u00far\u00e3i,\u201d chojningame <em>Ichaj\u00faid\u00e9<\/em>.<\/p>\n\n\n\n<p>Enga chiese,\nan\u00edri, gajner\u0129, enga chojninga: \u201c\u00a1<em>Ichaj\u00faid\u00e9<\/em>\n\u00e9!\u201d<\/p>\n\n\n\n<p>E chir\u00f5rosi\nenga chojninga: <em>\u201c\u00a1Venid! \u00a1Venid! \u00a1Venid!\u201d<\/em>\nchi, Jesus chojningame <em>Ichaj\u00faid\u00e9<\/em>.<\/p>\n\n\n\n<p><em>Ichaj\u00faid\u00e9<\/em> tib\u00e1gui enga Jesus chigar\u00fasu <em>Ichaj\u00faid\u00e9<\/em> enga chigar\u00fapo yu to r\u0129 enga\nchojninga: \u201cYacaranguipise ayor\u00e1bi \u00e1, \u00bfja araja yu to a?\u201d chojninga.<\/p>\n\n\n\n<p>Enga <em>Ichaj\u00faid\u00e9<\/em> chojninga: \u201cIraja ua enga\nDupade ap ua enga Jesus u ua,\u201d chi Ichaj\u00faid\u00e9 chojninga.<\/p>\n\n\n\n<p>Chi, ut\u00e9\nchojninga uje ore c\u00e3ra dar\u00fao. Jec ore c\u00e3ra daruode.<\/p>\n\n\n\n<p>&nbsp;\u201cJec \u0169r\u00e9 enga uacaraj\u00e1yo Yapade,\u201d chiese\nJesus chojninga.<\/p>\n\n\n\n<p><strong><em>Jesus chuj\u00e9 y\u00f3gaja jnumone ome daruode:<\/em><\/strong><br>Chuj\u00e9 y\u00f3gaja jnumone ome dar\u00fao. <\/p>\n\n\n\n<p>Ore ch\u00e1ji\ngat\u00e9 yui, que ore ch\u00e1ji jnumi gotique. <\/p>\n\n\n\n<p>Enga o ta ta\nta ta. Ujnus\u00edna uje ayor\u00e9 yu mu Jesus chiqueta raja yu uje chiese, anire,\nchojninga: \u201cUacaraj\u00e1yopise Yapade. Acatec\u00e3chobi enga yangar\u00e1mi uagome uacaru\nojningai.\u201d<\/p>\n\n\n\n<p><strong><em>Icatec\u00e3coi Dupade:<\/em><\/strong><br>Icatec\u00e3coi iji yurigode enga icatec\u00e3\u0301ri enga ojninga: \u201cDupade, \u00e1tajape yurigode aja yejnar\u00e9ngone aja yu,\u201d chiese ojninga. \u201cU\u00e1sejna yejnar\u00e9ngone. Yacaranguipise uje diyajm\u00e1nguip\u00edse uje ip\u00e9su badode to r\u0129, diyajm\u00e1ngapo yejnar\u00e9ngone r\u0129,\u201d chiese ojninga.<\/p>\n\n\n\n<p>Chojninga:\n\u201cYacaranguipise. E iraja baruode. Gome,\u201d chiese chojninga.<\/p>\n\n\n\n<p>Chiese <em>Ichaj\u00faid\u00e9<\/em> catec\u00e3r\u00e1poi to r\u0129, mu que\nyiraja <em>Ichaj\u00faid\u00e9<\/em> uruode. (Ore c\u00e3ra\ndar\u00fao. Jec ore c\u00e3ra daruode.)<\/p>\n\n\n\n<p><strong><em>J\u00e9 yuricho dir\u00edca:<\/em><\/strong><br>E gusu yuruode, Se\u00f1or\u00edtabia. Ta j\u00e9 yuricho dir\u00edca. Qu\u00e9 d\u00e9ji yu mu j\u00e9 cho yoj\u00f1ane uje u\u00e1sejna.<\/p>\n\n\n\n<p>Atat\u00e1ji to\nuje chojninga, chiese Jesus chojninga: \u201c\u00bfJa ayor\u00e9rique d\u00e9ji si\u00f1eque to a?\nujetiga ore chiraja yu,\u201d chiese chojninga.<\/p>\n\n\n\n<p>Enga ojninga:\n\u201cOre d\u00e9ji ta.\u201d<\/p>\n\n\n\n<p>Mu\nchojningame yu: \u201cAtata gotodie ayoredie.\u201d<\/p>\n\n\n\n<p>Mu chiese\nojninga: \u201cQue yatata ore uje id\u00e1ja ore iji yu. J\u00e9 cachi ca araja ore \u00edode.\u201d<\/p>\n\n\n\n<p>Mu Jesus\nchojninga: \u201cYiraja. Acatec\u00e3\u0301ri Yapade enga atata ore \u00edode r\u0129 ome Yapade, enga\nyiraja ore \u00edode,\u201d chiese chojninga.<\/p>\n\n\n\n<p><strong><em>O ta ta ta:<\/em><\/strong><br>Enga yo yoj\u00f1ane dir\u00edca. Uje qu\u00e9 yiya iji te, enga o ta ta ta, enga <em>Ichaj\u00faid\u00e9 <\/em>chaguesi te, enga chojninga: \u201cAcatec\u00e3\u0301ri Dupade to iji yocachabie tut\u00e9 enga icatec\u00e3coi Dupade iji yocur\u00farigo.\u201d<\/p>\n\n\n\n<p>Enga\nchojninga: \u201cIrajapise uaque. Ca acad\u00edchoi yu jne,\u201d chiese chojninga.<\/p>\n\n\n\n<p><strong><em>E gome yuruode:<\/em><\/strong><br>E gome, Se\u00f1orita. Se\u00f1or\u00edtab\u00eda, ango <em>Dani\u00e9ln\u00e9<\/em> ujeta ese Zapoco uje dat\u00e9 qu\u00e9 eca to, <em>Paj\u00e9id\u00e9<\/em> acot\u00e9. <em>Danielnacode<\/em> iji ta. <em>Guidaigosode<\/em> to enga chi ojninga: \u201cYujnusi\u00e9tigade u\u00e1sejnapise ome ore iji dat\u00e1, <em>Enuei<\/em> ore. <em>Yacamai<\/em> que ore jnoji yajei,\u201d yojninga. Ojningame ore uje <em>Dani\u00e9lnacode<\/em>, <em>Pajeid\u00e9<\/em> acot\u00e9 uruode u udojo. E gusu.<\/p>\n\n\n\n<p><em>Ucuet\u00f3dac\u00f3de \u2013 Zapaco, Bolivia \u2013 1970<\/em><br><em>Janet Briggs chur\u00fas\u00e3re Ucuet\u00f3dac\u00f3de atatagode udojo nanique<\/em><\/p>\n\n\n<div class=\"navigation\"><div class=\"alignleft\"><a href=\"https:\/\/ayore.org\/ayo\/culture\/first-person-narratives\/dajunangue-yirasique-yujodie-chequei-ojn%cc%83ane\/\"title=\"Daju\u00f1angue &#8211; Yirasique yujodie chequei ojn\u0303ane\"><img loading=\"lazy\" decoding=\"async\" src=\"https:\/\/ayore.org\/wp-content\/uploads\/2018\/10\/left-arrow.png\" width=\"50\" height=\"48\" alt=\"left arrow\"><\/a><\/div><div class=\"alignright\"><a href=\"https:\/\/ayore.org\/ayo\/culture\/first-person-narratives\/cotate-e-ye%cc%83ra-yu-to-ome-dupade\/\"title=\"Co\u0301tade &#8211; E ye\u0303ra yu to ome Dupade\"><img loading=\"lazy\" decoding=\"async\" src=\"https:\/\/ayore.org\/wp-content\/uploads\/2018\/10\/right-arrow.png\" width=\"50\" height=\"48\" alt=\"right arrow\"><\/a><\/div>\n","protected":false},"excerpt":{"rendered":"<p>Yurigode cuse nanique:Imo dir\u00edca enga e dejaque. Enga icatec\u00e3\u0301ri Dupade bajac uje im\u00f3ngo uje e dejac enga que imo to iji dejai \u00fadode. Y\u00fadode ur\u00f5so, enga dejn\u00ednga ga cuch\u00e1rique a chiqueta raja yu. Bas\u00e1ja ne, yibai tiji ne, enga chojninga:<\/p>\n","protected":false},"author":5,"featured_media":0,"parent":705,"menu_order":0,"comment_status":"closed","ping_status":"closed","template":"","meta":{"footnotes":""},"class_list":["post-3767","page","type-page","status-publish","hentry"],"yoast_head":"<!-- This site is optimized with the Yoast SEO plugin v27.4 - https:\/\/yoast.com\/product\/yoast-seo-wordpress\/ -->\n<title>Ucueto\u0301daco\u0301de \u2013 Dejn\u00ednga ga cuch\u00e1rique a chiqueta raja yu &#8226; AYOR\u00c9.ORG<\/title>\n<meta name=\"robots\" content=\"index, follow, max-snippet:-1, max-image-preview:large, max-video-preview:-1\" \/>\n<link rel=\"canonical\" href=\"https:\/\/ayore.org\/ayo\/culture\/first-person-narratives\/ucuetodacode-dejninga-ga-cucharique-a-chiqueta-raja-yu\/\" \/>\n<meta property=\"og:locale\" content=\"en_US\" \/>\n<meta property=\"og:type\" content=\"article\" \/>\n<meta property=\"og:title\" content=\"Ucueto\u0301daco\u0301de \u2013 Dejn\u00ednga ga cuch\u00e1rique a chiqueta raja yu &#8226; AYOR\u00c9.ORG\" \/>\n<meta property=\"og:description\" content=\"Yurigode cuse nanique:Imo dir\u00edca enga e dejaque. Enga icatec\u00e3\u0301ri Dupade bajac uje im\u00f3ngo uje e dejac enga que imo to iji dejai \u00fadode. Y\u00fadode ur\u00f5so, enga dejn\u00ednga ga cuch\u00e1rique a chiqueta raja yu. Bas\u00e1ja ne, yibai tiji ne, enga chojninga:\" \/>\n<meta property=\"og:url\" content=\"https:\/\/ayore.org\/ayo\/culture\/first-person-narratives\/ucuetodacode-dejninga-ga-cucharique-a-chiqueta-raja-yu\/\" \/>\n<meta property=\"og:site_name\" content=\"AYOR\u00c9.ORG\" \/>\n<meta property=\"article:modified_time\" content=\"2019-05-14T17:17:09+00:00\" \/>\n<meta name=\"twitter:card\" content=\"summary_large_image\" \/>\n<meta name=\"twitter:label1\" content=\"Est. reading time\" \/>\n\t<meta name=\"twitter:data1\" content=\"3 minutes\" \/>\n<script type=\"application\/ld+json\" class=\"yoast-schema-graph\">{\"@context\":\"https:\\\/\\\/schema.org\",\"@graph\":[{\"@type\":\"WebPage\",\"@id\":\"https:\\\/\\\/ayore.org\\\/ayo\\\/culture\\\/first-person-narratives\\\/ucuetodacode-dejninga-ga-cucharique-a-chiqueta-raja-yu\\\/\",\"url\":\"https:\\\/\\\/ayore.org\\\/ayo\\\/culture\\\/first-person-narratives\\\/ucuetodacode-dejninga-ga-cucharique-a-chiqueta-raja-yu\\\/\",\"name\":\"Ucueto\u0301daco\u0301de \u2013 Dejn\u00ednga ga cuch\u00e1rique a chiqueta raja yu &#8226; AYOR\u00c9.ORG\",\"isPartOf\":{\"@id\":\"https:\\\/\\\/ayore.org\\\/#website\"},\"datePublished\":\"2019-05-14T17:17:07+00:00\",\"dateModified\":\"2019-05-14T17:17:09+00:00\",\"breadcrumb\":{\"@id\":\"https:\\\/\\\/ayore.org\\\/ayo\\\/culture\\\/first-person-narratives\\\/ucuetodacode-dejninga-ga-cucharique-a-chiqueta-raja-yu\\\/#breadcrumb\"},\"inLanguage\":\"ayo\",\"potentialAction\":[{\"@type\":\"ReadAction\",\"target\":[\"https:\\\/\\\/ayore.org\\\/ayo\\\/culture\\\/first-person-narratives\\\/ucuetodacode-dejninga-ga-cucharique-a-chiqueta-raja-yu\\\/\"]}]},{\"@type\":\"BreadcrumbList\",\"@id\":\"https:\\\/\\\/ayore.org\\\/ayo\\\/culture\\\/first-person-narratives\\\/ucuetodacode-dejninga-ga-cucharique-a-chiqueta-raja-yu\\\/#breadcrumb\",\"itemListElement\":[{\"@type\":\"ListItem\",\"position\":1,\"name\":\"Jogate bajai tu ude\u0301\",\"item\":\"https:\\\/\\\/ayore.org\\\/ayo\\\/\"},{\"@type\":\"ListItem\",\"position\":2,\"name\":\"Ayore\u0301ode adode, angurenone cucha ore\",\"item\":\"https:\\\/\\\/ayore.org\\\/ayo\\\/culture\\\/\"},{\"@type\":\"ListItem\",\"position\":3,\"name\":\"Ayore\u0301ode Gojn\u0303ane\",\"item\":\"https:\\\/\\\/ayore.org\\\/ayo\\\/culture\\\/first-person-narratives\\\/\"},{\"@type\":\"ListItem\",\"position\":4,\"name\":\"Ucueto\u0301daco\u0301de \u2013 Dejn\u00ednga ga cuch\u00e1rique a chiqueta raja yu\"}]},{\"@type\":\"WebSite\",\"@id\":\"https:\\\/\\\/ayore.org\\\/#website\",\"url\":\"https:\\\/\\\/ayore.org\\\/\",\"name\":\"AYOR\u00c9.ORG\",\"description\":\"Ayore\u0301ode Uruode, Adode, Jnani bajade ati\u0301go ore \",\"potentialAction\":[{\"@type\":\"SearchAction\",\"target\":{\"@type\":\"EntryPoint\",\"urlTemplate\":\"https:\\\/\\\/ayore.org\\\/?s={search_term_string}\"},\"query-input\":{\"@type\":\"PropertyValueSpecification\",\"valueRequired\":true,\"valueName\":\"search_term_string\"}}],\"inLanguage\":\"ayo\"}]}<\/script>\n<!-- \/ Yoast SEO plugin. -->","yoast_head_json":{"title":"Ucueto\u0301daco\u0301de \u2013 Dejn\u00ednga ga cuch\u00e1rique a chiqueta raja yu &#8226; AYOR\u00c9.ORG","robots":{"index":"index","follow":"follow","max-snippet":"max-snippet:-1","max-image-preview":"max-image-preview:large","max-video-preview":"max-video-preview:-1"},"canonical":"https:\/\/ayore.org\/ayo\/culture\/first-person-narratives\/ucuetodacode-dejninga-ga-cucharique-a-chiqueta-raja-yu\/","og_locale":"en_US","og_type":"article","og_title":"Ucueto\u0301daco\u0301de \u2013 Dejn\u00ednga ga cuch\u00e1rique a chiqueta raja yu &#8226; AYOR\u00c9.ORG","og_description":"Yurigode cuse nanique:Imo dir\u00edca enga e dejaque. Enga icatec\u00e3\u0301ri Dupade bajac uje im\u00f3ngo uje e dejac enga que imo to iji dejai \u00fadode. Y\u00fadode ur\u00f5so, enga dejn\u00ednga ga cuch\u00e1rique a chiqueta raja yu. Bas\u00e1ja ne, yibai tiji ne, enga chojninga:","og_url":"https:\/\/ayore.org\/ayo\/culture\/first-person-narratives\/ucuetodacode-dejninga-ga-cucharique-a-chiqueta-raja-yu\/","og_site_name":"AYOR\u00c9.ORG","article_modified_time":"2019-05-14T17:17:09+00:00","twitter_card":"summary_large_image","twitter_misc":{"Est. reading time":"3 minutes"},"schema":{"@context":"https:\/\/schema.org","@graph":[{"@type":"WebPage","@id":"https:\/\/ayore.org\/ayo\/culture\/first-person-narratives\/ucuetodacode-dejninga-ga-cucharique-a-chiqueta-raja-yu\/","url":"https:\/\/ayore.org\/ayo\/culture\/first-person-narratives\/ucuetodacode-dejninga-ga-cucharique-a-chiqueta-raja-yu\/","name":"Ucueto\u0301daco\u0301de \u2013 Dejn\u00ednga ga cuch\u00e1rique a chiqueta raja yu &#8226; AYOR\u00c9.ORG","isPartOf":{"@id":"https:\/\/ayore.org\/#website"},"datePublished":"2019-05-14T17:17:07+00:00","dateModified":"2019-05-14T17:17:09+00:00","breadcrumb":{"@id":"https:\/\/ayore.org\/ayo\/culture\/first-person-narratives\/ucuetodacode-dejninga-ga-cucharique-a-chiqueta-raja-yu\/#breadcrumb"},"inLanguage":"ayo","potentialAction":[{"@type":"ReadAction","target":["https:\/\/ayore.org\/ayo\/culture\/first-person-narratives\/ucuetodacode-dejninga-ga-cucharique-a-chiqueta-raja-yu\/"]}]},{"@type":"BreadcrumbList","@id":"https:\/\/ayore.org\/ayo\/culture\/first-person-narratives\/ucuetodacode-dejninga-ga-cucharique-a-chiqueta-raja-yu\/#breadcrumb","itemListElement":[{"@type":"ListItem","position":1,"name":"Jogate bajai tu ude\u0301","item":"https:\/\/ayore.org\/ayo\/"},{"@type":"ListItem","position":2,"name":"Ayore\u0301ode adode, angurenone cucha ore","item":"https:\/\/ayore.org\/ayo\/culture\/"},{"@type":"ListItem","position":3,"name":"Ayore\u0301ode Gojn\u0303ane","item":"https:\/\/ayore.org\/ayo\/culture\/first-person-narratives\/"},{"@type":"ListItem","position":4,"name":"Ucueto\u0301daco\u0301de \u2013 Dejn\u00ednga ga cuch\u00e1rique a chiqueta raja yu"}]},{"@type":"WebSite","@id":"https:\/\/ayore.org\/#website","url":"https:\/\/ayore.org\/","name":"AYOR\u00c9.ORG","description":"Ayore\u0301ode Uruode, Adode, Jnani bajade ati\u0301go ore ","potentialAction":[{"@type":"SearchAction","target":{"@type":"EntryPoint","urlTemplate":"https:\/\/ayore.org\/?s={search_term_string}"},"query-input":{"@type":"PropertyValueSpecification","valueRequired":true,"valueName":"search_term_string"}}],"inLanguage":"ayo"}]}},"_links":{"self":[{"href":"https:\/\/ayore.org\/ayo\/wp-json\/wp\/v2\/pages\/3767","targetHints":{"allow":["GET"]}}],"collection":[{"href":"https:\/\/ayore.org\/ayo\/wp-json\/wp\/v2\/pages"}],"about":[{"href":"https:\/\/ayore.org\/ayo\/wp-json\/wp\/v2\/types\/page"}],"author":[{"embeddable":true,"href":"https:\/\/ayore.org\/ayo\/wp-json\/wp\/v2\/users\/5"}],"replies":[{"embeddable":true,"href":"https:\/\/ayore.org\/ayo\/wp-json\/wp\/v2\/comments?post=3767"}],"version-history":[{"count":1,"href":"https:\/\/ayore.org\/ayo\/wp-json\/wp\/v2\/pages\/3767\/revisions"}],"predecessor-version":[{"id":3768,"href":"https:\/\/ayore.org\/ayo\/wp-json\/wp\/v2\/pages\/3767\/revisions\/3768"}],"up":[{"embeddable":true,"href":"https:\/\/ayore.org\/ayo\/wp-json\/wp\/v2\/pages\/705"}],"wp:attachment":[{"href":"https:\/\/ayore.org\/ayo\/wp-json\/wp\/v2\/media?parent=3767"}],"curies":[{"name":"wp","href":"https:\/\/api.w.org\/{rel}","templated":true}]}}