{"id":3761,"date":"2019-05-14T16:39:26","date_gmt":"2019-05-14T16:39:26","guid":{"rendered":"https:\/\/ayore.org\/?page_id=3761"},"modified":"2019-05-14T16:39:28","modified_gmt":"2019-05-14T16:39:28","slug":"sama-rosade-chaca-yedodie-iji-yodi","status":"publish","type":"page","link":"https:\/\/ayore.org\/ayo\/culture\/first-person-narratives\/sama-rosade-chaca-yedodie-iji-yodi\/","title":{"rendered":"Sama \u2013 Rosad\u00e9 chaca yedodie iji yodi"},"content":{"rendered":"\n<p><strong><em>Disi yu uje pacaque yedodie iji yodi nanique:<\/em><\/strong><br>Iyamaque uje <em>Rosad\u00e9<\/em> chaca yedodie iji yodi to nanique. J\u00e9 disi yu nanique uje <em>Rosad\u00e9<\/em> chaca yedodie iji yodi, ga que yiraja cuchade go. J\u00e9odeti ore chaca ore edodie bisideque iji ujade. Mu ejode ga yiraja. Yiraja uje chi Dupade u uje anire, uje ore chaca ore edodie iji yodi uje ore changureta Dupade ujnacari.<\/p>\n\n\n\n<p><strong><em>Yipota jetiga yajni Dupade uruode to r\u0129:<\/em><\/strong><br>Ga yipota to r\u0129 jetiga yajni to r\u0129. Yipotap\u00edsa jeta yo ore uje ore p\u00e9su date gajnar\u00e9ngone, mu ore doi ore iquei iji de ujetiga ore chatata dadode. Mu que yi ore iquei to go. \u00a1Yise mu que ore u yu j\u00f5! Uje quer\u00e9nga yi Satanas iroqu\u00e9ode to. Jecute que yingo yu aja Dupade anguretatodie to jne. <br><br>Yipota jetiga yajni Dupade uruode to r\u0129. Uje it\u00e9, <em>Om\u00e9<\/em> ore chetaguipise Dupade Uruode nanique, mu ore pota to r\u0129 iji ejode. Uje chi j\u00e9 \u0169r\u00e9 Dupade gu ome ore. Ore pota to Dupade Uruode iji ejode, <em>Om\u00e9<\/em>, it\u00e9 ore.<\/p>\n\n\n\n<p>Uyu u uje ise ga catague yu to\nj\u00f5 aja Dupade, uje anire, yicota Dupade uje yojninga, ise mu cataque to Dupade\nuje chi ca jnoji yari. J\u00e3\u0301rape yijnime yu iji to go.<em>\n(Hebreos 13:5)<\/em><\/p>\n\n\n\n<p><strong><em>Yiy\u00e1rasu Dupade uruode nanique gu uje yabai cha yu.<\/em><\/strong><br>Uje chequed\u00ede ore chojningame yu: \u2018Mu tague <em>Sama<\/em>; doi Satanas iroqu\u00e9ode.\u2019 Jecute que yingo yu aja Dupade to jetiga yajniapo to r\u0129 uje chequed\u00ede ore chotigase yu gu. <\/p>\n\n\n\n<p>Yiy\u00e1rasu Dupade Uruode nanique\ngu uje yabai cha yu.<\/p>\n\n\n\n<p>Yabai cha yu nanique ga yiya to Dupade\nUruode. J\u00e9 u uje yipotar\u00e1sa Satanas iroqu\u00e9ode to. Mu que yipotap\u00edsa go.<\/p>\n\n\n\n<p><strong><em>Chequed\u00ede chaguh\u00e9ta cuchade yibai:<\/em><\/strong><br>Chequed\u00ede ore chojninga: \u2018Jnani acot\u00e9 cuse mu j\u00e9 <em>Sama<\/em> pota,\u2019 mu que yipota go. Mu acot\u00e9 chic\u00e1ji Santa Cruz ga t\u1e4dra dabi. Ga iyamaque ga sequer\u00e9 chojm\u00e1ra, ga j\u00e9 u uje yipota to uje abi e toi.<\/p>\n\n\n\n<p><strong><em>Yabai bajai pota gapud\u00ede jiedie:<\/em><\/strong><br>Enga udojo u uje j\u00e9 yingo yadode aja ore to. Uje j\u00e9 gusu udojo yabayode uje gare. Que yiyar\u00e1su yabai bajai nanique go. A j\u00e9 ore chiraja to, chequed\u00ede ore, uje pota gapud\u00ede jiedie nanique. Ga yiya to uje potapo u\u00f1a r\u0129. Pota gapud\u00ede jiei. Ga yojninga: \u2018A yiya ut\u00e9 to jne uje dop\u00edsi Satan\u00e1s iroqu\u00e9ode gu. Jeta e potapo gapu uegue iji yejoi r\u0129 ga j\u00e9 u uje yiya to.\u2019&nbsp; <\/p>\n\n\n\n<p>Yiya to ga anire, yij\u00edna Jnani.\nGa e gus\u00faapo r\u0129. E gusu. Que toque ujetiga j\u00e9 yij\u00edna jnacare u\u00f1eque iji\nejode.<\/p>\n\n\n\n<p><strong><em>Chequed\u00ede ore cho tague iji yu:<\/em><\/strong> <br>Chequed\u00ede ore cho tague iji yu, mu ise mu ca tague yu j\u00f5; ise mu j\u00e9 \u0169r\u00e9 yu.<\/p>\n\n\n\n<p>A Jesuse dirase ga chijna\ndanguretatodie. Ga ise mu a j\u00e9 yug\u00fasir\u00e1siji Dupade idai to iji ore ujade j\u00f5.\nUje que tague yu to go, ome yu.<\/p>\n\n\n\n<p>Uje jer\u00e9nga (quer\u00e9nga) yiji\nSatanas iroqu\u00e9ode to go. <\/p>\n\n\n\n<p><strong><em>Uje yabai cha yu ga yij\u00edrasi:<\/em><\/strong><br>Yij\u00edrasi to nanique uje anire yabai cha yu. Yojninga: \u201cA yi to jne ga yic\u00e1ji ti ga y\u00f3ji <em>bor\u00e1cho<\/em> to jne.\u201d Ga j\u00e9 yic\u00e1rasi Santa Cruz to. Yicai Santa Cruz ga yij\u00edna yijoranie ore. Uje anire, que yiraja i. <em>Jor\u00e9<\/em> u, uje e toi nanique. Yij\u00edna ore ga j\u00e9 yug\u00fasiji Santa Cruz to. Mu anire, bor\u00e1cho yugu\u00e9 yu, chujerase yu. Ga yojninga: \u2018A no\u00f1aque j\u00f5 bor\u00e1cho yugode.\u2019 <\/p>\n\n\n\n<p><strong><em>Yajni to ga yangureta Dupade to:<\/em><\/strong><br>Yojninga: \u2018Yajni to ga yangureta Dupade to jne.\u2019 Yajni to ga anire, que yipotapo bor\u00e1cho to r\u0129 go. <\/p>\n\n\n\n<p>E gusu. Gusu yadode an\u00ednique,\njecute j\u00e9 yingo yadode aja ore iji oriquei to. <\/p>\n\n\n\n<p>J\u00e9 yaj\u00e9o gu, uje ise mu ca tague\nyu go ome yadode udojo. E gusu udojo yadode uje yic\u00e1rasiji Santa Cruz to\nnanique. Anire, ise mu ca tague yu go uje yabayode gare. Yiya nanique gu uje\nanire pota gapud\u00ede jiedie. Yojninga: \u2018Yiya to jne.\u2019 Ga yij\u00edna Jnani ga e gusu.\nQue toque jeta yij\u00edna jnacare u\u00f1eque. <\/p>\n\n\n\n<p><strong><em>Mu chequed\u00ede que cha chichaga yu aja cuchade:<\/em><\/strong><br>Ore chichaga yu aja cuchade, mu ise mu ca tague ore j\u00f3. A Jesuse dirase ga chijna danguretatodie ga ise mu chijnarase yu to. Uje j\u00e9 gusu udore gu yate gajnar\u00e9ngone.<\/p>\n\n\n\n<p>Yingo yu aja ore to gu yaj\u00e9ode u\njeta yajniapo r\u0129. Uje yang\u00e1ri ore ga ore doi Dupade\nanguretatodie iquei mu ore tang\u00e1ri ore. U mu que ore cha date gajnar\u00e9ngone ome yu go. <\/p>\n\n\n\n<p>Jecute que yo taque iji Dupade\nto ga yojninga: \u2018J\u00e9 \u0169r\u00e9 ga chiraja uje \u0169r\u00e9 yu r\u0129.\u2019 <\/p>\n\n\n\n<p>\u00bfMu j\u00e9 gotique gu a uje que\nyijiapo confer\u00e9nciadie to r\u0129? Mu yiraja. Yiraja gu uje yiya Dupade nanique gu\nuje yip\u00e9sur\u00e1su cucha gajnar\u00e9ngone. Mu ejode ga que toque jeta j\u00e9 yipotapo yate\ngajnar\u00e9ngone r\u0129. Mu ise ga je \u0169r\u00e9 yu uje yabayode gare. <\/p>\n\n\n\n<p>E gusu jne yuruode.<\/p>\n\n\n\n<p><em>Sama \u2013 Tobit\u00e9, Bolivia \u2013 agosto de 1975<\/em><br><em>Marina de Morarie chur\u00fas\u00e3re Sama uruode udore nanique<\/em><\/p>\n\n\n<div class=\"navigation\"><div class=\"alignleft\"><a href=\"https:\/\/ayore.org\/ayo\/culture\/first-person-narratives\/oidabiade-dacasute-yu-iji-monte-nanique\/\"title=\"Oid\u00e1biad\u00e9 &#8211; Dacasute\u0301 yu iji monte nanique\"><img loading=\"lazy\" decoding=\"async\" src=\"https:\/\/ayore.org\/wp-content\/uploads\/2018\/10\/left-arrow.png\" width=\"50\" height=\"48\" alt=\"left arrow\"><\/a><\/div><div class=\"alignright\"><a href=\"https:\/\/ayore.org\/ayo\/culture\/first-person-narratives\/jomone-yipota-jeta-araja-yipesudode\/\"title=\"J\u00f3mone \u2013 Yipota jeta araja yipesudode\"><img loading=\"lazy\" decoding=\"async\" src=\"https:\/\/ayore.org\/wp-content\/uploads\/2018\/10\/right-arrow.png\" width=\"50\" height=\"48\" alt=\"right arrow\"><\/a><\/div>\n","protected":false},"excerpt":{"rendered":"<p>Disi yu uje pacaque yedodie iji yodi nanique:Iyamaque uje Rosad\u00e9 chaca yedodie iji yodi to nanique. J\u00e9 disi yu nanique uje Rosad\u00e9 chaca yedodie iji yodi, ga que yiraja cuchade go. J\u00e9odeti ore chaca ore edodie bisideque iji ujade. Mu<\/p>\n","protected":false},"author":5,"featured_media":0,"parent":705,"menu_order":0,"comment_status":"closed","ping_status":"closed","template":"","meta":{"footnotes":""},"class_list":["post-3761","page","type-page","status-publish","hentry"],"yoast_head":"<!-- This site is optimized with the Yoast SEO plugin v27.4 - https:\/\/yoast.com\/product\/yoast-seo-wordpress\/ -->\n<title>Sama \u2013 Rosad\u00e9 chaca yedodie iji yodi &#8226; AYOR\u00c9.ORG<\/title>\n<meta name=\"robots\" content=\"index, follow, max-snippet:-1, max-image-preview:large, max-video-preview:-1\" \/>\n<link rel=\"canonical\" href=\"https:\/\/ayore.org\/ayo\/culture\/first-person-narratives\/sama-rosade-chaca-yedodie-iji-yodi\/\" \/>\n<meta property=\"og:locale\" content=\"en_US\" \/>\n<meta property=\"og:type\" content=\"article\" \/>\n<meta property=\"og:title\" content=\"Sama \u2013 Rosad\u00e9 chaca yedodie iji yodi &#8226; AYOR\u00c9.ORG\" \/>\n<meta property=\"og:description\" content=\"Disi yu uje pacaque yedodie iji yodi nanique:Iyamaque uje Rosad\u00e9 chaca yedodie iji yodi to nanique. J\u00e9 disi yu nanique uje Rosad\u00e9 chaca yedodie iji yodi, ga que yiraja cuchade go. J\u00e9odeti ore chaca ore edodie bisideque iji ujade. Mu\" \/>\n<meta property=\"og:url\" content=\"https:\/\/ayore.org\/ayo\/culture\/first-person-narratives\/sama-rosade-chaca-yedodie-iji-yodi\/\" \/>\n<meta property=\"og:site_name\" content=\"AYOR\u00c9.ORG\" \/>\n<meta property=\"article:modified_time\" content=\"2019-05-14T16:39:28+00:00\" \/>\n<meta name=\"twitter:card\" content=\"summary_large_image\" \/>\n<meta name=\"twitter:label1\" content=\"Est. reading time\" \/>\n\t<meta name=\"twitter:data1\" content=\"4 minutes\" \/>\n<script type=\"application\/ld+json\" class=\"yoast-schema-graph\">{\"@context\":\"https:\\\/\\\/schema.org\",\"@graph\":[{\"@type\":\"WebPage\",\"@id\":\"https:\\\/\\\/ayore.org\\\/ayo\\\/culture\\\/first-person-narratives\\\/sama-rosade-chaca-yedodie-iji-yodi\\\/\",\"url\":\"https:\\\/\\\/ayore.org\\\/ayo\\\/culture\\\/first-person-narratives\\\/sama-rosade-chaca-yedodie-iji-yodi\\\/\",\"name\":\"Sama \u2013 Rosad\u00e9 chaca yedodie iji yodi &#8226; AYOR\u00c9.ORG\",\"isPartOf\":{\"@id\":\"https:\\\/\\\/ayore.org\\\/#website\"},\"datePublished\":\"2019-05-14T16:39:26+00:00\",\"dateModified\":\"2019-05-14T16:39:28+00:00\",\"breadcrumb\":{\"@id\":\"https:\\\/\\\/ayore.org\\\/ayo\\\/culture\\\/first-person-narratives\\\/sama-rosade-chaca-yedodie-iji-yodi\\\/#breadcrumb\"},\"inLanguage\":\"ayo\",\"potentialAction\":[{\"@type\":\"ReadAction\",\"target\":[\"https:\\\/\\\/ayore.org\\\/ayo\\\/culture\\\/first-person-narratives\\\/sama-rosade-chaca-yedodie-iji-yodi\\\/\"]}]},{\"@type\":\"BreadcrumbList\",\"@id\":\"https:\\\/\\\/ayore.org\\\/ayo\\\/culture\\\/first-person-narratives\\\/sama-rosade-chaca-yedodie-iji-yodi\\\/#breadcrumb\",\"itemListElement\":[{\"@type\":\"ListItem\",\"position\":1,\"name\":\"Jogate bajai tu ude\u0301\",\"item\":\"https:\\\/\\\/ayore.org\\\/ayo\\\/\"},{\"@type\":\"ListItem\",\"position\":2,\"name\":\"Ayore\u0301ode adode, angurenone cucha ore\",\"item\":\"https:\\\/\\\/ayore.org\\\/ayo\\\/culture\\\/\"},{\"@type\":\"ListItem\",\"position\":3,\"name\":\"Ayore\u0301ode Gojn\u0303ane\",\"item\":\"https:\\\/\\\/ayore.org\\\/ayo\\\/culture\\\/first-person-narratives\\\/\"},{\"@type\":\"ListItem\",\"position\":4,\"name\":\"Sama \u2013 Rosad\u00e9 chaca yedodie iji yodi\"}]},{\"@type\":\"WebSite\",\"@id\":\"https:\\\/\\\/ayore.org\\\/#website\",\"url\":\"https:\\\/\\\/ayore.org\\\/\",\"name\":\"AYOR\u00c9.ORG\",\"description\":\"Ayore\u0301ode Uruode, Adode, Jnani bajade ati\u0301go ore \",\"potentialAction\":[{\"@type\":\"SearchAction\",\"target\":{\"@type\":\"EntryPoint\",\"urlTemplate\":\"https:\\\/\\\/ayore.org\\\/?s={search_term_string}\"},\"query-input\":{\"@type\":\"PropertyValueSpecification\",\"valueRequired\":true,\"valueName\":\"search_term_string\"}}],\"inLanguage\":\"ayo\"}]}<\/script>\n<!-- \/ Yoast SEO plugin. -->","yoast_head_json":{"title":"Sama \u2013 Rosad\u00e9 chaca yedodie iji yodi &#8226; AYOR\u00c9.ORG","robots":{"index":"index","follow":"follow","max-snippet":"max-snippet:-1","max-image-preview":"max-image-preview:large","max-video-preview":"max-video-preview:-1"},"canonical":"https:\/\/ayore.org\/ayo\/culture\/first-person-narratives\/sama-rosade-chaca-yedodie-iji-yodi\/","og_locale":"en_US","og_type":"article","og_title":"Sama \u2013 Rosad\u00e9 chaca yedodie iji yodi &#8226; AYOR\u00c9.ORG","og_description":"Disi yu uje pacaque yedodie iji yodi nanique:Iyamaque uje Rosad\u00e9 chaca yedodie iji yodi to nanique. J\u00e9 disi yu nanique uje Rosad\u00e9 chaca yedodie iji yodi, ga que yiraja cuchade go. J\u00e9odeti ore chaca ore edodie bisideque iji ujade. Mu","og_url":"https:\/\/ayore.org\/ayo\/culture\/first-person-narratives\/sama-rosade-chaca-yedodie-iji-yodi\/","og_site_name":"AYOR\u00c9.ORG","article_modified_time":"2019-05-14T16:39:28+00:00","twitter_card":"summary_large_image","twitter_misc":{"Est. reading time":"4 minutes"},"schema":{"@context":"https:\/\/schema.org","@graph":[{"@type":"WebPage","@id":"https:\/\/ayore.org\/ayo\/culture\/first-person-narratives\/sama-rosade-chaca-yedodie-iji-yodi\/","url":"https:\/\/ayore.org\/ayo\/culture\/first-person-narratives\/sama-rosade-chaca-yedodie-iji-yodi\/","name":"Sama \u2013 Rosad\u00e9 chaca yedodie iji yodi &#8226; AYOR\u00c9.ORG","isPartOf":{"@id":"https:\/\/ayore.org\/#website"},"datePublished":"2019-05-14T16:39:26+00:00","dateModified":"2019-05-14T16:39:28+00:00","breadcrumb":{"@id":"https:\/\/ayore.org\/ayo\/culture\/first-person-narratives\/sama-rosade-chaca-yedodie-iji-yodi\/#breadcrumb"},"inLanguage":"ayo","potentialAction":[{"@type":"ReadAction","target":["https:\/\/ayore.org\/ayo\/culture\/first-person-narratives\/sama-rosade-chaca-yedodie-iji-yodi\/"]}]},{"@type":"BreadcrumbList","@id":"https:\/\/ayore.org\/ayo\/culture\/first-person-narratives\/sama-rosade-chaca-yedodie-iji-yodi\/#breadcrumb","itemListElement":[{"@type":"ListItem","position":1,"name":"Jogate bajai tu ude\u0301","item":"https:\/\/ayore.org\/ayo\/"},{"@type":"ListItem","position":2,"name":"Ayore\u0301ode adode, angurenone cucha ore","item":"https:\/\/ayore.org\/ayo\/culture\/"},{"@type":"ListItem","position":3,"name":"Ayore\u0301ode Gojn\u0303ane","item":"https:\/\/ayore.org\/ayo\/culture\/first-person-narratives\/"},{"@type":"ListItem","position":4,"name":"Sama \u2013 Rosad\u00e9 chaca yedodie iji yodi"}]},{"@type":"WebSite","@id":"https:\/\/ayore.org\/#website","url":"https:\/\/ayore.org\/","name":"AYOR\u00c9.ORG","description":"Ayore\u0301ode Uruode, Adode, Jnani bajade ati\u0301go ore ","potentialAction":[{"@type":"SearchAction","target":{"@type":"EntryPoint","urlTemplate":"https:\/\/ayore.org\/?s={search_term_string}"},"query-input":{"@type":"PropertyValueSpecification","valueRequired":true,"valueName":"search_term_string"}}],"inLanguage":"ayo"}]}},"_links":{"self":[{"href":"https:\/\/ayore.org\/ayo\/wp-json\/wp\/v2\/pages\/3761","targetHints":{"allow":["GET"]}}],"collection":[{"href":"https:\/\/ayore.org\/ayo\/wp-json\/wp\/v2\/pages"}],"about":[{"href":"https:\/\/ayore.org\/ayo\/wp-json\/wp\/v2\/types\/page"}],"author":[{"embeddable":true,"href":"https:\/\/ayore.org\/ayo\/wp-json\/wp\/v2\/users\/5"}],"replies":[{"embeddable":true,"href":"https:\/\/ayore.org\/ayo\/wp-json\/wp\/v2\/comments?post=3761"}],"version-history":[{"count":2,"href":"https:\/\/ayore.org\/ayo\/wp-json\/wp\/v2\/pages\/3761\/revisions"}],"predecessor-version":[{"id":3763,"href":"https:\/\/ayore.org\/ayo\/wp-json\/wp\/v2\/pages\/3761\/revisions\/3763"}],"up":[{"embeddable":true,"href":"https:\/\/ayore.org\/ayo\/wp-json\/wp\/v2\/pages\/705"}],"wp:attachment":[{"href":"https:\/\/ayore.org\/ayo\/wp-json\/wp\/v2\/media?parent=3761"}],"curies":[{"name":"wp","href":"https:\/\/api.w.org\/{rel}","templated":true}]}}