{"id":3735,"date":"2019-05-11T00:03:19","date_gmt":"2019-05-11T00:03:19","guid":{"rendered":"https:\/\/ayore.org\/?page_id=3735"},"modified":"2019-05-11T00:03:20","modified_gmt":"2019-05-11T00:03:20","slug":"dapure-yetaque-dupade-nanique","status":"publish","type":"page","link":"https:\/\/ayore.org\/ayo\/culture\/first-person-narratives\/dapure-yetaque-dupade-nanique\/","title":{"rendered":"Dapure\u0301 -Yetaque Dupade nanique"},"content":{"rendered":"\n<p><strong><em>J\u00e9 yatata yadode to iji de:&nbsp;&nbsp; <\/em><\/strong><\/p>\n\n\n\n<p>Que yadode d\u00e9ji m\u00f3ntedie to\nnanique; yadode jogadi ud\u00e9 Tobit\u00e9.<\/p>\n\n\n\n<p><strong><em>Yetaguipise Dupade nanique:<\/em><\/strong><\/p>\n\n\n\n<p><strong><em>&nbsp;&nbsp;&nbsp;&nbsp;&nbsp;&nbsp;&nbsp;&nbsp; <\/em><\/strong>Yetaque Dupade nanique, yetaguipis. Que yo yujodie\nchequei to go uje j\u0129rique ore irasique Dupade. Yetaque nanique, yetaguipis.<\/p>\n\n\n\n<p><strong><em>Yuj\u00e9 yabode: <\/em><\/strong><\/p>\n\n\n\n<p>Yuj\u00e9 yabode. Gare yabode uje\nyuj\u00e9 ore. <\/p>\n\n\n\n<p>Eva chojningame yu: \u201cDapur\u00e9 \u00e1,\n\u00bfadute Dupade Uruode a?\u201d<\/p>\n\n\n\n<p>Mu yojninga: \u201cEva, que yudute\nDupade ur\u00farique go. \u00cdjnoque Dupade.\u201d<\/p>\n\n\n\n<p>Eva nar\u00e1rome yu. Chojninga:\n\u201cAnire, Dapur\u00e9, \u00bfaraj\u00e1 ya uje Dupade cus, ga d\u00e9ji gat\u00e9?<\/p>\n\n\n\n<p>Mu yojninga: \u201cEva, yiraja \u00e3rie,\nmu que Dup\u00e1rique cuse go. \u00cdjnoque gat\u00e9; id\u00e1ja. Id\u00e1ja gat\u00e9 ga que Dup\u00e1rique cuse\ngo.\u201d<\/p>\n\n\n\n<p><strong><em>E yangureta Dupade: <\/em><\/strong><\/p>\n\n\n\n<p>&nbsp;Mu j\u00e9 ore chiraja to, chequed\u00ede, yujodie\nchequei ore, uje j\u00e9 upo uje yangureta Dupade to r\u0129 ica. Uje que ur\u00e9nga d\u00e9ji\nyajei. Ore t\u1e4dra yu aja yodi. Yojninga: \u201cYi jne ga yangureta Dupade to jne.\u201d\nGa e yangureta Dupade Abi ore.<\/p>\n\n\n\n<p><strong><em>E yicatec<\/em><\/strong><strong><em>\u00e3\u0301ri Dupade:<\/em><\/strong><strong><em><\/em><\/strong><\/p>\n\n\n\n<p>Se\u00f1ora Marina chojningame yu:\n\u201cDapur\u00e9 y\u00e1, \u00bfj\u00e9 areque a ujetiga acatec\u00e3\u0301ri Dupade?\u201d<\/p>\n\n\n\n<p>Yojninga: \u201cSe\u00f1ora Marina, j\u00e9\nareque, yicatec\u00e3\u0301ri jne.\u201d Ga e yicatec\u00e3\u0301ri.<\/p>\n\n\n\n<p>Chojningame yu: \u201cUeradipis ome\nyu uje bacatec\u00e3\u0301ri Dupade. Aya badode to jne. Ca ajepo babode jne r\u0129.\u201d<\/p>\n\n\n\n<p>Ga yiya. Yiya yadode. Yiya\nyadode ga yangureta Dupade; yanguretapise. Yangureta. Ga unere yui ome yu. Que\nyiya go Dupade Uruode go. <\/p>\n\n\n\n<p>A Se\u00f1ora Marina chudute jne\nudojo yuruode uje que yiya go. Se\u00f1ora Marina ujetiga a cho d\u00e1yugu re jne\nujetiga yiy\u00e1rasa. Mu a iras\u00e9 re uje chudute uje que yiya go Dupade ur\u00farique\ngo. Jecucha yicoi iji dom\u00edngo jne. Mu ejo iji te uje e yicopoi r\u0129 iji de\ns\u00e1bado. <\/p>\n\n\n\n<p><strong><em>Mu qu\u00e9 chequedie uyoque yipojn\u00e1ngo \u00f1ane iji\nyoquidai ud\u00e9:<\/em><\/strong><\/p>\n\n\n\n<p>Ejode ga Y\u00fani chojningame yu\nica: \u201cIt\u00e9 y\u00e1, arajayorase Dupade ur\u00farique. Jecucha uacapojn\u00e1\u00f1o chequed\u00ede. Gusu\nDavidat\u00e9 uje que pojna chequed\u00ede to go.\u201d <em>(2 Corintios 5:17)<\/em><em><\/em><\/p>\n\n\n\n<p>E gusu yuruode.<\/p>\n\n\n\n<p><em>Dapur\u00e9 \u2013 Tobit\u00e9, Bolivia \u2013 agosto de 1975<\/em><br><em>Marina de Morarie chur\u00fas\u00e3re Dapur\u00e9 uruode nanique<\/em><\/p>\n\n\n<div class=\"navigation\"><div class=\"alignleft\"><a href=\"https:\/\/ayore.org\/ayo\/culture\/first-person-narratives\/jomone-yipota-jeta-araja-yipesudode\/\"title=\"J\u00f3mone \u2013 Yipota jeta araja yipesudode\"><img loading=\"lazy\" decoding=\"async\" src=\"https:\/\/ayore.org\/wp-content\/uploads\/2018\/10\/left-arrow.png\" width=\"50\" height=\"48\" alt=\"left arrow\"><\/a><\/div><div class=\"alignright\"><a href=\"https:\/\/ayore.org\/ayo\/culture\/first-person-narratives\/lidiade-angoninguite-guesatigo\/\"title=\"L\u00eddiad\u00e9 \u2013 Angoninguite guesa\u0301tigo\"><img loading=\"lazy\" decoding=\"async\" src=\"https:\/\/ayore.org\/wp-content\/uploads\/2018\/10\/right-arrow.png\" width=\"50\" height=\"48\" alt=\"right arrow\"><\/a><\/div>\n","protected":false},"excerpt":{"rendered":"<p>J\u00e9 yatata yadode to iji de:&nbsp;&nbsp; Que yadode d\u00e9ji m\u00f3ntedie to nanique; yadode jogadi ud\u00e9 Tobit\u00e9. Yetaguipise Dupade nanique: &nbsp;&nbsp;&nbsp;&nbsp;&nbsp;&nbsp;&nbsp;&nbsp; Yetaque Dupade nanique, yetaguipis. Que yo yujodie chequei to go uje j\u0129rique ore irasique Dupade. Yetaque nanique, yetaguipis. Yuj\u00e9 yabode:<\/p>\n","protected":false},"author":5,"featured_media":0,"parent":705,"menu_order":0,"comment_status":"closed","ping_status":"closed","template":"","meta":{"footnotes":""},"class_list":["post-3735","page","type-page","status-publish","hentry"],"yoast_head":"<!-- This site is optimized with the Yoast SEO plugin v27.6 - https:\/\/yoast.com\/product\/yoast-seo-wordpress\/ -->\n<title>Dapure\u0301 -Yetaque Dupade nanique &#8226; AYOR\u00c9.ORG<\/title>\n<meta name=\"robots\" content=\"index, follow, max-snippet:-1, max-image-preview:large, max-video-preview:-1\" \/>\n<link rel=\"canonical\" href=\"https:\/\/ayore.org\/ayo\/culture\/first-person-narratives\/dapure-yetaque-dupade-nanique\/\" \/>\n<meta property=\"og:locale\" content=\"en_US\" \/>\n<meta property=\"og:type\" content=\"article\" \/>\n<meta property=\"og:title\" content=\"Dapure\u0301 -Yetaque Dupade nanique &#8226; AYOR\u00c9.ORG\" \/>\n<meta property=\"og:description\" content=\"J\u00e9 yatata yadode to iji de:&nbsp;&nbsp; Que yadode d\u00e9ji m\u00f3ntedie to nanique; yadode jogadi ud\u00e9 Tobit\u00e9. Yetaguipise Dupade nanique: &nbsp;&nbsp;&nbsp;&nbsp;&nbsp;&nbsp;&nbsp;&nbsp; Yetaque Dupade nanique, yetaguipis. Que yo yujodie chequei to go uje j\u0129rique ore irasique Dupade. Yetaque nanique, yetaguipis. Yuj\u00e9 yabode:\" \/>\n<meta property=\"og:url\" content=\"https:\/\/ayore.org\/ayo\/culture\/first-person-narratives\/dapure-yetaque-dupade-nanique\/\" \/>\n<meta property=\"og:site_name\" content=\"AYOR\u00c9.ORG\" \/>\n<meta property=\"article:modified_time\" content=\"2019-05-11T00:03:20+00:00\" \/>\n<meta name=\"twitter:card\" content=\"summary_large_image\" \/>\n<meta name=\"twitter:label1\" content=\"Est. reading time\" \/>\n\t<meta name=\"twitter:data1\" content=\"2 minutes\" \/>\n<script type=\"application\/ld+json\" class=\"yoast-schema-graph\">{\"@context\":\"https:\\\/\\\/schema.org\",\"@graph\":[{\"@type\":\"WebPage\",\"@id\":\"https:\\\/\\\/ayore.org\\\/ayo\\\/culture\\\/first-person-narratives\\\/dapure-yetaque-dupade-nanique\\\/\",\"url\":\"https:\\\/\\\/ayore.org\\\/ayo\\\/culture\\\/first-person-narratives\\\/dapure-yetaque-dupade-nanique\\\/\",\"name\":\"Dapure\u0301 -Yetaque Dupade nanique &#8226; AYOR\u00c9.ORG\",\"isPartOf\":{\"@id\":\"https:\\\/\\\/ayore.org\\\/#website\"},\"datePublished\":\"2019-05-11T00:03:19+00:00\",\"dateModified\":\"2019-05-11T00:03:20+00:00\",\"breadcrumb\":{\"@id\":\"https:\\\/\\\/ayore.org\\\/ayo\\\/culture\\\/first-person-narratives\\\/dapure-yetaque-dupade-nanique\\\/#breadcrumb\"},\"inLanguage\":\"ayo\",\"potentialAction\":[{\"@type\":\"ReadAction\",\"target\":[\"https:\\\/\\\/ayore.org\\\/ayo\\\/culture\\\/first-person-narratives\\\/dapure-yetaque-dupade-nanique\\\/\"]}]},{\"@type\":\"BreadcrumbList\",\"@id\":\"https:\\\/\\\/ayore.org\\\/ayo\\\/culture\\\/first-person-narratives\\\/dapure-yetaque-dupade-nanique\\\/#breadcrumb\",\"itemListElement\":[{\"@type\":\"ListItem\",\"position\":1,\"name\":\"Jogate bajai tu ude\u0301\",\"item\":\"https:\\\/\\\/ayore.org\\\/ayo\\\/\"},{\"@type\":\"ListItem\",\"position\":2,\"name\":\"Ayore\u0301ode adode, angurenone cucha ore\",\"item\":\"https:\\\/\\\/ayore.org\\\/ayo\\\/culture\\\/\"},{\"@type\":\"ListItem\",\"position\":3,\"name\":\"Ayore\u0301ode Gojn\u0303ane\",\"item\":\"https:\\\/\\\/ayore.org\\\/ayo\\\/culture\\\/first-person-narratives\\\/\"},{\"@type\":\"ListItem\",\"position\":4,\"name\":\"Dapure\u0301 -Yetaque Dupade nanique\"}]},{\"@type\":\"WebSite\",\"@id\":\"https:\\\/\\\/ayore.org\\\/#website\",\"url\":\"https:\\\/\\\/ayore.org\\\/\",\"name\":\"AYOR\u00c9.ORG\",\"description\":\"Ayore\u0301ode Uruode, Adode, Jnani bajade ati\u0301go ore \",\"potentialAction\":[{\"@type\":\"SearchAction\",\"target\":{\"@type\":\"EntryPoint\",\"urlTemplate\":\"https:\\\/\\\/ayore.org\\\/?s={search_term_string}\"},\"query-input\":{\"@type\":\"PropertyValueSpecification\",\"valueRequired\":true,\"valueName\":\"search_term_string\"}}],\"inLanguage\":\"ayo\"}]}<\/script>\n<!-- \/ Yoast SEO plugin. -->","yoast_head_json":{"title":"Dapure\u0301 -Yetaque Dupade nanique &#8226; AYOR\u00c9.ORG","robots":{"index":"index","follow":"follow","max-snippet":"max-snippet:-1","max-image-preview":"max-image-preview:large","max-video-preview":"max-video-preview:-1"},"canonical":"https:\/\/ayore.org\/ayo\/culture\/first-person-narratives\/dapure-yetaque-dupade-nanique\/","og_locale":"en_US","og_type":"article","og_title":"Dapure\u0301 -Yetaque Dupade nanique &#8226; AYOR\u00c9.ORG","og_description":"J\u00e9 yatata yadode to iji de:&nbsp;&nbsp; Que yadode d\u00e9ji m\u00f3ntedie to nanique; yadode jogadi ud\u00e9 Tobit\u00e9. Yetaguipise Dupade nanique: &nbsp;&nbsp;&nbsp;&nbsp;&nbsp;&nbsp;&nbsp;&nbsp; Yetaque Dupade nanique, yetaguipis. Que yo yujodie chequei to go uje j\u0129rique ore irasique Dupade. Yetaque nanique, yetaguipis. Yuj\u00e9 yabode:","og_url":"https:\/\/ayore.org\/ayo\/culture\/first-person-narratives\/dapure-yetaque-dupade-nanique\/","og_site_name":"AYOR\u00c9.ORG","article_modified_time":"2019-05-11T00:03:20+00:00","twitter_card":"summary_large_image","twitter_misc":{"Est. reading time":"2 minutes"},"schema":{"@context":"https:\/\/schema.org","@graph":[{"@type":"WebPage","@id":"https:\/\/ayore.org\/ayo\/culture\/first-person-narratives\/dapure-yetaque-dupade-nanique\/","url":"https:\/\/ayore.org\/ayo\/culture\/first-person-narratives\/dapure-yetaque-dupade-nanique\/","name":"Dapure\u0301 -Yetaque Dupade nanique &#8226; AYOR\u00c9.ORG","isPartOf":{"@id":"https:\/\/ayore.org\/#website"},"datePublished":"2019-05-11T00:03:19+00:00","dateModified":"2019-05-11T00:03:20+00:00","breadcrumb":{"@id":"https:\/\/ayore.org\/ayo\/culture\/first-person-narratives\/dapure-yetaque-dupade-nanique\/#breadcrumb"},"inLanguage":"ayo","potentialAction":[{"@type":"ReadAction","target":["https:\/\/ayore.org\/ayo\/culture\/first-person-narratives\/dapure-yetaque-dupade-nanique\/"]}]},{"@type":"BreadcrumbList","@id":"https:\/\/ayore.org\/ayo\/culture\/first-person-narratives\/dapure-yetaque-dupade-nanique\/#breadcrumb","itemListElement":[{"@type":"ListItem","position":1,"name":"Jogate bajai tu ude\u0301","item":"https:\/\/ayore.org\/ayo\/"},{"@type":"ListItem","position":2,"name":"Ayore\u0301ode adode, angurenone cucha ore","item":"https:\/\/ayore.org\/ayo\/culture\/"},{"@type":"ListItem","position":3,"name":"Ayore\u0301ode Gojn\u0303ane","item":"https:\/\/ayore.org\/ayo\/culture\/first-person-narratives\/"},{"@type":"ListItem","position":4,"name":"Dapure\u0301 -Yetaque Dupade nanique"}]},{"@type":"WebSite","@id":"https:\/\/ayore.org\/#website","url":"https:\/\/ayore.org\/","name":"AYOR\u00c9.ORG","description":"Ayore\u0301ode Uruode, Adode, Jnani bajade ati\u0301go ore ","potentialAction":[{"@type":"SearchAction","target":{"@type":"EntryPoint","urlTemplate":"https:\/\/ayore.org\/?s={search_term_string}"},"query-input":{"@type":"PropertyValueSpecification","valueRequired":true,"valueName":"search_term_string"}}],"inLanguage":"ayo"}]}},"_links":{"self":[{"href":"https:\/\/ayore.org\/ayo\/wp-json\/wp\/v2\/pages\/3735","targetHints":{"allow":["GET"]}}],"collection":[{"href":"https:\/\/ayore.org\/ayo\/wp-json\/wp\/v2\/pages"}],"about":[{"href":"https:\/\/ayore.org\/ayo\/wp-json\/wp\/v2\/types\/page"}],"author":[{"embeddable":true,"href":"https:\/\/ayore.org\/ayo\/wp-json\/wp\/v2\/users\/5"}],"replies":[{"embeddable":true,"href":"https:\/\/ayore.org\/ayo\/wp-json\/wp\/v2\/comments?post=3735"}],"version-history":[{"count":1,"href":"https:\/\/ayore.org\/ayo\/wp-json\/wp\/v2\/pages\/3735\/revisions"}],"predecessor-version":[{"id":3736,"href":"https:\/\/ayore.org\/ayo\/wp-json\/wp\/v2\/pages\/3735\/revisions\/3736"}],"up":[{"embeddable":true,"href":"https:\/\/ayore.org\/ayo\/wp-json\/wp\/v2\/pages\/705"}],"wp:attachment":[{"href":"https:\/\/ayore.org\/ayo\/wp-json\/wp\/v2\/media?parent=3735"}],"curies":[{"name":"wp","href":"https:\/\/api.w.org\/{rel}","templated":true}]}}