{"id":3732,"date":"2019-05-10T23:57:33","date_gmt":"2019-05-10T23:57:33","guid":{"rendered":"https:\/\/ayore.org\/?page_id=3732"},"modified":"2019-05-10T23:57:34","modified_gmt":"2019-05-10T23:57:34","slug":"dajunangue-yirasique-yujodie-chequei-ojn%cc%83ane","status":"publish","type":"page","link":"https:\/\/ayore.org\/ayo\/culture\/first-person-narratives\/dajunangue-yirasique-yujodie-chequei-ojn%cc%83ane\/","title":{"rendered":"Daju\u00f1angue &#8211; Yirasique yujodie chequei ojn\u0303ane"},"content":{"rendered":"\n<p><strong><em>Ore chatata da-testimonio iji yoquiquei:<\/em><\/strong><\/p>\n\n\n\n<p>Yiras\u00e9 yujodie chequei ore uje\nore chatata da-testimonio iji yoquiquei. Uje que yimo ujetiga yujodie Dupade\nanguretatoi uaque, uacaras\u00e9 ore to. Uje yiras\u00e9 uje ore chatata dadode. Yiras\u00e9\nyoque uje y\u00f5co y\u00f3gaja Dupade uruode. <\/p>\n\n\n\n<p><strong><em>Daju\u00f1angue abai c\u00e1ma changureta Dupade:<\/em><\/strong><\/p>\n\n\n\n<p>Enga araj\u00e1yo gotique, yujodie\nchequei uaque, uje yiras\u00e9 yu, mu que yirasepise yu go. Arajayope gotique,\nyujodie chequei, uje yiras\u00e9 yu mu que yirasepise yu go. Ujeta jec \u0169r\u00e9 ga\naraj\u00e1yo Dupade uruode. Yiras\u00e9 yu gu anire, yiras\u00e9 yu mu que yirasepise yu\ngotique; a j\u00e9 ca d\u00e9ji uaque to. Uje yiras\u00e9 yu mu uje yangureta Dupade ome\nyaj\u00e9ode. Mu an\u00edre, u yabai uje c\u00e1ma changureta Dupade to, ga u uje a que\nyirasepise yu go. Uerate jetiga yejn\u00e1ngo y\u00f3gaja Dupade Uruode &#8211; yabai, yabode uyoque.\n<\/p>\n\n\n\n<p>Jecucha yojninga ica: \u2018Yachopise\nPujn\u00facabi uje t\u1e4dra yoquipl\u00e1tadie ome *sig\u00e1sodie. A yingome yujodie Dupade\nanguretatoi ga yim\u00e1tagope u\u00f1ane ujetiga yatec\u00e3coi Dupade ome ut\u00e9, ga cha dorijnane\njne,\u2019 yojninga.<\/p>\n\n\n\n<p>A j\u00e9 ca yuj\u00f3raque chequ\u00e9 oyo yu\ngotique, uje yetaguipise sig\u00e1sodie uje ore chijna. Yitodop\u00edsa bor\u00e1cho yugode\nr\u0129. Que yipota jetiga u\u00f1eque id\u00f3gosi iji yu. <\/p>\n\n\n\n<p><strong><em>J\u00e9 ca aj\u00e9chome ujeta atat\u00e1yo uaca-testim\u00f3nio:<\/em><\/strong><\/p>\n\n\n\n<p>Uerate uje uacatat\u00e1yo uaca-testim\u00f3nio\niji de. Mu uerate ujetiga anire, ca aj\u00e9chome. Uacam\u00f3\u00f1o uje Satanas u uje p\u00e9su\nga aj\u00e9chome cuchade. P\u00e9su ga yoc\u00e1yipiedie cho quiy\u00edguiy\u00ed. Ch\u00e3raque Dupade\nuruode yui ome yoque gu. <\/p>\n\n\n\n<p>E yatata dir\u00edca iji ucacas\u00e9\nsem\u00e1na bajei cas\u00e9 uje udute uacajnomei dir\u00edca iji de guidai uje chi uacatatayo\nuaca-testim\u00f3nio, ga yirasique uacaruode. <\/p>\n\n\n\n<p>Ug\u00facoi er\u00e1mone dir\u00edca ga unere\nconferencia yui ome yu iji ujade. Yujnusina jetiga ug\u00fasi to mu que ug\u00fasi go, mu\nid\u00e1ja yu, mu Dupade u uje d\u00e9ji yajei.<\/p>\n\n\n\n<p><strong><em>Dupade gajn\u00faone u yocug\u00facha ichade:<\/em><\/strong><\/p>\n\n\n\n<p>A j\u00e9 ca cho uaque to uje Dupade\ngajn\u00faone u yocug\u00facha ichade jeta yicoi yocug\u00facharique ga yoquirasique\nyocug\u00facha ichai.<\/p>\n\n\n\n<p>E gusu yuruode mu yipota jetiga yicatec\u00e3\u0301ri Dupade ome uaque. Am\u00f3\u00f1o iji\ngat\u00e9 ga yicatec\u00e3\u0301ri Dupade ome yoque jne iji conferencia. E gusu yuruode,\nElena, mu yicatec\u00e3\u0301ri Dupade jne. <\/p>\n\n\n\n<p><strong>Daju\u00f1angue\ncatec\u00e3\u0301ri Dupade:<\/strong><\/p>\n\n\n\n<p>Yoque Dupade, yicatec\u00e3coi ua iji\nde vi\u00e9rnes uje yug\u00facoji conferencia ajei. Uje yacaranguip\u00edsome ua jeta d\u00ednique\ngajneri ga unere baruode yui tome yoque gajneri, yoque Dupade. Yoque Dupade,\nyocacaranguipis ome ua gajneri jeta \u00e1taja yoque gajneri, ga j\u00e9 ca yaj\u00e9jome baruode\niji banguretas\u00f3rone ore iquei jeta j\u00e9 \u0169repise yocanguretigai iji de, yoque\nDupade. J\u00e9 ca yaj\u00e9jome udore gajneri uje ore cana yoquib\u00e1yode, yoque Dupade. <\/p>\n\n\n\n<p>Yoque Dupade, yacaranguipis ome\nua uje barote y\u00f3guiji er\u00e1mone dir\u00edca iji yocajes\u00faode er\u00e1mio. Yug\u00facop\u00f3ji de r\u0129\njnese, jnanione ore uyoque. Yoque Dupade, jeta goto d\u00e9ji si\u00f1eque, jetiga c\u00e1ma\nunere baruode yui tome to gajneri, ga as\u00edome gajneri baruode, ga unere yui ome\nto gajneri, yoque Dupade. Gusu ua uje baruode cho cucha uner\u00e9jnane ome yoque,\nDupade. <\/p>\n\n\n\n<p>Yoque Dupade, yacaranguipis ome\nua gajneri jetiga \u00e1taja yoque gajneri jeta baruode qu\u1ebdra iji yoc\u00e1yipiedie\ngajneri. Ga ca yicad\u00edjoi yocacadis\u00f3rone acaditigade ome yoque gajneri, yoque\nDupade. Yoque Dupade bojninga: \u201cUjetiga uat\u00e9 goto chaj\u00e9ngome yu, ute gosi\nchaj\u00e9ngome yu, ga yaj\u00e9gome to jetiga yise jnumi.\u201d Chi bojninga nanique iji\ntaningane, yoque Dupade.<\/p>\n\n\n\n<p>Dupade, \u00e1taja yujodie chequei,\nuyoque to gajneri, ga uneripise baruode yui ome yoque gajneri, yoque Dupade.\nYiraj\u00e1go uje jiei yoque nanique uje yoco cucha bisideque iji baruode, mu que\nyiraj\u00e1go gotique gu, mu e yiraj\u00e1go uje que cucha bisideque ua gotique, yoque\nDupade. Yiraja uje baqueta togode nanique iji taningane, yoque Dupade. Que\nu\u00f1eque cuse gotique jeta chiqueta totique. Gusu ua uje baqueta togode nanique,\nyoque Dupade. <\/p>\n\n\n\n<p>Yoque Dupade, yacaranguipis ome\nua uje e baqueta Teresa, yoque Dupade. Bamo uje ejnaret\u00e9 dirica, mu baqueta,\nyoque Dupade. Que u\u00f1eque cuse ujetiga chiqueta ejnaret\u00e1tique; gusu ua uje\nbaqueta yoque. Yacaranguipis ome ua uje ud\u00faco baruode iji dirode jnese,\njnanione uyoque. <\/p>\n\n\n\n<p>Dupade, yicatec\u00e3\u0301ri ua ome bajnacari Jesucristo i. Amen.<\/p>\n\n\n\n<p>*sig\u00e1sodie &#8211;\ncigarillos<\/p>\n\n\n\n<p><em>Daju\u00f1angue \u2013 Tobit\u00e9, Bolivia \u2013 &nbsp;agosto de 1975<\/em><br><em>Marina de Morarie chur\u00fas\u00e3re Daju\u00f1angue uruode nanique<\/em><\/p>\n\n\n<div class=\"navigation\"><div class=\"alignleft\"><a href=\"https:\/\/ayore.org\/ayo\/culture\/first-person-narratives\/gayujna-ejode-ga-yiraja-uje-cucha-omi-cuse\/\"title=\"Gayujna &#8211; Ejode ga yiraja uje cucha omi cuse\"><img loading=\"lazy\" decoding=\"async\" src=\"https:\/\/ayore.org\/wp-content\/uploads\/2018\/10\/left-arrow.png\" width=\"50\" height=\"48\" alt=\"left arrow\"><\/a><\/div><div class=\"alignright\"><a href=\"https:\/\/ayore.org\/ayo\/culture\/first-person-narratives\/ucuetodacode-dejninga-ga-cucharique-a-chiqueta-raja-yu\/\"title=\"Ucueto\u0301daco\u0301de \u2013 Dejn\u00ednga ga cuch\u00e1rique a chiqueta raja yu\"><img loading=\"lazy\" decoding=\"async\" src=\"https:\/\/ayore.org\/wp-content\/uploads\/2018\/10\/right-arrow.png\" width=\"50\" height=\"48\" alt=\"right arrow\"><\/a><\/div>\n","protected":false},"excerpt":{"rendered":"<p>Ore chatata da-testimonio iji yoquiquei: Yiras\u00e9 yujodie chequei ore uje ore chatata da-testimonio iji yoquiquei. Uje que yimo ujetiga yujodie Dupade anguretatoi uaque, uacaras\u00e9 ore to. Uje yiras\u00e9 uje ore chatata dadode. Yiras\u00e9 yoque uje y\u00f5co y\u00f3gaja Dupade uruode. Daju\u00f1angue<\/p>\n","protected":false},"author":5,"featured_media":0,"parent":705,"menu_order":0,"comment_status":"closed","ping_status":"closed","template":"","meta":{"footnotes":""},"class_list":["post-3732","page","type-page","status-publish","hentry"],"yoast_head":"<!-- This site is optimized with the Yoast SEO plugin v27.4 - https:\/\/yoast.com\/product\/yoast-seo-wordpress\/ -->\n<title>Daju\u00f1angue - Yirasique yujodie chequei ojn\u0303ane &#8226; AYOR\u00c9.ORG<\/title>\n<meta name=\"robots\" content=\"index, follow, max-snippet:-1, max-image-preview:large, max-video-preview:-1\" \/>\n<link rel=\"canonical\" href=\"https:\/\/ayore.org\/ayo\/culture\/first-person-narratives\/dajunangue-yirasique-yujodie-chequei-ojn\u0303ane\/\" \/>\n<meta property=\"og:locale\" content=\"en_US\" \/>\n<meta property=\"og:type\" content=\"article\" \/>\n<meta property=\"og:title\" content=\"Daju\u00f1angue - Yirasique yujodie chequei ojn\u0303ane &#8226; AYOR\u00c9.ORG\" \/>\n<meta property=\"og:description\" content=\"Ore chatata da-testimonio iji yoquiquei: Yiras\u00e9 yujodie chequei ore uje ore chatata da-testimonio iji yoquiquei. Uje que yimo ujetiga yujodie Dupade anguretatoi uaque, uacaras\u00e9 ore to. Uje yiras\u00e9 uje ore chatata dadode. Yiras\u00e9 yoque uje y\u00f5co y\u00f3gaja Dupade uruode. Daju\u00f1angue\" \/>\n<meta property=\"og:url\" content=\"https:\/\/ayore.org\/ayo\/culture\/first-person-narratives\/dajunangue-yirasique-yujodie-chequei-ojn\u0303ane\/\" \/>\n<meta property=\"og:site_name\" content=\"AYOR\u00c9.ORG\" \/>\n<meta property=\"article:modified_time\" content=\"2019-05-10T23:57:34+00:00\" \/>\n<meta name=\"twitter:card\" content=\"summary_large_image\" \/>\n<meta name=\"twitter:label1\" content=\"Est. reading time\" \/>\n\t<meta name=\"twitter:data1\" content=\"4 minutes\" \/>\n<script type=\"application\/ld+json\" class=\"yoast-schema-graph\">{\"@context\":\"https:\\\/\\\/schema.org\",\"@graph\":[{\"@type\":\"WebPage\",\"@id\":\"https:\\\/\\\/ayore.org\\\/ayo\\\/culture\\\/first-person-narratives\\\/dajunangue-yirasique-yujodie-chequei-ojn%cc%83ane\\\/\",\"url\":\"https:\\\/\\\/ayore.org\\\/ayo\\\/culture\\\/first-person-narratives\\\/dajunangue-yirasique-yujodie-chequei-ojn%cc%83ane\\\/\",\"name\":\"Daju\u00f1angue - Yirasique yujodie chequei ojn\u0303ane &#8226; AYOR\u00c9.ORG\",\"isPartOf\":{\"@id\":\"https:\\\/\\\/ayore.org\\\/#website\"},\"datePublished\":\"2019-05-10T23:57:33+00:00\",\"dateModified\":\"2019-05-10T23:57:34+00:00\",\"breadcrumb\":{\"@id\":\"https:\\\/\\\/ayore.org\\\/ayo\\\/culture\\\/first-person-narratives\\\/dajunangue-yirasique-yujodie-chequei-ojn%cc%83ane\\\/#breadcrumb\"},\"inLanguage\":\"ayo\",\"potentialAction\":[{\"@type\":\"ReadAction\",\"target\":[\"https:\\\/\\\/ayore.org\\\/ayo\\\/culture\\\/first-person-narratives\\\/dajunangue-yirasique-yujodie-chequei-ojn%cc%83ane\\\/\"]}]},{\"@type\":\"BreadcrumbList\",\"@id\":\"https:\\\/\\\/ayore.org\\\/ayo\\\/culture\\\/first-person-narratives\\\/dajunangue-yirasique-yujodie-chequei-ojn%cc%83ane\\\/#breadcrumb\",\"itemListElement\":[{\"@type\":\"ListItem\",\"position\":1,\"name\":\"Jogate bajai tu ude\u0301\",\"item\":\"https:\\\/\\\/ayore.org\\\/ayo\\\/\"},{\"@type\":\"ListItem\",\"position\":2,\"name\":\"Ayore\u0301ode adode, angurenone cucha ore\",\"item\":\"https:\\\/\\\/ayore.org\\\/ayo\\\/culture\\\/\"},{\"@type\":\"ListItem\",\"position\":3,\"name\":\"Ayore\u0301ode Gojn\u0303ane\",\"item\":\"https:\\\/\\\/ayore.org\\\/ayo\\\/culture\\\/first-person-narratives\\\/\"},{\"@type\":\"ListItem\",\"position\":4,\"name\":\"Daju\u00f1angue &#8211; Yirasique yujodie chequei ojn\u0303ane\"}]},{\"@type\":\"WebSite\",\"@id\":\"https:\\\/\\\/ayore.org\\\/#website\",\"url\":\"https:\\\/\\\/ayore.org\\\/\",\"name\":\"AYOR\u00c9.ORG\",\"description\":\"Ayore\u0301ode Uruode, Adode, Jnani bajade ati\u0301go ore \",\"potentialAction\":[{\"@type\":\"SearchAction\",\"target\":{\"@type\":\"EntryPoint\",\"urlTemplate\":\"https:\\\/\\\/ayore.org\\\/?s={search_term_string}\"},\"query-input\":{\"@type\":\"PropertyValueSpecification\",\"valueRequired\":true,\"valueName\":\"search_term_string\"}}],\"inLanguage\":\"ayo\"}]}<\/script>\n<!-- \/ Yoast SEO plugin. -->","yoast_head_json":{"title":"Daju\u00f1angue - Yirasique yujodie chequei ojn\u0303ane &#8226; AYOR\u00c9.ORG","robots":{"index":"index","follow":"follow","max-snippet":"max-snippet:-1","max-image-preview":"max-image-preview:large","max-video-preview":"max-video-preview:-1"},"canonical":"https:\/\/ayore.org\/ayo\/culture\/first-person-narratives\/dajunangue-yirasique-yujodie-chequei-ojn\u0303ane\/","og_locale":"en_US","og_type":"article","og_title":"Daju\u00f1angue - Yirasique yujodie chequei ojn\u0303ane &#8226; AYOR\u00c9.ORG","og_description":"Ore chatata da-testimonio iji yoquiquei: Yiras\u00e9 yujodie chequei ore uje ore chatata da-testimonio iji yoquiquei. Uje que yimo ujetiga yujodie Dupade anguretatoi uaque, uacaras\u00e9 ore to. Uje yiras\u00e9 uje ore chatata dadode. Yiras\u00e9 yoque uje y\u00f5co y\u00f3gaja Dupade uruode. Daju\u00f1angue","og_url":"https:\/\/ayore.org\/ayo\/culture\/first-person-narratives\/dajunangue-yirasique-yujodie-chequei-ojn\u0303ane\/","og_site_name":"AYOR\u00c9.ORG","article_modified_time":"2019-05-10T23:57:34+00:00","twitter_card":"summary_large_image","twitter_misc":{"Est. reading time":"4 minutes"},"schema":{"@context":"https:\/\/schema.org","@graph":[{"@type":"WebPage","@id":"https:\/\/ayore.org\/ayo\/culture\/first-person-narratives\/dajunangue-yirasique-yujodie-chequei-ojn%cc%83ane\/","url":"https:\/\/ayore.org\/ayo\/culture\/first-person-narratives\/dajunangue-yirasique-yujodie-chequei-ojn%cc%83ane\/","name":"Daju\u00f1angue - Yirasique yujodie chequei ojn\u0303ane &#8226; AYOR\u00c9.ORG","isPartOf":{"@id":"https:\/\/ayore.org\/#website"},"datePublished":"2019-05-10T23:57:33+00:00","dateModified":"2019-05-10T23:57:34+00:00","breadcrumb":{"@id":"https:\/\/ayore.org\/ayo\/culture\/first-person-narratives\/dajunangue-yirasique-yujodie-chequei-ojn%cc%83ane\/#breadcrumb"},"inLanguage":"ayo","potentialAction":[{"@type":"ReadAction","target":["https:\/\/ayore.org\/ayo\/culture\/first-person-narratives\/dajunangue-yirasique-yujodie-chequei-ojn%cc%83ane\/"]}]},{"@type":"BreadcrumbList","@id":"https:\/\/ayore.org\/ayo\/culture\/first-person-narratives\/dajunangue-yirasique-yujodie-chequei-ojn%cc%83ane\/#breadcrumb","itemListElement":[{"@type":"ListItem","position":1,"name":"Jogate bajai tu ude\u0301","item":"https:\/\/ayore.org\/ayo\/"},{"@type":"ListItem","position":2,"name":"Ayore\u0301ode adode, angurenone cucha ore","item":"https:\/\/ayore.org\/ayo\/culture\/"},{"@type":"ListItem","position":3,"name":"Ayore\u0301ode Gojn\u0303ane","item":"https:\/\/ayore.org\/ayo\/culture\/first-person-narratives\/"},{"@type":"ListItem","position":4,"name":"Daju\u00f1angue &#8211; Yirasique yujodie chequei ojn\u0303ane"}]},{"@type":"WebSite","@id":"https:\/\/ayore.org\/#website","url":"https:\/\/ayore.org\/","name":"AYOR\u00c9.ORG","description":"Ayore\u0301ode Uruode, Adode, Jnani bajade ati\u0301go ore ","potentialAction":[{"@type":"SearchAction","target":{"@type":"EntryPoint","urlTemplate":"https:\/\/ayore.org\/?s={search_term_string}"},"query-input":{"@type":"PropertyValueSpecification","valueRequired":true,"valueName":"search_term_string"}}],"inLanguage":"ayo"}]}},"_links":{"self":[{"href":"https:\/\/ayore.org\/ayo\/wp-json\/wp\/v2\/pages\/3732","targetHints":{"allow":["GET"]}}],"collection":[{"href":"https:\/\/ayore.org\/ayo\/wp-json\/wp\/v2\/pages"}],"about":[{"href":"https:\/\/ayore.org\/ayo\/wp-json\/wp\/v2\/types\/page"}],"author":[{"embeddable":true,"href":"https:\/\/ayore.org\/ayo\/wp-json\/wp\/v2\/users\/5"}],"replies":[{"embeddable":true,"href":"https:\/\/ayore.org\/ayo\/wp-json\/wp\/v2\/comments?post=3732"}],"version-history":[{"count":2,"href":"https:\/\/ayore.org\/ayo\/wp-json\/wp\/v2\/pages\/3732\/revisions"}],"predecessor-version":[{"id":3734,"href":"https:\/\/ayore.org\/ayo\/wp-json\/wp\/v2\/pages\/3732\/revisions\/3734"}],"up":[{"embeddable":true,"href":"https:\/\/ayore.org\/ayo\/wp-json\/wp\/v2\/pages\/705"}],"wp:attachment":[{"href":"https:\/\/ayore.org\/ayo\/wp-json\/wp\/v2\/media?parent=3732"}],"curies":[{"name":"wp","href":"https:\/\/api.w.org\/{rel}","templated":true}]}}