{"id":3687,"date":"2019-05-09T17:17:53","date_gmt":"2019-05-09T17:17:53","guid":{"rendered":"https:\/\/ayore.org\/?page_id=3687"},"modified":"2019-05-09T17:25:44","modified_gmt":"2019-05-09T17:25:44","slug":"cotate-e-ye%cc%83ra-yu-to-ome-dupade","status":"publish","type":"page","link":"https:\/\/ayore.org\/ayo\/culture\/first-person-narratives\/cotate-e-ye%cc%83ra-yu-to-ome-dupade\/","title":{"rendered":"Co\u0301tade &#8211; E ye\u0303ra yu to ome Dupade"},"content":{"rendered":"\n<p><strong><em>Cotade chojninga<\/em><\/strong><strong>:<\/strong><\/p>\n\n\n\n<p>Yipota jetiga yisi ome yu ome\nDupade to. E y\u1ebdra yu to. (<em>Romanos 12:1)<\/em><\/p>\n\n\n\n<p><strong><em>Co\u0301tade chatata uje ore t\u1e4draja yodi nanique: <\/em><\/strong><\/p>\n\n\n\n<p>Que\nyicad\u00edgui go uje don Juan <em>(Howard\nMorarie)<\/em>, Germ\u00e1n (<em>Sherman Miller) <\/em>ore\nchaca yedodie iji yodi nanique. Yirasique Dupade Uruode to. <\/p>\n\n\n\n<p><strong><em>Chatata\nuje detei d\u00e9ji re:<\/em><\/strong><\/p>\n\n\n\n<p>Mu\nyetei d\u00e9ji yu uje que yicatec\u00e3\u0301ri Dupade to go. Yirasique Dupade Uruode to. Mu que yicatec\u00e3\u0301rip\u00edsi\nDupade to go, mu yirasique, mu ejoi ud\u00e9 u uje e y\u1ebdra yu to ome Dupade. Yipota\njetiga e gues\u00e1ja yui to. Yipota jetiga e gues\u00e1ja Dupade yui ome yu to. Uje e\ny\u1ebdra yu. E y\u1ebdra yu ome Dupade yuruode to. Yirasique Dupade uruode to. <\/p>\n\n\n\n<p>Uje yetaque gu uje que\nyicatec\u00e3\u0301ri Dupade to, mu ejoi ud\u00e9 u uje e y\u1ebdra yu to ome Dupade. Jecucha\nyicatec\u00e3coi Dupade nanique, mu ejoi ud\u00e9 dir\u00edca ga, que yicatec\u00e3r\u00e1poi Dupade to\nr\u0129. Mu ejoi upo r\u0129 ga e y\u1ebdra yu. Y\u1ebdra yu ome Dupade Uruode to iji de ejoi.\nIpota gu jeta gues\u00e1ja gadoi to ome Dupade. Yipota jetiga j\u00e9 Dupade su\u00e9 iji\nyajei to jne. <\/p>\n\n\n\n<p><strong><em>Chatata uje abai chetaque uje chic\u00e1ji conferenciadie:<\/em><\/strong><\/p>\n\n\n\n<p><em>Ujai<\/em> jecucha\nchetaque yu ome ica uje yijo <em>conferencia<\/em>,\nmu yojninga: \u201cQue uyu ua go, uje unej\u00e1ngue yu, ga yijo.\u201d<\/p>\n\n\n\n<p>&nbsp;Mu <em>Ujai <\/em>potar\u00e1sa\nica ga chic\u00e1ji <em>conferencia<\/em> to. Que\npota to iji ejode udojo mu a d\u00e9ji to jne. D\u00e9ji d\u00ednique to jeta pota Dupade Uruode\nto. E pota to gu. A iras\u00e9 to jne. E pota igl\u00e9sia gu jetiga e chise ajei.\nChetaque ica mu e pota to. <\/p>\n\n\n\n<p><strong><em>Cotade e iras\u00e9 re:<\/em><\/strong><\/p>\n\n\n\n<p>Que yet\u00e9tique cuse go iji\nDupade. Yirasiguipise. Cham\u00e1\u00f1aje e yicatec\u00e3\u0301ri gu. <em>(Santiago\n4:8)<\/em><\/p>\n\n\n\n<p>E gusu.<em><\/em><\/p>\n\n\n\n<p><em>Co\u0301tade \u2013 Tobit\u00e9, Bolivia \u2013 1975<\/em><br><em>Marina de Morarie chur\u00fas\u00e3re Co\u0301tade uruode udojo nanique<\/em><\/p>\n\n\n<div class=\"navigation\"><div class=\"alignleft\"><a href=\"https:\/\/ayore.org\/ayo\/culture\/first-person-narratives\/ucuetodacode-dejninga-ga-cucharique-a-chiqueta-raja-yu\/\"title=\"Ucueto\u0301daco\u0301de \u2013 Dejn\u00ednga ga cuch\u00e1rique a chiqueta raja yu\"><img loading=\"lazy\" decoding=\"async\" src=\"https:\/\/ayore.org\/wp-content\/uploads\/2018\/10\/left-arrow.png\" width=\"50\" height=\"48\" alt=\"left arrow\"><\/a><\/div><div class=\"alignright\"><a href=\"https:\/\/ayore.org\/ayo\/culture\/foods\/\"title=\"Ayore\u0301ode Posode\"><img loading=\"lazy\" decoding=\"async\" src=\"https:\/\/ayore.org\/wp-content\/uploads\/2018\/10\/right-arrow.png\" width=\"50\" height=\"48\" alt=\"right arrow\"><\/a><\/div>\n","protected":false},"excerpt":{"rendered":"<p>Cotade chojninga: Yipota jetiga yisi ome yu ome Dupade to. E y\u1ebdra yu to. (Romanos 12:1) Co\u0301tade chatata uje ore t\u1e4draja yodi nanique: Que yicad\u00edgui go uje don Juan (Howard Morarie), Germ\u00e1n (Sherman Miller) ore chaca yedodie iji yodi nanique.<\/p>\n","protected":false},"author":5,"featured_media":0,"parent":705,"menu_order":0,"comment_status":"closed","ping_status":"closed","template":"","meta":{"footnotes":""},"class_list":["post-3687","page","type-page","status-publish","hentry"],"yoast_head":"<!-- This site is optimized with the Yoast SEO plugin v27.4 - https:\/\/yoast.com\/product\/yoast-seo-wordpress\/ -->\n<title>Co\u0301tade - E ye\u0303ra yu to ome Dupade &#8226; AYOR\u00c9.ORG<\/title>\n<meta name=\"robots\" content=\"index, follow, max-snippet:-1, max-image-preview:large, max-video-preview:-1\" \/>\n<link rel=\"canonical\" href=\"https:\/\/ayore.org\/ayo\/culture\/first-person-narratives\/cotate-e-ye\u0303ra-yu-to-ome-dupade\/\" \/>\n<meta property=\"og:locale\" content=\"en_US\" \/>\n<meta property=\"og:type\" content=\"article\" \/>\n<meta property=\"og:title\" content=\"Co\u0301tade - E ye\u0303ra yu to ome Dupade &#8226; AYOR\u00c9.ORG\" \/>\n<meta property=\"og:description\" content=\"Cotade chojninga: Yipota jetiga yisi ome yu ome Dupade to. E y\u1ebdra yu to. (Romanos 12:1) Co\u0301tade chatata uje ore t\u1e4draja yodi nanique: Que yicad\u00edgui go uje don Juan (Howard Morarie), Germ\u00e1n (Sherman Miller) ore chaca yedodie iji yodi nanique.\" \/>\n<meta property=\"og:url\" content=\"https:\/\/ayore.org\/ayo\/culture\/first-person-narratives\/cotate-e-ye\u0303ra-yu-to-ome-dupade\/\" \/>\n<meta property=\"og:site_name\" content=\"AYOR\u00c9.ORG\" \/>\n<meta property=\"article:modified_time\" content=\"2019-05-09T17:25:44+00:00\" \/>\n<meta name=\"twitter:card\" content=\"summary_large_image\" \/>\n<meta name=\"twitter:label1\" content=\"Est. reading time\" \/>\n\t<meta name=\"twitter:data1\" content=\"2 minutes\" \/>\n<script type=\"application\/ld+json\" class=\"yoast-schema-graph\">{\"@context\":\"https:\\\/\\\/schema.org\",\"@graph\":[{\"@type\":\"WebPage\",\"@id\":\"https:\\\/\\\/ayore.org\\\/ayo\\\/culture\\\/first-person-narratives\\\/cotate-e-ye%cc%83ra-yu-to-ome-dupade\\\/\",\"url\":\"https:\\\/\\\/ayore.org\\\/ayo\\\/culture\\\/first-person-narratives\\\/cotate-e-ye%cc%83ra-yu-to-ome-dupade\\\/\",\"name\":\"Co\u0301tade - E ye\u0303ra yu to ome Dupade &#8226; AYOR\u00c9.ORG\",\"isPartOf\":{\"@id\":\"https:\\\/\\\/ayore.org\\\/#website\"},\"datePublished\":\"2019-05-09T17:17:53+00:00\",\"dateModified\":\"2019-05-09T17:25:44+00:00\",\"breadcrumb\":{\"@id\":\"https:\\\/\\\/ayore.org\\\/ayo\\\/culture\\\/first-person-narratives\\\/cotate-e-ye%cc%83ra-yu-to-ome-dupade\\\/#breadcrumb\"},\"inLanguage\":\"ayo\",\"potentialAction\":[{\"@type\":\"ReadAction\",\"target\":[\"https:\\\/\\\/ayore.org\\\/ayo\\\/culture\\\/first-person-narratives\\\/cotate-e-ye%cc%83ra-yu-to-ome-dupade\\\/\"]}]},{\"@type\":\"BreadcrumbList\",\"@id\":\"https:\\\/\\\/ayore.org\\\/ayo\\\/culture\\\/first-person-narratives\\\/cotate-e-ye%cc%83ra-yu-to-ome-dupade\\\/#breadcrumb\",\"itemListElement\":[{\"@type\":\"ListItem\",\"position\":1,\"name\":\"Jogate bajai tu ude\u0301\",\"item\":\"https:\\\/\\\/ayore.org\\\/ayo\\\/\"},{\"@type\":\"ListItem\",\"position\":2,\"name\":\"Ayore\u0301ode adode, angurenone cucha ore\",\"item\":\"https:\\\/\\\/ayore.org\\\/ayo\\\/culture\\\/\"},{\"@type\":\"ListItem\",\"position\":3,\"name\":\"Ayore\u0301ode Gojn\u0303ane\",\"item\":\"https:\\\/\\\/ayore.org\\\/ayo\\\/culture\\\/first-person-narratives\\\/\"},{\"@type\":\"ListItem\",\"position\":4,\"name\":\"Co\u0301tade &#8211; E ye\u0303ra yu to ome Dupade\"}]},{\"@type\":\"WebSite\",\"@id\":\"https:\\\/\\\/ayore.org\\\/#website\",\"url\":\"https:\\\/\\\/ayore.org\\\/\",\"name\":\"AYOR\u00c9.ORG\",\"description\":\"Ayore\u0301ode Uruode, Adode, Jnani bajade ati\u0301go ore \",\"potentialAction\":[{\"@type\":\"SearchAction\",\"target\":{\"@type\":\"EntryPoint\",\"urlTemplate\":\"https:\\\/\\\/ayore.org\\\/?s={search_term_string}\"},\"query-input\":{\"@type\":\"PropertyValueSpecification\",\"valueRequired\":true,\"valueName\":\"search_term_string\"}}],\"inLanguage\":\"ayo\"}]}<\/script>\n<!-- \/ Yoast SEO plugin. -->","yoast_head_json":{"title":"Co\u0301tade - E ye\u0303ra yu to ome Dupade &#8226; AYOR\u00c9.ORG","robots":{"index":"index","follow":"follow","max-snippet":"max-snippet:-1","max-image-preview":"max-image-preview:large","max-video-preview":"max-video-preview:-1"},"canonical":"https:\/\/ayore.org\/ayo\/culture\/first-person-narratives\/cotate-e-ye\u0303ra-yu-to-ome-dupade\/","og_locale":"en_US","og_type":"article","og_title":"Co\u0301tade - E ye\u0303ra yu to ome Dupade &#8226; AYOR\u00c9.ORG","og_description":"Cotade chojninga: Yipota jetiga yisi ome yu ome Dupade to. E y\u1ebdra yu to. (Romanos 12:1) Co\u0301tade chatata uje ore t\u1e4draja yodi nanique: Que yicad\u00edgui go uje don Juan (Howard Morarie), Germ\u00e1n (Sherman Miller) ore chaca yedodie iji yodi nanique.","og_url":"https:\/\/ayore.org\/ayo\/culture\/first-person-narratives\/cotate-e-ye\u0303ra-yu-to-ome-dupade\/","og_site_name":"AYOR\u00c9.ORG","article_modified_time":"2019-05-09T17:25:44+00:00","twitter_card":"summary_large_image","twitter_misc":{"Est. reading time":"2 minutes"},"schema":{"@context":"https:\/\/schema.org","@graph":[{"@type":"WebPage","@id":"https:\/\/ayore.org\/ayo\/culture\/first-person-narratives\/cotate-e-ye%cc%83ra-yu-to-ome-dupade\/","url":"https:\/\/ayore.org\/ayo\/culture\/first-person-narratives\/cotate-e-ye%cc%83ra-yu-to-ome-dupade\/","name":"Co\u0301tade - E ye\u0303ra yu to ome Dupade &#8226; AYOR\u00c9.ORG","isPartOf":{"@id":"https:\/\/ayore.org\/#website"},"datePublished":"2019-05-09T17:17:53+00:00","dateModified":"2019-05-09T17:25:44+00:00","breadcrumb":{"@id":"https:\/\/ayore.org\/ayo\/culture\/first-person-narratives\/cotate-e-ye%cc%83ra-yu-to-ome-dupade\/#breadcrumb"},"inLanguage":"ayo","potentialAction":[{"@type":"ReadAction","target":["https:\/\/ayore.org\/ayo\/culture\/first-person-narratives\/cotate-e-ye%cc%83ra-yu-to-ome-dupade\/"]}]},{"@type":"BreadcrumbList","@id":"https:\/\/ayore.org\/ayo\/culture\/first-person-narratives\/cotate-e-ye%cc%83ra-yu-to-ome-dupade\/#breadcrumb","itemListElement":[{"@type":"ListItem","position":1,"name":"Jogate bajai tu ude\u0301","item":"https:\/\/ayore.org\/ayo\/"},{"@type":"ListItem","position":2,"name":"Ayore\u0301ode adode, angurenone cucha ore","item":"https:\/\/ayore.org\/ayo\/culture\/"},{"@type":"ListItem","position":3,"name":"Ayore\u0301ode Gojn\u0303ane","item":"https:\/\/ayore.org\/ayo\/culture\/first-person-narratives\/"},{"@type":"ListItem","position":4,"name":"Co\u0301tade &#8211; E ye\u0303ra yu to ome Dupade"}]},{"@type":"WebSite","@id":"https:\/\/ayore.org\/#website","url":"https:\/\/ayore.org\/","name":"AYOR\u00c9.ORG","description":"Ayore\u0301ode Uruode, Adode, Jnani bajade ati\u0301go ore ","potentialAction":[{"@type":"SearchAction","target":{"@type":"EntryPoint","urlTemplate":"https:\/\/ayore.org\/?s={search_term_string}"},"query-input":{"@type":"PropertyValueSpecification","valueRequired":true,"valueName":"search_term_string"}}],"inLanguage":"ayo"}]}},"_links":{"self":[{"href":"https:\/\/ayore.org\/ayo\/wp-json\/wp\/v2\/pages\/3687","targetHints":{"allow":["GET"]}}],"collection":[{"href":"https:\/\/ayore.org\/ayo\/wp-json\/wp\/v2\/pages"}],"about":[{"href":"https:\/\/ayore.org\/ayo\/wp-json\/wp\/v2\/types\/page"}],"author":[{"embeddable":true,"href":"https:\/\/ayore.org\/ayo\/wp-json\/wp\/v2\/users\/5"}],"replies":[{"embeddable":true,"href":"https:\/\/ayore.org\/ayo\/wp-json\/wp\/v2\/comments?post=3687"}],"version-history":[{"count":2,"href":"https:\/\/ayore.org\/ayo\/wp-json\/wp\/v2\/pages\/3687\/revisions"}],"predecessor-version":[{"id":3690,"href":"https:\/\/ayore.org\/ayo\/wp-json\/wp\/v2\/pages\/3687\/revisions\/3690"}],"up":[{"embeddable":true,"href":"https:\/\/ayore.org\/ayo\/wp-json\/wp\/v2\/pages\/705"}],"wp:attachment":[{"href":"https:\/\/ayore.org\/ayo\/wp-json\/wp\/v2\/media?parent=3687"}],"curies":[{"name":"wp","href":"https:\/\/api.w.org\/{rel}","templated":true}]}}