{"id":354,"date":"2018-07-14T00:28:50","date_gmt":"2018-07-14T00:28:50","guid":{"rendered":"https:\/\/ayore.org\/?page_id=354"},"modified":"2019-02-14T19:34:02","modified_gmt":"2019-02-14T19:34:02","slug":"cajoide-las-cosas-que-suceden-para-traer-el-pajaro","status":"publish","type":"page","link":"https:\/\/ayore.org\/ayo\/culture\/beliefs\/cajoide-las-cosas-que-suceden-para-traer-el-pajaro\/","title":{"rendered":"Cajoid\u00e9 &#8211; Chug\u00fap\u1ebdre ijnang\u00f3rone u"},"content":{"rendered":"<p><strong>Chug\u00fap\u1ebdre gajn\u00e9one cucha &#8211;\u00a0<\/strong><\/p>\n<p>Ore chiraja chug\u00fap\u1ebdre ijnang\u00f3rone ome guedoside; u\u00a0uje deyade d\u00e9ji gat\u00f3coro ga chug\u00fap\u1ebdre poringai u. U to uje:<strong><em>\u00a0 \u00a0<\/em><\/strong><\/p>\n<ul>\n<li>Pore gat\u00f3idie ore p\u00e9su re ga chug\u00fap\u1ebdre poringai u.<\/li>\n<li>Deyade d\u00e9ji gat\u00f3coro.<\/li>\n<li>Buri\u00e1bia cho \u00a1buria-buria!<\/li>\n<li>Pucatiajnane ore po to.<\/li>\n<li>Poj\u00edode to\u0303\u0301raji dagu\u00edjnane ga changu\u00f1era raja dagu\u00edjnane ejode.<\/li>\n<li>Darade base to iji chug\u00fap\u1ebdre poringai. Chisa poridie caning\u00f3ronie. Chiro datomini.<\/li>\n<\/ul>\n<p>(<em>Cajoide<\/em> cho quique: \u201cYocajminone u udore, cuchade udore; uje tocade ga yiraj\u00e1go uje chug\u00fap\u1ebdre ijnang\u00f3rone u. Ore tocade bajac.\u201d)<\/p>\n<p>(<em>Cajoide<\/em> cho quique: \u201cGatomini chisa ti ga j\u00e9 u\u00f1ieque.\u201d)<\/p>\n<p><strong><em>Iyatade adode u udojo:<\/em><\/strong><\/p>\n<p>Jnanione ore dayode u iyatade. Iyatade ore narare ore gai uje ore chajna guesi iji taningap\u00edsi. Ore chojninga: \u201c\u00c3rij\u00ed\u00f1o ga ajn\u00e1\u00f1o uat\u00e9 aja guesi ga am\u00e1cho to jne,\u00a0 ga yoco paraque to jne.\u201d<\/p>\n<p>Uyat\u00e1gode que ore taguiji er\u00e1mi. Yoquit\u00f3di u jeta ayor\u00e9rique cho paraque ga chipese dotique cutepec ga chuj\u00e9 ayor\u00e9rique.<\/p>\n<p>Iyatade ore charo doridie iji deg\u00fai. Ore ch\u00e1cariji mu uje dir\u00edpise ga quene ore jno to ome dabatigai ga ore chipese d\u00f3dode iji er\u00e1mi. Ore ch\u00f3ji chic\u00f3rone ga subud\u00e9 ore iji er\u00e1mi, iyatade.<\/p>\n<p>Jnacarode uyatac ore ga que ore tac iji der\u00e9jnai tud\u00e9. Ga ore di iji gat\u00f3coro. Mu u\u00f1ane j\u0129raque ore chijno cut\u00e9rone ga ore di bu. Ore chijna re aja eram\u00fani.<\/p>\n<p>Ga iyatade chaquesu ore ome daj\u0169rururite. Yoquer\u00e1s\u00f5ri tu daj\u0169rururite. Uje iyatai chaquesu gosi ga ut\u00e9 e ch\u00f3ji yodi iji cucoi ajei. Mu ore ch\u00f3jne ome dabogoro bajai, uyap\u00eddi gajnei u gu. Ga e ore ch\u00f3jip\u00edse.<\/p>\n<p>Iyatade ore p\u00e9su cucoi ga chich\u00e1ji dap\u00e1cadi, dajap\u00eddi. Ga e om\u00e9 ore uje ore ch\u00f3jipis. Ga quigade enga chijmo doridie to.<\/p>\n<p>Mu c\u00e1ma ore t\u00f5ra daj\u0169rurui. Qu\u00e9 ore sase gu uyatade. Iyatai chich\u00e1ji d\u00e1di ome di ejode. Ore chuj\u00e9 ore chaqui <em>jnac, jnac, jnac<\/em> ome daj\u0169rururui.<\/p>\n<p>Ga chequed\u00ede ore charo dameranie ome dabai. Chequed\u00ede ore chojningame dabode: \u201cBay\u00e9 gajnenie de diji. Asi ome.\u201d<\/p>\n<p>Ayor\u00e9 u\u00f1a charo dameranie ome dabai ga tagu p\u00f3siode. Ga abai di, a dat\u00e9 chojningame dabi: \u201cBe yip\u00f3siode ga bay\u00e9 tagu jne.\u201d<\/p>\n<p>Iji taningap\u00edsi ga ore chijna pucuguedie aja guesi ga ore chiqueta piogode iji gued\u00e9 cacadi yui ga ore tur\u00faa. Ore chojninga: \u201cCa yibor\u00e1rique ca pir\u00e1gome yu, Chug\u00fap\u1ebdre Cuchab\u00e9raque.\u201d Ore chij\u00f3cha chug\u00fap\u1ebdre ajei \u00fadi uje ore tur\u00faa gueguerade.<\/p>\n<p>Ore chic\u00e1ji. Ga ore tuj\u00fanapo danochade r\u0129, j\u00e9 aja ore ayode, j\u00e9 aja potayedie, j\u00e9 aja ore c\u00f3bidie, ore ibotadie. Uje iyataque cho pot\u00edrique ga qu\u00e9 turuapo dabai te r\u0129. Ore chap\u00fasaja.<\/p>\n<p>Uje cut\u00e9rone su\u00e9 yoquibai ga iyatade ore chijmare. Ore n\u00e1ja cat\u00f3jaraque u\u00f1\u00e1raque. Ga e ore t\u00f5ra detep\u00eddode, ga chug\u00fap\u1ebdre iborade u. Asojna ibora su\u00e9 yoquibai. U\u00f1ane suse guio, j\u00e9 u\u00f1ane que suse guio.<\/p>\n<p>Ga iyatade ore cha chaquesu uyatade ga j\u00e9 u uje ore t\u00f5ra daj\u0169rurururit. Ore t\u00f5\u0301raja guedo (guedo\u0301gosode) gai, acor\u00e3cabi (este-noreste).\u00a0 Ga e yibota\u0301co dab\u0169rururit jnese.<\/p>\n<p>(Mu chequed\u00ede ore cho paraque uje ore todo gu.)<\/p>\n<p>Mu ore bot\u00e3re ga ore cho \u00a1<em>jei-jei-jei<\/em>! Ore chejna dire chojmarai guesi. Gued\u00e9 doi ti.<\/p>\n<p>Yucuegoi gaj\u00f1onie uje yiraj\u00e1go uje gu\u00e9 tagu er\u00e1mio ga gaj\u00f1onie d\u00e9ji er\u00e1mi. \u201cArocho yui,\u201d ore chojninga.<\/p>\n<p>Ga yejn\u00e1ngo guesi jne, enga dimane yogome to jeta yim\u00e1co ga yoco paraque to jne.<\/p>\n<p>Ga arei ga yap\u00facoja jogadi uje yiraj\u00e1go uje que yotique d\u00e9ji er\u00e1mi ga yij\u00f3chago chic\u00f3rone ga yim\u00e1co gu chic\u00f3rone.<\/p>\n<p><em>Cajoide \u2013 Campo Loro, Paraguay \u2013 1985.<\/em><\/p>\n<p><em>Marina de Morarie chur\u00fas\u00e3re Cajoide atatagode udojo nanique.<\/em><\/p>\n<div class=\"navigation\"><div class=\"alignleft\"><a href=\"https:\/\/ayore.org\/ayo\/culture\/beliefs\/\"title=\"Ayore\u0301ode Anguretigade Cucha\"><img loading=\"lazy\" decoding=\"async\" src=\"https:\/\/ayore.org\/wp-content\/uploads\/2018\/10\/left-arrow.png\" width=\"50\" height=\"48\" alt=\"left arrow\"><\/a><\/div><div class=\"alignright\"><a href=\"https:\/\/ayore.org\/ayo\/culture\/beliefs\/iquede-dupade-esta-en-todas-partes-a-nuestro-alrededor\/\"title=\"Iquede\u0301 &#8211; Dupade u gued\u00e9 uat\u00e9\"><img loading=\"lazy\" decoding=\"async\" src=\"https:\/\/ayore.org\/wp-content\/uploads\/2018\/10\/right-arrow.png\" width=\"50\" height=\"48\" alt=\"right arrow\"><\/a><\/div>\n","protected":false},"excerpt":{"rendered":"<p>Chug\u00fap\u1ebdre gajn\u00e9one cucha &#8211;\u00a0 Ore chiraja chug\u00fap\u1ebdre ijnang\u00f3rone ome guedoside; u\u00a0uje deyade d\u00e9ji gat\u00f3coro ga chug\u00fap\u1ebdre poringai u. U to uje:\u00a0 \u00a0 Pore gat\u00f3idie ore p\u00e9su re ga chug\u00fap\u1ebdre poringai u. Deyade d\u00e9ji gat\u00f3coro. Buri\u00e1bia cho \u00a1buria-buria! Pucatiajnane ore po<\/p>\n","protected":false},"author":2,"featured_media":0,"parent":703,"menu_order":0,"comment_status":"closed","ping_status":"closed","template":"","meta":{"footnotes":""},"class_list":["post-354","page","type-page","status-publish","hentry"],"yoast_head":"<!-- This site is optimized with the Yoast SEO plugin v27.4 - https:\/\/yoast.com\/product\/yoast-seo-wordpress\/ -->\n<title>Ayore\u0301ode Anguretigade Cucha: Chug\u00fap\u1ebdre Ijnang\u00f3rone U \u2022 Ayore.org<\/title>\n<meta name=\"robots\" content=\"index, follow, max-snippet:-1, max-image-preview:large, max-video-preview:-1\" \/>\n<link rel=\"canonical\" href=\"https:\/\/ayore.org\/ayo\/culture\/beliefs\/cajoide-las-cosas-que-suceden-para-traer-el-pajaro\/\" \/>\n<meta property=\"og:locale\" content=\"en_US\" \/>\n<meta property=\"og:type\" content=\"article\" \/>\n<meta property=\"og:title\" content=\"Ayore\u0301ode Anguretigade Cucha: Chug\u00fap\u1ebdre Ijnang\u00f3rone U \u2022 Ayore.org\" \/>\n<meta property=\"og:description\" content=\"Chug\u00fap\u1ebdre gajn\u00e9one cucha &#8211;\u00a0 Ore chiraja chug\u00fap\u1ebdre ijnang\u00f3rone ome guedoside; u\u00a0uje deyade d\u00e9ji gat\u00f3coro ga chug\u00fap\u1ebdre poringai u. U to uje:\u00a0 \u00a0 Pore gat\u00f3idie ore p\u00e9su re ga chug\u00fap\u1ebdre poringai u. Deyade d\u00e9ji gat\u00f3coro. Buri\u00e1bia cho \u00a1buria-buria! Pucatiajnane ore po\" \/>\n<meta property=\"og:url\" content=\"https:\/\/ayore.org\/ayo\/culture\/beliefs\/cajoide-las-cosas-que-suceden-para-traer-el-pajaro\/\" \/>\n<meta property=\"og:site_name\" content=\"AYOR\u00c9.ORG\" \/>\n<meta property=\"article:modified_time\" content=\"2019-02-14T19:34:02+00:00\" \/>\n<meta name=\"twitter:card\" content=\"summary_large_image\" \/>\n<meta name=\"twitter:label1\" content=\"Est. reading time\" \/>\n\t<meta name=\"twitter:data1\" content=\"3 minutes\" \/>\n<script type=\"application\/ld+json\" class=\"yoast-schema-graph\">{\"@context\":\"https:\\\/\\\/schema.org\",\"@graph\":[{\"@type\":\"WebPage\",\"@id\":\"https:\\\/\\\/ayore.org\\\/ayo\\\/culture\\\/beliefs\\\/cajoide-las-cosas-que-suceden-para-traer-el-pajaro\\\/\",\"url\":\"https:\\\/\\\/ayore.org\\\/ayo\\\/culture\\\/beliefs\\\/cajoide-las-cosas-que-suceden-para-traer-el-pajaro\\\/\",\"name\":\"Ayore\u0301ode Anguretigade Cucha: Chug\u00fap\u1ebdre Ijnang\u00f3rone U \u2022 Ayore.org\",\"isPartOf\":{\"@id\":\"https:\\\/\\\/ayore.org\\\/#website\"},\"datePublished\":\"2018-07-14T00:28:50+00:00\",\"dateModified\":\"2019-02-14T19:34:02+00:00\",\"breadcrumb\":{\"@id\":\"https:\\\/\\\/ayore.org\\\/ayo\\\/culture\\\/beliefs\\\/cajoide-las-cosas-que-suceden-para-traer-el-pajaro\\\/#breadcrumb\"},\"inLanguage\":\"ayo\",\"potentialAction\":[{\"@type\":\"ReadAction\",\"target\":[\"https:\\\/\\\/ayore.org\\\/ayo\\\/culture\\\/beliefs\\\/cajoide-las-cosas-que-suceden-para-traer-el-pajaro\\\/\"]}]},{\"@type\":\"BreadcrumbList\",\"@id\":\"https:\\\/\\\/ayore.org\\\/ayo\\\/culture\\\/beliefs\\\/cajoide-las-cosas-que-suceden-para-traer-el-pajaro\\\/#breadcrumb\",\"itemListElement\":[{\"@type\":\"ListItem\",\"position\":1,\"name\":\"Jogate bajai tu ude\u0301\",\"item\":\"https:\\\/\\\/ayore.org\\\/ayo\\\/\"},{\"@type\":\"ListItem\",\"position\":2,\"name\":\"Ayore\u0301ode adode, angurenone cucha ore\",\"item\":\"https:\\\/\\\/ayore.org\\\/ayo\\\/culture\\\/\"},{\"@type\":\"ListItem\",\"position\":3,\"name\":\"Ayore\u0301ode Anguretigade Cucha\",\"item\":\"https:\\\/\\\/ayore.org\\\/ayo\\\/culture\\\/beliefs\\\/\"},{\"@type\":\"ListItem\",\"position\":4,\"name\":\"Cajoid\u00e9 &#8211; Chug\u00fap\u1ebdre ijnang\u00f3rone u\"}]},{\"@type\":\"WebSite\",\"@id\":\"https:\\\/\\\/ayore.org\\\/#website\",\"url\":\"https:\\\/\\\/ayore.org\\\/\",\"name\":\"AYOR\u00c9.ORG\",\"description\":\"Ayore\u0301ode Uruode, Adode, Jnani bajade ati\u0301go ore \",\"potentialAction\":[{\"@type\":\"SearchAction\",\"target\":{\"@type\":\"EntryPoint\",\"urlTemplate\":\"https:\\\/\\\/ayore.org\\\/?s={search_term_string}\"},\"query-input\":{\"@type\":\"PropertyValueSpecification\",\"valueRequired\":true,\"valueName\":\"search_term_string\"}}],\"inLanguage\":\"ayo\"}]}<\/script>\n<!-- \/ Yoast SEO plugin. -->","yoast_head_json":{"title":"Ayore\u0301ode Anguretigade Cucha: Chug\u00fap\u1ebdre Ijnang\u00f3rone U \u2022 Ayore.org","robots":{"index":"index","follow":"follow","max-snippet":"max-snippet:-1","max-image-preview":"max-image-preview:large","max-video-preview":"max-video-preview:-1"},"canonical":"https:\/\/ayore.org\/ayo\/culture\/beliefs\/cajoide-las-cosas-que-suceden-para-traer-el-pajaro\/","og_locale":"en_US","og_type":"article","og_title":"Ayore\u0301ode Anguretigade Cucha: Chug\u00fap\u1ebdre Ijnang\u00f3rone U \u2022 Ayore.org","og_description":"Chug\u00fap\u1ebdre gajn\u00e9one cucha &#8211;\u00a0 Ore chiraja chug\u00fap\u1ebdre ijnang\u00f3rone ome guedoside; u\u00a0uje deyade d\u00e9ji gat\u00f3coro ga chug\u00fap\u1ebdre poringai u. U to uje:\u00a0 \u00a0 Pore gat\u00f3idie ore p\u00e9su re ga chug\u00fap\u1ebdre poringai u. Deyade d\u00e9ji gat\u00f3coro. Buri\u00e1bia cho \u00a1buria-buria! Pucatiajnane ore po","og_url":"https:\/\/ayore.org\/ayo\/culture\/beliefs\/cajoide-las-cosas-que-suceden-para-traer-el-pajaro\/","og_site_name":"AYOR\u00c9.ORG","article_modified_time":"2019-02-14T19:34:02+00:00","twitter_card":"summary_large_image","twitter_misc":{"Est. reading time":"3 minutes"},"schema":{"@context":"https:\/\/schema.org","@graph":[{"@type":"WebPage","@id":"https:\/\/ayore.org\/ayo\/culture\/beliefs\/cajoide-las-cosas-que-suceden-para-traer-el-pajaro\/","url":"https:\/\/ayore.org\/ayo\/culture\/beliefs\/cajoide-las-cosas-que-suceden-para-traer-el-pajaro\/","name":"Ayore\u0301ode Anguretigade Cucha: Chug\u00fap\u1ebdre Ijnang\u00f3rone U \u2022 Ayore.org","isPartOf":{"@id":"https:\/\/ayore.org\/#website"},"datePublished":"2018-07-14T00:28:50+00:00","dateModified":"2019-02-14T19:34:02+00:00","breadcrumb":{"@id":"https:\/\/ayore.org\/ayo\/culture\/beliefs\/cajoide-las-cosas-que-suceden-para-traer-el-pajaro\/#breadcrumb"},"inLanguage":"ayo","potentialAction":[{"@type":"ReadAction","target":["https:\/\/ayore.org\/ayo\/culture\/beliefs\/cajoide-las-cosas-que-suceden-para-traer-el-pajaro\/"]}]},{"@type":"BreadcrumbList","@id":"https:\/\/ayore.org\/ayo\/culture\/beliefs\/cajoide-las-cosas-que-suceden-para-traer-el-pajaro\/#breadcrumb","itemListElement":[{"@type":"ListItem","position":1,"name":"Jogate bajai tu ude\u0301","item":"https:\/\/ayore.org\/ayo\/"},{"@type":"ListItem","position":2,"name":"Ayore\u0301ode adode, angurenone cucha ore","item":"https:\/\/ayore.org\/ayo\/culture\/"},{"@type":"ListItem","position":3,"name":"Ayore\u0301ode Anguretigade Cucha","item":"https:\/\/ayore.org\/ayo\/culture\/beliefs\/"},{"@type":"ListItem","position":4,"name":"Cajoid\u00e9 &#8211; Chug\u00fap\u1ebdre ijnang\u00f3rone u"}]},{"@type":"WebSite","@id":"https:\/\/ayore.org\/#website","url":"https:\/\/ayore.org\/","name":"AYOR\u00c9.ORG","description":"Ayore\u0301ode Uruode, Adode, Jnani bajade ati\u0301go ore ","potentialAction":[{"@type":"SearchAction","target":{"@type":"EntryPoint","urlTemplate":"https:\/\/ayore.org\/?s={search_term_string}"},"query-input":{"@type":"PropertyValueSpecification","valueRequired":true,"valueName":"search_term_string"}}],"inLanguage":"ayo"}]}},"_links":{"self":[{"href":"https:\/\/ayore.org\/ayo\/wp-json\/wp\/v2\/pages\/354","targetHints":{"allow":["GET"]}}],"collection":[{"href":"https:\/\/ayore.org\/ayo\/wp-json\/wp\/v2\/pages"}],"about":[{"href":"https:\/\/ayore.org\/ayo\/wp-json\/wp\/v2\/types\/page"}],"author":[{"embeddable":true,"href":"https:\/\/ayore.org\/ayo\/wp-json\/wp\/v2\/users\/2"}],"replies":[{"embeddable":true,"href":"https:\/\/ayore.org\/ayo\/wp-json\/wp\/v2\/comments?post=354"}],"version-history":[{"count":6,"href":"https:\/\/ayore.org\/ayo\/wp-json\/wp\/v2\/pages\/354\/revisions"}],"predecessor-version":[{"id":2954,"href":"https:\/\/ayore.org\/ayo\/wp-json\/wp\/v2\/pages\/354\/revisions\/2954"}],"up":[{"embeddable":true,"href":"https:\/\/ayore.org\/ayo\/wp-json\/wp\/v2\/pages\/703"}],"wp:attachment":[{"href":"https:\/\/ayore.org\/ayo\/wp-json\/wp\/v2\/media?parent=354"}],"curies":[{"name":"wp","href":"https:\/\/api.w.org\/{rel}","templated":true}]}}