{"id":338,"date":"2018-06-25T22:35:12","date_gmt":"2018-06-25T22:35:12","guid":{"rendered":"https:\/\/ayore.org\/?page_id=338"},"modified":"2018-10-08T21:35:51","modified_gmt":"2018-10-08T21:35:51","slug":"mission-statement","status":"publish","type":"page","link":"https:\/\/ayore.org\/ayo\/mission-statement\/","title":{"rendered":"Yipe\u0301co \u2018Ayore\u0301.org\u2019 gu cuchade udojo"},"content":{"rendered":"<p><strong>Ayor\u00e9.org<\/strong> \u00a0Pipesute sitio web ude\u0301 gu ujetiga ayore\u0301ode atatagode cucha jogadi tu uje ore chicha\u0301ji ci\u0301ntadie nanique enga ore chiro\u0301gaja yu. Ore atatagode udore u\u00f1ane t\u2039raji Bolivia, Paraguay ore ome yu, jeoga patataque yu ome uje yug\u00fasiji ore id\u00e1yode to. Uje c\u00edntadie chise yu nanique ga yang\u00e1ri, enga yur\u00fas\u00e3re quit\u00edgo iji siqueredie udire 1951 jec aja der\u00e9jnane unojo to iji 2018. Yigaidi tu ujetiga ayore\u0301ode uhuaque oyo cucha orer\u00e1guejnarique iji uacar\u00e1sade ipesudode, atatagode ore, enga Dupade angurom\u00e9one u to:<\/p>\n<ul>\n<li>Jeta ca bijna ayor\u00e9ode uruode iji er\u00e1mi tud\u00e9. Adi tu uje chi e jiei ayor\u00e9 qued\u00e9jnane u\u00f1ane uje ore uruode e bijna ome ore, ga disi ejode iji ore a ca ore chirapo dayode ore ur\u00fapisode jne ri\u0303. Ore chisa gu coj\u00f1one uruode, ga ore no\u00f1ome daru bajade iji ti jmete.<\/li>\n<li>Jeta ayor\u00e9rique pota ga ji\u0303raque chise dacuegode cucha iji ud\u00e9 ome dar\u00e1sade at\u00edgo, uruode ore, j\u00e9c aja jnani bajade ore isocade to nanique ri\u0303.<\/li>\n<li>Jeta coj\u00f1one chajire to enga ch\u00e1taja ore to jeta ore chiraja ayor\u00e9ode adode, enga jogadi tu ujetiga coj\u00f1one, ayor\u00e9ode ore irasitigade ome \u00f1ane que\u0301ra\u0303.<\/li>\n<li>Jeta ore chise er\u00e1soningo cucha to jeta ch\u00e1taja ore ome darajatigade ome u\u00f1ane adode, uruode ore: yojningane u diccionario, gram\u00e1tica, pacajnaqu\u00e9ode un\u0303ane to.<\/li>\n<li>Jeta ore chise to pacajnaqu\u00e9ode ome Dupade Uruode, j\u00e9c aja pel\u00edculadie ri\u0303 uje chacate ore ome Dupade, j\u00e9c aja cuchade to uje yir\u00e3r\u00e1ja g\u00e1yode jeta pududique to ome ayor\u00e9ode. Yigaidi tu gu jeta ore ang\u00faromeode u cuchade udore enga ore irajatigade ome Dupade, abi Jesucr\u00edsto qu\u00e9ra\u0303.<\/li>\n<\/ul>\n<p>Maxine Morarie<\/p>\n<p>WebSite ud\u00e9 gajn\u00e9one cucha jnese to\u0303\u0301raji ayore\u0301ode, jeoga de\u0301ji yu gu uje yicateca\u0303\u0301ri ayore\u0301ode iji ore ida\u0301yode ica. Yijorane ipesudode de\u0301ji to, mu udore jue\u0301ga ome yu je\u0301ta yicha\u0301ji udore to iji ude\u0301. Yipotiga\u0301di u ujetiga ayore\u0301ode cho dajne\u0301ngu cuchade udore jnese iji Ayore\u0301.org. Mu ujetiga uneja\u0301ngone pota chisa yitra\u0301bajo ome dagaidode cucha, ga chingo yu bajaque jeta yujue\u0301ga ome ore: &lt;email address&gt;. Yingome uaque to uje que ye\u0303ra yipesudode gotique jeta gosi pota doi ore\u0301rangome.<\/p>\n","protected":false},"excerpt":{"rendered":"<p>Ayor\u00e9.org \u00a0Pipesute sitio web ude\u0301 gu ujetiga ayore\u0301ode atatagode cucha jogadi tu uje ore chicha\u0301ji ci\u0301ntadie nanique enga ore chiro\u0301gaja yu. Ore atatagode udore u\u00f1ane t\u2039raji Bolivia, Paraguay ore ome yu, jeoga patataque yu ome uje yug\u00fasiji ore id\u00e1yode to.<\/p>\n","protected":false},"author":1,"featured_media":0,"parent":0,"menu_order":0,"comment_status":"closed","ping_status":"closed","template":"","meta":{"footnotes":""},"class_list":["post-338","page","type-page","status-publish","hentry"],"yoast_head":"<!-- This site is optimized with the Yoast SEO plugin v27.4 - https:\/\/yoast.com\/product\/yoast-seo-wordpress\/ -->\n<title>Yipe\u0301co \u2018Ayore\u0301.org\u2019 gu cuchade udojo &#8226; AYOR\u00c9.ORG<\/title>\n<meta name=\"robots\" content=\"index, follow, max-snippet:-1, max-image-preview:large, max-video-preview:-1\" \/>\n<link rel=\"canonical\" href=\"https:\/\/ayore.org\/ayo\/mission-statement\/\" \/>\n<meta property=\"og:locale\" content=\"en_US\" \/>\n<meta property=\"og:type\" content=\"article\" \/>\n<meta property=\"og:title\" content=\"Yipe\u0301co \u2018Ayore\u0301.org\u2019 gu cuchade udojo &#8226; AYOR\u00c9.ORG\" \/>\n<meta property=\"og:description\" content=\"Ayor\u00e9.org \u00a0Pipesute sitio web ude\u0301 gu ujetiga ayore\u0301ode atatagode cucha jogadi tu uje ore chicha\u0301ji ci\u0301ntadie nanique enga ore chiro\u0301gaja yu. Ore atatagode udore u\u00f1ane t\u2039raji Bolivia, Paraguay ore ome yu, jeoga patataque yu ome uje yug\u00fasiji ore id\u00e1yode to.\" \/>\n<meta property=\"og:url\" content=\"https:\/\/ayore.org\/ayo\/mission-statement\/\" \/>\n<meta property=\"og:site_name\" content=\"AYOR\u00c9.ORG\" \/>\n<meta property=\"article:modified_time\" content=\"2018-10-08T21:35:51+00:00\" \/>\n<meta name=\"twitter:card\" content=\"summary_large_image\" \/>\n<meta name=\"twitter:label1\" content=\"Est. reading time\" \/>\n\t<meta name=\"twitter:data1\" content=\"2 minutes\" \/>\n<script type=\"application\/ld+json\" class=\"yoast-schema-graph\">{\"@context\":\"https:\\\/\\\/schema.org\",\"@graph\":[{\"@type\":\"WebPage\",\"@id\":\"https:\\\/\\\/ayore.org\\\/ayo\\\/mission-statement\\\/\",\"url\":\"https:\\\/\\\/ayore.org\\\/ayo\\\/mission-statement\\\/\",\"name\":\"Yipe\u0301co \u2018Ayore\u0301.org\u2019 gu cuchade udojo &#8226; AYOR\u00c9.ORG\",\"isPartOf\":{\"@id\":\"https:\\\/\\\/ayore.org\\\/#website\"},\"datePublished\":\"2018-06-25T22:35:12+00:00\",\"dateModified\":\"2018-10-08T21:35:51+00:00\",\"breadcrumb\":{\"@id\":\"https:\\\/\\\/ayore.org\\\/ayo\\\/mission-statement\\\/#breadcrumb\"},\"inLanguage\":\"ayo\",\"potentialAction\":[{\"@type\":\"ReadAction\",\"target\":[\"https:\\\/\\\/ayore.org\\\/ayo\\\/mission-statement\\\/\"]}]},{\"@type\":\"BreadcrumbList\",\"@id\":\"https:\\\/\\\/ayore.org\\\/ayo\\\/mission-statement\\\/#breadcrumb\",\"itemListElement\":[{\"@type\":\"ListItem\",\"position\":1,\"name\":\"Jogate bajai tu ude\u0301\",\"item\":\"https:\\\/\\\/ayore.org\\\/ayo\\\/\"},{\"@type\":\"ListItem\",\"position\":2,\"name\":\"Yipe\u0301co \u2018Ayore\u0301.org\u2019 gu cuchade udojo\"}]},{\"@type\":\"WebSite\",\"@id\":\"https:\\\/\\\/ayore.org\\\/#website\",\"url\":\"https:\\\/\\\/ayore.org\\\/\",\"name\":\"AYOR\u00c9.ORG\",\"description\":\"Ayore\u0301ode Uruode, Adode, Jnani bajade ati\u0301go ore \",\"potentialAction\":[{\"@type\":\"SearchAction\",\"target\":{\"@type\":\"EntryPoint\",\"urlTemplate\":\"https:\\\/\\\/ayore.org\\\/?s={search_term_string}\"},\"query-input\":{\"@type\":\"PropertyValueSpecification\",\"valueRequired\":true,\"valueName\":\"search_term_string\"}}],\"inLanguage\":\"ayo\"}]}<\/script>\n<!-- \/ Yoast SEO plugin. -->","yoast_head_json":{"title":"Yipe\u0301co \u2018Ayore\u0301.org\u2019 gu cuchade udojo &#8226; AYOR\u00c9.ORG","robots":{"index":"index","follow":"follow","max-snippet":"max-snippet:-1","max-image-preview":"max-image-preview:large","max-video-preview":"max-video-preview:-1"},"canonical":"https:\/\/ayore.org\/ayo\/mission-statement\/","og_locale":"en_US","og_type":"article","og_title":"Yipe\u0301co \u2018Ayore\u0301.org\u2019 gu cuchade udojo &#8226; AYOR\u00c9.ORG","og_description":"Ayor\u00e9.org \u00a0Pipesute sitio web ude\u0301 gu ujetiga ayore\u0301ode atatagode cucha jogadi tu uje ore chicha\u0301ji ci\u0301ntadie nanique enga ore chiro\u0301gaja yu. Ore atatagode udore u\u00f1ane t\u2039raji Bolivia, Paraguay ore ome yu, jeoga patataque yu ome uje yug\u00fasiji ore id\u00e1yode to.","og_url":"https:\/\/ayore.org\/ayo\/mission-statement\/","og_site_name":"AYOR\u00c9.ORG","article_modified_time":"2018-10-08T21:35:51+00:00","twitter_card":"summary_large_image","twitter_misc":{"Est. reading time":"2 minutes"},"schema":{"@context":"https:\/\/schema.org","@graph":[{"@type":"WebPage","@id":"https:\/\/ayore.org\/ayo\/mission-statement\/","url":"https:\/\/ayore.org\/ayo\/mission-statement\/","name":"Yipe\u0301co \u2018Ayore\u0301.org\u2019 gu cuchade udojo &#8226; AYOR\u00c9.ORG","isPartOf":{"@id":"https:\/\/ayore.org\/#website"},"datePublished":"2018-06-25T22:35:12+00:00","dateModified":"2018-10-08T21:35:51+00:00","breadcrumb":{"@id":"https:\/\/ayore.org\/ayo\/mission-statement\/#breadcrumb"},"inLanguage":"ayo","potentialAction":[{"@type":"ReadAction","target":["https:\/\/ayore.org\/ayo\/mission-statement\/"]}]},{"@type":"BreadcrumbList","@id":"https:\/\/ayore.org\/ayo\/mission-statement\/#breadcrumb","itemListElement":[{"@type":"ListItem","position":1,"name":"Jogate bajai tu ude\u0301","item":"https:\/\/ayore.org\/ayo\/"},{"@type":"ListItem","position":2,"name":"Yipe\u0301co \u2018Ayore\u0301.org\u2019 gu cuchade udojo"}]},{"@type":"WebSite","@id":"https:\/\/ayore.org\/#website","url":"https:\/\/ayore.org\/","name":"AYOR\u00c9.ORG","description":"Ayore\u0301ode Uruode, Adode, Jnani bajade ati\u0301go ore ","potentialAction":[{"@type":"SearchAction","target":{"@type":"EntryPoint","urlTemplate":"https:\/\/ayore.org\/?s={search_term_string}"},"query-input":{"@type":"PropertyValueSpecification","valueRequired":true,"valueName":"search_term_string"}}],"inLanguage":"ayo"}]}},"_links":{"self":[{"href":"https:\/\/ayore.org\/ayo\/wp-json\/wp\/v2\/pages\/338","targetHints":{"allow":["GET"]}}],"collection":[{"href":"https:\/\/ayore.org\/ayo\/wp-json\/wp\/v2\/pages"}],"about":[{"href":"https:\/\/ayore.org\/ayo\/wp-json\/wp\/v2\/types\/page"}],"author":[{"embeddable":true,"href":"https:\/\/ayore.org\/ayo\/wp-json\/wp\/v2\/users\/1"}],"replies":[{"embeddable":true,"href":"https:\/\/ayore.org\/ayo\/wp-json\/wp\/v2\/comments?post=338"}],"version-history":[{"count":2,"href":"https:\/\/ayore.org\/ayo\/wp-json\/wp\/v2\/pages\/338\/revisions"}],"predecessor-version":[{"id":1038,"href":"https:\/\/ayore.org\/ayo\/wp-json\/wp\/v2\/pages\/338\/revisions\/1038"}],"wp:attachment":[{"href":"https:\/\/ayore.org\/ayo\/wp-json\/wp\/v2\/media?parent=338"}],"curies":[{"name":"wp","href":"https:\/\/api.w.org\/{rel}","templated":true}]}}